{"id":19785,"date":"2023-05-04T21:03:55","date_gmt":"2023-05-04T21:03:55","guid":{"rendered":"https:\/\/ztsports.com\/?post_type=product&#038;p=19785"},"modified":"2026-02-02T19:08:58","modified_gmt":"2026-02-02T19:08:58","slug":"norton-im9-fine-india","status":"publish","type":"product","link":"https:\/\/ztsports.com\/fr\/store\/norton-im9-fine-india\/","title":{"rendered":"NORTON IM9 FINE INDIA PIERRE \u00c0 AIGUISER"},"content":{"rendered":"<h1 class=\"product_title entry-title wd-entities-title\">PIERRE \u00c0 AIGUISER NORTON IM9 FINE INDIA<\/h1>\n<p>La pierre Norton IM9 FINE INDIA fait un excellent travail de lissage et d&#8217;\u00e9galisation de la surface de vos lames, vous donnant le tranchant que vous recherchez. Pierre \u00e0 aiguiser Norton IM9 dont les deux faces sont identiques \u00e0 la face fine de l&#8217;IM2.<\/p>\n<h3 class=\"a-size-base-plus a-text-bold\">\u00c0 propos de la pierre Norton FINE INDIA<\/h3>\n<h3 class=\"a-size-base-plus a-text-bold\">Grain 320 pour l&#8217;aff\u00fbtage et l&#8217;entretien des tranchants en acier<\/h3>\n<ul class=\"a-unordered-list a-vertical a-spacing-mini\">\n<li class=\"a-spacing-small\"><span class=\"a-list-item\">L&#8217;oxyde d&#8217;aluminium produit des ar\u00eates de coupe durables et lisses, et est pr\u00e9f\u00e9rable pour les tol\u00e9rances \u00e9troites.<\/span><\/li>\n<li class=\"a-spacing-small\"><span class=\"a-list-item\">Pr\u00e9-rempli d&#8217;huile pour permettre au lubrifiant de rester sur la surface pendant l&#8217;aff\u00fbtage<\/span><\/li>\n<li class=\"a-spacing-small\"><span class=\"a-list-item\">Dimensions de l&#8217;emballage : 1.0 H x 12.0 L x 3.0 L (en pouces) <\/span>13 X 63X 292 mm<\/li>\n<\/ul>\n<p>Enfin, consultez tous nos <a href=\"https:\/\/ztsports.com\/product-category\/sharpening\/stones\/\"><strong>nos pierres \u00e0 aiguiser<\/strong> <\/a>ici.<\/p>\n","protected":false},"excerpt":{"rendered":"<p>PIERRE \u00c0 AIGUISER NORTON IM9 FINE INDIA La pierre Norton IM9 FINE INDIA fait un excellent travail de lissage et d&#8217;\u00e9galisation de la surface de vos lames, vous donnant le tranchant que vous recherchez. Pierre \u00e0 aiguiser Norton IM9 dont les deux faces sont identiques \u00e0 la face fine de l&#8217;IM2. \u00c0 propos de la [&hellip;]<\/p>\n","protected":false},"featured_media":19787,"comment_status":"open","ping_status":"closed","template":"","meta":{"_acf_changed":false,"_monsterinsights_skip_tracking":false,"_monsterinsights_sitenote_active":false,"_monsterinsights_sitenote_note":"","_monsterinsights_sitenote_category":0,"_uf_show_specific_survey":0,"_uf_disable_surveys":false,"site-sidebar-layout":"default","site-content-layout":"","ast-site-content-layout":"default","site-content-style":"default","site-sidebar-style":"default","ast-global-header-display":"","ast-banner-title-visibility":"","ast-main-header-display":"","ast-hfb-above-header-display":"","ast-hfb-below-header-display":"","ast-hfb-mobile-header-display":"","site-post-title":"","ast-breadcrumbs-content":"","ast-featured-img":"","footer-sml-layout":"","ast-disable-related-posts":"","theme-transparent-header-meta":"default","adv-header-id-meta":"","stick-header-meta":"","header-above-stick-meta":"","header-main-stick-meta":"","header-below-stick-meta":"","astra-migrate-meta-layouts":"set","ast-page-background-enabled":"default","ast-page-background-meta":{"desktop":{"background-color":"","background-image":"","background-repeat":"repeat","background-position":"center center","background-size":"auto","background-attachment":"scroll","background-type":"","background-media":"","overlay-type":"","overlay-color":"","overlay-opacity":"","overlay-gradient":""},"tablet":{"background-color":"","background-image":"","background-repeat":"repeat","background-position":"center center","background-size":"auto","background-attachment":"scroll","background-type":"","background-media":"","overlay-type":"","overlay-color":"","overlay-opacity":"","overlay-gradient":""},"mobile":{"background-color":"","background-image":"","background-repeat":"repeat","background-position":"center center","background-size":"auto","background-attachment":"scroll","background-type":"","background-media":"","overlay-type":"","overlay-color":"","overlay-opacity":"","overlay-gradient":""}},"ast-content-background-meta":{"desktop":{"background-color":"var(--ast-global-color-5)","background-image":"","background-repeat":"repeat","background-position":"center center","background-size":"auto","background-attachment":"scroll","background-type":"","background-media":"","overlay-type":"","overlay-color":"","overlay-opacity":"","overlay-gradient":""},"tablet":{"background-color":"var(--ast-global-color-5)","background-image":"","background-repeat":"repeat","background-position":"center center","background-size":"auto","background-attachment":"scroll","background-type":"","background-media":"","overlay-type":"","overlay-color":"","overlay-opacity":"","overlay-gradient":""},"mobile":{"background-color":"var(--ast-global-color-5)","background-image":"","background-repeat":"repeat","background-position":"center center","background-size":"auto","background-attachment":"scroll","background-type":"","background-media":"","overlay-type":"","overlay-color":"","overlay-opacity":"","overlay-gradient":""}}},"product_brand":[3328],"product_cat":[3393,3470,3514,3468],"product_tag":[3488,2728,3602,1929,2729,4094,4095],"class_list":{"0":"post-19785","1":"product","2":"type-product","3":"status-publish","4":"has-post-thumbnail","6":"product_brand-norton","7":"product_cat-aiguisage","8":"product_cat-des-pierres","9":"product_cat-entretien-des-lames","10":"product_cat-pierres-a-aiguiser","11":"product_tag-equipement-daffutage","12":"product_tag-im9","13":"product_tag-lame-matinence","14":"product_tag-norton","15":"product_tag-norton-im9","16":"product_tag-pierre-a-huile","17":"product_tag-pierre-fine-dinde","18":"desktop-align-left","19":"tablet-align-left","20":"mobile-align-left","22":"first","23":"instock","24":"taxable","25":"shipping-taxable","26":"purchasable","27":"product-type-simple"},"acf":[],"_links":{"self":[{"href":"https:\/\/ztsports.com\/fr\/wp-json\/wp\/v2\/product\/19785","targetHints":{"allow":["GET"]}}],"collection":[{"href":"https:\/\/ztsports.com\/fr\/wp-json\/wp\/v2\/product"}],"about":[{"href":"https:\/\/ztsports.com\/fr\/wp-json\/wp\/v2\/types\/product"}],"replies":[{"embeddable":true,"href":"https:\/\/ztsports.com\/fr\/wp-json\/wp\/v2\/comments?post=19785"}],"version-history":[{"count":1,"href":"https:\/\/ztsports.com\/fr\/wp-json\/wp\/v2\/product\/19785\/revisions"}],"predecessor-version":[{"id":19786,"href":"https:\/\/ztsports.com\/fr\/wp-json\/wp\/v2\/product\/19785\/revisions\/19786"}],"wp:featuredmedia":[{"embeddable":true,"href":"https:\/\/ztsports.com\/fr\/wp-json\/wp\/v2\/media\/19787"}],"wp:attachment":[{"href":"https:\/\/ztsports.com\/fr\/wp-json\/wp\/v2\/media?parent=19785"}],"wp:term":[{"taxonomy":"product_brand","embeddable":true,"href":"https:\/\/ztsports.com\/fr\/wp-json\/wp\/v2\/product_brand?post=19785"},{"taxonomy":"product_cat","embeddable":true,"href":"https:\/\/ztsports.com\/fr\/wp-json\/wp\/v2\/product_cat?post=19785"},{"taxonomy":"product_tag","embeddable":true,"href":"https:\/\/ztsports.com\/fr\/wp-json\/wp\/v2\/product_tag?post=19785"}],"curies":[{"name":"wp","href":"https:\/\/api.w.org\/{rel}","templated":true}]}}