{"id":19780,"date":"2023-05-04T21:41:45","date_gmt":"2023-05-04T21:41:45","guid":{"rendered":"https:\/\/ztsports.com\/?post_type=product&#038;p=19780"},"modified":"2026-02-02T19:08:48","modified_gmt":"2026-02-02T19:08:48","slug":"norton-im6-med-inda-pierre-a-aiguiser","status":"publish","type":"product","link":"https:\/\/ztsports.com\/fr\/store\/norton-im6-med-inda-pierre-a-aiguiser\/","title":{"rendered":"PIERRE \u00c0 AIGUISER NORTON IM6 MED INDIA"},"content":{"rendered":"<h3>PIERRE \u00c0 AIGUISER NORTON IM6 MED INDIA<\/h3>\n<p>NORTON IM6 MED<\/p>\n<p class=\"product_title entry-title wd-entities-title\">NORTON IM6 MED INDIA PIERRE \u00c0 AIGUISER . La pierre <em>Norton IM6<\/em> Fine India fait un excellent travail de lissage et d&#8217;\u00e9galisation de la surface de vos lames, vous donnant le tranchant que vous recherchez.<\/p>\n<p class=\"product_title entry-title wd-entities-title\">Pierre \u00e0 aiguiser Norton IM6 dont les deux faces sont identiques \u00e0 la face MED de l&#8217;IM2.<\/p>\n<div data-hveid=\"CBMQAQ\" data-ved=\"2ahUKEwiDtILy5eOHAxULv4kEHTqlKNcQj7gIegQIExAB\">\n<div class=\"dnXCYb\" tabindex=\"0\" role=\"button\" aria-controls=\"_P-OzZsOYAov-ptQPusqiuQ0_37\" aria-expanded=\"true\">\n<h4 class=\"JlqpRe\"><span class=\"JCzEY tNxQIb\"><span class=\"CSkcDe\">De quoi sont faites les pierres \u00e0 aiguiser Norton ?<\/span><\/span><\/h4>\n<p class=\"JlqpRe\">Les pierres d&#8217;\u00e9tabli artificielles sont principalement disponibles dans deux types d&#8217;abrasifs diff\u00e9rents : l&#8217;<b>oxyde d&#8217;aluminium (pierres d&#8217;Inde) et le carbure de silicium (pierres de Crystolon).<\/b><\/p>\n<div data-hveid=\"CAIQAQ\" data-ved=\"2ahUKEwiKxe395eOHAxX0v4kEHaoQOYwQj7gIegQIAhAB\">\n<div class=\"dnXCYb\" tabindex=\"0\" role=\"button\" aria-controls=\"_V-OzZsq9NPT_ptQPqqHk4Qg_4\" aria-expanded=\"true\">\n<h4 class=\"JlqpRe\"><span class=\"JCzEY tNxQIb\"><span class=\"CSkcDe\">Est-il pr\u00e9f\u00e9rable d&#8217;utiliser de l&#8217;huile ou de l&#8217;eau sur les pierres \u00e0 aiguiser Norton ?<\/span><\/span><\/h4>\n<\/div>\n<\/div>\n<div id=\"_V-OzZsq9NPT_ptQPqqHk4Qg_4\" class=\"bCOlv\" data-ved=\"2ahUKEwiKxe395eOHAxX0v4kEHaoQOYwQ7NUEegQIAhAE\">\n<div class=\"IZE3Td\">\n<div class=\"r2fjmd t0bRye\" data-hveid=\"CAIQBQ\" data-ved=\"2ahUKEwiKxe395eOHAxX0v4kEHaoQOYwQu04oAHoECAIQBQ\">\n<div id=\"V-OzZsq9NPT_ptQPqqHk4Qg__3\">\n<div class=\"wDYxhc\" data-md=\"61\">\n<div class=\"LGOjhe\" role=\"heading\" data-attrid=\"wa:\/description\" aria-level=\"3\" data-hveid=\"CAsQAA\"><span class=\"ILfuVd\" lang=\"en\"><span class=\"hgKElc\">Pour \u00e9viter que votre <b>pierre<\/b> ne s&#8217;encrasse de petits fragments de m\u00e9tal, ce qui rendrait les propri\u00e9t\u00e9s d&#8217;aff\u00fbtage des grains abrasifs beaucoup moins efficaces, <b>vous pouvez utiliser de l&#8217;<a href=\"https:\/\/ztsports.com\/produit\/norton-sharpenning-oils\/?lang=fr\">huile d&#8217;aff\u00fbtage Norton<\/a> ou de l&#8217;eau sur une pierre d&#8217;\u00e9tabli avant l&#8217;aff\u00fbtage.<\/b><\/span><\/span><\/div>\n<\/div>\n<div role=\"heading\" data-attrid=\"wa:\/description\" aria-level=\"3\" data-hveid=\"CAsQAA\">\n<div data-hveid=\"CAIQAQ\" data-ved=\"2ahUKEwjx8ci25uOHAxUvhIkEHUNXDBcQj7gIegQIAhAB\">\n<div class=\"dnXCYb\" tabindex=\"0\" role=\"button\" aria-controls=\"_zuOzZvHSMK-IptQPw66xuAE_3\" aria-expanded=\"true\">\n<h4 class=\"JlqpRe\"><span class=\"JCzEY tNxQIb\"><span class=\"CSkcDe\">Peut-on utiliser de l&#8217;huile d&#8217;olive ou de l&#8217;huile pour b\u00e9b\u00e9 sur une pierre \u00e0 aiguiser ?<\/span><\/span><\/h4>\n<div class=\"p8Jhnd\">\n<div class=\"aj35ze\"><span class=\"ILfuVd\" lang=\"en\"><span class=\"hgKElc\">Huiles alimentaires d&#8217;origine v\u00e9g\u00e9tale. Huile d&#8217;olive, d&#8217;arachide, de colza, huile pour b\u00e9b\u00e9, etc. N&#8217;oubliez pas que ces liquides sont tr\u00e8s visqueux et qu&#8217;ils <b>peuvent obstruer la surface de la pierre \u00e0 aiguiser<\/b>. <\/span><\/span><\/div>\n<\/div>\n<\/div>\n<\/div>\n<\/div>\n<\/div>\n<\/div>\n<\/div>\n<\/div>\n<\/div>\n<\/div>\n<h4 class=\"a-size-base-plus a-text-bold\">A propos de cet article NORTON IM6 MED<\/h4>\n<ul class=\"a-unordered-list a-vertical a-spacing-mini\">\n<li class=\"a-spacing-small\"><span class=\"a-list-item\">Grain 240 pour l&#8217;aff\u00fbtage et l&#8217;entretien des tranchants en acier<\/span><\/li>\n<li class=\"a-spacing-small\"><span class=\"a-list-item\">L&#8217;oxyde d&#8217;aluminium produit des ar\u00eates de coupe durables et lisses, et est pr\u00e9f\u00e9rable pour les tol\u00e9rances \u00e9troites.<\/span><\/li>\n<li class=\"a-spacing-small\"><span class=\"a-list-item\">Pr\u00e9-rempli d&#8217;huile pour permettre au lubrifiant de rester sur la surface pendant l&#8217;aff\u00fbtage<\/span><\/li>\n<li class=\"a-spacing-small\"><span class=\"a-list-item\">Dimensions de l&#8217;emballage : 1.0 H x 12.0 L x 3.0 L (en pouces)<\/span><\/li>\n<\/ul>\n<p>Norton RS 61463654214 (IM6 MED) pierre \u00e0 aiguiser 13 X 63X 292 mm Norton RS 61463654214<\/p>\n<h5 class=\"style-scope ytd-watch-metadata\">Vue d&#8217;ensemble des <a href=\"https:\/\/www.youtube.com\/watch?v=11uz6mu4Eh8\" target=\"_blank\" rel=\"noopener\">produits d&#8217;aff\u00fbtage Norton Vid\u00e9o.<\/a><\/h5>\n<p>Enfin, vous pouvez trouver tous nos <a href=\"https:\/\/ztsports.com\/product-category\/sharpening\/stones\/\"><strong>Pierre \u00e0 aiguiser ici.<\/strong><\/a><\/p>\n","protected":false},"excerpt":{"rendered":"<p>PIERRE \u00c0 AIGUISER NORTON IM6 MED INDIA NORTON IM6 MED NORTON IM6 MED INDIA PIERRE \u00c0 AIGUISER . La pierre Norton IM6 Fine India fait un excellent travail de lissage et d&#8217;\u00e9galisation de la surface de vos lames, vous donnant le tranchant que vous recherchez. Pierre \u00e0 aiguiser Norton IM6 dont les deux faces sont [&hellip;]<\/p>\n","protected":false},"featured_media":19782,"comment_status":"open","ping_status":"closed","template":"","meta":{"_acf_changed":false,"_monsterinsights_skip_tracking":false,"_monsterinsights_sitenote_active":false,"_monsterinsights_sitenote_note":"","_monsterinsights_sitenote_category":0,"_uf_show_specific_survey":0,"_uf_disable_surveys":false,"site-sidebar-layout":"default","site-content-layout":"","ast-site-content-layout":"default","site-content-style":"default","site-sidebar-style":"default","ast-global-header-display":"","ast-banner-title-visibility":"","ast-main-header-display":"","ast-hfb-above-header-display":"","ast-hfb-below-header-display":"","ast-hfb-mobile-header-display":"","site-post-title":"","ast-breadcrumbs-content":"","ast-featured-img":"","footer-sml-layout":"","ast-disable-related-posts":"","theme-transparent-header-meta":"default","adv-header-id-meta":"","stick-header-meta":"","header-above-stick-meta":"","header-main-stick-meta":"","header-below-stick-meta":"","astra-migrate-meta-layouts":"set","ast-page-background-enabled":"default","ast-page-background-meta":{"desktop":{"background-color":"","background-image":"","background-repeat":"repeat","background-position":"center center","background-size":"auto","background-attachment":"scroll","background-type":"","background-media":"","overlay-type":"","overlay-color":"","overlay-opacity":"","overlay-gradient":""},"tablet":{"background-color":"","background-image":"","background-repeat":"repeat","background-position":"center center","background-size":"auto","background-attachment":"scroll","background-type":"","background-media":"","overlay-type":"","overlay-color":"","overlay-opacity":"","overlay-gradient":""},"mobile":{"background-color":"","background-image":"","background-repeat":"repeat","background-position":"center center","background-size":"auto","background-attachment":"scroll","background-type":"","background-media":"","overlay-type":"","overlay-color":"","overlay-opacity":"","overlay-gradient":""}},"ast-content-background-meta":{"desktop":{"background-color":"var(--ast-global-color-5)","background-image":"","background-repeat":"repeat","background-position":"center center","background-size":"auto","background-attachment":"scroll","background-type":"","background-media":"","overlay-type":"","overlay-color":"","overlay-opacity":"","overlay-gradient":""},"tablet":{"background-color":"var(--ast-global-color-5)","background-image":"","background-repeat":"repeat","background-position":"center center","background-size":"auto","background-attachment":"scroll","background-type":"","background-media":"","overlay-type":"","overlay-color":"","overlay-opacity":"","overlay-gradient":""},"mobile":{"background-color":"var(--ast-global-color-5)","background-image":"","background-repeat":"repeat","background-position":"center center","background-size":"auto","background-attachment":"scroll","background-type":"","background-media":"","overlay-type":"","overlay-color":"","overlay-opacity":"","overlay-gradient":""}}},"product_brand":[3328],"product_cat":[3393,3470,3514,3468],"product_tag":[4092,4093],"class_list":{"0":"post-19780","1":"product","2":"type-product","3":"status-publish","4":"has-post-thumbnail","6":"product_brand-norton","7":"product_cat-aiguisage","8":"product_cat-des-pierres","9":"product_cat-entretien-des-lames","10":"product_cat-pierres-a-aiguiser","11":"product_tag-med-stone","12":"product_tag-norton-im6","13":"desktop-align-left","14":"tablet-align-left","15":"mobile-align-left","17":"first","18":"instock","19":"taxable","20":"shipping-taxable","21":"purchasable","22":"product-type-simple"},"acf":[],"_links":{"self":[{"href":"https:\/\/ztsports.com\/fr\/wp-json\/wp\/v2\/product\/19780","targetHints":{"allow":["GET"]}}],"collection":[{"href":"https:\/\/ztsports.com\/fr\/wp-json\/wp\/v2\/product"}],"about":[{"href":"https:\/\/ztsports.com\/fr\/wp-json\/wp\/v2\/types\/product"}],"replies":[{"embeddable":true,"href":"https:\/\/ztsports.com\/fr\/wp-json\/wp\/v2\/comments?post=19780"}],"version-history":[{"count":1,"href":"https:\/\/ztsports.com\/fr\/wp-json\/wp\/v2\/product\/19780\/revisions"}],"predecessor-version":[{"id":19781,"href":"https:\/\/ztsports.com\/fr\/wp-json\/wp\/v2\/product\/19780\/revisions\/19781"}],"wp:featuredmedia":[{"embeddable":true,"href":"https:\/\/ztsports.com\/fr\/wp-json\/wp\/v2\/media\/19782"}],"wp:attachment":[{"href":"https:\/\/ztsports.com\/fr\/wp-json\/wp\/v2\/media?parent=19780"}],"wp:term":[{"taxonomy":"product_brand","embeddable":true,"href":"https:\/\/ztsports.com\/fr\/wp-json\/wp\/v2\/product_brand?post=19780"},{"taxonomy":"product_cat","embeddable":true,"href":"https:\/\/ztsports.com\/fr\/wp-json\/wp\/v2\/product_cat?post=19780"},{"taxonomy":"product_tag","embeddable":true,"href":"https:\/\/ztsports.com\/fr\/wp-json\/wp\/v2\/product_tag?post=19780"}],"curies":[{"name":"wp","href":"https:\/\/api.w.org\/{rel}","templated":true}]}}