{"id":19773,"date":"2023-05-02T18:53:38","date_gmt":"2023-05-02T18:53:38","guid":{"rendered":"https:\/\/ztsports.com\/?post_type=product&#038;p=19773"},"modified":"2026-02-02T19:09:27","modified_gmt":"2026-02-02T19:09:27","slug":"dmt-duosharp-diamond-stone","status":"publish","type":"product","link":"https:\/\/ztsports.com\/fr\/store\/dmt-duosharp-diamond-stone\/","title":{"rendered":"DMT DuoSharp DIAMOND STONE 10&#8243; W250 2 faces"},"content":{"rendered":"<p>DMT DuoSharp DIAMOND STONE<\/p>\n<p>La DMT DuoSharp DIAMOND STONE a plac\u00e9 la barre \u00e0 laquelle toutes les autres pierres \u00e0 diamant peuvent aspirer.<\/p>\n<p>Le diamant d&#8217;aff\u00fbtage de choix pour un aff\u00fbtage de classe mondiale. 2 faces, 10 &#8221;<\/p>\n<p>V\u00e9ritable diamant, le mat\u00e9riau le plus dur connu. Reduce sharpening time dramatically, 20 sec instead of 10 minutes!<\/p>\n<p>Le plus important est de n&#8217;utiliser que de l&#8217;eau. il reste plat, ne se creuse jamais et dure des ann\u00e9es.<\/p>\n<p>Enfin, seule une l\u00e9g\u00e8re pression permet d&#8217;obtenir un tranchant vif en peu de coups.<\/p>\n<p>En outre, le DuoSharp\u00ae de 10 pouces est le <strong>nec plus ultra<\/strong> des BENCHSTONES diamant\u00e9s. Tous les avantages du mod\u00e8le 8\u2033, mais avec <strong>87% de plus de<\/strong> la surface d&#8217;aff\u00fbtage en diamant \u00e0 pois interrompus, marque de fabrique de DMT\u00ae. Chacun de ces BENCHSTONES double face offre <strong>plus de 4 carats<\/strong> de diamant monocristallin micronis\u00e9.<\/p>\n<p>Noir &#8211; Extra gros grain 220, 60 microns<\/p>\n<p>Bleu &#8211; grain moyen 325, 45 microns<\/p>\n<p>Rouge &#8211; grain fin 600, 25 microns<\/p>\n<p>Vert &#8211; Extra fin, 1200 grit, 9 micron<\/p>\n<p>&nbsp;<\/p>\n<p>Noir \/ Bleu &#8211; W250CXNB<\/p>\n<p>Bleu \/ Rouge &#8211; W250FCNB<\/p>\n<p>Rouge \/ Vert &#8211; W250ENFB<\/p>\n<p>Tout ce que vous devez savoir sur les aff\u00fbteurs DMT <a href=\"https:\/\/www.youtube.com\/watch?v=1EmVBZ-5PZg&amp;t=165s\" target=\"_blank\" rel=\"noopener\"><strong>les aff\u00fbteurs DMT fabriqu\u00e9s aux \u00c9tats-Unis.<\/strong><\/a><\/p>\n<p>Enfin, vous pouvez trouver toutes nos <a href=\"https:\/\/ztsports.com\/categorie-produit\/pierres-de-diamant-fr\/?lang=fr\"><strong>pierres \u00e0 aiguiser et \u00e0 \u00e9barber diamant\u00e9es<\/strong><\/a> ici.<\/p>\n","protected":false},"excerpt":{"rendered":"<p>DMT DuoSharp DIAMOND STONE La DMT DuoSharp DIAMOND STONE a plac\u00e9 la barre \u00e0 laquelle toutes les autres pierres \u00e0 diamant peuvent aspirer. Le diamant d&#8217;aff\u00fbtage de choix pour un aff\u00fbtage de classe mondiale. 2 faces, 10 &#8221; V\u00e9ritable diamant, le mat\u00e9riau le plus dur connu. Reduce sharpening time dramatically, 20 sec instead of 10 [&hellip;]<\/p>\n","protected":false},"featured_media":19775,"comment_status":"open","ping_status":"closed","template":"","meta":{"_acf_changed":false,"_monsterinsights_skip_tracking":false,"_monsterinsights_sitenote_active":false,"_monsterinsights_sitenote_note":"","_monsterinsights_sitenote_category":0,"_uf_show_specific_survey":0,"_uf_disable_surveys":false,"site-sidebar-layout":"default","site-content-layout":"","ast-site-content-layout":"default","site-content-style":"default","site-sidebar-style":"default","ast-global-header-display":"","ast-banner-title-visibility":"","ast-main-header-display":"","ast-hfb-above-header-display":"","ast-hfb-below-header-display":"","ast-hfb-mobile-header-display":"","site-post-title":"","ast-breadcrumbs-content":"","ast-featured-img":"","footer-sml-layout":"","ast-disable-related-posts":"","theme-transparent-header-meta":"default","adv-header-id-meta":"","stick-header-meta":"","header-above-stick-meta":"","header-main-stick-meta":"","header-below-stick-meta":"","astra-migrate-meta-layouts":"set","ast-page-background-enabled":"default","ast-page-background-meta":{"desktop":{"background-color":"","background-image":"","background-repeat":"repeat","background-position":"center center","background-size":"auto","background-attachment":"scroll","background-type":"","background-media":"","overlay-type":"","overlay-color":"","overlay-opacity":"","overlay-gradient":""},"tablet":{"background-color":"","background-image":"","background-repeat":"repeat","background-position":"center center","background-size":"auto","background-attachment":"scroll","background-type":"","background-media":"","overlay-type":"","overlay-color":"","overlay-opacity":"","overlay-gradient":""},"mobile":{"background-color":"","background-image":"","background-repeat":"repeat","background-position":"center center","background-size":"auto","background-attachment":"scroll","background-type":"","background-media":"","overlay-type":"","overlay-color":"","overlay-opacity":"","overlay-gradient":""}},"ast-content-background-meta":{"desktop":{"background-color":"var(--ast-global-color-5)","background-image":"","background-repeat":"repeat","background-position":"center center","background-size":"auto","background-attachment":"scroll","background-type":"","background-media":"","overlay-type":"","overlay-color":"","overlay-opacity":"","overlay-gradient":""},"tablet":{"background-color":"var(--ast-global-color-5)","background-image":"","background-repeat":"repeat","background-position":"center center","background-size":"auto","background-attachment":"scroll","background-type":"","background-media":"","overlay-type":"","overlay-color":"","overlay-opacity":"","overlay-gradient":""},"mobile":{"background-color":"var(--ast-global-color-5)","background-image":"","background-repeat":"repeat","background-position":"center center","background-size":"auto","background-attachment":"scroll","background-type":"","background-media":"","overlay-type":"","overlay-color":"","overlay-opacity":"","overlay-gradient":""}}},"product_brand":[3295],"product_cat":[3743,3391,3396,3455,3393,3470,3514,3467,3468,3469,3873],"product_tag":[2723,1939,2724,3602,4089,4090,1927,2725,4091],"class_list":{"0":"post-19773","1":"product","2":"type-product","3":"status-publish","4":"has-post-thumbnail","6":"product_brand-dmt","7":"product_cat-accessoires-daffutage","8":"product_cat-accessoires-pour-la-longue-piste","9":"product_cat-accessories","11":"product_cat-aiguisage","12":"product_cat-des-pierres","13":"product_cat-entretien-des-lames","14":"product_cat-patinage-de-vitesse","15":"product_cat-pierres-a-aiguiser","16":"product_cat-pierres-de-diamant","18":"product_tag-dmt","19":"product_tag-dmt-duosharp","20":"product_tag-dmt-duosharp-diamond-stone","21":"product_tag-lame-matinence","22":"product_tag-pierre-a-aiguiser-en-diamant","23":"product_tag-pierre-de-diamant-10","24":"product_tag-sharpening-stone","25":"product_tag-w250","26":"product_tag-w250-2-faces","27":"desktop-align-left","28":"tablet-align-left","29":"mobile-align-left","31":"first","32":"instock","33":"sale","34":"taxable","35":"shipping-taxable","36":"purchasable","37":"product-type-simple"},"acf":[],"_links":{"self":[{"href":"https:\/\/ztsports.com\/fr\/wp-json\/wp\/v2\/product\/19773","targetHints":{"allow":["GET"]}}],"collection":[{"href":"https:\/\/ztsports.com\/fr\/wp-json\/wp\/v2\/product"}],"about":[{"href":"https:\/\/ztsports.com\/fr\/wp-json\/wp\/v2\/types\/product"}],"replies":[{"embeddable":true,"href":"https:\/\/ztsports.com\/fr\/wp-json\/wp\/v2\/comments?post=19773"}],"version-history":[{"count":1,"href":"https:\/\/ztsports.com\/fr\/wp-json\/wp\/v2\/product\/19773\/revisions"}],"predecessor-version":[{"id":19774,"href":"https:\/\/ztsports.com\/fr\/wp-json\/wp\/v2\/product\/19773\/revisions\/19774"}],"wp:featuredmedia":[{"embeddable":true,"href":"https:\/\/ztsports.com\/fr\/wp-json\/wp\/v2\/media\/19775"}],"wp:attachment":[{"href":"https:\/\/ztsports.com\/fr\/wp-json\/wp\/v2\/media?parent=19773"}],"wp:term":[{"taxonomy":"product_brand","embeddable":true,"href":"https:\/\/ztsports.com\/fr\/wp-json\/wp\/v2\/product_brand?post=19773"},{"taxonomy":"product_cat","embeddable":true,"href":"https:\/\/ztsports.com\/fr\/wp-json\/wp\/v2\/product_cat?post=19773"},{"taxonomy":"product_tag","embeddable":true,"href":"https:\/\/ztsports.com\/fr\/wp-json\/wp\/v2\/product_tag?post=19773"}],"curies":[{"name":"wp","href":"https:\/\/api.w.org\/{rel}","templated":true}]}}