{"id":19767,"date":"2023-05-02T20:50:44","date_gmt":"2023-05-02T20:50:44","guid":{"rendered":"https:\/\/ztsports.com\/?post_type=product&#038;p=19767"},"modified":"2026-02-02T19:09:13","modified_gmt":"2026-02-02T19:09:13","slug":"bont-pierre-a-polir-en-ceramique","status":"publish","type":"product","link":"https:\/\/ztsports.com\/fr\/store\/bont-pierre-a-polir-en-ceramique\/","title":{"rendered":"BONT Pierre \u00e0 polir en c\u00e9ramique pour patins de vitesse"},"content":{"rendered":"<h1 class=\"product_title entry-title wd-entities-title\">BONT Pierre \u00e0 polir en c\u00e9ramique pour patins de vitesse<\/h1>\n<p>La pierre \u00e0 polir en c\u00e9ramique Bont est con\u00e7ue pour les patineurs professionnels de courte et de longue piste. La granulom\u00e9trie est de 8000 microns (ultra fine). Cette pierre doit \u00eatre utilis\u00e9e comme pierre de polissage finale lors de l&#8217;aff\u00fbtage de vos lames de short track. Les pierres de polissage permettent d&#8217;augmenter la glisse en patinant.<\/p>\n<div class=\"product-tabs-wrapper\">\n<div class=\"container\">\n<div class=\"row\">\n<div class=\"col-12 poduct-tabs-inner\">\n<div class=\"woocommerce-tabs wc-tabs-wrapper tabs-layout-tabs\" data-state=\"first\" data-layout=\"tabs\">\n<div class=\"wd-accordion-item\">\n<div id=\"tab-description\" class=\"entry-content woocommerce-Tabs-panel woocommerce-Tabs-panel--description wd-active panel wc-tab\" role=\"tabpanel\" aria-labelledby=\"tab-title-description\" data-accordion-index=\"description\">\n<div class=\"wc-tab-inner\">\n<p>La pierre \u00e0 aiguiser en c\u00e9ramique de Bont est fabriqu\u00e9e \u00e0 partir de mat\u00e9riaux de tr\u00e8s haute qualit\u00e9. Les abrasifs des pierres \u00e0 aiguiser Bont sont extr\u00eamement uniformes, ce qui signifie que l&#8217;abrasif rencontr\u00e9 lors du premier mois d&#8217;utilisation sera le m\u00eame apr\u00e8s des ann\u00e9es d&#8217;utilisation.<\/p>\n<p>Lors de l&#8217;aff\u00fbtage des patins de vitesse, une pierre parfaitement plate est extr\u00eamement importante car nous aff\u00fbtons deux lames en m\u00eame temps.<\/p>\n<p>En outre, la pierre \u00e0 polir en c\u00e9ramique est livr\u00e9e avec un \u00e9tui de protection. Ses dimensions de 300 mm x 60 mm x 15 mm et son poids font du polissage de vos lames un jeu d&#8217;enfant.<\/p>\n<p>De plus, lorsque vous aurez termin\u00e9, vous obtiendrez une finition miroir permettant \u00e0 vos lames de glisser sans que les coupes transversales ne g\u00eanent votre lame sur la glace.<\/p>\n<\/div>\n<\/div>\n<\/div>\n<div class=\"wd-accordion-item\">\n<p><strong>Caract\u00e9ristiques principales :<\/strong><\/p>\n<p>Surface parfaitement plane<\/p>\n<ul>\n<li>8000 grains<\/li>\n<li>con\u00e7u pour les patineurs de vitesse sur piste courte<\/li>\n<li>Facile \u00e0 tenir pendant l&#8217;aff\u00fbtage des lames<\/li>\n<li>Taille : 300 mm x 60 mm x 15 mm<\/li>\n<\/ul>\n<\/div>\n<\/div>\n<\/div>\n<\/div>\n<\/div>\n<\/div>\n<div class=\"wd-before-product-tabs\">\n<div class=\"container\">\n<div class=\"product_meta wd-layout-inline\">Voir \u00e9galement nos <a href=\"https:\/\/ztsports.com\/categorie-produit\/ceramique\/?lang=fr\">autres pierres c\u00e9ramiques<\/a> situ\u00e9es ici.<\/div>\n<div>Enfin, vous pouvez trouver toutes nos <a href=\"https:\/\/ztsports.com\/categorie-produit\/aiguisage\/des-pierres\/?lang=fr\"><strong>pierres \u00e0 aiguiser ici.<\/strong><\/a><\/div>\n<\/div>\n<\/div>\n","protected":false},"excerpt":{"rendered":"<p>BONT Pierre \u00e0 polir en c\u00e9ramique pour patins de vitesse La pierre \u00e0 polir en c\u00e9ramique Bont est con\u00e7ue pour les patineurs professionnels de courte et de longue piste. La granulom\u00e9trie est de 8000 microns (ultra fine). Cette pierre doit \u00eatre utilis\u00e9e comme pierre de polissage finale lors de l&#8217;aff\u00fbtage de vos lames de short [&hellip;]<\/p>\n","protected":false},"featured_media":19769,"comment_status":"open","ping_status":"closed","template":"","meta":{"_acf_changed":false,"_monsterinsights_skip_tracking":false,"_monsterinsights_sitenote_active":false,"_monsterinsights_sitenote_note":"","_monsterinsights_sitenote_category":0,"_uf_show_specific_survey":0,"_uf_disable_surveys":false,"site-sidebar-layout":"default","site-content-layout":"","ast-site-content-layout":"default","site-content-style":"default","site-sidebar-style":"default","ast-global-header-display":"","ast-banner-title-visibility":"","ast-main-header-display":"","ast-hfb-above-header-display":"","ast-hfb-below-header-display":"","ast-hfb-mobile-header-display":"","site-post-title":"","ast-breadcrumbs-content":"","ast-featured-img":"","footer-sml-layout":"","ast-disable-related-posts":"","theme-transparent-header-meta":"default","adv-header-id-meta":"","stick-header-meta":"","header-above-stick-meta":"","header-main-stick-meta":"","header-below-stick-meta":"","astra-migrate-meta-layouts":"set","ast-page-background-enabled":"default","ast-page-background-meta":{"desktop":{"background-color":"","background-image":"","background-repeat":"repeat","background-position":"center center","background-size":"auto","background-attachment":"scroll","background-type":"","background-media":"","overlay-type":"","overlay-color":"","overlay-opacity":"","overlay-gradient":""},"tablet":{"background-color":"","background-image":"","background-repeat":"repeat","background-position":"center center","background-size":"auto","background-attachment":"scroll","background-type":"","background-media":"","overlay-type":"","overlay-color":"","overlay-opacity":"","overlay-gradient":""},"mobile":{"background-color":"","background-image":"","background-repeat":"repeat","background-position":"center center","background-size":"auto","background-attachment":"scroll","background-type":"","background-media":"","overlay-type":"","overlay-color":"","overlay-opacity":"","overlay-gradient":""}},"ast-content-background-meta":{"desktop":{"background-color":"var(--ast-global-color-5)","background-image":"","background-repeat":"repeat","background-position":"center center","background-size":"auto","background-attachment":"scroll","background-type":"","background-media":"","overlay-type":"","overlay-color":"","overlay-opacity":"","overlay-gradient":""},"tablet":{"background-color":"var(--ast-global-color-5)","background-image":"","background-repeat":"repeat","background-position":"center center","background-size":"auto","background-attachment":"scroll","background-type":"","background-media":"","overlay-type":"","overlay-color":"","overlay-opacity":"","overlay-gradient":""},"mobile":{"background-color":"var(--ast-global-color-5)","background-image":"","background-repeat":"repeat","background-position":"center center","background-size":"auto","background-attachment":"scroll","background-type":"","background-media":"","overlay-type":"","overlay-color":"","overlay-opacity":"","overlay-gradient":""}}},"product_brand":[3285],"product_cat":[3391,3396,3455,3393,3906,3470,3514,3467],"product_tag":[],"class_list":{"0":"post-19767","1":"product","2":"type-product","3":"status-publish","4":"has-post-thumbnail","6":"product_brand-bont","7":"product_cat-accessoires-pour-la-longue-piste","8":"product_cat-accessories","10":"product_cat-aiguisage","11":"product_cat-ceramique","12":"product_cat-des-pierres","13":"product_cat-entretien-des-lames","14":"product_cat-patinage-de-vitesse","15":"desktop-align-left","16":"tablet-align-left","17":"mobile-align-left","19":"first","20":"instock","21":"sale","22":"taxable","23":"shipping-taxable","24":"purchasable","25":"product-type-simple"},"acf":[],"_links":{"self":[{"href":"https:\/\/ztsports.com\/fr\/wp-json\/wp\/v2\/product\/19767","targetHints":{"allow":["GET"]}}],"collection":[{"href":"https:\/\/ztsports.com\/fr\/wp-json\/wp\/v2\/product"}],"about":[{"href":"https:\/\/ztsports.com\/fr\/wp-json\/wp\/v2\/types\/product"}],"replies":[{"embeddable":true,"href":"https:\/\/ztsports.com\/fr\/wp-json\/wp\/v2\/comments?post=19767"}],"version-history":[{"count":1,"href":"https:\/\/ztsports.com\/fr\/wp-json\/wp\/v2\/product\/19767\/revisions"}],"predecessor-version":[{"id":19768,"href":"https:\/\/ztsports.com\/fr\/wp-json\/wp\/v2\/product\/19767\/revisions\/19768"}],"wp:featuredmedia":[{"embeddable":true,"href":"https:\/\/ztsports.com\/fr\/wp-json\/wp\/v2\/media\/19769"}],"wp:attachment":[{"href":"https:\/\/ztsports.com\/fr\/wp-json\/wp\/v2\/media?parent=19767"}],"wp:term":[{"taxonomy":"product_brand","embeddable":true,"href":"https:\/\/ztsports.com\/fr\/wp-json\/wp\/v2\/product_brand?post=19767"},{"taxonomy":"product_cat","embeddable":true,"href":"https:\/\/ztsports.com\/fr\/wp-json\/wp\/v2\/product_cat?post=19767"},{"taxonomy":"product_tag","embeddable":true,"href":"https:\/\/ztsports.com\/fr\/wp-json\/wp\/v2\/product_tag?post=19767"}],"curies":[{"name":"wp","href":"https:\/\/api.w.org\/{rel}","templated":true}]}}