{"id":19763,"date":"2023-04-25T03:04:49","date_gmt":"2023-04-25T03:04:49","guid":{"rendered":"https:\/\/ztsports.com\/?post_type=product&#038;p=19763"},"modified":"2026-02-02T19:13:38","modified_gmt":"2026-02-02T19:13:38","slug":"bont-patriot-carbon-version-2","status":"publish","type":"product","link":"https:\/\/ztsports.com\/fr\/store\/bont-patriot-carbon-version-2\/","title":{"rendered":"BONT Patriot Carbon Version 2 Short Track Boot"},"content":{"rendered":"<h1 class=\"product_title entry-title\">BONT Patriot Carbon Version 2<\/h1>\n<p>La <strong>version 2 du Bont Patriot Carbon a \u00e9t\u00e9 mise \u00e0 jour<\/strong>. Tout aussi important, la production a \u00e9t\u00e9 am\u00e9lior\u00e9e pour devenir une botte d&#8217;une seule pi\u00e8ce. En outre, le brassard est plus haut et l&#8217;angle du brassard a \u00e9t\u00e9 modifi\u00e9. Enfin, Bont a ajout\u00e9 un rembourrage plus \u00e9pais au niveau du col. Enfin, plus de carbone dans la base de la botte avec une doublure Suede-L ultra douce.<\/p>\n<p><strong>Les nouvelles fonctionnalit\u00e9s sont les suivantes :<\/strong><br \/>\n&#8211; Derni\u00e8re mise \u00e0 jour<\/p>\n<p>&#8211; La production a \u00e9t\u00e9 am\u00e9lior\u00e9e pour obtenir une botte en une seule pi\u00e8ce.<\/p>\n<p>&#8211; Le brassard est plus haut et l&#8217;angle du brassard a \u00e9t\u00e9 modifi\u00e9<\/p>\n<p>&#8211; Rembourrage plus \u00e9pais au niveau du col<\/p>\n<p>&#8211; Plus de carbone dans la base du coffre<\/p>\n<p>&#8211; Doublure en daim<\/p>\n<div>\n<div><strong>Specifications:<\/strong><\/div>\n<\/div>\n<h6><strong>Base : Carbone composite pos\u00e9 \u00e0 la main<\/strong><\/h6>\n<h6><strong>Peau ext\u00e9rieure : Microfibre<\/strong><\/h6>\n<h6><strong>Doublure : Microfibre<\/strong><\/h6>\n<h6><strong>Semelle int\u00e9rieure : Microfibre<\/strong><\/h6>\n<h6><strong>Moulable \u00e0 chaud : Base enti\u00e8rement moulable \u00e0 chaud utilisant une r\u00e9sine \u00e9poxy thermodurcissable.<\/strong><\/h6>\n<h6><strong>Rembourrage : Mousse \u00e0 m\u00e9moire de forme haute densit\u00e9<\/strong><\/h6>\n<h6><strong>Options de fermeture : 2 bandes velcro r\u00e9glables + lacet<\/strong> <strong>Options de taille : 9\/27 &#8211; 13.5\/51<\/strong><\/h6>\n<h6><strong>Options d&#8217;ajustement:Standard<\/strong><\/h6>\n<h5 class=\"tw-data-text tw-text-large tw-ta\" dir=\"ltr\" data-placeholder=\"Translation\">Maintenant une vid\u00e9o sur <a href=\"https:\/\/www.youtube.com\/watch?v=2AfKfzVSCWk\" target=\"_blank\" rel=\"noopener\"><strong>Le moulage \u00e0 chaud de vos bottes Bont. <\/strong><\/a> <\/h5>\n<p>Enfin, d\u00e9couvrez toutes nos <a href=\"https:\/\/ztsports.com\/categorie-produit\/bottes\/?lang=fr\"><strong>Bottes Short Track ici<\/strong><\/a>.<\/p>\n","protected":false},"excerpt":{"rendered":"<p>BONT Patriot Carbon Version 2 La version 2 du Bont Patriot Carbon a \u00e9t\u00e9 mise \u00e0 jour. Tout aussi important, la production a \u00e9t\u00e9 am\u00e9lior\u00e9e pour devenir une botte d&#8217;une seule pi\u00e8ce. En outre, le brassard est plus haut et l&#8217;angle du brassard a \u00e9t\u00e9 modifi\u00e9. Enfin, Bont a ajout\u00e9 un rembourrage plus \u00e9pais au [&hellip;]<\/p>\n","protected":false},"featured_media":19762,"comment_status":"open","ping_status":"closed","template":"","meta":{"_acf_changed":false,"_monsterinsights_skip_tracking":false,"_monsterinsights_sitenote_active":false,"_monsterinsights_sitenote_note":"","_monsterinsights_sitenote_category":0,"_uf_show_specific_survey":0,"_uf_disable_surveys":false,"site-sidebar-layout":"default","site-content-layout":"","ast-site-content-layout":"default","site-content-style":"default","site-sidebar-style":"default","ast-global-header-display":"","ast-banner-title-visibility":"","ast-main-header-display":"","ast-hfb-above-header-display":"","ast-hfb-below-header-display":"","ast-hfb-mobile-header-display":"","site-post-title":"","ast-breadcrumbs-content":"","ast-featured-img":"","footer-sml-layout":"","ast-disable-related-posts":"","theme-transparent-header-meta":"default","adv-header-id-meta":"","stick-header-meta":"","header-above-stick-meta":"","header-main-stick-meta":"","header-below-stick-meta":"","astra-migrate-meta-layouts":"set","ast-page-background-enabled":"default","ast-page-background-meta":{"desktop":{"background-color":"","background-image":"","background-repeat":"repeat","background-position":"center center","background-size":"auto","background-attachment":"scroll","background-type":"","background-media":"","overlay-type":"","overlay-color":"","overlay-opacity":"","overlay-gradient":""},"tablet":{"background-color":"","background-image":"","background-repeat":"repeat","background-position":"center center","background-size":"auto","background-attachment":"scroll","background-type":"","background-media":"","overlay-type":"","overlay-color":"","overlay-opacity":"","overlay-gradient":""},"mobile":{"background-color":"","background-image":"","background-repeat":"repeat","background-position":"center center","background-size":"auto","background-attachment":"scroll","background-type":"","background-media":"","overlay-type":"","overlay-color":"","overlay-opacity":"","overlay-gradient":""}},"ast-content-background-meta":{"desktop":{"background-color":"var(--ast-global-color-5)","background-image":"","background-repeat":"repeat","background-position":"center center","background-size":"auto","background-attachment":"scroll","background-type":"","background-media":"","overlay-type":"","overlay-color":"","overlay-opacity":"","overlay-gradient":""},"tablet":{"background-color":"var(--ast-global-color-5)","background-image":"","background-repeat":"repeat","background-position":"center center","background-size":"auto","background-attachment":"scroll","background-type":"","background-media":"","overlay-type":"","overlay-color":"","overlay-opacity":"","overlay-gradient":""},"mobile":{"background-color":"var(--ast-global-color-5)","background-image":"","background-repeat":"repeat","background-position":"center center","background-size":"auto","background-attachment":"scroll","background-type":"","background-media":"","overlay-type":"","overlay-color":"","overlay-opacity":"","overlay-gradient":""}}},"product_brand":[3285],"product_cat":[3786,3721,3395,3467,3625],"product_tag":[2685,4088,3710,2688,4073,2689,1768,2419,2691,2425,2692,1794,2426],"class_list":{"0":"post-19763","1":"product","2":"type-product","3":"status-publish","4":"has-post-thumbnail","6":"product_brand-bont","7":"product_cat-bottes","8":"product_cat-bottes-de-patinage-de-vitesse","9":"product_cat-courte-piste","10":"product_cat-patinage-de-vitesse","11":"product_cat-patins-de-vitesse","12":"product_tag-bont-boots","13":"product_tag-bont-patriot-carbon-version-2","14":"product_tag-botte-pour-piste-courte","15":"product_tag-bottines-courte-piste","16":"product_tag-bouteille","17":"product_tag-carbon-boot","18":"product_tag-club-gear","19":"product_tag-courte-piste","20":"product_tag-heat-moldable-base","21":"product_tag-patin-de-vitesse","22":"product_tag-performance","23":"product_tag-speed-skating","24":"product_tag-zt-sports-skate-shop","25":"desktop-align-left","26":"tablet-align-left","27":"mobile-align-left","29":"first","30":"instock","31":"taxable","32":"shipping-taxable","33":"purchasable","34":"product-type-simple"},"acf":[],"_links":{"self":[{"href":"https:\/\/ztsports.com\/fr\/wp-json\/wp\/v2\/product\/19763","targetHints":{"allow":["GET"]}}],"collection":[{"href":"https:\/\/ztsports.com\/fr\/wp-json\/wp\/v2\/product"}],"about":[{"href":"https:\/\/ztsports.com\/fr\/wp-json\/wp\/v2\/types\/product"}],"replies":[{"embeddable":true,"href":"https:\/\/ztsports.com\/fr\/wp-json\/wp\/v2\/comments?post=19763"}],"version-history":[{"count":1,"href":"https:\/\/ztsports.com\/fr\/wp-json\/wp\/v2\/product\/19763\/revisions"}],"predecessor-version":[{"id":19764,"href":"https:\/\/ztsports.com\/fr\/wp-json\/wp\/v2\/product\/19763\/revisions\/19764"}],"wp:featuredmedia":[{"embeddable":true,"href":"https:\/\/ztsports.com\/fr\/wp-json\/wp\/v2\/media\/19762"}],"wp:attachment":[{"href":"https:\/\/ztsports.com\/fr\/wp-json\/wp\/v2\/media?parent=19763"}],"wp:term":[{"taxonomy":"product_brand","embeddable":true,"href":"https:\/\/ztsports.com\/fr\/wp-json\/wp\/v2\/product_brand?post=19763"},{"taxonomy":"product_cat","embeddable":true,"href":"https:\/\/ztsports.com\/fr\/wp-json\/wp\/v2\/product_cat?post=19763"},{"taxonomy":"product_tag","embeddable":true,"href":"https:\/\/ztsports.com\/fr\/wp-json\/wp\/v2\/product_tag?post=19763"}],"curies":[{"name":"wp","href":"https:\/\/api.w.org\/{rel}","templated":true}]}}