{"id":19754,"date":"2023-04-25T03:38:46","date_gmt":"2023-04-25T03:38:46","guid":{"rendered":"https:\/\/ztsports.com\/?post_type=product&#038;p=19754"},"modified":"2026-02-02T19:13:25","modified_gmt":"2026-02-02T19:13:25","slug":"bont-patriot-version-2-ultrasprint","status":"publish","type":"product","link":"https:\/\/ztsports.com\/fr\/store\/bont-patriot-version-2-ultrasprint\/","title":{"rendered":"BONT Patriot Version 2\/Ultrasprint Package"},"content":{"rendered":"<h1 class=\"product_title entry-title\">BONT Patriot Version 2\/Ultrasprint Package<\/h1>\n<p>Le Bont Patriot Version2\/Ultrasprint package est notre patin \u00e0 glace courte piste d&#8217;entr\u00e9e de gamme qui offre un rapport qualit\u00e9\/prix exceptionnel.<\/p>\n<p>Une base en carbone pos\u00e9e \u00e0 la main donne une chaussure super rigide qui est enti\u00e8rement thermoformable en utilisant une r\u00e9sine \u00e9poxy thermodurcissable.<\/p>\n<p>Combin\u00e9e \u00e0 la forme anatomique de la botte et \u00e0 la mousse \u00e0 m\u00e9moire de forme haute densit\u00e9, cette botte est d&#8217;une valeur in\u00e9gal\u00e9e.<\/p>\n<p><strong>Pr\u00e9sentation du nouvel ensemble Patriot Carbon V2\/Ultrasprint<\/strong><\/p>\n<p><strong>Les nouvelles fonctionnalit\u00e9s sont les suivantes :<\/strong><br \/>\n&#8211; Derni\u00e8re mise \u00e0 jour<\/p>\n<p>&#8211; La production a \u00e9t\u00e9 am\u00e9lior\u00e9e pour obtenir une botte en une seule pi\u00e8ce.<\/p>\n<p>&#8211; Le brassard est plus haut et l&#8217;angle du brassard a \u00e9t\u00e9 modifi\u00e9<\/p>\n<p>&#8211; Rembourrage plus \u00e9pais au niveau du col<\/p>\n<p>&#8211; Plus de carbone dans la base du coffre<\/p>\n<p>&#8211; Doublure en daim<\/p>\n<h4 class=\"product_title entry-title\">BONT Patriot Version 2\/Ultrasprint <strong>Sp\u00e9cifications de<\/strong> l&#8217;emballage :<\/h4>\n<p>Base : Carbone composite pos\u00e9 \u00e0 la main<\/p>\n<p>Peau ext\u00e9rieure : Microfibre<\/p>\n<p>Doublure : Microfibre<\/p>\n<p>Semelle int\u00e9rieure : Microfibre<\/p>\n<p>Moulable \u00e0 chaud : Base enti\u00e8rement moulable \u00e0 chaud utilisant une r\u00e9sine \u00e9poxy thermodurcissable.<\/p>\n<p>Rembourrage : Mousse \u00e0 m\u00e9moire de forme haute densit\u00e9<\/p>\n<p>Options de fermeture : 2 sangles velcro r\u00e9glables + lacet Options de taille : 9\/27 &#8211; 13.5\/51<\/p>\n<p>Options d&#8217;ajustement:Standard<\/p>\n<p>La lame ULTRASPRINT a pour objectif de s&#8217;attaquer \u00e0 la concurrence et de la surpasser \u00e0 tous points de vue.<\/p>\n<p>Cela comprend l&#8217;utilisation d&#8217;un acier de meilleure qualit\u00e9, un polissage brillant, une courbure parfaite, une meilleure r\u00e9tention de la courbure et des graphiques impressionnants pour compl\u00e9ter le look. Le tout \u00e0 un prix incroyable.<\/p>\n<p><strong>Sp\u00e9cifications<\/strong><\/p>\n<ul>\n<li><strong><em>Mat\u00e9riau du tube : 6061 T6<\/em><\/strong><\/li>\n<li>Mat\u00e9riau de la coupelle : Aluminium 7075 T6<\/li>\n<li>Rayon : 8m<\/li>\n<li>Longueur : 12\u2033, 13\u2033, 14\u2033, 14.5\u2033, 15\u2033, 15.5\u2033, 16\u2033, 16.5\u2033, 17\u2033.<\/li>\n<li>\u00c9paisseur de la lame :<strong> <\/strong>1,1 mm<\/li>\n<li>Hardness: 58 Rockwell<\/li>\n<li>Cintrage : Cintrage \u00e0 la machine<\/li>\n<\/ul>\n<h5 dir=\"ltr\" data-placeholder=\"Translation\"><strong><em>VEUILLEZ PR\u00c9CISER LA TAILLE DANS LA CASE COMMENTAIRE LORSQUE VOUS PASSEZ VOTRE COMMANDE.<\/em><\/strong><\/h5>\n<h5 class=\"tw-data-text tw-text-large tw-ta\" dir=\"ltr\" data-placeholder=\"Translation\">Maintenant une vid\u00e9o sur <a href=\"https:\/\/www.youtube.com\/watch?v=2AfKfzVSCWk\" target=\"_blank\" rel=\"noopener\"><strong>Le moulage \u00e0 chaud de vos bottes Bont. <\/strong><\/a> <\/h5>\n<p>Enfin, voyez tous nos <a href=\"https:\/\/ztsports.com\/categorie-produit\/courte-piste\/packages\/?lang=fr\">Cliquez ici pour obtenir des forfaits de courte dur\u00e9e.<\/a><\/p>\n","protected":false},"excerpt":{"rendered":"<p>BONT Patriot Version 2\/Ultrasprint Package Le Bont Patriot Version2\/Ultrasprint package est notre patin \u00e0 glace courte piste d&#8217;entr\u00e9e de gamme qui offre un rapport qualit\u00e9\/prix exceptionnel. Une base en carbone pos\u00e9e \u00e0 la main donne une chaussure super rigide qui est enti\u00e8rement thermoformable en utilisant une r\u00e9sine \u00e9poxy thermodurcissable. Combin\u00e9e \u00e0 la forme anatomique de [&hellip;]<\/p>\n","protected":false},"featured_media":19756,"comment_status":"open","ping_status":"closed","template":"","meta":{"_acf_changed":false,"_monsterinsights_skip_tracking":false,"_monsterinsights_sitenote_active":false,"_monsterinsights_sitenote_note":"","_monsterinsights_sitenote_category":0,"_uf_show_specific_survey":0,"_uf_disable_surveys":false,"site-sidebar-layout":"default","site-content-layout":"","ast-site-content-layout":"default","site-content-style":"default","site-sidebar-style":"default","ast-global-header-display":"","ast-banner-title-visibility":"","ast-main-header-display":"","ast-hfb-above-header-display":"","ast-hfb-below-header-display":"","ast-hfb-mobile-header-display":"","site-post-title":"","ast-breadcrumbs-content":"","ast-featured-img":"","footer-sml-layout":"","ast-disable-related-posts":"","theme-transparent-header-meta":"default","adv-header-id-meta":"","stick-header-meta":"","header-above-stick-meta":"","header-main-stick-meta":"","header-below-stick-meta":"","astra-migrate-meta-layouts":"set","ast-page-background-enabled":"default","ast-page-background-meta":{"desktop":{"background-color":"","background-image":"","background-repeat":"repeat","background-position":"center center","background-size":"auto","background-attachment":"scroll","background-type":"","background-media":"","overlay-type":"","overlay-color":"","overlay-opacity":"","overlay-gradient":""},"tablet":{"background-color":"","background-image":"","background-repeat":"repeat","background-position":"center center","background-size":"auto","background-attachment":"scroll","background-type":"","background-media":"","overlay-type":"","overlay-color":"","overlay-opacity":"","overlay-gradient":""},"mobile":{"background-color":"","background-image":"","background-repeat":"repeat","background-position":"center center","background-size":"auto","background-attachment":"scroll","background-type":"","background-media":"","overlay-type":"","overlay-color":"","overlay-opacity":"","overlay-gradient":""}},"ast-content-background-meta":{"desktop":{"background-color":"var(--ast-global-color-5)","background-image":"","background-repeat":"repeat","background-position":"center center","background-size":"auto","background-attachment":"scroll","background-type":"","background-media":"","overlay-type":"","overlay-color":"","overlay-opacity":"","overlay-gradient":""},"tablet":{"background-color":"var(--ast-global-color-5)","background-image":"","background-repeat":"repeat","background-position":"center center","background-size":"auto","background-attachment":"scroll","background-type":"","background-media":"","overlay-type":"","overlay-color":"","overlay-opacity":"","overlay-gradient":""},"mobile":{"background-color":"var(--ast-global-color-5)","background-image":"","background-repeat":"repeat","background-position":"center center","background-size":"auto","background-attachment":"scroll","background-type":"","background-media":"","overlay-type":"","overlay-color":"","overlay-opacity":"","overlay-gradient":""}}},"product_brand":[3285],"product_cat":[3395,3489,3627,3467,3625],"product_tag":[2693,2694,4087],"class_list":{"0":"post-19754","1":"product","2":"type-product","3":"status-publish","4":"has-post-thumbnail","6":"product_brand-bont","7":"product_cat-courte-piste","8":"product_cat-offres-de-club","9":"product_cat-packages","10":"product_cat-patinage-de-vitesse","11":"product_cat-patins-de-vitesse","12":"product_tag-bont-patriot-version-2","13":"product_tag-bont-patriot-version-2-ultrasprint-package","14":"product_tag-paquet-ultrasprint","15":"desktop-align-left","16":"tablet-align-left","17":"mobile-align-left","19":"first","20":"instock","21":"featured","22":"taxable","23":"shipping-taxable","24":"purchasable","25":"product-type-simple"},"acf":[],"_links":{"self":[{"href":"https:\/\/ztsports.com\/fr\/wp-json\/wp\/v2\/product\/19754","targetHints":{"allow":["GET"]}}],"collection":[{"href":"https:\/\/ztsports.com\/fr\/wp-json\/wp\/v2\/product"}],"about":[{"href":"https:\/\/ztsports.com\/fr\/wp-json\/wp\/v2\/types\/product"}],"replies":[{"embeddable":true,"href":"https:\/\/ztsports.com\/fr\/wp-json\/wp\/v2\/comments?post=19754"}],"version-history":[{"count":1,"href":"https:\/\/ztsports.com\/fr\/wp-json\/wp\/v2\/product\/19754\/revisions"}],"predecessor-version":[{"id":19755,"href":"https:\/\/ztsports.com\/fr\/wp-json\/wp\/v2\/product\/19754\/revisions\/19755"}],"wp:featuredmedia":[{"embeddable":true,"href":"https:\/\/ztsports.com\/fr\/wp-json\/wp\/v2\/media\/19756"}],"wp:attachment":[{"href":"https:\/\/ztsports.com\/fr\/wp-json\/wp\/v2\/media?parent=19754"}],"wp:term":[{"taxonomy":"product_brand","embeddable":true,"href":"https:\/\/ztsports.com\/fr\/wp-json\/wp\/v2\/product_brand?post=19754"},{"taxonomy":"product_cat","embeddable":true,"href":"https:\/\/ztsports.com\/fr\/wp-json\/wp\/v2\/product_cat?post=19754"},{"taxonomy":"product_tag","embeddable":true,"href":"https:\/\/ztsports.com\/fr\/wp-json\/wp\/v2\/product_tag?post=19754"}],"curies":[{"name":"wp","href":"https:\/\/api.w.org\/{rel}","templated":true}]}}