{"id":19747,"date":"2023-04-30T15:10:09","date_gmt":"2023-04-30T15:10:09","guid":{"rendered":"https:\/\/ztsports.com\/?post_type=product&#038;p=19747"},"modified":"2026-02-02T19:12:41","modified_gmt":"2026-02-02T19:12:41","slug":"casque-skate-tec-pro-013","status":"publish","type":"product","link":"https:\/\/ztsports.com\/fr\/store\/casque-skate-tec-pro-013\/","title":{"rendered":"Casque SKATE-TEC PRO 013 pour le Short Track"},"content":{"rendered":"<p data-rm-block-id=\"block-1\"><strong><em>Le casque SKATE-TEC PRO 013 pour le patinage de vitesse sur piste courte est le sommet de la gamme de casques Skate-tec. Tout d&#8217;abord, ils n&#8217;utilisent que des mat\u00e9riaux de premi\u00e8re qualit\u00e9. En outre, nous utilisons des processus de fabrication de la plus haute qualit\u00e9 et, enfin, nous mettons en \u0153uvre des conceptions avanc\u00e9es.<\/em><\/strong><\/p>\n<h3 data-rm-block-id=\"block-2\">CASQUE SKATE-TEC PRO 013<\/h3>\n<p data-rm-block-id=\"block-3\"><strong><em>Deuxi\u00e8mement, cette entreprise s&#8217;efforce de fournir les meilleurs produits de patinage en collaborant avec les meilleurs athl\u00e8tes et entra\u00eeneurs. <\/em><\/strong><\/p>\n<p data-rm-block-id=\"block-4\">Casque ST 013 Pro<\/p>\n<p data-rm-block-id=\"block-5\">Construction l\u00e9g\u00e8re<\/p>\n<p data-rm-block-id=\"block-6\">R\u00e9glable<\/p>\n<p data-rm-block-id=\"block-7\"><strong><em>En outre, le casque Skate-tec <\/em><\/strong>PRO HELMET 013 Casque<\/p>\n<p data-rm-block-id=\"block-8\"><strong><em>d\u00e9veloppe tous ses produits par le biais d&#8217;essais et d&#8217;innovations constants.<\/em><\/strong><\/p>\n<p data-rm-block-id=\"block-9\"><b>Tout aussi<\/b><strong> Le casque pro important est ajustable et fabriqu\u00e9 avec une construction l\u00e9g\u00e8re.<\/strong><\/p>\n<p data-rm-block-id=\"block-10\">S\/M (54-57cm, 298 grammes)<\/p>\n<p data-rm-block-id=\"block-11\">L\/XL (58-61cm, 319 grammes)<\/p>\n<p data-rm-block-id=\"block-12\">Rapport d&#8217;essai SGS GZHG1203005770HM<\/p>\n<p data-rm-block-id=\"block-13\">Casque certifi\u00e9 ISU<\/p>\n<p data-rm-block-id=\"block-14\"><strong>Enfin, vous pouvez voir tous nos<a href=\"https:\/\/ztsports.com\/categorie-produit\/protection\/casques\/?lang=fr\"> casques ici<\/a>.<\/strong><\/p>\n","protected":false},"excerpt":{"rendered":"<p>Le casque SKATE-TEC PRO 013 pour le patinage de vitesse sur piste courte est le sommet de la gamme de casques Skate-tec. Tout d&#8217;abord, ils n&#8217;utilisent que des mat\u00e9riaux de premi\u00e8re qualit\u00e9. En outre, nous utilisons des processus de fabrication de la plus haute qualit\u00e9 et, enfin, nous mettons en \u0153uvre des conceptions avanc\u00e9es. CASQUE [&hellip;]<\/p>\n","protected":false},"featured_media":19749,"comment_status":"open","ping_status":"closed","template":"","meta":{"_acf_changed":false,"_monsterinsights_skip_tracking":false,"_monsterinsights_sitenote_active":false,"_monsterinsights_sitenote_note":"","_monsterinsights_sitenote_category":0,"_uf_show_specific_survey":0,"_uf_disable_surveys":false,"site-sidebar-layout":"default","site-content-layout":"","ast-site-content-layout":"default","site-content-style":"default","site-sidebar-style":"default","ast-global-header-display":"","ast-banner-title-visibility":"","ast-main-header-display":"","ast-hfb-above-header-display":"","ast-hfb-below-header-display":"","ast-hfb-mobile-header-display":"","site-post-title":"","ast-breadcrumbs-content":"","ast-featured-img":"","footer-sml-layout":"","ast-disable-related-posts":"","theme-transparent-header-meta":"default","adv-header-id-meta":"","stick-header-meta":"","header-above-stick-meta":"","header-main-stick-meta":"","header-below-stick-meta":"","astra-migrate-meta-layouts":"set","ast-page-background-enabled":"default","ast-page-background-meta":{"desktop":{"background-color":"","background-image":"","background-repeat":"repeat","background-position":"center center","background-size":"auto","background-attachment":"scroll","background-type":"","background-media":"","overlay-type":"","overlay-color":"","overlay-opacity":"","overlay-gradient":""},"tablet":{"background-color":"","background-image":"","background-repeat":"repeat","background-position":"center center","background-size":"auto","background-attachment":"scroll","background-type":"","background-media":"","overlay-type":"","overlay-color":"","overlay-opacity":"","overlay-gradient":""},"mobile":{"background-color":"","background-image":"","background-repeat":"repeat","background-position":"center center","background-size":"auto","background-attachment":"scroll","background-type":"","background-media":"","overlay-type":"","overlay-color":"","overlay-opacity":"","overlay-gradient":""}},"ast-content-background-meta":{"desktop":{"background-color":"var(--ast-global-color-5)","background-image":"","background-repeat":"repeat","background-position":"center center","background-size":"auto","background-attachment":"scroll","background-type":"","background-media":"","overlay-type":"","overlay-color":"","overlay-opacity":"","overlay-gradient":""},"tablet":{"background-color":"var(--ast-global-color-5)","background-image":"","background-repeat":"repeat","background-position":"center center","background-size":"auto","background-attachment":"scroll","background-type":"","background-media":"","overlay-type":"","overlay-color":"","overlay-opacity":"","overlay-gradient":""},"mobile":{"background-color":"var(--ast-global-color-5)","background-image":"","background-repeat":"repeat","background-position":"center center","background-size":"auto","background-attachment":"scroll","background-type":"","background-media":"","overlay-type":"","overlay-color":"","overlay-opacity":"","overlay-gradient":""}}},"product_brand":[3338],"product_cat":[3644,3589,3395],"product_tag":[4085,4057,3593,4086,2700,2156,2240,2701,1794,1752],"class_list":{"0":"post-19747","1":"product","2":"type-product","3":"status-publish","4":"has-post-thumbnail","6":"product_brand-skate-tec","7":"product_cat-casque-short-track","8":"product_cat-casques","9":"product_cat-courte-piste","10":"product_tag-013-casque","11":"product_tag-casque-de-patinage-de-vitesse","12":"product_tag-casque-short-track","13":"product_tag-casque-skate-tec-pro-013","14":"product_tag-pro-013","15":"product_tag-protection","16":"product_tag-skate-tec","17":"product_tag-skate-tec-pro-013","18":"product_tag-speed-skating","19":"product_tag-speed-skating-equipment","20":"desktop-align-left","21":"tablet-align-left","22":"mobile-align-left","24":"first","25":"instock","26":"sale","27":"taxable","28":"shipping-taxable","29":"purchasable","30":"product-type-simple"},"acf":[],"_links":{"self":[{"href":"https:\/\/ztsports.com\/fr\/wp-json\/wp\/v2\/product\/19747","targetHints":{"allow":["GET"]}}],"collection":[{"href":"https:\/\/ztsports.com\/fr\/wp-json\/wp\/v2\/product"}],"about":[{"href":"https:\/\/ztsports.com\/fr\/wp-json\/wp\/v2\/types\/product"}],"replies":[{"embeddable":true,"href":"https:\/\/ztsports.com\/fr\/wp-json\/wp\/v2\/comments?post=19747"}],"version-history":[{"count":1,"href":"https:\/\/ztsports.com\/fr\/wp-json\/wp\/v2\/product\/19747\/revisions"}],"predecessor-version":[{"id":19748,"href":"https:\/\/ztsports.com\/fr\/wp-json\/wp\/v2\/product\/19747\/revisions\/19748"}],"wp:featuredmedia":[{"embeddable":true,"href":"https:\/\/ztsports.com\/fr\/wp-json\/wp\/v2\/media\/19749"}],"wp:attachment":[{"href":"https:\/\/ztsports.com\/fr\/wp-json\/wp\/v2\/media?parent=19747"}],"wp:term":[{"taxonomy":"product_brand","embeddable":true,"href":"https:\/\/ztsports.com\/fr\/wp-json\/wp\/v2\/product_brand?post=19747"},{"taxonomy":"product_cat","embeddable":true,"href":"https:\/\/ztsports.com\/fr\/wp-json\/wp\/v2\/product_cat?post=19747"},{"taxonomy":"product_tag","embeddable":true,"href":"https:\/\/ztsports.com\/fr\/wp-json\/wp\/v2\/product_tag?post=19747"}],"curies":[{"name":"wp","href":"https:\/\/api.w.org\/{rel}","templated":true}]}}