{"id":19736,"date":"2023-04-30T15:52:10","date_gmt":"2023-04-30T15:52:10","guid":{"rendered":"https:\/\/ztsports.com\/?post_type=product&#038;p=19736"},"modified":"2026-02-02T19:12:30","modified_gmt":"2026-02-02T19:12:30","slug":"cadomotus-alpha-youth-st-helmet-new","status":"publish","type":"product","link":"https:\/\/ztsports.com\/fr\/store\/cadomotus-alpha-youth-st-helmet-new\/","title":{"rendered":"CADOMOTUS ALPHA 3 YOUTH ST HELMET NEW !"},"content":{"rendered":"<h1>CADOMOTUS ALPHA YOUTH ST HELMET<\/h1>\n<p>Le Cadomotus Alpha YOUTH ST HELMET est le casque multisport que tous les enfants devraient porter. Certifi\u00e9 pour le patinage de vitesse, le short track et le cyclisme.<\/p>\n<p><strong>CADOMOTUS ALPHA YOUTH ST HELMET<\/strong><\/p>\n<p>Le Cadomotus Alpha YOUTH ST HELMET est le casque multisport que tous les enfants devraient porter. Certifi\u00e9 pour le patinage de vitesse, le short track et le cyclisme. Alpha 3y est le premier casque cycliste a\u00e9rodynamique pour enfants au monde !<\/p>\n<p><strong>Protection ultime<\/strong><\/p>\n<p>Le Cadomotus Alpha-Y est le casque multisport que tous les enfants devraient porter. Protection de la t\u00eate jusqu&#8217;\u00e0 la base du cr\u00e2ne.<\/p>\n<p>Il est s\u00fbr, efficace et pr\u00eat \u00e0 prot\u00e9ger la t\u00eate d&#8217;un enfant dans sa forme et sa taille. Vos enfants ont besoin d&#8217;un casque de s\u00e9curit\u00e9 pour les prot\u00e9ger dans presque tous les sports. Ce casque offre une protection optimale et un look cool !<\/p>\n<div id=\"product-content\" class=\"product-content general-content content-col mobile-popup\" data-popup=\"product-content\">\n<div class=\"popup-inner\">\n<div><\/div>\n<div><strong>Casque de patinage de vitesse longue piste pour enfants.<\/strong><\/div>\n<p>De plus, le casque Cadomotus Alpha-3Y Aero est le premier casque de patinage de vitesse longue piste au monde pour les enfants. Le casque est l&#8217;\u00e9quipement de protection le plus important pour tout patineur de vitesse, car il l&#8217;aide \u00e0 \u00e9viter les blessures invalidantes.<\/p>\n<p><strong>A noter<\/strong><\/p>\n<p>Il s&#8217;agit d&#8217;un outil jetable qui, en cas d&#8217;accident, doit \u00eatre jet\u00e9 et remplac\u00e9 pour assurer la s\u00e9curit\u00e9 du patineur.<\/p>\n<p><strong>En outre, il y a de grandes couleurs<\/strong><\/p>\n<p><strong>taille disponible : XS (50-53cm)<\/strong><\/p>\n<p>Couleurs : <strong>Rocket Blue en stock, RosyPink en stock,<\/strong> et Racing Red est \u00e9puis\u00e9 jusqu&#8217;au 09\/25<\/p>\n<p>Le Cadomotus Alpha-3Y est le casque que tous les enfants devraient porter. Les aider \u00e0 vivre une exp\u00e9rience positive dans leur sport.<\/p>\n<p>Laissez-les trouver leur vitesse maximale, prot\u00e9gez-les, gardez-les au frais et aidez-les \u00e0 se placer l\u00e0 o\u00f9 il faut ! Et lorsqu&#8217;il aura fait son travail et qu&#8217;il sera temps de le remplacer, votre budget ne sera pas entam\u00e9 !<\/p>\n<p>Conformit\u00e9 aux normes de s\u00e9curit\u00e9 multisports = un casque pour plusieurs sports<\/p>\n<ul>\n<li>Approuv\u00e9 selon les normes ASTM F-1849-07<\/li>\n<li>Conforme aux r\u00e8gles de l&#8217;ISU pour les casques de short track<\/li>\n<li>Homologu\u00e9 EN 1078 pour le cyclisme et le patinage<\/li>\n<\/ul>\n<p>C&#8217;est le seul casque que vous n&#8217;aurez jamais besoin de leur rappeler de porter. \u00c9l\u00e9gantes, confortables et tout simplement cool, elles feront l&#8217;envie de tous les enfants sur le parcours !<\/p>\n<p><strong>taille disponible : XS (50-53cm)<\/strong><\/p>\n<p>Couleurs : <strong>Rocket Blue et Rosy Pink en stock <\/strong> <\/p>\n<p><strong>Racing Red en rupture de stock jusqu&#8217;au 25\/09<\/strong><\/p>\n<p><strong>Vid\u00e9o de <a href=\"https:\/\/www.youtube.com\/watch?v=7XZzirH3PzI\" target=\"_blank\" rel=\"noopener\">tests de casques par Cadomotus<\/a>.<\/strong><\/p>\n<\/div>\n<\/div>\n<div class=\"content-col specs mobile-popup\" data-popup=\"product-specs\">\n<div class=\"popup-inner\">\n<div class=\"spec-table\">\n<p><strong>Enfin, nous avons<a href=\"https:\/\/ztsports.com\/product-category\/protection\/helmets\/\"> beaucoup de casques Short Track<\/a> ici.<\/strong><\/p>\n<\/div>\n<\/div>\n<\/div>\n","protected":false},"excerpt":{"rendered":"<p>CADOMOTUS ALPHA YOUTH ST HELMET Le Cadomotus Alpha YOUTH ST HELMET est le casque multisport que tous les enfants devraient porter. Certifi\u00e9 pour le patinage de vitesse, le short track et le cyclisme. CADOMOTUS ALPHA YOUTH ST HELMET Le Cadomotus Alpha YOUTH ST HELMET est le casque multisport que tous les enfants devraient porter. Certifi\u00e9 [&hellip;]<\/p>\n","protected":false},"featured_media":19738,"comment_status":"open","ping_status":"closed","template":"","meta":{"_acf_changed":false,"_monsterinsights_skip_tracking":false,"_monsterinsights_sitenote_active":false,"_monsterinsights_sitenote_note":"","_monsterinsights_sitenote_category":0,"_uf_show_specific_survey":0,"_uf_disable_surveys":false,"site-sidebar-layout":"default","site-content-layout":"","ast-site-content-layout":"default","site-content-style":"default","site-sidebar-style":"default","ast-global-header-display":"","ast-banner-title-visibility":"","ast-main-header-display":"","ast-hfb-above-header-display":"","ast-hfb-below-header-display":"","ast-hfb-mobile-header-display":"","site-post-title":"","ast-breadcrumbs-content":"","ast-featured-img":"","footer-sml-layout":"","ast-disable-related-posts":"","theme-transparent-header-meta":"default","adv-header-id-meta":"","stick-header-meta":"","header-above-stick-meta":"","header-main-stick-meta":"","header-below-stick-meta":"","astra-migrate-meta-layouts":"set","ast-page-background-enabled":"default","ast-page-background-meta":{"desktop":{"background-color":"","background-image":"","background-repeat":"repeat","background-position":"center center","background-size":"auto","background-attachment":"scroll","background-type":"","background-media":"","overlay-type":"","overlay-color":"","overlay-opacity":"","overlay-gradient":""},"tablet":{"background-color":"","background-image":"","background-repeat":"repeat","background-position":"center center","background-size":"auto","background-attachment":"scroll","background-type":"","background-media":"","overlay-type":"","overlay-color":"","overlay-opacity":"","overlay-gradient":""},"mobile":{"background-color":"","background-image":"","background-repeat":"repeat","background-position":"center center","background-size":"auto","background-attachment":"scroll","background-type":"","background-media":"","overlay-type":"","overlay-color":"","overlay-opacity":"","overlay-gradient":""}},"ast-content-background-meta":{"desktop":{"background-color":"var(--ast-global-color-5)","background-image":"","background-repeat":"repeat","background-position":"center center","background-size":"auto","background-attachment":"scroll","background-type":"","background-media":"","overlay-type":"","overlay-color":"","overlay-opacity":"","overlay-gradient":""},"tablet":{"background-color":"var(--ast-global-color-5)","background-image":"","background-repeat":"repeat","background-position":"center center","background-size":"auto","background-attachment":"scroll","background-type":"","background-media":"","overlay-type":"","overlay-color":"","overlay-opacity":"","overlay-gradient":""},"mobile":{"background-color":"var(--ast-global-color-5)","background-image":"","background-repeat":"repeat","background-position":"center center","background-size":"auto","background-attachment":"scroll","background-type":"","background-media":"","overlay-type":"","overlay-color":"","overlay-opacity":"","overlay-gradient":""}}},"product_brand":[3289],"product_cat":[3389,3392,3433,3396,3644,3589,3395,3402,3690,4076,3390,3467,3381,3645],"product_tag":[2705,4077,2709,2029,2710,2712,4078,4079,4080,4081,4082,4083,4084,2156,1794,1752],"class_list":{"0":"post-19736","1":"product","2":"type-product","3":"status-publish","4":"has-post-thumbnail","6":"product_brand-cadomotus","7":"product_cat-accessoires-longue-piste","8":"product_cat-accessoires-short-track","9":"product_cat-accessories","11":"product_cat-casque-short-track","12":"product_cat-casques","13":"product_cat-courte-piste","14":"product_cat-en-ligne","15":"product_cat-helmets","16":"product_cat-hlmet","17":"product_cat-longue-piste","18":"product_cat-patinage-de-vitesse","19":"product_cat-patinage-de-vitesse-en-ligne","20":"product_cat-protection","21":"product_tag-alpha-3","22":"product_tag-alpha-3casque-pour-jeunes","23":"product_tag-cacadomotus-alpha-3","24":"product_tag-cadomotus","25":"product_tag-cadomotus-alpha-3","26":"product_tag-cadomotus-alpha-youth","27":"product_tag-casque","28":"product_tag-casque-alpha","29":"product_tag-casque-alpha-youth","30":"product_tag-casque-cadomotus","31":"product_tag-casque-cadomotus-alpha","32":"product_tag-casque-pour-jeunes","33":"product_tag-casque-st","34":"product_tag-protection","35":"product_tag-speed-skating","36":"product_tag-speed-skating-equipment","37":"desktop-align-left","38":"tablet-align-left","39":"mobile-align-left","41":"first","42":"instock","43":"featured","44":"taxable","45":"shipping-taxable","46":"purchasable","47":"product-type-simple"},"acf":[],"_links":{"self":[{"href":"https:\/\/ztsports.com\/fr\/wp-json\/wp\/v2\/product\/19736","targetHints":{"allow":["GET"]}}],"collection":[{"href":"https:\/\/ztsports.com\/fr\/wp-json\/wp\/v2\/product"}],"about":[{"href":"https:\/\/ztsports.com\/fr\/wp-json\/wp\/v2\/types\/product"}],"replies":[{"embeddable":true,"href":"https:\/\/ztsports.com\/fr\/wp-json\/wp\/v2\/comments?post=19736"}],"version-history":[{"count":1,"href":"https:\/\/ztsports.com\/fr\/wp-json\/wp\/v2\/product\/19736\/revisions"}],"predecessor-version":[{"id":19737,"href":"https:\/\/ztsports.com\/fr\/wp-json\/wp\/v2\/product\/19736\/revisions\/19737"}],"wp:featuredmedia":[{"embeddable":true,"href":"https:\/\/ztsports.com\/fr\/wp-json\/wp\/v2\/media\/19738"}],"wp:attachment":[{"href":"https:\/\/ztsports.com\/fr\/wp-json\/wp\/v2\/media?parent=19736"}],"wp:term":[{"taxonomy":"product_brand","embeddable":true,"href":"https:\/\/ztsports.com\/fr\/wp-json\/wp\/v2\/product_brand?post=19736"},{"taxonomy":"product_cat","embeddable":true,"href":"https:\/\/ztsports.com\/fr\/wp-json\/wp\/v2\/product_cat?post=19736"},{"taxonomy":"product_tag","embeddable":true,"href":"https:\/\/ztsports.com\/fr\/wp-json\/wp\/v2\/product_tag?post=19736"}],"curies":[{"name":"wp","href":"https:\/\/api.w.org\/{rel}","templated":true}]}}