{"id":19732,"date":"2023-04-30T17:26:39","date_gmt":"2023-04-30T17:26:39","guid":{"rendered":"https:\/\/ztsports.com\/?post_type=product&#038;p=19732"},"modified":"2026-02-02T19:10:10","modified_gmt":"2026-02-02T19:10:10","slug":"norton-im2-pierre-aiguiser","status":"publish","type":"product","link":"https:\/\/ztsports.com\/fr\/store\/norton-im2-pierre-aiguiser\/","title":{"rendered":"NORTON IM2 PIERRE DE NETTOYAGE pour patins de vitesse"},"content":{"rendered":"<p>NORTON IM2 pierre \u00e0 aiguiser -Inde<\/p>\n<p>La pierre \u00e0 aiguiser IM2 de Norton est une pierre d&#8217;\u00e9tabli combin\u00e9e :<\/p>\n<p>Ces pierres \u00e0 deux faces sont dot\u00e9es d&#8217;une face Inde grossi\u00e8re pour \u00e9tablir un bord et d&#8217;une face Inde fine pour affiner le bord.<\/p>\n<p>Les pierres ont une \u00e9paisseur de 1 pouce. pierre de banc g\u00e9ante &#8211; 11\u00bd&#8221; x 2\u00bd&#8221; x 1\u2033 ; pierre grossi\u00e8re\/fine ; id\u00e9ale pour les finitions. une pierre \u00e0 aiguiser de base pour les patineurs de vitesse courte et longue piste.<\/p>\n<p>La combinaison de grains grossiers et fins de l&#8217;India, compos\u00e9e de surfaces abrasives en oxyde d&#8217;aluminium, produit des bords \u00e9tonnamment forts, vifs et durables sur les lames et les outils de patinage de vitesse de qualit\u00e9. Couleur orange\/brun.<\/p>\n<p><strong>Inde grossi\u00e8re &#8211; grain 150 &#8211; 93 microns<\/strong><\/p>\n<p><strong>Inde fine &#8211; grain 280 &#8211; 43 microns<\/strong><\/p>\n<p>En outre, cette pierre doit \u00eatre <a href=\"https:\/\/ztsports.com\/produit\/huile-pour-pierre-a-aiguiser-xb1\/?lang=fr\">utilis\u00e9e avec de l&#8217;HUILE<\/a>.<\/p>\n<p><span class=\"Y2IQFc\" lang=\"en\">Enfin, vous pouvez trouver toutes nos pierres \u00e0 aiguiser ici. <a href=\"https:\/\/ztsports.com\/categorie-produit\/aiguisage\/des-pierres\/?lang=fr\"><strong>pierres \u00e0 aiguiser ici<\/strong><\/a>.<\/span><\/p>\n<div class=\"article--container\">\n<div class=\"article--inner\">\n<h1 class=\"article--title\">Quelle est la granulom\u00e9trie d&#8217;une Norton : fine, moyenne et grossi\u00e8re ?<\/h1>\n<\/div>\n<\/div>\n<div class=\"article--container\">\n<div class=\"article--inner\">\n<div class=\"article--content rte\">\n<h2>Quelle est la granulom\u00e9trie d&#8217;une Norton : fine, moyenne et grossi\u00e8re ?<\/h2>\n<p><a href=\"https:\/\/www.sharpeningsupplies.com\/collections\/oil-stones\" target=\"_blank\" rel=\"noopener\"><img decoding=\"async\" src=\"https:\/\/cdn.shopify.com\/s\/files\/1\/0769\/9287\/2750\/files\/india_bench-z.jpg?v=9353003892\" alt=\"Banc de l'Inde\" align=\"right\" border=\"0\"><\/a>Norton fabrique un certain nombre de pierres \u00e0 grains fins, moyens et grossiers. Mais ces grains sont rarement indiqu\u00e9s en termes de granulom\u00e9trie r\u00e9elle. <\/p>\n<p>En nous basant sur notre exp\u00e9rience et en nous r\u00e9f\u00e9rant \u00e0 leur documentation, nous avons d\u00e9termin\u00e9 les grains. Il est int\u00e9ressant de noter que Norton produit des grains diff\u00e9rents pour ses pierres Norton India (une pierre en oxyde d&#8217;aluminium) et ses pierres Norton Crystolon (une pierre en carbure de silicium). <\/p>\n<p>Bien qu&#8217;il n&#8217;existe pas de norme unique pour les grains, nous utilisons g\u00e9n\u00e9ralement la norme la plus couramment associ\u00e9e aux pierres \u00e0 eau (JIS).<\/p>\n<p><strong>Pourquoi faisons-nous cela ?  <\/strong><\/p>\n<p>Pour plusieurs raisons en fait.<\/p>\n<p>Tout d&#8217;abord, pour les grains inf\u00e9rieurs, il suit de pr\u00e8s la norme am\u00e9ricaine (CAMI) pour les abrasifs appliqu\u00e9s (papier de verre) et la norme europ\u00e9enne (FEPA).<\/p>\n<p>Deuxi\u00e8mement, la norme de la pierre \u00e0 eau a une gamme tr\u00e8s large qui commence tr\u00e8s grossi\u00e8rement et se termine extr\u00eamement finement. Les normes CAMI et FEPA s&#8217;arr\u00eatent l\u00e0 o\u00f9 les grains de la pierre \u00e0 eau deviennent de plus en plus fins. <\/p>\n<p>Cela nous permet d&#8217;utiliser une norme unique pour diff\u00e9rentes pierres. Enfin, la mesure en microns permet une excellente comparaison de la taille relative des particules, de sorte que, de ce point de vue, il s&#8217;agit d&#8217;un excellent moyen de mesurer la granulom\u00e9trie. <\/p>\n<p>Toutefois, si vous n&#8217;\u00eates pas familiaris\u00e9 avec cette mesure, les chiffres sont quelque peu difficiles \u00e0 interpr\u00e9ter. Par exemple, une taille de particule de 45 microns est difficile \u00e0 imaginer, mais si nous disons qu&#8217;il s&#8217;agit d&#8217;une granulom\u00e9trie de 325, vous prenez du recul. <\/p>\n<h3>Tableau des grains Norton India et Norton Crystolon<\/h3>\n<table class=\"table\">\n<thead>\n<tr>\n<th>Type de pierre<\/th>\n<th>Gros grain<\/th>\n<th>Grain moyen<\/th>\n<th>Pierres fines<\/th>\n<\/tr>\n<\/thead>\n<tbody>\n<tr>\n<td><a href=\"https:\/\/ztsports.com\/produit\/norton-im2-pierre-aiguiser\/?lang=fr\"><strong>Norton India Stone<\/strong><\/a><\/td>\n<td><strong>150<\/strong><\/td>\n<td><strong>240<\/strong><\/td>\n<td><strong>400<\/strong><\/td>\n<\/tr>\n<tr>\n<td><a href=\"https:\/\/ztsports.com\/produit\/norton-ic11-crystolon\/?lang=fr\"><strong>Norton Crystolon Stone<\/strong><\/a><\/td>\n<td><strong>120<\/strong><\/td>\n<td><strong>180<\/strong><\/td>\n<td><strong>320<\/strong><\/td>\n<\/tr>\n<\/tbody>\n<\/table>\n<\/div>\n<\/div>\n<\/div>\n","protected":false},"excerpt":{"rendered":"<p>NORTON IM2 pierre \u00e0 aiguiser -Inde La pierre \u00e0 aiguiser IM2 de Norton est une pierre d&#8217;\u00e9tabli combin\u00e9e : Ces pierres \u00e0 deux faces sont dot\u00e9es d&#8217;une face Inde grossi\u00e8re pour \u00e9tablir un bord et d&#8217;une face Inde fine pour affiner le bord. Les pierres ont une \u00e9paisseur de 1 pouce. pierre de banc g\u00e9ante [&hellip;]<\/p>\n","protected":false},"featured_media":19734,"comment_status":"open","ping_status":"closed","template":"","meta":{"_acf_changed":false,"_monsterinsights_skip_tracking":false,"_monsterinsights_sitenote_active":false,"_monsterinsights_sitenote_note":"","_monsterinsights_sitenote_category":0,"_uf_show_specific_survey":0,"_uf_disable_surveys":false,"site-sidebar-layout":"default","site-content-layout":"","ast-site-content-layout":"default","site-content-style":"default","site-sidebar-style":"default","ast-global-header-display":"","ast-banner-title-visibility":"","ast-main-header-display":"","ast-hfb-above-header-display":"","ast-hfb-below-header-display":"","ast-hfb-mobile-header-display":"","site-post-title":"","ast-breadcrumbs-content":"","ast-featured-img":"","footer-sml-layout":"","ast-disable-related-posts":"","theme-transparent-header-meta":"default","adv-header-id-meta":"","stick-header-meta":"","header-above-stick-meta":"","header-main-stick-meta":"","header-below-stick-meta":"","astra-migrate-meta-layouts":"set","ast-page-background-enabled":"default","ast-page-background-meta":{"desktop":{"background-color":"","background-image":"","background-repeat":"repeat","background-position":"center center","background-size":"auto","background-attachment":"scroll","background-type":"","background-media":"","overlay-type":"","overlay-color":"","overlay-opacity":"","overlay-gradient":""},"tablet":{"background-color":"","background-image":"","background-repeat":"repeat","background-position":"center center","background-size":"auto","background-attachment":"scroll","background-type":"","background-media":"","overlay-type":"","overlay-color":"","overlay-opacity":"","overlay-gradient":""},"mobile":{"background-color":"","background-image":"","background-repeat":"repeat","background-position":"center center","background-size":"auto","background-attachment":"scroll","background-type":"","background-media":"","overlay-type":"","overlay-color":"","overlay-opacity":"","overlay-gradient":""}},"ast-content-background-meta":{"desktop":{"background-color":"var(--ast-global-color-5)","background-image":"","background-repeat":"repeat","background-position":"center center","background-size":"auto","background-attachment":"scroll","background-type":"","background-media":"","overlay-type":"","overlay-color":"","overlay-opacity":"","overlay-gradient":""},"tablet":{"background-color":"var(--ast-global-color-5)","background-image":"","background-repeat":"repeat","background-position":"center center","background-size":"auto","background-attachment":"scroll","background-type":"","background-media":"","overlay-type":"","overlay-color":"","overlay-opacity":"","overlay-gradient":""},"mobile":{"background-color":"var(--ast-global-color-5)","background-image":"","background-repeat":"repeat","background-position":"center center","background-size":"auto","background-attachment":"scroll","background-type":"","background-media":"","overlay-type":"","overlay-color":"","overlay-opacity":"","overlay-gradient":""}}},"product_brand":[3295,3328],"product_cat":[3455,3393,3470,3514,3489,3467],"product_tag":[4074,2718,1929,2720,3941,4075,1927],"class_list":{"0":"post-19732","1":"product","2":"type-product","3":"status-publish","4":"has-post-thumbnail","6":"product_brand-dmt","7":"product_brand-norton","8":"product_cat-accessories","9":"product_cat-aiguisage","10":"product_cat-des-pierres","11":"product_cat-entretien-des-lames","12":"product_cat-offres-de-club","13":"product_cat-patinage-de-vitesse","14":"product_tag-combinaison-banc-pierre","15":"product_tag-im2","16":"product_tag-norton","17":"product_tag-norton-im2","18":"product_tag-norton-pierre-a-aiguiser","19":"product_tag-pierre-de-linde","20":"product_tag-sharpening-stone","21":"desktop-align-left","22":"tablet-align-left","23":"mobile-align-left","25":"first","26":"instock","27":"sale","28":"taxable","29":"shipping-taxable","30":"purchasable","31":"product-type-simple"},"acf":[],"_links":{"self":[{"href":"https:\/\/ztsports.com\/fr\/wp-json\/wp\/v2\/product\/19732","targetHints":{"allow":["GET"]}}],"collection":[{"href":"https:\/\/ztsports.com\/fr\/wp-json\/wp\/v2\/product"}],"about":[{"href":"https:\/\/ztsports.com\/fr\/wp-json\/wp\/v2\/types\/product"}],"replies":[{"embeddable":true,"href":"https:\/\/ztsports.com\/fr\/wp-json\/wp\/v2\/comments?post=19732"}],"version-history":[{"count":1,"href":"https:\/\/ztsports.com\/fr\/wp-json\/wp\/v2\/product\/19732\/revisions"}],"predecessor-version":[{"id":19733,"href":"https:\/\/ztsports.com\/fr\/wp-json\/wp\/v2\/product\/19732\/revisions\/19733"}],"wp:featuredmedia":[{"embeddable":true,"href":"https:\/\/ztsports.com\/fr\/wp-json\/wp\/v2\/media\/19734"}],"wp:attachment":[{"href":"https:\/\/ztsports.com\/fr\/wp-json\/wp\/v2\/media?parent=19732"}],"wp:term":[{"taxonomy":"product_brand","embeddable":true,"href":"https:\/\/ztsports.com\/fr\/wp-json\/wp\/v2\/product_brand?post=19732"},{"taxonomy":"product_cat","embeddable":true,"href":"https:\/\/ztsports.com\/fr\/wp-json\/wp\/v2\/product_cat?post=19732"},{"taxonomy":"product_tag","embeddable":true,"href":"https:\/\/ztsports.com\/fr\/wp-json\/wp\/v2\/product_tag?post=19732"}],"curies":[{"name":"wp","href":"https:\/\/api.w.org\/{rel}","templated":true}]}}