{"id":19727,"date":"2023-05-01T19:28:53","date_gmt":"2023-05-01T19:28:53","guid":{"rendered":"https:\/\/ztsports.com\/?post_type=product&#038;p=19727"},"modified":"2026-02-02T19:09:46","modified_gmt":"2026-02-02T19:09:46","slug":"norton-as-22-hard-askanas-polissage-pierre","status":"publish","type":"product","link":"https:\/\/ztsports.com\/fr\/store\/norton-as-22-hard-askanas-polissage-pierre\/","title":{"rendered":"PIERRE \u00c0 POLIR NORTON AS-22 HARD ASKANAS"},"content":{"rendered":"<h2 class=\"product_title entry-title show-product-nav\">PIERRE \u00c0 POLIR NORTON AS-22 HARD ASKANAS<\/h2>\n<p class=\"product_title entry-title show-product-nav\"><em><span class=\"Y2IQFc\" lang=\"fr\">La pierre \u00e0 polir NORTON AS-22 Hard ASKANAS produit l&#8217;<\/span>un des bords les plus vifs des lames de patin de vitesse. Ainsi que des lames de laboratoire, des instruments chirurgicaux et des couteaux de poche.<\/em><\/p>\n<p class=\"product_title entry-title show-product-nav\">Tout aussi importantes, ces pierres Hard Arkansas sont fabriqu\u00e9es en novaculite et sont des pierres naturelles tr\u00e8s denses \u00e0 grain fin, id\u00e9ales pour cr\u00e9er les ar\u00eates les plus tranchantes, les plus rasantes et les finitions pr\u00e9cises et polies.<\/p>\n<p class=\"product_title entry-title show-product-nav\">En outre, la pierre peut \u00eatre utilis\u00e9e \u00e0 sec, mais l&#8217;utilisation d&#8217;huile augmentera l&#8217;action d&#8217;aff\u00fbtage et minimisera l&#8217;encrassement de la surface de la pierre.<\/p>\n<div class=\"title-block\">CARACT\u00c9RISTIQUES ET AVANTAGES<\/div>\n<div>D\u00e9couvrez les pierres de Novaculite de l&#8217;Arkansas pour obtenir le tranchant le plus net et le plus poli. Les pierres sont extraites de carri\u00e8res et fabriqu\u00e9es par des experts pour vous donner un poli proche du miroir.<\/div>\n<div>Pour un tranchant optimal, utilisez des pierres dures de l&#8217;Arkansas ! Nos pierres naturelles sont incroyablement denses et \u00e0 grain fin pour des r\u00e9sultats d&#8217;aiguisage optimaux. Obtenez le v\u00f4tre d\u00e8s aujourd&#8217;hui !<\/div>\n<div>D\u00e9couvrez le secret des lames plus tranchantes et moins encrassantes !<\/div>\n<div>enfin, l&#8217;utilisation d&#8217;huile pour renforcer l&#8217;action d&#8217;aff\u00fbtage et minimiser l&#8217;encrassement.<\/div>\n<p>Arkansas dur et translucide<\/p>\n<p>Ultrafine<\/p>\n<p>2.25\u2033x7\/8\u2033x3\/16\u2033<\/p>\n<pre id=\"tw-target-text\" class=\"tw-data-text tw-text-large tw-ta\" dir=\"ltr\" data-placeholder=\"Translation\">Enfin  <a href=\"https:\/\/ztsports.com\/categorie-produit\/aiguisage\/pierres-de-ronce\/?lang=fr\"><strong>plus de c\u00e9ramique, pierres \u00e0 polir Burr situ\u00e9es ici<\/strong><\/a><\/pre>\n","protected":false},"excerpt":{"rendered":"<p>PIERRE \u00c0 POLIR NORTON AS-22 HARD ASKANAS La pierre \u00e0 polir NORTON AS-22 Hard ASKANAS produit l&#8217;un des bords les plus vifs des lames de patin de vitesse. Ainsi que des lames de laboratoire, des instruments chirurgicaux et des couteaux de poche. Tout aussi importantes, ces pierres Hard Arkansas sont fabriqu\u00e9es en novaculite et sont [&hellip;]<\/p>\n","protected":false},"featured_media":19729,"comment_status":"open","ping_status":"closed","template":"","meta":{"_acf_changed":false,"_monsterinsights_skip_tracking":false,"_monsterinsights_sitenote_active":false,"_monsterinsights_sitenote_note":"","_monsterinsights_sitenote_category":0,"_uf_show_specific_survey":0,"_uf_disable_surveys":false,"site-sidebar-layout":"default","site-content-layout":"","ast-site-content-layout":"default","site-content-style":"default","site-sidebar-style":"default","ast-global-header-display":"","ast-banner-title-visibility":"","ast-main-header-display":"","ast-hfb-above-header-display":"","ast-hfb-below-header-display":"","ast-hfb-mobile-header-display":"","site-post-title":"","ast-breadcrumbs-content":"","ast-featured-img":"","footer-sml-layout":"","ast-disable-related-posts":"","theme-transparent-header-meta":"default","adv-header-id-meta":"","stick-header-meta":"","header-above-stick-meta":"","header-main-stick-meta":"","header-below-stick-meta":"","astra-migrate-meta-layouts":"set","ast-page-background-enabled":"default","ast-page-background-meta":{"desktop":{"background-color":"","background-image":"","background-repeat":"repeat","background-position":"center center","background-size":"auto","background-attachment":"scroll","background-type":"","background-media":"","overlay-type":"","overlay-color":"","overlay-opacity":"","overlay-gradient":""},"tablet":{"background-color":"","background-image":"","background-repeat":"repeat","background-position":"center center","background-size":"auto","background-attachment":"scroll","background-type":"","background-media":"","overlay-type":"","overlay-color":"","overlay-opacity":"","overlay-gradient":""},"mobile":{"background-color":"","background-image":"","background-repeat":"repeat","background-position":"center center","background-size":"auto","background-attachment":"scroll","background-type":"","background-media":"","overlay-type":"","overlay-color":"","overlay-opacity":"","overlay-gradient":""}},"ast-content-background-meta":{"desktop":{"background-color":"var(--ast-global-color-5)","background-image":"","background-repeat":"repeat","background-position":"center center","background-size":"auto","background-attachment":"scroll","background-type":"","background-media":"","overlay-type":"","overlay-color":"","overlay-opacity":"","overlay-gradient":""},"tablet":{"background-color":"var(--ast-global-color-5)","background-image":"","background-repeat":"repeat","background-position":"center center","background-size":"auto","background-attachment":"scroll","background-type":"","background-media":"","overlay-type":"","overlay-color":"","overlay-opacity":"","overlay-gradient":""},"mobile":{"background-color":"var(--ast-global-color-5)","background-image":"","background-repeat":"repeat","background-position":"center center","background-size":"auto","background-attachment":"scroll","background-type":"","background-media":"","overlay-type":"","overlay-color":"","overlay-opacity":"","overlay-gradient":""}}},"product_brand":[3328],"product_cat":[3391,3396,3455,3393,3906,3514,3515],"product_tag":[],"class_list":{"0":"post-19727","1":"product","2":"type-product","3":"status-publish","4":"has-post-thumbnail","6":"product_brand-norton","7":"product_cat-accessoires-pour-la-longue-piste","8":"product_cat-accessories","10":"product_cat-aiguisage","11":"product_cat-ceramique","12":"product_cat-entretien-des-lames","13":"product_cat-pierres-de-ronce","14":"desktop-align-left","15":"tablet-align-left","16":"mobile-align-left","18":"first","19":"instock","20":"sale","21":"taxable","22":"shipping-taxable","23":"purchasable","24":"product-type-simple"},"acf":[],"_links":{"self":[{"href":"https:\/\/ztsports.com\/fr\/wp-json\/wp\/v2\/product\/19727","targetHints":{"allow":["GET"]}}],"collection":[{"href":"https:\/\/ztsports.com\/fr\/wp-json\/wp\/v2\/product"}],"about":[{"href":"https:\/\/ztsports.com\/fr\/wp-json\/wp\/v2\/types\/product"}],"replies":[{"embeddable":true,"href":"https:\/\/ztsports.com\/fr\/wp-json\/wp\/v2\/comments?post=19727"}],"version-history":[{"count":1,"href":"https:\/\/ztsports.com\/fr\/wp-json\/wp\/v2\/product\/19727\/revisions"}],"predecessor-version":[{"id":19728,"href":"https:\/\/ztsports.com\/fr\/wp-json\/wp\/v2\/product\/19727\/revisions\/19728"}],"wp:featuredmedia":[{"embeddable":true,"href":"https:\/\/ztsports.com\/fr\/wp-json\/wp\/v2\/media\/19729"}],"wp:attachment":[{"href":"https:\/\/ztsports.com\/fr\/wp-json\/wp\/v2\/media?parent=19727"}],"wp:term":[{"taxonomy":"product_brand","embeddable":true,"href":"https:\/\/ztsports.com\/fr\/wp-json\/wp\/v2\/product_brand?post=19727"},{"taxonomy":"product_cat","embeddable":true,"href":"https:\/\/ztsports.com\/fr\/wp-json\/wp\/v2\/product_cat?post=19727"},{"taxonomy":"product_tag","embeddable":true,"href":"https:\/\/ztsports.com\/fr\/wp-json\/wp\/v2\/product_tag?post=19727"}],"curies":[{"name":"wp","href":"https:\/\/api.w.org\/{rel}","templated":true}]}}