{"id":19723,"date":"2023-04-25T14:01:03","date_gmt":"2023-04-25T14:01:03","guid":{"rendered":"https:\/\/ztsports.com\/?post_type=product&#038;p=19723"},"modified":"2026-02-02T19:12:55","modified_gmt":"2026-02-02T19:12:55","slug":"bont-patriot-club-boot-version-2","status":"publish","type":"product","link":"https:\/\/ztsports.com\/fr\/store\/bont-patriot-club-boot-version-2\/","title":{"rendered":"BONT Patriot Club Boot Version 2"},"content":{"rendered":"<h1 class=\"product_title entry-title\">BONT Patriot Club Boot Version 2<\/h1>\n<p>La version 2 de la chaussure de club Bont Patriot sera incluse dans le paquet de patins de club. Initiez vos enfants au monde du sport sans vous ruiner ! Notre pack de 5 est parfait pour les clubs qui cherchent \u00e0 faire patiner leurs jeunes athl\u00e8tes.<\/p>\n<p>Ce forfait est exclusivement r\u00e9serv\u00e9 aux clubs qui doivent passer une <strong>commande minimale de 5 sets<\/strong>.<\/p>\n<p>Cr\u00e9ez votre propre pack de patins et commandez en ligne ! <a href=\"http:\/\/https\/\/ztsports.com\">Zt Sports<\/a> <a href=\"https:\/\/ztsports.com\/?lang=fr\"> <\/a>Choisissez parmi une vari\u00e9t\u00e9 d&#8217;options pour cr\u00e9er le kit de patinage parfait pour vous. Obtenez votre forfait de patinage personnalis\u00e9 d\u00e8s aujourd&#8217;hui !<\/p>\n<p>Les nouvelles fonctionnalit\u00e9s sont les suivantes :<br \/>\n&#8211; Derni\u00e8re mise \u00e0 jour<\/p>\n<p>&#8211; La production a \u00e9t\u00e9 am\u00e9lior\u00e9e pour devenir une botte en une seule pi\u00e8ce (auparavant, il s&#8217;agissait d&#8217;une botte en deux pi\u00e8ces).<\/p>\n<p>&#8211; Protecteur d&#8217;orteil int\u00e9gr\u00e9 \u00e0 haute r\u00e9sistance \u00e0 l&#8217;abrasion<\/p>\n<p>&#8211; Le brassard est plus haut et l&#8217;angle du brassard a \u00e9t\u00e9 modifi\u00e9<\/p>\n<p>&#8211; Rembourrage plus \u00e9pais au niveau du col et de la languette<\/p>\n<p>&#8211; FULL CARBON BASE et plus de carbone dans la base de la botte que le mod\u00e8le pr\u00e9c\u00e9dent.<\/p>\n<p>&#8211; Doublure en daim<\/p>\n<p>Specifications:<\/p>\n<p>Base : Carbone composite pos\u00e9 \u00e0 la main<\/p>\n<p>Peau ext\u00e9rieure : Microfibre<\/p>\n<p>Doublure : Microfibre<\/p>\n<p>Semelle int\u00e9rieure : Microfibre<\/p>\n<p>Moulable \u00e0 chaud : Base enti\u00e8rement moulable \u00e0 chaud utilisant une r\u00e9sine \u00e9poxy thermodurcissable.<\/p>\n<p>Rembourrage : Mousse \u00e0 m\u00e9moire de forme haute densit\u00e9<\/p>\n<p>Options de fermeture : 2 sangles velcro r\u00e9glables + lacet Options de taille : 9\/27 &#8211; 13.5\/51<\/p>\n<h5 class=\"tw-data-text tw-text-large tw-ta\" dir=\"ltr\" data-placeholder=\"Translation\">Maintenant une vid\u00e9o sur <a href=\"https:\/\/www.youtube.com\/watch?v=2AfKfzVSCWk\" target=\"_blank\" rel=\"noopener\"><strong>Le moulage \u00e0 chaud de vos bottes Bont. <\/strong><\/a> <\/h5>\n<p>Enfin, vous pouvez consulter toutes nos <a href=\"https:\/\/ztsports.com\/categorie-produit\/bottes\/?lang=fr\"><strong>Bottes Short Track<\/strong><\/a> ici.<\/p>\n","protected":false},"excerpt":{"rendered":"<p>BONT Patriot Club Boot Version 2 La version 2 de la chaussure de club Bont Patriot sera incluse dans le paquet de patins de club. Initiez vos enfants au monde du sport sans vous ruiner ! Notre pack de 5 est parfait pour les clubs qui cherchent \u00e0 faire patiner leurs jeunes athl\u00e8tes. Ce forfait [&hellip;]<\/p>\n","protected":false},"featured_media":19725,"comment_status":"open","ping_status":"closed","template":"","meta":{"_acf_changed":false,"_monsterinsights_skip_tracking":false,"_monsterinsights_sitenote_active":false,"_monsterinsights_sitenote_note":"","_monsterinsights_sitenote_category":0,"_uf_show_specific_survey":0,"_uf_disable_surveys":false,"site-sidebar-layout":"default","site-content-layout":"","ast-site-content-layout":"default","site-content-style":"default","site-sidebar-style":"default","ast-global-header-display":"","ast-banner-title-visibility":"","ast-main-header-display":"","ast-hfb-above-header-display":"","ast-hfb-below-header-display":"","ast-hfb-mobile-header-display":"","site-post-title":"","ast-breadcrumbs-content":"","ast-featured-img":"","footer-sml-layout":"","ast-disable-related-posts":"","theme-transparent-header-meta":"default","adv-header-id-meta":"","stick-header-meta":"","header-above-stick-meta":"","header-main-stick-meta":"","header-below-stick-meta":"","astra-migrate-meta-layouts":"set","ast-page-background-enabled":"default","ast-page-background-meta":{"desktop":{"background-color":"","background-image":"","background-repeat":"repeat","background-position":"center center","background-size":"auto","background-attachment":"scroll","background-type":"","background-media":"","overlay-type":"","overlay-color":"","overlay-opacity":"","overlay-gradient":""},"tablet":{"background-color":"","background-image":"","background-repeat":"repeat","background-position":"center center","background-size":"auto","background-attachment":"scroll","background-type":"","background-media":"","overlay-type":"","overlay-color":"","overlay-opacity":"","overlay-gradient":""},"mobile":{"background-color":"","background-image":"","background-repeat":"repeat","background-position":"center center","background-size":"auto","background-attachment":"scroll","background-type":"","background-media":"","overlay-type":"","overlay-color":"","overlay-opacity":"","overlay-gradient":""}},"ast-content-background-meta":{"desktop":{"background-color":"var(--ast-global-color-5)","background-image":"","background-repeat":"repeat","background-position":"center center","background-size":"auto","background-attachment":"scroll","background-type":"","background-media":"","overlay-type":"","overlay-color":"","overlay-opacity":"","overlay-gradient":""},"tablet":{"background-color":"var(--ast-global-color-5)","background-image":"","background-repeat":"repeat","background-position":"center center","background-size":"auto","background-attachment":"scroll","background-type":"","background-media":"","overlay-type":"","overlay-color":"","overlay-opacity":"","overlay-gradient":""},"mobile":{"background-color":"var(--ast-global-color-5)","background-image":"","background-repeat":"repeat","background-position":"center center","background-size":"auto","background-attachment":"scroll","background-type":"","background-media":"","overlay-type":"","overlay-color":"","overlay-opacity":"","overlay-gradient":""}}},"product_brand":[3285],"product_cat":[3786,3721,3395,3489,3467],"product_tag":[3799,2685,1765,3710,2688,4073,2689,1768,3797,2419,2691,2425,2692,3796,1794,2426],"class_list":{"0":"post-19723","1":"product","2":"type-product","3":"status-publish","4":"has-post-thumbnail","6":"product_brand-bont","7":"product_cat-bottes","8":"product_cat-bottes-de-patinage-de-vitesse","9":"product_cat-courte-piste","10":"product_cat-offres-de-club","11":"product_cat-patinage-de-vitesse","12":"product_tag-bont","13":"product_tag-bont-boots","14":"product_tag-bont-patriot","15":"product_tag-botte-pour-piste-courte","16":"product_tag-bottines-courte-piste","17":"product_tag-bouteille","18":"product_tag-carbon-boot","19":"product_tag-club-gear","20":"product_tag-comfort","21":"product_tag-courte-piste","22":"product_tag-heat-moldable-base","23":"product_tag-patin-de-vitesse","24":"product_tag-performance","25":"product_tag-short-track","26":"product_tag-speed-skating","27":"product_tag-zt-sports-skate-shop","28":"desktop-align-left","29":"tablet-align-left","30":"mobile-align-left","32":"first","33":"instock","34":"sale","35":"taxable","36":"shipping-taxable","37":"purchasable","38":"product-type-simple"},"acf":[],"_links":{"self":[{"href":"https:\/\/ztsports.com\/fr\/wp-json\/wp\/v2\/product\/19723","targetHints":{"allow":["GET"]}}],"collection":[{"href":"https:\/\/ztsports.com\/fr\/wp-json\/wp\/v2\/product"}],"about":[{"href":"https:\/\/ztsports.com\/fr\/wp-json\/wp\/v2\/types\/product"}],"replies":[{"embeddable":true,"href":"https:\/\/ztsports.com\/fr\/wp-json\/wp\/v2\/comments?post=19723"}],"version-history":[{"count":1,"href":"https:\/\/ztsports.com\/fr\/wp-json\/wp\/v2\/product\/19723\/revisions"}],"predecessor-version":[{"id":19724,"href":"https:\/\/ztsports.com\/fr\/wp-json\/wp\/v2\/product\/19723\/revisions\/19724"}],"wp:featuredmedia":[{"embeddable":true,"href":"https:\/\/ztsports.com\/fr\/wp-json\/wp\/v2\/media\/19725"}],"wp:attachment":[{"href":"https:\/\/ztsports.com\/fr\/wp-json\/wp\/v2\/media?parent=19723"}],"wp:term":[{"taxonomy":"product_brand","embeddable":true,"href":"https:\/\/ztsports.com\/fr\/wp-json\/wp\/v2\/product_brand?post=19723"},{"taxonomy":"product_cat","embeddable":true,"href":"https:\/\/ztsports.com\/fr\/wp-json\/wp\/v2\/product_cat?post=19723"},{"taxonomy":"product_tag","embeddable":true,"href":"https:\/\/ztsports.com\/fr\/wp-json\/wp\/v2\/product_tag?post=19723"}],"curies":[{"name":"wp","href":"https:\/\/api.w.org\/{rel}","templated":true}]}}