{"id":19717,"date":"2023-04-25T13:31:32","date_gmt":"2023-04-25T13:31:32","guid":{"rendered":"https:\/\/ztsports.com\/?post_type=product&#038;p=19717"},"modified":"2026-02-02T19:13:08","modified_gmt":"2026-02-02T19:13:08","slug":"bont-patriot-version2","status":"publish","type":"product","link":"https:\/\/ztsports.com\/fr\/store\/bont-patriot-version2\/","title":{"rendered":"BONT Patriot Short Track Boot Version 2"},"content":{"rendered":"<h1 class=\"product_title entry-title\">BONT Patriot Short Track Boot Version 2<\/h1>\n<p><strong>Bont Patriot pr\u00e9sente le nouveau Patriot Carbon V2 pour le Short Track<\/strong><\/p>\n<p><strong>Les nouvelles caract\u00e9ristiques comprennent :<\/strong><br \/>\nBont Patriot Boot Short Track Boot La version 2 offre une derni\u00e8re mise \u00e0 jour.<\/p>\n<p>La production a \u00e9t\u00e9 am\u00e9lior\u00e9e pour devenir une botte en une seule pi\u00e8ce. De plus, la manchette est plus haute et l&#8217;angle de la manchette a \u00e9t\u00e9 modifi\u00e9 avec un rembourrage plus \u00e9pais sur le collier et enfin, il y a plus de carbone dans la base de la botte. Doublure en daim.<\/p>\n<p>Les nouvelles fonctionnalit\u00e9s sont les suivantes :<br \/>\n&#8211; Derni\u00e8re mise \u00e0 jour<\/p>\n<p>&#8211; La production a \u00e9t\u00e9 am\u00e9lior\u00e9e pour devenir une botte en une seule pi\u00e8ce (auparavant, il s&#8217;agissait d&#8217;une botte en deux pi\u00e8ces).<\/p>\n<p>&#8211; Protecteur d&#8217;orteil int\u00e9gr\u00e9 \u00e0 haute r\u00e9sistance \u00e0 l&#8217;abrasion<\/p>\n<p>&#8211; Le brassard est plus haut et l&#8217;angle du brassard a \u00e9t\u00e9 modifi\u00e9<\/p>\n<p>&#8211; Rembourrage plus \u00e9pais au niveau du col et de la languette<\/p>\n<p>&#8211; FULL CARBON BASE et plus de carbone dans la base de la botte que le mod\u00e8le pr\u00e9c\u00e9dent.<\/p>\n<p>&#8211; Doublure en daim<\/p>\n<p>Specifications:<\/p>\n<p>Base : Carbone composite pos\u00e9 \u00e0 la main<\/p>\n<p>Peau ext\u00e9rieure : Microfibre<\/p>\n<p>Doublure : Microfibre<\/p>\n<p>Semelle int\u00e9rieure : Microfibre<\/p>\n<p>Moulable \u00e0 chaud : Base enti\u00e8rement moulable \u00e0 chaud utilisant une r\u00e9sine \u00e9poxy thermodurcissable.<\/p>\n<p>Rembourrage : Mousse \u00e0 m\u00e9moire de forme haute densit\u00e9<\/p>\n<p>Options de fermeture : 2 sangles velcro r\u00e9glables + lacet Options de taille : 9\/27 &#8211; 13.5\/51<\/p>\n<p>Options d&#8217;ajustement:Standard<\/p>\n<p class=\"tw-data-text tw-text-large tw-ta\" dir=\"ltr\" data-placeholder=\"Translation\"><span class=\"Y2IQFc\" lang=\"en\">Il n&#8217;est pas difficile de retrouver notre riche tradition de lignes \u00e9pur\u00e9es et d&#8217;attitude franche dans notre dernier mod\u00e8le Short Track. Nous sommes une marque qui continue \u00e0 refuser les id\u00e9es re\u00e7ues tout en poussant nos propres mod\u00e8les classiques au moins un peu plus loin \u00e0 chaque fois.<\/span><\/p>\n<h5 class=\"tw-data-text tw-text-large tw-ta\" dir=\"ltr\" data-placeholder=\"Translation\">Maintenant une vid\u00e9o sur <a href=\"https:\/\/www.youtube.com\/watch?v=2AfKfzVSCWk\" target=\"_blank\" rel=\"noopener\"><strong>Le moulage \u00e0 chaud des bottes Bont.<\/strong><\/a><\/h5>\n<p dir=\"ltr\" data-placeholder=\"Translation\">Enfin, vous pouvez trouver toutes nos bottes <a href=\"https:\/\/ztsports.com\/categorie-produit\/bottes\/?lang=fr\"><strong>Short Track ici.<\/strong><\/a><\/p>\n","protected":false},"excerpt":{"rendered":"<p>BONT Patriot Short Track Boot Version 2 Bont Patriot pr\u00e9sente le nouveau Patriot Carbon V2 pour le Short Track Les nouvelles caract\u00e9ristiques comprennent : Bont Patriot Boot Short Track Boot La version 2 offre une derni\u00e8re mise \u00e0 jour. La production a \u00e9t\u00e9 am\u00e9lior\u00e9e pour devenir une botte en une seule pi\u00e8ce. De plus, la [&hellip;]<\/p>\n","protected":false},"featured_media":19719,"comment_status":"open","ping_status":"closed","template":"","meta":{"_acf_changed":false,"_monsterinsights_skip_tracking":false,"_monsterinsights_sitenote_active":false,"_monsterinsights_sitenote_note":"","_monsterinsights_sitenote_category":0,"_uf_show_specific_survey":0,"_uf_disable_surveys":false,"site-sidebar-layout":"default","site-content-layout":"","ast-site-content-layout":"default","site-content-style":"default","site-sidebar-style":"default","ast-global-header-display":"","ast-banner-title-visibility":"","ast-main-header-display":"","ast-hfb-above-header-display":"","ast-hfb-below-header-display":"","ast-hfb-mobile-header-display":"","site-post-title":"","ast-breadcrumbs-content":"","ast-featured-img":"","footer-sml-layout":"","ast-disable-related-posts":"","theme-transparent-header-meta":"default","adv-header-id-meta":"","stick-header-meta":"","header-above-stick-meta":"","header-main-stick-meta":"","header-below-stick-meta":"","astra-migrate-meta-layouts":"set","ast-page-background-enabled":"default","ast-page-background-meta":{"desktop":{"background-color":"","background-image":"","background-repeat":"repeat","background-position":"center center","background-size":"auto","background-attachment":"scroll","background-type":"","background-media":"","overlay-type":"","overlay-color":"","overlay-opacity":"","overlay-gradient":""},"tablet":{"background-color":"","background-image":"","background-repeat":"repeat","background-position":"center center","background-size":"auto","background-attachment":"scroll","background-type":"","background-media":"","overlay-type":"","overlay-color":"","overlay-opacity":"","overlay-gradient":""},"mobile":{"background-color":"","background-image":"","background-repeat":"repeat","background-position":"center center","background-size":"auto","background-attachment":"scroll","background-type":"","background-media":"","overlay-type":"","overlay-color":"","overlay-opacity":"","overlay-gradient":""}},"ast-content-background-meta":{"desktop":{"background-color":"var(--ast-global-color-5)","background-image":"","background-repeat":"repeat","background-position":"center center","background-size":"auto","background-attachment":"scroll","background-type":"","background-media":"","overlay-type":"","overlay-color":"","overlay-opacity":"","overlay-gradient":""},"tablet":{"background-color":"var(--ast-global-color-5)","background-image":"","background-repeat":"repeat","background-position":"center center","background-size":"auto","background-attachment":"scroll","background-type":"","background-media":"","overlay-type":"","overlay-color":"","overlay-opacity":"","overlay-gradient":""},"mobile":{"background-color":"var(--ast-global-color-5)","background-image":"","background-repeat":"repeat","background-position":"center center","background-size":"auto","background-attachment":"scroll","background-type":"","background-media":"","overlay-type":"","overlay-color":"","overlay-opacity":"","overlay-gradient":""}}},"product_brand":[3285],"product_cat":[3786,3395,3489,3467],"product_tag":[2696,2697,2693,3710,1774,2698],"class_list":{"0":"post-19717","1":"product","2":"type-product","3":"status-publish","4":"has-post-thumbnail","6":"product_brand-bont","7":"product_cat-bottes","8":"product_cat-courte-piste","9":"product_cat-offres-de-club","10":"product_cat-patinage-de-vitesse","11":"product_tag-bont-boot-version-2","12":"product_tag-bont-patriot-short-track-boot-version-2","13":"product_tag-bont-patriot-version-2","14":"product_tag-botte-pour-piste-courte","15":"product_tag-speed-skate-boot","16":"product_tag-version-2","17":"desktop-align-left","18":"tablet-align-left","19":"mobile-align-left","21":"first","22":"instock","23":"taxable","24":"shipping-taxable","25":"purchasable","26":"product-type-simple"},"acf":[],"_links":{"self":[{"href":"https:\/\/ztsports.com\/fr\/wp-json\/wp\/v2\/product\/19717","targetHints":{"allow":["GET"]}}],"collection":[{"href":"https:\/\/ztsports.com\/fr\/wp-json\/wp\/v2\/product"}],"about":[{"href":"https:\/\/ztsports.com\/fr\/wp-json\/wp\/v2\/types\/product"}],"replies":[{"embeddable":true,"href":"https:\/\/ztsports.com\/fr\/wp-json\/wp\/v2\/comments?post=19717"}],"version-history":[{"count":1,"href":"https:\/\/ztsports.com\/fr\/wp-json\/wp\/v2\/product\/19717\/revisions"}],"predecessor-version":[{"id":19718,"href":"https:\/\/ztsports.com\/fr\/wp-json\/wp\/v2\/product\/19717\/revisions\/19718"}],"wp:featuredmedia":[{"embeddable":true,"href":"https:\/\/ztsports.com\/fr\/wp-json\/wp\/v2\/media\/19719"}],"wp:attachment":[{"href":"https:\/\/ztsports.com\/fr\/wp-json\/wp\/v2\/media?parent=19717"}],"wp:term":[{"taxonomy":"product_brand","embeddable":true,"href":"https:\/\/ztsports.com\/fr\/wp-json\/wp\/v2\/product_brand?post=19717"},{"taxonomy":"product_cat","embeddable":true,"href":"https:\/\/ztsports.com\/fr\/wp-json\/wp\/v2\/product_cat?post=19717"},{"taxonomy":"product_tag","embeddable":true,"href":"https:\/\/ztsports.com\/fr\/wp-json\/wp\/v2\/product_tag?post=19717"}],"curies":[{"name":"wp","href":"https:\/\/api.w.org\/{rel}","templated":true}]}}