{"id":19710,"date":"2023-04-16T16:56:16","date_gmt":"2023-04-16T16:56:16","guid":{"rendered":"https:\/\/ztsports.com\/?post_type=product&#038;p=19710"},"modified":"2026-02-02T19:14:31","modified_gmt":"2026-02-02T19:14:31","slug":"3pf-7050-inline-frame","status":"publish","type":"product","link":"https:\/\/ztsports.com\/fr\/store\/3pf-7050-inline-frame\/","title":{"rendered":"3PF 7050 Inline Frame \/ 3PF 7050 Cadre en ligne de Bont"},"content":{"rendered":"<h1 class=\"product-title\">Cadre en ligne 3PF 7050<\/h1>\n<p>Le cadre 3PF 7050 Inline Frame de Bont ne ressemble \u00e0 rien de ce que vous avez vu, ni \u00e0 rien de ce que vous avez patin\u00e9<strong>!<\/strong><\/p>\n<p>Bont a con\u00e7u la 3PF avec son l\u00e9gendaire syst\u00e8me \u00e0 3 points qui \u00e9limine totalement la flexion de la base de la chaussure. La base incurv\u00e9e de la botte en carbone produit la semelle la plus rigide du march\u00e9 et garantit qu&#8217;aucune de vos \u00e9nergies n&#8217;est absorb\u00e9e par la botte. La conception brevet\u00e9e en 3 points est associ\u00e9e aux meilleurs mat\u00e9riaux et aux simulations informatiques de test de stress du cadre en ligne les plus avanc\u00e9es au monde.<\/p>\n<h3>3PF 7050 Inline Frame<\/h3>\n<ul>\n<li><strong>Montage :<\/strong> 2 points 195mm<\/li>\n<li><strong>3PF <\/strong>permet d&#8217;utiliser 3PF Inline Midpoint<\/li>\n<li><strong>Longueur et poids :<\/strong> 13.2&#8243; : 202 grammes \/ 12,8&#8243; : 186 grammes<\/li>\n<li><strong>Hauteur du plateau (de l&#8217;axe central au sommet du cadre) : <\/strong>Avant 48,5 Arri\u00e8re 59,5<\/li>\n<li><strong>Mat\u00e9riau :<\/strong> 7050<\/li>\n<li><strong>Fabriqu\u00e9 \u00e0 :<\/strong> Ta\u00efwan<\/li>\n<\/ul>\n<p>1 paire de cadres avec axes, entretoises et cl\u00e9 Allen<\/p>\n<p><em>Le kit de montage Bont ne sera fourni gratuitement que lors de l&#8217;achat de bottes\/paquets.<\/em><\/p>\n<div id=\"product_tabs_description_tabbed_contents\">\n<div class=\"std\">\n<p><strong>Flexibilit\u00e9 parfaite<\/strong><\/p>\n<p>De nombreux patineurs pensent qu&#8217;un cadre plus rigide est meilleur, mais ce n&#8217;est pas le cas. Un cadre a besoin d&#8217;une l\u00e9g\u00e8re flexion \u00e0 diff\u00e9rents endroits pour vous aider \u00e0 tourner et pour \u00e9viter que le cadre ne saute \u00e0 la fin de la pouss\u00e9e. Une l\u00e9g\u00e8re flexion pr\u00e8s des roues ajoute de l&#8217;adh\u00e9rence \u00e0 la fin de la pouss\u00e9e. Le cadre 3PF a \u00e9t\u00e9 con\u00e7u avec juste la bonne quantit\u00e9 de flex.<\/p>\n<p><strong>2 et 3 points<\/strong><\/p>\n<p>Le cadre 3PF peut \u00eatre fix\u00e9 \u00e0 une botte 2 points de 195 mm ou \u00e0 nos nouvelles bottes 3 points de 195 mm. Cela vous donne la plus grande flexibilit\u00e9 de tous les cadres disponibles pour combiner et assortir une configuration qui r\u00e9pond \u00e0 vos besoins. Par exemple, les patineurs d&#8217;int\u00e9rieur veulent la flexibilit\u00e9 d&#8217;un cadre \u00e0 2 points alors que les patineurs de route veulent la solidit\u00e9 d&#8217;un cadre \u00e0 3 points.<\/p>\n<p><strong>Longueur du cadre<\/strong><\/p>\n<p>Le cadre 3PF est disponible en 2 longueurs. 13.2&#8243; 4x110mm ou 12.8&#8243; 4x100mm pour les roues de 105mm.<\/p>\n<p><strong>Sp\u00e9cifications du cadre<\/strong><\/p>\n<p>Montage : 2 points 195mm, 3 points 195mm<br \/>\nHauteur du plateau : Avant 48,5 Arri\u00e8re 59,5 (de l&#8217;axe central au sommet du cadre)<br \/>\nFabriqu\u00e9 \u00e0 : Ta\u00efwan<\/p>\n<p><strong>Poids<\/strong><\/p>\n<p>Le cadre de 110 mm p\u00e8se un poids incroyable de 190 g, ce qui est extr\u00eamement l\u00e9ger pour la solidit\u00e9 du cadre.<\/p>\n<p><strong>3PF 7050 Inline Frame\/Aluminium 7050 T6<\/strong><\/p>\n<p>7075 est un alliage d&#8217;aluminium pour l&#8217;a\u00e9rospatiale. C&#8217;est le premier choix pour les applications a\u00e9rospatiales n\u00e9cessitant la meilleure combinaison de r\u00e9sistance m\u00e9canique, de r\u00e9sistance \u00e0 la fissuration par corrosion sous contrainte et de t\u00e9nacit\u00e9. Le 7050 pr\u00e9sente de meilleures caract\u00e9ristiques de t\u00e9nacit\u00e9\/r\u00e9sistance \u00e0 la corrosion que le 7075. T6 &#8211; signifie que le cadre 3PF a subi un traitement thermique de mise en solution et un vieillissement artificiel. Ce processus de trempe augmente consid\u00e9rablement la duret\u00e9 du m\u00e9tal. L&#8217;extrusion doit \u00eatre maintenue dans un gabarit sp\u00e9cial pendant qu&#8217;elle est tremp\u00e9e pour l&#8217;emp\u00eacher de se tordre.<\/p>\n<p><strong>Tests de stress assist\u00e9s par ordinateur<\/strong><\/p>\n<p>Bont utilise les tests de r\u00e9sistance des cadres assist\u00e9s par ordinateur les plus avanc\u00e9s du march\u00e9. Cela garantit que chaque partie du cadre est suffisamment solide pour r\u00e9sister \u00e0 des mois de patinage sans souffrir de la fatigue du m\u00e9tal, qui est une cause fr\u00e9quente de rupture du cadre.<\/p>\n<p><strong>Conception<\/strong><\/p>\n<p>Le design a ensuite \u00e9t\u00e9 test\u00e9 dans notre simulateur 3D qui teste les forces et les faiblesses des cadres dans une simulation de patinage r\u00e9elle. La conception a \u00e9t\u00e9 modifi\u00e9e et test\u00e9e \u00e0 nouveau. La conception du 3PF a fait l&#8217;objet de plus de 200 jours de tests virtuels et d&#8217;ajustements avant que le premier cadre ne soit fabriqu\u00e9.<\/p>\n<p><strong>Usinage de pr\u00e9cision CNC<\/strong><\/p>\n<p>Le 3PF est usin\u00e9 \u00e0 l&#8217;aide de machines CNC de pr\u00e9cision. Cela permet de s&#8217;assurer que les supports de roulements sont parfaitement plats et que les essieux s&#8217;alignent parfaitement. Autant de facteurs importants pour garantir le meilleur taux de couverture possible.<\/p>\n<p><strong>Essieux<\/strong><\/p>\n<p>Les essieux sont fabriqu\u00e9s en aluminium 7075 pour garantir qu&#8217;ils ne s&#8217;effritent jamais.<\/p>\n<p class=\"h1\"><strong>PLUS L\u00c9GER. PLUS FORT. PLUS VITE.<\/strong><\/p>\n<p><strong>Nous repoussons les limites de la technologie pour vous aider \u00e0 donner le meilleur de vous-m\u00eame.<\/strong><\/p>\n<p><strong>En outre, voici une vid\u00e9o sur le <a href=\"https:\/\/www.youtube.com\/watch?v=b95M6Szqraw\" target=\"_blank\" rel=\"noopener\">cadre en ligne 3PF 7050<\/a>.<\/strong><\/p>\n<p><strong>Enfin, voyez tous nos <a href=\"https:\/\/ztsports.com\/product-category\/inline-speed-skating\/frames\/\">cadres pour le patinage de vitesse en ligne ici<\/a>.<\/strong><\/p>\n<\/div>\n<\/div>\n","protected":false},"excerpt":{"rendered":"<p>Cadre en ligne 3PF 7050 Le cadre 3PF 7050 Inline Frame de Bont ne ressemble \u00e0 rien de ce que vous avez vu, ni \u00e0 rien de ce que vous avez patin\u00e9! Bont a con\u00e7u la 3PF avec son l\u00e9gendaire syst\u00e8me \u00e0 3 points qui \u00e9limine totalement la flexion de la base de la chaussure. [&hellip;]<\/p>\n","protected":false},"featured_media":19712,"comment_status":"open","ping_status":"closed","template":"","meta":{"_acf_changed":false,"_monsterinsights_skip_tracking":false,"_monsterinsights_sitenote_active":false,"_monsterinsights_sitenote_note":"","_monsterinsights_sitenote_category":0,"_uf_show_specific_survey":0,"_uf_disable_surveys":false,"site-sidebar-layout":"default","site-content-layout":"","ast-site-content-layout":"default","site-content-style":"default","site-sidebar-style":"default","ast-global-header-display":"","ast-banner-title-visibility":"","ast-main-header-display":"","ast-hfb-above-header-display":"","ast-hfb-below-header-display":"","ast-hfb-mobile-header-display":"","site-post-title":"","ast-breadcrumbs-content":"","ast-featured-img":"","footer-sml-layout":"","ast-disable-related-posts":"","theme-transparent-header-meta":"default","adv-header-id-meta":"","stick-header-meta":"","header-above-stick-meta":"","header-main-stick-meta":"","header-below-stick-meta":"","astra-migrate-meta-layouts":"set","ast-page-background-enabled":"default","ast-page-background-meta":{"desktop":{"background-color":"","background-image":"","background-repeat":"repeat","background-position":"center center","background-size":"auto","background-attachment":"scroll","background-type":"","background-media":"","overlay-type":"","overlay-color":"","overlay-opacity":"","overlay-gradient":""},"tablet":{"background-color":"","background-image":"","background-repeat":"repeat","background-position":"center center","background-size":"auto","background-attachment":"scroll","background-type":"","background-media":"","overlay-type":"","overlay-color":"","overlay-opacity":"","overlay-gradient":""},"mobile":{"background-color":"","background-image":"","background-repeat":"repeat","background-position":"center center","background-size":"auto","background-attachment":"scroll","background-type":"","background-media":"","overlay-type":"","overlay-color":"","overlay-opacity":"","overlay-gradient":""}},"ast-content-background-meta":{"desktop":{"background-color":"var(--ast-global-color-5)","background-image":"","background-repeat":"repeat","background-position":"center center","background-size":"auto","background-attachment":"scroll","background-type":"","background-media":"","overlay-type":"","overlay-color":"","overlay-opacity":"","overlay-gradient":""},"tablet":{"background-color":"var(--ast-global-color-5)","background-image":"","background-repeat":"repeat","background-position":"center center","background-size":"auto","background-attachment":"scroll","background-type":"","background-media":"","overlay-type":"","overlay-color":"","overlay-opacity":"","overlay-gradient":""},"mobile":{"background-color":"var(--ast-global-color-5)","background-image":"","background-repeat":"repeat","background-position":"center center","background-size":"auto","background-attachment":"scroll","background-type":"","background-media":"","overlay-type":"","overlay-color":"","overlay-opacity":"","overlay-gradient":""}}},"product_brand":[3285],"product_cat":[3434,3402,3467,3381],"product_tag":[2669,4069,4070,4071,3696,4072],"class_list":{"0":"post-19710","1":"product","2":"type-product","3":"status-publish","4":"has-post-thumbnail","6":"product_brand-bont","7":"product_cat-cadres","8":"product_cat-en-ligne","9":"product_cat-patinage-de-vitesse","10":"product_cat-patinage-de-vitesse-en-ligne","11":"product_tag-3pf-7050-bont","12":"product_tag-3pf-7050-en-ligne","13":"product_tag-cadre-en-ligne-3pf-7050","14":"product_tag-cadre-en-ligne-7050","15":"product_tag-cadre-en-ligne-bont","16":"product_tag-cadre-en-ligne-bont-3pf-7050","17":"desktop-align-left","18":"tablet-align-left","19":"mobile-align-left","21":"first","22":"instock","23":"taxable","24":"shipping-taxable","25":"purchasable","26":"product-type-simple"},"acf":[],"_links":{"self":[{"href":"https:\/\/ztsports.com\/fr\/wp-json\/wp\/v2\/product\/19710","targetHints":{"allow":["GET"]}}],"collection":[{"href":"https:\/\/ztsports.com\/fr\/wp-json\/wp\/v2\/product"}],"about":[{"href":"https:\/\/ztsports.com\/fr\/wp-json\/wp\/v2\/types\/product"}],"replies":[{"embeddable":true,"href":"https:\/\/ztsports.com\/fr\/wp-json\/wp\/v2\/comments?post=19710"}],"version-history":[{"count":1,"href":"https:\/\/ztsports.com\/fr\/wp-json\/wp\/v2\/product\/19710\/revisions"}],"predecessor-version":[{"id":19711,"href":"https:\/\/ztsports.com\/fr\/wp-json\/wp\/v2\/product\/19710\/revisions\/19711"}],"wp:featuredmedia":[{"embeddable":true,"href":"https:\/\/ztsports.com\/fr\/wp-json\/wp\/v2\/media\/19712"}],"wp:attachment":[{"href":"https:\/\/ztsports.com\/fr\/wp-json\/wp\/v2\/media?parent=19710"}],"wp:term":[{"taxonomy":"product_brand","embeddable":true,"href":"https:\/\/ztsports.com\/fr\/wp-json\/wp\/v2\/product_brand?post=19710"},{"taxonomy":"product_cat","embeddable":true,"href":"https:\/\/ztsports.com\/fr\/wp-json\/wp\/v2\/product_cat?post=19710"},{"taxonomy":"product_tag","embeddable":true,"href":"https:\/\/ztsports.com\/fr\/wp-json\/wp\/v2\/product_tag?post=19710"}],"curies":[{"name":"wp","href":"https:\/\/api.w.org\/{rel}","templated":true}]}}