{"id":19706,"date":"2023-04-17T19:35:18","date_gmt":"2023-04-17T19:35:18","guid":{"rendered":"https:\/\/ztsports.com\/?post_type=product&#038;p=19706"},"modified":"2026-02-02T19:13:52","modified_gmt":"2026-02-02T19:13:52","slug":"bont-skate-rip-jaws","status":"publish","type":"product","link":"https:\/\/ztsports.com\/fr\/store\/bont-skate-rip-jaws\/","title":{"rendered":"BONT Skate Rip Jaws Boot Punch"},"content":{"rendered":"<h1 class=\"product_title entry-title\">BONT Skate Rip Jaws<\/h1>\n<p>Le Bont Skate <span class=\"il\">Rip<\/span> <span class=\"il\">Jaws<\/span> est un outil pour enlever les points chauds. Bont a invent\u00e9 cet outil en 1976 et l&#8217;a fourni aux magasins et aux distributeurs.<\/p>\n<p>Il s&#8217;agit d&#8217;un outil indispensable pour les <strong>clubs, les entra\u00eeneurs et les responsables de l&#8217;\u00e9quipement<\/strong>.<\/p>\n<div>\n<div>Le Bont <span class=\"il\">Rip<\/span> <span class=\"il\">Jaws<\/span> est un outil qui permet d&#8217;\u00e9liminer les points chauds. Bont a invent\u00e9 cet outil en 1976 et l&#8217;a fourni \u00e0 quelques magasins et distributeurs au fil des ans. C&#8217;est la premi\u00e8re fois que nous mettons cet outil \u00e0 la disposition du public.<\/div>\n<\/div>\n<h3>BONT Skate Rip Jaws Boot Punch<\/h3>\n<div>\n<div>Cet outil est parfait pour \u00e9liminer les points chauds du talon des patins \u00e0 roues align\u00e9es en carbone, des patins de vitesse sur glace et des patins \u00e0 roulettes. Il fonctionne \u00e9galement pour les patins artistiques et les patins de hockey sur glace.<\/div>\n<\/div>\n<div><\/div>\n<div>L&#8217;outil d&#8217;\u00e9limination des points chauds Bont <span class=\"il\">Rip<\/span> <span class=\"il\">Jaws<\/span> \u00e9limine les points chauds de vos bottes. Un point chaud est une zone d&#8217;inconfort dans votre botte.<\/div>\n<div>Les chaussures en fibre de carbone et en fibre de verre n&#8217;ont qu&#8217;une tr\u00e8s fine couche de rembourrage entre votre pied et la fibre de carbone dure, ce qui peut provoquer des ampoules. Le <span class=\"il\">Rip<\/span> <span class=\"il\">Jaws<\/span> a \u00e9t\u00e9 con\u00e7u pour repousser la zone d&#8217;inconfort et rendre la chaussure agr\u00e9able \u00e0 porter.<\/div>\n<div><\/div>\n<div>Instructions :<\/div>\n<div>1) Retirez d&#8217;abord les lacets de vos patins.<\/div>\n<div>2) Ensuite, chauffer la zone d&#8217;inconfort avec un s\u00e8che-cheveux pendant environ 5 minutes ou au four. Reportez-vous aux instructions de moulage \u00e0 chaud du fabricant de bottes.<\/div>\n<div>3) Troisi\u00e8mement, ouvrez les <span class=\"il\">m\u00e2choires d&#8217;<\/span> <span class=\"il\">abattage<\/span> et utilisez le bouton situ\u00e9 \u00e0 l&#8217;extr\u00e9mit\u00e9 de la poign\u00e9e pour l&#8217;ouvrir largement.<\/div>\n<div>4) Placez ensuite le <span class=\"il\">Rip<\/span> <span class=\"il\">Jaws<\/span> sur la zone probl\u00e9matique et utilisez le m\u00eame bouton pour serrer la vis.<\/div>\n<div>5) Tirez ensuite les poign\u00e9es ensemble pour qu&#8217;elles s&#8217;enclenchent.<\/div>\n<div>6) enfin, attendez quelques minutes que le d\u00e9marrage refroidisse et d\u00e9verrouillez le <span class=\"il\">Rip<\/span> <span class=\"il\">Jaws<\/span>.<\/div>\n<div><\/div>\n<div>Vous pouvez recommencer ce processus si n\u00e9cessaire.<\/div>\n<div>N&#8217;oubliez pas non plus que si vous avez une ampoule ou un point douloureux sur le pied, il est pr\u00e9f\u00e9rable de le laisser gu\u00e9rir avant de tester la chaussure, car votre pied sera toujours douloureux s&#8217;il n&#8217;a pas gu\u00e9ri.<\/div>\n<div><\/div>\n<h4><strong>Voir les <a href=\"https:\/\/www.youtube.com\/watch?v=tlaEiWXyeRE\" target=\"_blank\" rel=\"noopener\">m\u00e2choires Bont Rip<\/a> en action. Cliquez ici<\/strong>.<\/h4>\n<p>Voir un <a href=\"https:\/\/www.google.com\/search?q=BONT+Skate+Rip+Jaws+Boot+Punch&amp;rlz=1C1ONGR_enCA951CA951&amp;oq=BONT+Skate+Rip+Jaws+Boot+Punch&amp;gs_lcrp=EgZjaHJvbWUyBggAEEUYOTIGCAEQRRg90gEJMjg1NGowajE1qAIIsAIB8QXazfveCqDEvA&amp;sourceid=chrome&amp;ie=UTF-8#fpstate=ive&amp;vld=cid:95c64449,vid:yEVkmN0gC8A,st:0\" target=\"_blank\" rel=\"noopener\"><strong>Revue ind\u00e9pendante sur YouTube. Cliquez ici <\/strong><\/a><\/p>\n<div><strong>Enfin, consultez le site Zt Sports <a href=\"https:\/\/ztsports.com\/product\/ball-ring-skate-stretcher-boot-punch\/\">Ball &amp; Ring Skate Stretcher Boot Punch<\/a>.<\/strong><\/div>\n","protected":false},"excerpt":{"rendered":"<p>BONT Skate Rip Jaws Le Bont Skate Rip Jaws est un outil pour enlever les points chauds. Bont a invent\u00e9 cet outil en 1976 et l&#8217;a fourni aux magasins et aux distributeurs. Il s&#8217;agit d&#8217;un outil indispensable pour les clubs, les entra\u00eeneurs et les responsables de l&#8217;\u00e9quipement. Le Bont Rip Jaws est un outil qui [&hellip;]<\/p>\n","protected":false},"featured_media":19708,"comment_status":"open","ping_status":"closed","template":"","meta":{"_acf_changed":false,"_monsterinsights_skip_tracking":false,"_monsterinsights_sitenote_active":false,"_monsterinsights_sitenote_note":"","_monsterinsights_sitenote_category":0,"_uf_show_specific_survey":0,"_uf_disable_surveys":false,"site-sidebar-layout":"default","site-content-layout":"","ast-site-content-layout":"default","site-content-style":"default","site-sidebar-style":"default","ast-global-header-display":"","ast-banner-title-visibility":"","ast-main-header-display":"","ast-hfb-above-header-display":"","ast-hfb-below-header-display":"","ast-hfb-mobile-header-display":"","site-post-title":"","ast-breadcrumbs-content":"","ast-featured-img":"","footer-sml-layout":"","ast-disable-related-posts":"","theme-transparent-header-meta":"default","adv-header-id-meta":"","stick-header-meta":"","header-above-stick-meta":"","header-main-stick-meta":"","header-below-stick-meta":"","astra-migrate-meta-layouts":"set","ast-page-background-enabled":"default","ast-page-background-meta":{"desktop":{"background-color":"","background-image":"","background-repeat":"repeat","background-position":"center center","background-size":"auto","background-attachment":"scroll","background-type":"","background-media":"","overlay-type":"","overlay-color":"","overlay-opacity":"","overlay-gradient":""},"tablet":{"background-color":"","background-image":"","background-repeat":"repeat","background-position":"center center","background-size":"auto","background-attachment":"scroll","background-type":"","background-media":"","overlay-type":"","overlay-color":"","overlay-opacity":"","overlay-gradient":""},"mobile":{"background-color":"","background-image":"","background-repeat":"repeat","background-position":"center center","background-size":"auto","background-attachment":"scroll","background-type":"","background-media":"","overlay-type":"","overlay-color":"","overlay-opacity":"","overlay-gradient":""}},"ast-content-background-meta":{"desktop":{"background-color":"var(--ast-global-color-5)","background-image":"","background-repeat":"repeat","background-position":"center center","background-size":"auto","background-attachment":"scroll","background-type":"","background-media":"","overlay-type":"","overlay-color":"","overlay-opacity":"","overlay-gradient":""},"tablet":{"background-color":"var(--ast-global-color-5)","background-image":"","background-repeat":"repeat","background-position":"center center","background-size":"auto","background-attachment":"scroll","background-type":"","background-media":"","overlay-type":"","overlay-color":"","overlay-opacity":"","overlay-gradient":""},"mobile":{"background-color":"var(--ast-global-color-5)","background-image":"","background-repeat":"repeat","background-position":"center center","background-size":"auto","background-attachment":"scroll","background-type":"","background-media":"","overlay-type":"","overlay-color":"","overlay-opacity":"","overlay-gradient":""}}},"product_brand":[3285],"product_cat":[3422,3389,3391,3479,3392,3874,3396,3433,3553,3600,3489,3408,3429,3875,3949,3420,3409],"product_tag":[3850,3849,3848,3847,3846,3845,4067,3840,4068],"class_list":{"0":"post-19706","1":"product","2":"type-product","3":"status-publish","4":"has-post-thumbnail","6":"product_brand-bont","7":"product_cat-accessoires","8":"product_cat-accessoires-longue-piste","9":"product_cat-accessoires-pour-la-longue-piste","10":"product_cat-accessoires-pour-le-short-track","11":"product_cat-accessoires-short-track","12":"product_cat-accessories","15":"product_cat-aides-a-lentrainement-et-a-la-formation","16":"product_cat-cintreuses-et-jauges","17":"product_cat-offres-de-club","18":"product_cat-patins-a-roulettes","19":"product_cat-pieces-et-outils","21":"product_cat-pieces-et-vis","22":"product_cat-protection-contre-les-ampoules","23":"product_cat-roulements-et-outils","24":"product_tag-appareil-a-oignons","25":"product_tag-civiere-a-bottes","26":"product_tag-elimination-des-points-chauds","27":"product_tag-les-plieurs-de-bottes","28":"product_tag-outil-bont","29":"product_tag-outil-de-detection-des-points-chauds","30":"product_tag-poincon-doignon-2","31":"product_tag-poincon-de-botte","32":"product_tag-suppression-des-points-dacces-2","33":"desktop-align-left","34":"tablet-align-left","35":"mobile-align-left","37":"first","38":"instock","39":"sale","40":"featured","41":"taxable","42":"shipping-taxable","43":"purchasable","44":"product-type-simple"},"acf":[],"_links":{"self":[{"href":"https:\/\/ztsports.com\/fr\/wp-json\/wp\/v2\/product\/19706","targetHints":{"allow":["GET"]}}],"collection":[{"href":"https:\/\/ztsports.com\/fr\/wp-json\/wp\/v2\/product"}],"about":[{"href":"https:\/\/ztsports.com\/fr\/wp-json\/wp\/v2\/types\/product"}],"replies":[{"embeddable":true,"href":"https:\/\/ztsports.com\/fr\/wp-json\/wp\/v2\/comments?post=19706"}],"version-history":[{"count":1,"href":"https:\/\/ztsports.com\/fr\/wp-json\/wp\/v2\/product\/19706\/revisions"}],"predecessor-version":[{"id":19707,"href":"https:\/\/ztsports.com\/fr\/wp-json\/wp\/v2\/product\/19706\/revisions\/19707"}],"wp:featuredmedia":[{"embeddable":true,"href":"https:\/\/ztsports.com\/fr\/wp-json\/wp\/v2\/media\/19708"}],"wp:attachment":[{"href":"https:\/\/ztsports.com\/fr\/wp-json\/wp\/v2\/media?parent=19706"}],"wp:term":[{"taxonomy":"product_brand","embeddable":true,"href":"https:\/\/ztsports.com\/fr\/wp-json\/wp\/v2\/product_brand?post=19706"},{"taxonomy":"product_cat","embeddable":true,"href":"https:\/\/ztsports.com\/fr\/wp-json\/wp\/v2\/product_cat?post=19706"},{"taxonomy":"product_tag","embeddable":true,"href":"https:\/\/ztsports.com\/fr\/wp-json\/wp\/v2\/product_tag?post=19706"}],"curies":[{"name":"wp","href":"https:\/\/api.w.org\/{rel}","templated":true}]}}