{"id":19700,"date":"2023-01-27T19:13:08","date_gmt":"2023-01-27T19:13:08","guid":{"rendered":"https:\/\/ztsports.com\/?post_type=product&#038;p=19700"},"modified":"2026-02-02T19:16:27","modified_gmt":"2026-02-02T19:16:27","slug":"skate-tec-m-wave-180-flex-blades","status":"publish","type":"product","link":"https:\/\/ztsports.com\/fr\/store\/skate-tec-m-wave-180-flex-blades\/","title":{"rendered":"Lames SKATE-TEC M-Wave 180 Flex"},"content":{"rendered":"<h1 class=\"product_title entry-title\">Lames SKATE-TEC M-Wave 180 Flex<\/h1>\n<p>La lame SKATE-TEC M-Wave 180 Flex offre une adh\u00e9rence sup\u00e9rieure tout en maintenant des niveaux \u00e9lev\u00e9s de contr\u00f4le et de sensation. La nouvelle technologie de montage &#8220;M&#8221; comporte 3 points de fixation pour une plus grande rigidit\u00e9 et une meilleure sensation. La version Flex FlatTop est la plus flexible, vous sentirez la lame tourner sur la glace pour vous et g\u00e9n\u00e9rer de la pression. Id\u00e9al pour les patineurs plus l\u00e9gers ou ceux qui aiment sentir la lame travailler pour eux. La lame Flex FlatTop est encore plus flexible que la lame Flex standard. La Firme est le plus ferme des trois mod\u00e8les. Il convient donc aux patineurs les plus lourds.<\/p>\n<ul>\n<li>Nom de la lame : ST M-Wave &#8211; Flex<\/li>\n<li>Mod\u00e8les disponibles : Firm, Flex ou Flex FlatTop<\/li>\n<li>Tube : Tube en aluminium anodis\u00e9 7000<\/li>\n<li>Hauteur : 36mm \/ 38mm<\/li>\n<li>Lame : 1,1 mm d&#8217;\u00e9paisseur, 62-64HRC BiMetal pour Flex ou PM pour Firm<\/li>\n<li>Lame : 62-64HRC pour maintenir une excellente qualit\u00e9 de tranchant et une bonne r\u00e9sistance \u00e0 l&#8217;usure.<br \/>\nla nettet\u00e9.<\/li>\n<li>Pr\u00e9-coude<\/li>\n<li>Hauteur de la lame : +1mm pour Flex et +3 pour Firm<\/li>\n<li>Plus d&#8217;informations : <a href=\"www.skate-tec.com\" target=\"_blank\" rel=\"noopener\">www.skate-tec.com<\/a><\/li>\n<li>Tailles 16&#8243; \u00e0 18&#8243;<\/li>\n<li>Coupes disponibles : -2mm \u00e0 +6mm<\/li>\n<li>Ordre de rigidit\u00e9 :<br \/>\n1. La fermet\u00e9<br \/>\n2. Flexibilit\u00e9<br \/>\n3. Flex FlatTop<\/li>\n<\/ul>\n<p>Finley Pour <a href=\"https:\/\/www.skate-tec.com\/nagano.html\" target=\"_blank\" rel=\"noopener\">plus d&#8217;informations sur la lame Skate-Tec Nagano.<\/a><\/p>\n<p>Enfin, vous trouverez tous les <a href=\"https:\/\/ztsports.com\/product-category\/short-track\/blades\/\"><strong>Lames Short Track<\/strong><\/a> ici.<\/p>\n","protected":false},"excerpt":{"rendered":"<p>Lames SKATE-TEC M-Wave 180 Flex La lame SKATE-TEC M-Wave 180 Flex offre une adh\u00e9rence sup\u00e9rieure tout en maintenant des niveaux \u00e9lev\u00e9s de contr\u00f4le et de sensation. La nouvelle technologie de montage &#8220;M&#8221; comporte 3 points de fixation pour une plus grande rigidit\u00e9 et une meilleure sensation. La version Flex FlatTop est la plus flexible, vous [&hellip;]<\/p>\n","protected":false},"featured_media":19702,"comment_status":"open","ping_status":"closed","template":"","meta":{"_acf_changed":false,"_monsterinsights_skip_tracking":false,"_monsterinsights_sitenote_active":false,"_monsterinsights_sitenote_note":"","_monsterinsights_sitenote_category":0,"_uf_show_specific_survey":0,"_uf_disable_surveys":false,"site-sidebar-layout":"default","site-content-layout":"","ast-site-content-layout":"default","site-content-style":"default","site-sidebar-style":"default","ast-global-header-display":"","ast-banner-title-visibility":"","ast-main-header-display":"","ast-hfb-above-header-display":"","ast-hfb-below-header-display":"","ast-hfb-mobile-header-display":"","site-post-title":"","ast-breadcrumbs-content":"","ast-featured-img":"","footer-sml-layout":"","ast-disable-related-posts":"","theme-transparent-header-meta":"default","adv-header-id-meta":"","stick-header-meta":"","header-above-stick-meta":"","header-main-stick-meta":"","header-below-stick-meta":"","astra-migrate-meta-layouts":"set","ast-page-background-enabled":"default","ast-page-background-meta":{"desktop":{"background-color":"","background-image":"","background-repeat":"repeat","background-position":"center center","background-size":"auto","background-attachment":"scroll","background-type":"","background-media":"","overlay-type":"","overlay-color":"","overlay-opacity":"","overlay-gradient":""},"tablet":{"background-color":"","background-image":"","background-repeat":"repeat","background-position":"center center","background-size":"auto","background-attachment":"scroll","background-type":"","background-media":"","overlay-type":"","overlay-color":"","overlay-opacity":"","overlay-gradient":""},"mobile":{"background-color":"","background-image":"","background-repeat":"repeat","background-position":"center center","background-size":"auto","background-attachment":"scroll","background-type":"","background-media":"","overlay-type":"","overlay-color":"","overlay-opacity":"","overlay-gradient":""}},"ast-content-background-meta":{"desktop":{"background-color":"var(--ast-global-color-5)","background-image":"","background-repeat":"repeat","background-position":"center center","background-size":"auto","background-attachment":"scroll","background-type":"","background-media":"","overlay-type":"","overlay-color":"","overlay-opacity":"","overlay-gradient":""},"tablet":{"background-color":"var(--ast-global-color-5)","background-image":"","background-repeat":"repeat","background-position":"center center","background-size":"auto","background-attachment":"scroll","background-type":"","background-media":"","overlay-type":"","overlay-color":"","overlay-opacity":"","overlay-gradient":""},"mobile":{"background-color":"var(--ast-global-color-5)","background-image":"","background-repeat":"repeat","background-position":"center center","background-size":"auto","background-attachment":"scroll","background-type":"","background-media":"","overlay-type":"","overlay-color":"","overlay-opacity":"","overlay-gradient":""}}},"product_brand":[3338],"product_cat":[3508,3620],"product_tag":[],"class_list":{"0":"post-19700","1":"product","2":"type-product","3":"status-publish","4":"has-post-thumbnail","6":"product_brand-skate-tec","7":"product_cat-lame","8":"product_cat-lames-pour-piste-courte","9":"desktop-align-left","10":"tablet-align-left","11":"mobile-align-left","13":"first","14":"instock","15":"sale","16":"taxable","17":"shipping-taxable","18":"purchasable","19":"product-type-simple"},"acf":[],"_links":{"self":[{"href":"https:\/\/ztsports.com\/fr\/wp-json\/wp\/v2\/product\/19700","targetHints":{"allow":["GET"]}}],"collection":[{"href":"https:\/\/ztsports.com\/fr\/wp-json\/wp\/v2\/product"}],"about":[{"href":"https:\/\/ztsports.com\/fr\/wp-json\/wp\/v2\/types\/product"}],"replies":[{"embeddable":true,"href":"https:\/\/ztsports.com\/fr\/wp-json\/wp\/v2\/comments?post=19700"}],"version-history":[{"count":1,"href":"https:\/\/ztsports.com\/fr\/wp-json\/wp\/v2\/product\/19700\/revisions"}],"predecessor-version":[{"id":19701,"href":"https:\/\/ztsports.com\/fr\/wp-json\/wp\/v2\/product\/19700\/revisions\/19701"}],"wp:featuredmedia":[{"embeddable":true,"href":"https:\/\/ztsports.com\/fr\/wp-json\/wp\/v2\/media\/19702"}],"wp:attachment":[{"href":"https:\/\/ztsports.com\/fr\/wp-json\/wp\/v2\/media?parent=19700"}],"wp:term":[{"taxonomy":"product_brand","embeddable":true,"href":"https:\/\/ztsports.com\/fr\/wp-json\/wp\/v2\/product_brand?post=19700"},{"taxonomy":"product_cat","embeddable":true,"href":"https:\/\/ztsports.com\/fr\/wp-json\/wp\/v2\/product_cat?post=19700"},{"taxonomy":"product_tag","embeddable":true,"href":"https:\/\/ztsports.com\/fr\/wp-json\/wp\/v2\/product_tag?post=19700"}],"curies":[{"name":"wp","href":"https:\/\/api.w.org\/{rel}","templated":true}]}}