{"id":19694,"date":"2023-01-31T19:36:56","date_gmt":"2023-01-31T19:36:56","guid":{"rendered":"https:\/\/ztsports.com\/?post_type=product&#038;p=19694"},"modified":"2026-02-02T19:16:16","modified_gmt":"2026-02-02T19:16:16","slug":"ehs-control-st-blades","status":"publish","type":"product","link":"https:\/\/ztsports.com\/fr\/store\/ehs-control-st-blades\/","title":{"rendered":"EHS Control ST Blades MFD Pays-Bas"},"content":{"rendered":"<h1>Lames ST de contr\u00f4le EHS<\/h1>\n<p>La lame EHS Control ST est aussi efficace que son nom l&#8217;indique. <strong>Beaucoup de contr\u00f4le sur la glace.<\/strong> De plus, le tube est fourni pr\u00e9-courb\u00e9 avec un rayon de courbure de 25 m\u00e8tres. Il est tout aussi important que l&#8217;EHS fournisse un rocker variable d\u00e8s l&#8217;usine.<\/p>\n<h2>Informations sur le contr\u00f4le EHS<\/h2>\n<div class=\"rte\">\n<ul class=\"font_8 color_11\">\n<li>\n<p class=\"font_8\"><span class=\"color_11\">L&#8217;EHS Control utilise des tubes et des mat\u00e9riaux identiques \u00e0 ceux de l&#8217;EHS QCS.<\/span><\/p>\n<\/li>\n<li>\n<p class=\"font_8\"><span class=\"color_11\">L&#8217;acier 12C27 est un acier standard qui est toujours pr\u00e9par\u00e9 selon les m\u00eames normes que nos coulisses PM et BM.<\/span><\/p>\n<\/li>\n<li>\n<p class=\"font_8\"><span class=\"color_11\">Fabriqu\u00e9 \u00e0 partir d&#8217;aluminium de la plus haute qualit\u00e9 en provenance des Pays-Bas.<\/span><\/p>\n<\/li>\n<li>\n<p class=\"font_8\"><span class=\"color_11\">Des poutres de renfort au niveau des supports de coupelles pour am\u00e9liorer la stabilit\u00e9 et le contr\u00f4le.<\/span><\/p>\n<\/li>\n<li>\n<p class=\"font_8\"><span class=\"color_11\">Les coupes sont fabriqu\u00e9es avec les m\u00eames mat\u00e9riaux et selon les m\u00eames sp\u00e9cifications que les lames ACS et QCS.<\/span><\/p>\n<\/li>\n<li>\n<p class=\"font_8\"><span class=\"color_11\">En outre, les lames sont assembl\u00e9es en interne par les artisans de Hagen Techniek.<\/span><\/p>\n<\/li>\n<li>\n<p class=\"font_8\"><span class=\"color_11\">Enfin, les coupelles sont construites en aluminium plus l\u00e9ger et plus r\u00e9sistant, pour une rigidit\u00e9 et une durabilit\u00e9 accrues.<\/span><\/p>\n<\/li>\n<li>\n<p class=\"font_8\"><strong>Fabriqu\u00e9 aux <a href=\"https:\/\/www.ehskates.com\/technology\" target=\"_blank\" rel=\"noopener\">Pays-Bas !<\/a><\/strong><\/p>\n<p><a href=\"https:\/\/ztsports.com\/brand\/staybent-by-ehs\/ehs\/\">Vous pouvez voir tous les produits ESH<strong> ici<\/strong>.<\/a><\/p>\n<p><a href=\"https:\/\/ztsports.com\/categorie-produit\/courte-piste\/lame\/?lang=fr\">Pour conna\u00eetre toutes nos lames de short track, cliquez <strong>ici<\/strong>.<\/a><\/li>\n<li>\n<h3>N&#8217;oubliez pas d&#8217;ajouter la <strong><a href=\"https:\/\/ztsports.com\/produit\/preparation-des-lames-pour-la-piste-courte\/?lang=fr\">Pr\u00e9paration de la lame.<\/a><\/strong><\/h3>\n<\/li>\n<\/ul>\n<\/div>\n","protected":false},"excerpt":{"rendered":"<p>Lames ST de contr\u00f4le EHS La lame EHS Control ST est aussi efficace que son nom l&#8217;indique. Beaucoup de contr\u00f4le sur la glace. De plus, le tube est fourni pr\u00e9-courb\u00e9 avec un rayon de courbure de 25 m\u00e8tres. Il est tout aussi important que l&#8217;EHS fournisse un rocker variable d\u00e8s l&#8217;usine. Informations sur le contr\u00f4le [&hellip;]<\/p>\n","protected":false},"featured_media":19696,"comment_status":"open","ping_status":"closed","template":"","meta":{"_acf_changed":false,"_monsterinsights_skip_tracking":false,"_monsterinsights_sitenote_active":false,"_monsterinsights_sitenote_note":"","_monsterinsights_sitenote_category":0,"_uf_show_specific_survey":0,"_uf_disable_surveys":false,"site-sidebar-layout":"default","site-content-layout":"","ast-site-content-layout":"default","site-content-style":"default","site-sidebar-style":"default","ast-global-header-display":"","ast-banner-title-visibility":"","ast-main-header-display":"","ast-hfb-above-header-display":"","ast-hfb-below-header-display":"","ast-hfb-mobile-header-display":"","site-post-title":"","ast-breadcrumbs-content":"","ast-featured-img":"","footer-sml-layout":"","ast-disable-related-posts":"","theme-transparent-header-meta":"default","adv-header-id-meta":"","stick-header-meta":"","header-above-stick-meta":"","header-main-stick-meta":"","header-below-stick-meta":"","astra-migrate-meta-layouts":"set","ast-page-background-enabled":"default","ast-page-background-meta":{"desktop":{"background-color":"","background-image":"","background-repeat":"repeat","background-position":"center center","background-size":"auto","background-attachment":"scroll","background-type":"","background-media":"","overlay-type":"","overlay-color":"","overlay-opacity":"","overlay-gradient":""},"tablet":{"background-color":"","background-image":"","background-repeat":"repeat","background-position":"center center","background-size":"auto","background-attachment":"scroll","background-type":"","background-media":"","overlay-type":"","overlay-color":"","overlay-opacity":"","overlay-gradient":""},"mobile":{"background-color":"","background-image":"","background-repeat":"repeat","background-position":"center center","background-size":"auto","background-attachment":"scroll","background-type":"","background-media":"","overlay-type":"","overlay-color":"","overlay-opacity":"","overlay-gradient":""}},"ast-content-background-meta":{"desktop":{"background-color":"var(--ast-global-color-5)","background-image":"","background-repeat":"repeat","background-position":"center center","background-size":"auto","background-attachment":"scroll","background-type":"","background-media":"","overlay-type":"","overlay-color":"","overlay-opacity":"","overlay-gradient":""},"tablet":{"background-color":"var(--ast-global-color-5)","background-image":"","background-repeat":"repeat","background-position":"center center","background-size":"auto","background-attachment":"scroll","background-type":"","background-media":"","overlay-type":"","overlay-color":"","overlay-opacity":"","overlay-gradient":""},"mobile":{"background-color":"var(--ast-global-color-5)","background-image":"","background-repeat":"repeat","background-position":"center center","background-size":"auto","background-attachment":"scroll","background-type":"","background-media":"","overlay-type":"","overlay-color":"","overlay-opacity":"","overlay-gradient":""}}},"product_brand":[3296],"product_cat":[3395,3508,3619,3620,3621,3467],"product_tag":[2281,3623,4065,4066],"class_list":{"0":"post-19694","1":"product","2":"type-product","3":"status-publish","4":"has-post-thumbnail","6":"product_brand-ehs-2","7":"product_cat-courte-piste","8":"product_cat-lame","9":"product_cat-lames-ehs","10":"product_cat-lames-pour-piste-courte","11":"product_cat-lames-stay-bent-ehs","12":"product_cat-patinage-de-vitesse","13":"product_tag-edward-hagan","14":"product_tag-lames-pour-piste-courte","15":"product_tag-patineur-de-vitesse","16":"product_tag-staybent-by-ehs-control-lame-st","17":"desktop-align-left","18":"tablet-align-left","19":"mobile-align-left","21":"first","22":"instock","23":"featured","24":"taxable","25":"shipping-taxable","26":"purchasable","27":"product-type-simple"},"acf":[],"_links":{"self":[{"href":"https:\/\/ztsports.com\/fr\/wp-json\/wp\/v2\/product\/19694","targetHints":{"allow":["GET"]}}],"collection":[{"href":"https:\/\/ztsports.com\/fr\/wp-json\/wp\/v2\/product"}],"about":[{"href":"https:\/\/ztsports.com\/fr\/wp-json\/wp\/v2\/types\/product"}],"replies":[{"embeddable":true,"href":"https:\/\/ztsports.com\/fr\/wp-json\/wp\/v2\/comments?post=19694"}],"version-history":[{"count":1,"href":"https:\/\/ztsports.com\/fr\/wp-json\/wp\/v2\/product\/19694\/revisions"}],"predecessor-version":[{"id":19695,"href":"https:\/\/ztsports.com\/fr\/wp-json\/wp\/v2\/product\/19694\/revisions\/19695"}],"wp:featuredmedia":[{"embeddable":true,"href":"https:\/\/ztsports.com\/fr\/wp-json\/wp\/v2\/media\/19696"}],"wp:attachment":[{"href":"https:\/\/ztsports.com\/fr\/wp-json\/wp\/v2\/media?parent=19694"}],"wp:term":[{"taxonomy":"product_brand","embeddable":true,"href":"https:\/\/ztsports.com\/fr\/wp-json\/wp\/v2\/product_brand?post=19694"},{"taxonomy":"product_cat","embeddable":true,"href":"https:\/\/ztsports.com\/fr\/wp-json\/wp\/v2\/product_cat?post=19694"},{"taxonomy":"product_tag","embeddable":true,"href":"https:\/\/ztsports.com\/fr\/wp-json\/wp\/v2\/product_tag?post=19694"}],"curies":[{"name":"wp","href":"https:\/\/api.w.org\/{rel}","templated":true}]}}