{"id":19685,"date":"2023-04-14T13:30:14","date_gmt":"2023-04-14T13:30:14","guid":{"rendered":"https:\/\/ztsports.com\/?post_type=product&#038;p=19685"},"modified":"2026-02-02T19:15:50","modified_gmt":"2026-02-02T19:15:50","slug":"bont-patriot-carbon-boa-short-track","status":"publish","type":"product","link":"https:\/\/ztsports.com\/fr\/store\/bont-patriot-carbon-boa-short-track\/","title":{"rendered":"BONT PATRIOT CARBON BOA Blanc\/Noir\/Rouge"},"content":{"rendered":"<h2 class=\"product_title entry-title show-product-nav\">BONT PATRIOT CARBON BOA Blanc\/Noir\/Rouge Nouveau CDN Couleur<\/h2>\n<p>Le Bont Patriot Carbon BOA a une nouvelle couleur CDN vibrante.<\/p>\n<p>En outre, il est plus rigide que le Patriot. En outre, le Bont Patriot Carbon BOA offre plus de soutien aux patineurs qui cherchent \u00e0 atteindre des vitesses plus \u00e9lev\u00e9es.<\/p>\n<p>Enfin, ajoutez un cadran BOA pour affiner le serrage de votre chaussure entre les s\u00e9ries.<\/p>\n<p><strong>Une extension naturelle de votre corps<\/strong><\/p>\n<p><strong>Specifications:<\/strong><\/p>\n<p>Premi\u00e8re base : Base en composite de carbone pos\u00e9e \u00e0 la main<\/p>\n<p>Deuxi\u00e8me peau ext\u00e9rieure : Microfibre<\/p>\n<p>Troisi\u00e8me doublure : Microfibre<\/p>\n<p>Semelle int\u00e9rieure de la fourche : Cuir<\/p>\n<p>Tout aussi important, il est thermo-moulable : Base enti\u00e8rement thermoformable utilisant une r\u00e9sine \u00e9poxy thermodurcissable<\/p>\n<p>Rembourrage : Mousse \u00e0 m\u00e9moire de forme haute densit\u00e9<\/p>\n<p>Options de fermeture : Dual Boa dial + Lace Cover<\/p>\n<p>Options d&#8217;ajustement:Standard,<\/p>\n<p>En outre, Bont propose des options semi-personnalis\u00e9es : \u00e9troite (4-6 semaines), large (4-6 semaines).<\/p>\n<p>&nbsp;<\/p>\n<h5 class=\"tw-data-text tw-text-large tw-ta\" dir=\"ltr\" data-placeholder=\"Translation\">Maintenant une vid\u00e9o sur <a href=\"https:\/\/www.youtube.com\/watch?v=2AfKfzVSCWk\" target=\"_blank\" rel=\"noopener\"><strong>Le moulage \u00e0 chaud de vos bottes Bont. <\/strong><\/a> <\/h5>\n<p><a href=\"https:\/\/www.youtube.com\/watch?v=ap-RUcV2cOs\" target=\"_blank\" rel=\"noopener\"><strong>Comment serrer et desserrer les cadrans Boa + 3 astuces<\/strong><\/a><\/p>\n<p>Enfin, d\u00e9couvrez toutes nos <a href=\"https:\/\/ztsports.com\/categorie-produit\/bottes\/?lang=fr\"><strong>Bottes Short Track ici<\/strong><\/a>.<\/p>\n","protected":false},"excerpt":{"rendered":"<p>BONT PATRIOT CARBON BOA Blanc\/Noir\/Rouge Nouveau CDN Couleur Le Bont Patriot Carbon BOA a une nouvelle couleur CDN vibrante. En outre, il est plus rigide que le Patriot. En outre, le Bont Patriot Carbon BOA offre plus de soutien aux patineurs qui cherchent \u00e0 atteindre des vitesses plus \u00e9lev\u00e9es. Enfin, ajoutez un cadran BOA pour [&hellip;]<\/p>\n","protected":false},"featured_media":19687,"comment_status":"open","ping_status":"closed","template":"","meta":{"_acf_changed":false,"_monsterinsights_skip_tracking":false,"_monsterinsights_sitenote_active":false,"_monsterinsights_sitenote_note":"","_monsterinsights_sitenote_category":0,"_uf_show_specific_survey":0,"_uf_disable_surveys":false,"site-sidebar-layout":"default","site-content-layout":"","ast-site-content-layout":"default","site-content-style":"default","site-sidebar-style":"default","ast-global-header-display":"","ast-banner-title-visibility":"","ast-main-header-display":"","ast-hfb-above-header-display":"","ast-hfb-below-header-display":"","ast-hfb-mobile-header-display":"","site-post-title":"","ast-breadcrumbs-content":"","ast-featured-img":"","footer-sml-layout":"","ast-disable-related-posts":"","theme-transparent-header-meta":"default","adv-header-id-meta":"","stick-header-meta":"","header-above-stick-meta":"","header-main-stick-meta":"","header-below-stick-meta":"","astra-migrate-meta-layouts":"set","ast-page-background-enabled":"default","ast-page-background-meta":{"desktop":{"background-color":"","background-image":"","background-repeat":"repeat","background-position":"center center","background-size":"auto","background-attachment":"scroll","background-type":"","background-media":"","overlay-type":"","overlay-color":"","overlay-opacity":"","overlay-gradient":""},"tablet":{"background-color":"","background-image":"","background-repeat":"repeat","background-position":"center center","background-size":"auto","background-attachment":"scroll","background-type":"","background-media":"","overlay-type":"","overlay-color":"","overlay-opacity":"","overlay-gradient":""},"mobile":{"background-color":"","background-image":"","background-repeat":"repeat","background-position":"center center","background-size":"auto","background-attachment":"scroll","background-type":"","background-media":"","overlay-type":"","overlay-color":"","overlay-opacity":"","overlay-gradient":""}},"ast-content-background-meta":{"desktop":{"background-color":"var(--ast-global-color-5)","background-image":"","background-repeat":"repeat","background-position":"center center","background-size":"auto","background-attachment":"scroll","background-type":"","background-media":"","overlay-type":"","overlay-color":"","overlay-opacity":"","overlay-gradient":""},"tablet":{"background-color":"var(--ast-global-color-5)","background-image":"","background-repeat":"repeat","background-position":"center center","background-size":"auto","background-attachment":"scroll","background-type":"","background-media":"","overlay-type":"","overlay-color":"","overlay-opacity":"","overlay-gradient":""},"mobile":{"background-color":"var(--ast-global-color-5)","background-image":"","background-repeat":"repeat","background-position":"center center","background-size":"auto","background-attachment":"scroll","background-type":"","background-media":"","overlay-type":"","overlay-color":"","overlay-opacity":"","overlay-gradient":""}}},"product_brand":[3285],"product_cat":[3786,3721,3395,3467,3625],"product_tag":[2041,1794],"class_list":{"0":"post-19685","1":"product","2":"type-product","3":"status-publish","4":"has-post-thumbnail","6":"product_brand-bont","7":"product_cat-bottes","8":"product_cat-bottes-de-patinage-de-vitesse","9":"product_cat-courte-piste","10":"product_cat-patinage-de-vitesse","11":"product_cat-patins-de-vitesse","12":"product_tag-bont-patriot-carbon-boa","13":"product_tag-speed-skating","14":"desktop-align-left","15":"tablet-align-left","16":"mobile-align-left","18":"first","19":"instock","20":"taxable","21":"shipping-taxable","22":"purchasable","23":"product-type-simple"},"acf":[],"_links":{"self":[{"href":"https:\/\/ztsports.com\/fr\/wp-json\/wp\/v2\/product\/19685","targetHints":{"allow":["GET"]}}],"collection":[{"href":"https:\/\/ztsports.com\/fr\/wp-json\/wp\/v2\/product"}],"about":[{"href":"https:\/\/ztsports.com\/fr\/wp-json\/wp\/v2\/types\/product"}],"replies":[{"embeddable":true,"href":"https:\/\/ztsports.com\/fr\/wp-json\/wp\/v2\/comments?post=19685"}],"version-history":[{"count":1,"href":"https:\/\/ztsports.com\/fr\/wp-json\/wp\/v2\/product\/19685\/revisions"}],"predecessor-version":[{"id":19686,"href":"https:\/\/ztsports.com\/fr\/wp-json\/wp\/v2\/product\/19685\/revisions\/19686"}],"wp:featuredmedia":[{"embeddable":true,"href":"https:\/\/ztsports.com\/fr\/wp-json\/wp\/v2\/media\/19687"}],"wp:attachment":[{"href":"https:\/\/ztsports.com\/fr\/wp-json\/wp\/v2\/media?parent=19685"}],"wp:term":[{"taxonomy":"product_brand","embeddable":true,"href":"https:\/\/ztsports.com\/fr\/wp-json\/wp\/v2\/product_brand?post=19685"},{"taxonomy":"product_cat","embeddable":true,"href":"https:\/\/ztsports.com\/fr\/wp-json\/wp\/v2\/product_cat?post=19685"},{"taxonomy":"product_tag","embeddable":true,"href":"https:\/\/ztsports.com\/fr\/wp-json\/wp\/v2\/product_tag?post=19685"}],"curies":[{"name":"wp","href":"https:\/\/api.w.org\/{rel}","templated":true}]}}