{"id":19678,"date":"2023-01-23T05:59:32","date_gmt":"2023-01-23T05:59:32","guid":{"rendered":"https:\/\/ztsports.com\/?post_type=product&#038;p=19678"},"modified":"2026-02-02T19:16:53","modified_gmt":"2026-02-02T19:16:53","slug":"free-skate-nordic-blade","status":"publish","type":"product","link":"https:\/\/ztsports.com\/fr\/store\/free-skate-nordic-blade\/","title":{"rendered":"Free-Skate Nordic Blade Marathon Skating NOUVEAU"},"content":{"rendered":"<h1><strong>Lame nordique Free-Skate<\/strong><\/h1>\n<p>Le Free-Skate Nordic Blade est destin\u00e9 au patineur actif qui appr\u00e9cie l&#8217;h\u00e9ritage des patins en bois du pass\u00e9, mais qui ne veut pas faire de compromis en mati\u00e8re de confort et de fiabilit\u00e9.<\/p>\n<p>Le patineur &#8220;classique&#8221; aime le free-skate Nordic Blade, pr\u00e9f\u00e8re aller avec style et n&#8217;aime pas se presser. Les superbes caract\u00e9ristiques de patinage permettent une conduite rapide et r\u00e9siliente. Le look r\u00e9tro dissimule un patin moderne et donc des performances. Chaque paire a son grain de bois unique et offre \u00e0 chaque patineur son propre ensemble distingu\u00e9.<\/p>\n<h3>Sp\u00e9cifications Classique :<\/h3>\n<ul class=\"arrow\">\n<li>Cadre en bois de fr\u00eane verni transparent avec un joli grain de bois.<\/li>\n<li>Lame en acier tremp\u00e9 ; 1,25mm (inoxydable, robuste)<\/li>\n<li>Fiabilit\u00e9 \u00e0 100% (fixation chimique et m\u00e9canique)<\/li>\n<li>rocker 23m<\/li>\n<li>fixation Salomon Pilot \u00e0 deux axes (plus de stabilit\u00e9)<\/li>\n<li>hauteur 4,6 cm, y compris la reliure<\/li>\n<li>glissement soyeux gr\u00e2ce \u00e0 l&#8217;amortissement des caract\u00e9ristiques du bois<\/li>\n<li>poids (y compris les fixations) 495 grammes (L)<\/li>\n<li><strong>&#8211; L (44,5 cm)<\/strong><\/li>\n<\/ul>\n<p>Voici un<strong><a href=\"https:\/\/fb.watch\/kVTvLs8Nvd\/\" target=\"_blank\" rel=\"noopener\">un court clip des patins libres sur glace naturelle<\/a><\/strong>beau patinage.<\/p>\n<p><strong>Enfin, vous pouvez voir toutes nos <a href=\"https:\/\/ztsports.com\/product-category\/buy-nordic-canal-skates-online-in-canada-ztsports-canal-skates\/blades2\/\">lames et fixations nordiques<\/a> ici<\/strong>.<\/p>\n","protected":false},"excerpt":{"rendered":"<p>Lame nordique Free-Skate Le Free-Skate Nordic Blade est destin\u00e9 au patineur actif qui appr\u00e9cie l&#8217;h\u00e9ritage des patins en bois du pass\u00e9, mais qui ne veut pas faire de compromis en mati\u00e8re de confort et de fiabilit\u00e9. Le patineur &#8220;classique&#8221; aime le free-skate Nordic Blade, pr\u00e9f\u00e8re aller avec style et n&#8217;aime pas se presser. Les superbes [&hellip;]<\/p>\n","protected":false},"featured_media":19680,"comment_status":"open","ping_status":"closed","template":"","meta":{"_acf_changed":false,"_monsterinsights_skip_tracking":false,"_monsterinsights_sitenote_active":false,"_monsterinsights_sitenote_note":"","_monsterinsights_sitenote_category":0,"_uf_show_specific_survey":0,"_uf_disable_surveys":false,"site-sidebar-layout":"default","site-content-layout":"","ast-site-content-layout":"default","site-content-style":"default","site-sidebar-style":"default","ast-global-header-display":"","ast-banner-title-visibility":"","ast-main-header-display":"","ast-hfb-above-header-display":"","ast-hfb-below-header-display":"","ast-hfb-mobile-header-display":"","site-post-title":"","ast-breadcrumbs-content":"","ast-featured-img":"","footer-sml-layout":"","ast-disable-related-posts":"","theme-transparent-header-meta":"default","adv-header-id-meta":"","stick-header-meta":"","header-above-stick-meta":"","header-main-stick-meta":"","header-below-stick-meta":"","astra-migrate-meta-layouts":"set","ast-page-background-enabled":"default","ast-page-background-meta":{"desktop":{"background-color":"","background-image":"","background-repeat":"repeat","background-position":"center center","background-size":"auto","background-attachment":"scroll","background-type":"","background-media":"","overlay-type":"","overlay-color":"","overlay-opacity":"","overlay-gradient":""},"tablet":{"background-color":"","background-image":"","background-repeat":"repeat","background-position":"center center","background-size":"auto","background-attachment":"scroll","background-type":"","background-media":"","overlay-type":"","overlay-color":"","overlay-opacity":"","overlay-gradient":""},"mobile":{"background-color":"","background-image":"","background-repeat":"repeat","background-position":"center center","background-size":"auto","background-attachment":"scroll","background-type":"","background-media":"","overlay-type":"","overlay-color":"","overlay-opacity":"","overlay-gradient":""}},"ast-content-background-meta":{"desktop":{"background-color":"var(--ast-global-color-5)","background-image":"","background-repeat":"repeat","background-position":"center center","background-size":"auto","background-attachment":"scroll","background-type":"","background-media":"","overlay-type":"","overlay-color":"","overlay-opacity":"","overlay-gradient":""},"tablet":{"background-color":"var(--ast-global-color-5)","background-image":"","background-repeat":"repeat","background-position":"center center","background-size":"auto","background-attachment":"scroll","background-type":"","background-media":"","overlay-type":"","overlay-color":"","overlay-opacity":"","overlay-gradient":""},"mobile":{"background-color":"var(--ast-global-color-5)","background-image":"","background-repeat":"repeat","background-position":"center center","background-size":"auto","background-attachment":"scroll","background-type":"","background-media":"","overlay-type":"","overlay-color":"","overlay-opacity":"","overlay-gradient":""}}},"product_brand":[3301],"product_cat":[3454,3452,3453],"product_tag":[2664,3463,4063,4064],"class_list":{"0":"post-19678","1":"product","2":"type-product","3":"status-publish","4":"has-post-thumbnail","6":"product_brand-free-skate","7":"product_cat-lames","8":"product_cat-lames-a-clip","9":"product_cat-lames-de-canal","10":"product_tag-clip-on","11":"product_tag-lame-de-canal","12":"product_tag-nordique","13":"product_tag-patinage-libre","14":"desktop-align-left","15":"tablet-align-left","16":"mobile-align-left","18":"first","19":"instock","20":"sale","21":"taxable","22":"shipping-taxable","23":"purchasable","24":"product-type-simple"},"acf":[],"_links":{"self":[{"href":"https:\/\/ztsports.com\/fr\/wp-json\/wp\/v2\/product\/19678","targetHints":{"allow":["GET"]}}],"collection":[{"href":"https:\/\/ztsports.com\/fr\/wp-json\/wp\/v2\/product"}],"about":[{"href":"https:\/\/ztsports.com\/fr\/wp-json\/wp\/v2\/types\/product"}],"replies":[{"embeddable":true,"href":"https:\/\/ztsports.com\/fr\/wp-json\/wp\/v2\/comments?post=19678"}],"version-history":[{"count":1,"href":"https:\/\/ztsports.com\/fr\/wp-json\/wp\/v2\/product\/19678\/revisions"}],"predecessor-version":[{"id":19679,"href":"https:\/\/ztsports.com\/fr\/wp-json\/wp\/v2\/product\/19678\/revisions\/19679"}],"wp:featuredmedia":[{"embeddable":true,"href":"https:\/\/ztsports.com\/fr\/wp-json\/wp\/v2\/media\/19680"}],"wp:attachment":[{"href":"https:\/\/ztsports.com\/fr\/wp-json\/wp\/v2\/media?parent=19678"}],"wp:term":[{"taxonomy":"product_brand","embeddable":true,"href":"https:\/\/ztsports.com\/fr\/wp-json\/wp\/v2\/product_brand?post=19678"},{"taxonomy":"product_cat","embeddable":true,"href":"https:\/\/ztsports.com\/fr\/wp-json\/wp\/v2\/product_cat?post=19678"},{"taxonomy":"product_tag","embeddable":true,"href":"https:\/\/ztsports.com\/fr\/wp-json\/wp\/v2\/product_tag?post=19678"}],"curies":[{"name":"wp","href":"https:\/\/api.w.org\/{rel}","templated":true}]}}