{"id":19675,"date":"2023-01-23T04:49:20","date_gmt":"2023-01-23T04:49:20","guid":{"rendered":"https:\/\/ztsports.com\/?post_type=product&#038;p=19675"},"modified":"2026-02-02T19:17:07","modified_gmt":"2026-02-02T19:17:07","slug":"protege-cou-souple-x-series","status":"publish","type":"product","link":"https:\/\/ztsports.com\/fr\/store\/protege-cou-souple-x-series\/","title":{"rendered":"Prot\u00e8ge-cou souple X-Series"},"content":{"rendered":"<h1 class=\"product_title entry-title\"> Prot\u00e8ge-cou souple X-Series<\/h1>\n<p>Le prot\u00e8ge-cou souple de X-Series est propos\u00e9 en deux tailles et poss\u00e8de un nylon renforc\u00e9 avec une doublure en Kevlar.<\/p>\n<h2>Prot\u00e8ge-cou souple r\u00e9sistant aux coupures de la s\u00e9rie X<\/h2>\n<p>Le prot\u00e8ge-cou r\u00e9sistant aux coupures est fabriqu\u00e9 \u00e0 partir de super fibres d&#8217;aramide, \u00e9galement connues sous le nom de Kevlar. Ce prot\u00e8ge-cou est conforme aux r\u00e8glements de l&#8217;Union internationale de patinage (ISU) ainsi qu&#8217;\u00e0 la norme internationale EN388 relative aux mat\u00e9riaux r\u00e9sistants aux coupures.<\/p>\n<p>En tant que patineur de courte piste, de longue piste ou de marathon, vous b\u00e9n\u00e9ficiez ainsi d&#8217;une protection optimale.<\/p>\n<p><b><span class=\"body2\">Un poids l\u00e9ger, des performances \u00e9lev\u00e9es &#8211; Fibre <sup>Kevlar<\/sup><\/span><\/b><\/p>\n<p><span class=\"body2\">Polyvalente et solide, la fibre <sup>Kevlar\u00ae<\/sup> est plus qu&#8217;une simple s\u00e9rie de fils. Les fibres <sup>DuPont\u2122<\/sup> <sup>Kevlar\u00ae<\/sup> sont utilis\u00e9es dans une vari\u00e9t\u00e9 de v\u00eatements, d&#8217;accessoires et d&#8217;\u00e9quipements pour contribuer \u00e0 les rendre plus s\u00fbrs et plus durables. <\/span><\/p>\n<p><span class=\"body2\">Avec une r\u00e9sistance cinq fois sup\u00e9rieure \u00e0 celle de l&#8217;acier, \u00e0 poids \u00e9gal, c&#8217;est la fibre de pr\u00e9dilection pour les v\u00eatements et accessoires de protection.<br \/>\nLa fibre et le filament de <sup>Kevlar\u00ae<\/sup> sont disponibles dans une vari\u00e9t\u00e9 de types, chacun avec un ensemble unique de propri\u00e9t\u00e9s et de caract\u00e9ristiques de performance pour diff\u00e9rents besoins de protection.<\/span><\/p>\n<p><span class=\"body2\"><b><sup>Kevlar\u00ae<\/sup> 100<br \/>\n<\/b>Fils de <sup>Kevlar\u00ae<\/sup> color\u00e9s par le producteur, utilis\u00e9s dans les cordes et les c\u00e2bles, les rubans et les sangles, les gants et autres v\u00eatements de protection, les articles de sport et notre prot\u00e8ge-cou souple.<\/span><\/p>\n<p>En savoir plus sur le Kevlar<strong><a href=\"https:\/\/www.dupont.com\/products\/dupont-kevlar-fiber.html\" target=\"_blank\" rel=\"noopener\"> ici !<\/a><\/strong><\/p>\n<h6>V\u00eatements r\u00e9sistants aux coupures<\/h6>\n<p>Aucune limitation ne sera impos\u00e9e \u00e0 la fabrication des v\u00eatements\/uniformes de protection pour la comp\u00e9tition, si ce n&#8217;est qu&#8217;au minimum, le mat\u00e9riau doit \u00eatre conforme \u00e0 la norme EN388. Une \u00e9tude approfondie du processus de mise en \u0153uvre, la disponibilit\u00e9 \u00e0 l&#8217;\u00e9chelle mondiale de v\u00eatements\/uniformes r\u00e9sistants \u00e0 la coupure et les exp\u00e9riences pratiques ont conduit \u00e0 un r\u00e9examen des exigences.<\/p>\n<p>Le mat\u00e9riau r\u00e9sistant aux coupures utilis\u00e9 dans les prot\u00e8ge-cou souples conformes \u00e0 la pr\u00e9sente communication de l&#8217;UIS doit satisfaire au minimum \u00e0 la norme de niveau 2 de la norme EN388 lors d&#8217;un essai de r\u00e9sistance aux coupures (r\u00e9sistance \u00e0 la coupure par des objets tranchants). La protection contre les coupures peut \u00eatre soit int\u00e9gr\u00e9e dans les uniformes de comp\u00e9tition proprement dits, soit port\u00e9e sous forme de sous-v\u00eatements sp\u00e9ciaux.<\/p>\n<p>Cette doublure en nylon\/Kevlar offre une protection importante contre les coupures.<\/p>\n<p>En outre, ce prot\u00e8ge-cou Soft est disponible en deux tailles.<\/p>\n<ul>\n<li>Nylon renforc\u00e9 avec doublure en Kevlar pour une protection contre les coupures.<\/li>\n<li>Respecter les normes de l&#8217;ISU<\/li>\n<li>Soft &amp; comfortable material<\/li>\n<li>Fermeture velcro ajustable<\/li>\n<\/ul>\n<h3><strong>Junior : 11\u2033 &#8211; 14\u2033 (27-35cm)<\/strong><\/h3>\n<h3><strong>Senior : 14.5\u2033 &#8211; 17.5\u2033 (36 &#8211; 43cm)<\/strong><\/h3>\n<p><strong><span class=\"Y2IQFc\" lang=\"en\">Doit \u00eatre not\u00e9 FPVQ &amp; <a href=\"https:\/\/www.ontariospeedskating.ca\/safety-equipment\" target=\"_blank\" rel=\"noopener\">OSSA : Accessoire obligatoire<\/a> en comp\u00e9tition.<\/span><\/strong><\/p>\n<p><a href=\"https:\/\/ztsports.com\/product-category\/protection\/neck-guards\/\">Enfin, vous pouvez consulter notre s\u00e9lection compl\u00e8te de prot\u00e8ge-cou ici.<\/a><\/p>\n","protected":false},"excerpt":{"rendered":"<p>Prot\u00e8ge-cou souple X-Series Le prot\u00e8ge-cou souple de X-Series est propos\u00e9 en deux tailles et poss\u00e8de un nylon renforc\u00e9 avec une doublure en Kevlar. Prot\u00e8ge-cou souple r\u00e9sistant aux coupures de la s\u00e9rie X Le prot\u00e8ge-cou r\u00e9sistant aux coupures est fabriqu\u00e9 \u00e0 partir de super fibres d&#8217;aramide, \u00e9galement connues sous le nom de Kevlar. Ce prot\u00e8ge-cou est [&hellip;]<\/p>\n","protected":false},"featured_media":19677,"comment_status":"open","ping_status":"closed","template":"","meta":{"_acf_changed":false,"_monsterinsights_skip_tracking":false,"_monsterinsights_sitenote_active":false,"_monsterinsights_sitenote_note":"","_monsterinsights_sitenote_category":0,"_uf_show_specific_survey":0,"_uf_disable_surveys":false,"site-sidebar-layout":"default","site-content-layout":"","ast-site-content-layout":"default","site-content-style":"default","site-sidebar-style":"default","ast-global-header-display":"","ast-banner-title-visibility":"","ast-main-header-display":"","ast-hfb-above-header-display":"","ast-hfb-below-header-display":"","ast-hfb-mobile-header-display":"","site-post-title":"","ast-breadcrumbs-content":"","ast-featured-img":"","footer-sml-layout":"","ast-disable-related-posts":"","theme-transparent-header-meta":"default","adv-header-id-meta":"","stick-header-meta":"","header-above-stick-meta":"","header-main-stick-meta":"","header-below-stick-meta":"","astra-migrate-meta-layouts":"set","ast-page-background-enabled":"default","ast-page-background-meta":{"desktop":{"background-color":"","background-image":"","background-repeat":"repeat","background-position":"center center","background-size":"auto","background-attachment":"scroll","background-type":"","background-media":"","overlay-type":"","overlay-color":"","overlay-opacity":"","overlay-gradient":""},"tablet":{"background-color":"","background-image":"","background-repeat":"repeat","background-position":"center center","background-size":"auto","background-attachment":"scroll","background-type":"","background-media":"","overlay-type":"","overlay-color":"","overlay-opacity":"","overlay-gradient":""},"mobile":{"background-color":"","background-image":"","background-repeat":"repeat","background-position":"center center","background-size":"auto","background-attachment":"scroll","background-type":"","background-media":"","overlay-type":"","overlay-color":"","overlay-opacity":"","overlay-gradient":""}},"ast-content-background-meta":{"desktop":{"background-color":"var(--ast-global-color-5)","background-image":"","background-repeat":"repeat","background-position":"center center","background-size":"auto","background-attachment":"scroll","background-type":"","background-media":"","overlay-type":"","overlay-color":"","overlay-opacity":"","overlay-gradient":""},"tablet":{"background-color":"var(--ast-global-color-5)","background-image":"","background-repeat":"repeat","background-position":"center center","background-size":"auto","background-attachment":"scroll","background-type":"","background-media":"","overlay-type":"","overlay-color":"","overlay-opacity":"","overlay-gradient":""},"mobile":{"background-color":"var(--ast-global-color-5)","background-image":"","background-repeat":"repeat","background-position":"center center","background-size":"auto","background-attachment":"scroll","background-type":"","background-media":"","overlay-type":"","overlay-color":"","overlay-opacity":"","overlay-gradient":""}}},"product_brand":[3358,3361],"product_cat":[3479,3392,3396,3981,3980],"product_tag":[4061,3427,2156,2843,3993,3994,4062],"class_list":{"0":"post-19675","1":"product","2":"type-product","3":"status-publish","4":"has-post-thumbnail","6":"product_brand-x-series","7":"product_brand-x-series-xact","8":"product_cat-accessoires-pour-le-short-track","9":"product_cat-accessoires-short-track","10":"product_cat-accessories","11":"product_cat-protege-cou","12":"product_cat-protege-cou-short-track","13":"product_tag-doux","14":"product_tag-equipement-de-patinage-de-vitesse","15":"product_tag-protection","16":"product_tag-protege-cou","17":"product_tag-protege-cou-souple","18":"product_tag-protege-cou-souple-et-protecteur","19":"product_tag-serie-x","20":"desktop-align-left","21":"tablet-align-left","22":"mobile-align-left","24":"first","25":"instock","26":"sale","27":"taxable","28":"shipping-taxable","29":"purchasable","30":"product-type-simple"},"acf":[],"_links":{"self":[{"href":"https:\/\/ztsports.com\/fr\/wp-json\/wp\/v2\/product\/19675","targetHints":{"allow":["GET"]}}],"collection":[{"href":"https:\/\/ztsports.com\/fr\/wp-json\/wp\/v2\/product"}],"about":[{"href":"https:\/\/ztsports.com\/fr\/wp-json\/wp\/v2\/types\/product"}],"replies":[{"embeddable":true,"href":"https:\/\/ztsports.com\/fr\/wp-json\/wp\/v2\/comments?post=19675"}],"version-history":[{"count":1,"href":"https:\/\/ztsports.com\/fr\/wp-json\/wp\/v2\/product\/19675\/revisions"}],"predecessor-version":[{"id":19676,"href":"https:\/\/ztsports.com\/fr\/wp-json\/wp\/v2\/product\/19675\/revisions\/19676"}],"wp:featuredmedia":[{"embeddable":true,"href":"https:\/\/ztsports.com\/fr\/wp-json\/wp\/v2\/media\/19677"}],"wp:attachment":[{"href":"https:\/\/ztsports.com\/fr\/wp-json\/wp\/v2\/media?parent=19675"}],"wp:term":[{"taxonomy":"product_brand","embeddable":true,"href":"https:\/\/ztsports.com\/fr\/wp-json\/wp\/v2\/product_brand?post=19675"},{"taxonomy":"product_cat","embeddable":true,"href":"https:\/\/ztsports.com\/fr\/wp-json\/wp\/v2\/product_cat?post=19675"},{"taxonomy":"product_tag","embeddable":true,"href":"https:\/\/ztsports.com\/fr\/wp-json\/wp\/v2\/product_tag?post=19675"}],"curies":[{"name":"wp","href":"https:\/\/api.w.org\/{rel}","templated":true}]}}