{"id":19670,"date":"2021-12-30T11:51:03","date_gmt":"2021-12-30T11:51:03","guid":{"rendered":"https:\/\/ztsports.com\/?post_type=product&#038;p=19670"},"modified":"2026-02-02T19:19:40","modified_gmt":"2026-02-02T19:19:40","slug":"xact-gants-de-patinage-en-cuir","status":"publish","type":"product","link":"https:\/\/ztsports.com\/fr\/store\/xact-gants-de-patinage-en-cuir\/","title":{"rendered":"GANTS DE PATINAGE EN CUIR XACT EN CUIR Patinage de vitesse"},"content":{"rendered":"<h1 class=\"product_title entry-title\">Gants de patinage en cuir XACT<\/h1>\n<p>Les gants de patinage en cuir XACT sont parfaits pour les d\u00e9butants.<\/p>\n<p>Tr\u00e8s bonne tenue, cuir de ch\u00e8vre de haute qualit\u00e9.<\/p>\n<p>Ils sont ensuite disponibles dans une gamme de tailles compl\u00e8tes allant de la taille 3 \u00e0 la taille 10.<\/p>\n<p>Premier choix pour les clubs et les patineurs d\u00e9butants.<\/p>\n<p>Qualit\u00e9 \u00e0 un prix raisonnable.<\/p>\n<p>Le gant parfait pour le d\u00e9butant. Tr\u00e8s bonne tenue, cuir de ch\u00e8vre de haute qualit\u00e9.<\/p>\n<p>&#8211; Syst\u00e8me de fermeture velcro.<\/p>\n<p>&#8211; Disponible en taille 3-10.<\/p>\n<p>&#8211; En outre, une doublure confortable apporte une chaleur suppl\u00e9mentaire.<\/p>\n<p><a href=\"https:\/\/ztsports.com\/product-category\/protection\/gloves\/\"><strong>Enfin, vous pouvez voir tous nos gants de patinage de vitesse ici.<\/strong><\/a><\/p>\n","protected":false},"excerpt":{"rendered":"<p>Gants de patinage en cuir XACT Les gants de patinage en cuir XACT sont parfaits pour les d\u00e9butants. Tr\u00e8s bonne tenue, cuir de ch\u00e8vre de haute qualit\u00e9. Ils sont ensuite disponibles dans une gamme de tailles compl\u00e8tes allant de la taille 3 \u00e0 la taille 10. Premier choix pour les clubs et les patineurs d\u00e9butants. [&hellip;]<\/p>\n","protected":false},"featured_media":19672,"comment_status":"open","ping_status":"closed","template":"","meta":{"_acf_changed":false,"_monsterinsights_skip_tracking":false,"_monsterinsights_sitenote_active":false,"_monsterinsights_sitenote_note":"","_monsterinsights_sitenote_category":0,"_uf_show_specific_survey":0,"_uf_disable_surveys":false,"site-sidebar-layout":"default","site-content-layout":"","ast-site-content-layout":"default","site-content-style":"default","site-sidebar-style":"default","ast-global-header-display":"","ast-banner-title-visibility":"","ast-main-header-display":"","ast-hfb-above-header-display":"","ast-hfb-below-header-display":"","ast-hfb-mobile-header-display":"","site-post-title":"","ast-breadcrumbs-content":"","ast-featured-img":"","footer-sml-layout":"","ast-disable-related-posts":"","theme-transparent-header-meta":"default","adv-header-id-meta":"","stick-header-meta":"","header-above-stick-meta":"","header-main-stick-meta":"","header-below-stick-meta":"","astra-migrate-meta-layouts":"set","ast-page-background-enabled":"default","ast-page-background-meta":{"desktop":{"background-color":"","background-image":"","background-repeat":"repeat","background-position":"center center","background-size":"auto","background-attachment":"scroll","background-type":"","background-media":"","overlay-type":"","overlay-color":"","overlay-opacity":"","overlay-gradient":""},"tablet":{"background-color":"","background-image":"","background-repeat":"repeat","background-position":"center center","background-size":"auto","background-attachment":"scroll","background-type":"","background-media":"","overlay-type":"","overlay-color":"","overlay-opacity":"","overlay-gradient":""},"mobile":{"background-color":"","background-image":"","background-repeat":"repeat","background-position":"center center","background-size":"auto","background-attachment":"scroll","background-type":"","background-media":"","overlay-type":"","overlay-color":"","overlay-opacity":"","overlay-gradient":""}},"ast-content-background-meta":{"desktop":{"background-color":"var(--ast-global-color-5)","background-image":"","background-repeat":"repeat","background-position":"center center","background-size":"auto","background-attachment":"scroll","background-type":"","background-media":"","overlay-type":"","overlay-color":"","overlay-opacity":"","overlay-gradient":""},"tablet":{"background-color":"var(--ast-global-color-5)","background-image":"","background-repeat":"repeat","background-position":"center center","background-size":"auto","background-attachment":"scroll","background-type":"","background-media":"","overlay-type":"","overlay-color":"","overlay-opacity":"","overlay-gradient":""},"mobile":{"background-color":"var(--ast-global-color-5)","background-image":"","background-repeat":"repeat","background-position":"center center","background-size":"auto","background-attachment":"scroll","background-type":"","background-media":"","overlay-type":"","overlay-color":"","overlay-opacity":"","overlay-gradient":""}}},"product_brand":[3345],"product_cat":[3391,3479,3392,3396,3483,3481],"product_tag":[],"class_list":{"0":"post-19670","1":"product","2":"type-product","3":"status-publish","4":"has-post-thumbnail","6":"product_brand-exacta","7":"product_cat-accessoires-pour-la-longue-piste","8":"product_cat-accessoires-pour-le-short-track","9":"product_cat-accessoires-short-track","10":"product_cat-accessories","11":"product_cat-gants","12":"product_cat-gants-pour-short-track","13":"desktop-align-left","14":"tablet-align-left","15":"mobile-align-left","17":"first","18":"instock","19":"sale","20":"taxable","21":"shipping-taxable","22":"purchasable","23":"product-type-simple"},"acf":[],"_links":{"self":[{"href":"https:\/\/ztsports.com\/fr\/wp-json\/wp\/v2\/product\/19670","targetHints":{"allow":["GET"]}}],"collection":[{"href":"https:\/\/ztsports.com\/fr\/wp-json\/wp\/v2\/product"}],"about":[{"href":"https:\/\/ztsports.com\/fr\/wp-json\/wp\/v2\/types\/product"}],"replies":[{"embeddable":true,"href":"https:\/\/ztsports.com\/fr\/wp-json\/wp\/v2\/comments?post=19670"}],"version-history":[{"count":1,"href":"https:\/\/ztsports.com\/fr\/wp-json\/wp\/v2\/product\/19670\/revisions"}],"predecessor-version":[{"id":19671,"href":"https:\/\/ztsports.com\/fr\/wp-json\/wp\/v2\/product\/19670\/revisions\/19671"}],"wp:featuredmedia":[{"embeddable":true,"href":"https:\/\/ztsports.com\/fr\/wp-json\/wp\/v2\/media\/19672"}],"wp:attachment":[{"href":"https:\/\/ztsports.com\/fr\/wp-json\/wp\/v2\/media?parent=19670"}],"wp:term":[{"taxonomy":"product_brand","embeddable":true,"href":"https:\/\/ztsports.com\/fr\/wp-json\/wp\/v2\/product_brand?post=19670"},{"taxonomy":"product_cat","embeddable":true,"href":"https:\/\/ztsports.com\/fr\/wp-json\/wp\/v2\/product_cat?post=19670"},{"taxonomy":"product_tag","embeddable":true,"href":"https:\/\/ztsports.com\/fr\/wp-json\/wp\/v2\/product_tag?post=19670"}],"curies":[{"name":"wp","href":"https:\/\/api.w.org\/{rel}","templated":true}]}}