{"id":19663,"date":"2022-07-24T21:13:27","date_gmt":"2022-07-24T21:13:27","guid":{"rendered":"https:\/\/ztsports.com\/?post_type=product&#038;p=19663"},"modified":"2026-02-02T19:19:11","modified_gmt":"2026-02-02T19:19:11","slug":"wobble-disk-core-balance-outil","status":"publish","type":"product","link":"https:\/\/ztsports.com\/fr\/store\/wobble-disk-core-balance-outil\/","title":{"rendered":"WOBBLE DISK Outil d&#8217;\u00e9quilibre du noyau pour les terres arides"},"content":{"rendered":"<h1>WOBBLE DISK Outil d&#8217;\u00e9quilibre du noyau<\/h1>\n<p>L&#8217;outil d&#8217;\u00e9quilibre du disque Wobble est fabriqu\u00e9 en PVC tr\u00e8s r\u00e9sistant.<br \/>\nEntra\u00eenement id\u00e9al pour tous les <strong>sports d&#8217;\u00e9quilibre<\/strong>. <\/p>\n<p>D&#8217;abord utilis\u00e9 par les centres de physioth\u00e9rapie, de chiropractie et de r\u00e9\u00e9ducation, il devient aujourd&#8217;hui un \u00e9l\u00e9ment essentiel pour les patineurs et les clubs dans leur entra\u00eenement sur terrain sec hors saison, en plus de leurs \u00e9chauffements.<\/p>\n<p>Gonflez le disque d&#8217;oscillation pour obtenir le niveau de difficult\u00e9 souhait\u00e9.<\/p>\n<h3 class=\"a-size-base-plus a-text-bold\">En savoir plus sur ce disque ondul\u00e9<\/h3>\n<ul class=\"a-unordered-list a-vertical a-spacing-mini\">\n<li class=\"a-spacing-mini\"><span class=\"a-list-item\">AM\u00c9LIORER LA FORCE ET L&#8217;\u00c9QUILIBRE DU C\u0152UR &#8211; Renforce et engage plusieurs muscles du c\u0153ur en m\u00eame temps pour maintenir l&#8217;\u00e9quilibre pendant les exercices.<\/span><\/li>\n<li class=\"a-spacing-mini\"><span class=\"a-list-item\">MULTIPLESSE &#8211; Peut \u00eatre utilis\u00e9 pour l&#8217;entra\u00eenement ou comme coussin d&#8217;assise pour am\u00e9liorer la posture et l&#8217;\u00e9quilibre, plut\u00f4t que d&#8217;utiliser un ballon de stabilit\u00e9.<\/span><\/li>\n<li class=\"a-spacing-mini\"><span class=\"a-list-item\">SURFACE DOUBLEMENT STRUCTUR\u00c9E &#8211; assure une prise en main antid\u00e9rapante, avec des bosses massantes d&#8217;un c\u00f4t\u00e9 et des bosses plus lisses de l&#8217;autre.<\/span><\/li>\n<li class=\"a-spacing-mini\"><span class=\"a-list-item\">PORTABLE &#8211; Facile \u00e0 transporter pour une remise en forme en d\u00e9placement. Dimensions : 14&#8243; de diam\u00e8tre, 3&#8243; de hauteur ; Poids : 2.2 lbs ; Fabriqu\u00e9 en PVC<\/span><\/li>\n<\/ul>\n<p>Enfin, il est dot\u00e9 d&#8217;un indice de r\u00e9sistance \u00e0 l&#8217;\u00e9clatement de 300 kg.<\/p>\n<p>Dimensions : 13,5&#8243; W x 3&#8243; H.<\/p>\n<p><strong>Enfin, vous pouvez trouver toutes nos <a href=\"https:\/\/ztsports.com\/categorie-produit\/accessories\/aides-a-la-formation\/?lang=fr\">aides \u00e0 la formation<\/a> ici.<\/strong><\/p>\n","protected":false},"excerpt":{"rendered":"<p>WOBBLE DISK Outil d&#8217;\u00e9quilibre du noyau L&#8217;outil d&#8217;\u00e9quilibre du disque Wobble est fabriqu\u00e9 en PVC tr\u00e8s r\u00e9sistant. Entra\u00eenement id\u00e9al pour tous les sports d&#8217;\u00e9quilibre. D&#8217;abord utilis\u00e9 par les centres de physioth\u00e9rapie, de chiropractie et de r\u00e9\u00e9ducation, il devient aujourd&#8217;hui un \u00e9l\u00e9ment essentiel pour les patineurs et les clubs dans leur entra\u00eenement sur terrain sec hors [&hellip;]<\/p>\n","protected":false},"featured_media":19665,"comment_status":"open","ping_status":"closed","template":"","meta":{"_acf_changed":false,"_monsterinsights_skip_tracking":false,"_monsterinsights_sitenote_active":false,"_monsterinsights_sitenote_note":"","_monsterinsights_sitenote_category":0,"_uf_show_specific_survey":0,"_uf_disable_surveys":false,"site-sidebar-layout":"default","site-content-layout":"","ast-site-content-layout":"default","site-content-style":"default","site-sidebar-style":"default","ast-global-header-display":"","ast-banner-title-visibility":"","ast-main-header-display":"","ast-hfb-above-header-display":"","ast-hfb-below-header-display":"","ast-hfb-mobile-header-display":"","site-post-title":"","ast-breadcrumbs-content":"","ast-featured-img":"","footer-sml-layout":"","ast-disable-related-posts":"","theme-transparent-header-meta":"default","adv-header-id-meta":"","stick-header-meta":"","header-above-stick-meta":"","header-main-stick-meta":"","header-below-stick-meta":"","astra-migrate-meta-layouts":"set","ast-page-background-enabled":"default","ast-page-background-meta":{"desktop":{"background-color":"","background-image":"","background-repeat":"repeat","background-position":"center center","background-size":"auto","background-attachment":"scroll","background-type":"","background-media":"","overlay-type":"","overlay-color":"","overlay-opacity":"","overlay-gradient":""},"tablet":{"background-color":"","background-image":"","background-repeat":"repeat","background-position":"center center","background-size":"auto","background-attachment":"scroll","background-type":"","background-media":"","overlay-type":"","overlay-color":"","overlay-opacity":"","overlay-gradient":""},"mobile":{"background-color":"","background-image":"","background-repeat":"repeat","background-position":"center center","background-size":"auto","background-attachment":"scroll","background-type":"","background-media":"","overlay-type":"","overlay-color":"","overlay-opacity":"","overlay-gradient":""}},"ast-content-background-meta":{"desktop":{"background-color":"var(--ast-global-color-5)","background-image":"","background-repeat":"repeat","background-position":"center center","background-size":"auto","background-attachment":"scroll","background-type":"","background-media":"","overlay-type":"","overlay-color":"","overlay-opacity":"","overlay-gradient":""},"tablet":{"background-color":"var(--ast-global-color-5)","background-image":"","background-repeat":"repeat","background-position":"center center","background-size":"auto","background-attachment":"scroll","background-type":"","background-media":"","overlay-type":"","overlay-color":"","overlay-opacity":"","overlay-gradient":""},"mobile":{"background-color":"var(--ast-global-color-5)","background-image":"","background-repeat":"repeat","background-position":"center center","background-size":"auto","background-attachment":"scroll","background-type":"","background-media":"","overlay-type":"","overlay-color":"","overlay-opacity":"","overlay-gradient":""}}},"product_brand":[3279],"product_cat":[3422,3433,3553,3879,3878,3572,3838],"product_tag":[4059,3557,3676,3677,4060,1752,3686],"class_list":{"0":"post-19663","1":"product","2":"type-product","3":"status-publish","4":"has-post-thumbnail","6":"product_brand-base-360","7":"product_cat-accessoires","8":"product_cat-accessories","9":"product_cat-aides-a-lentrainement-et-a-la-formation","10":"product_cat-aides-a-la-formation","11":"product_cat-cadeaux","12":"product_cat-cadeaux-pour-patineurs","13":"product_cat-offres-de-club","14":"product_tag-disque-wobble","15":"product_tag-entrainement-croise","16":"product_tag-entraineur-de-base-pour-terrain-sec","17":"product_tag-entraineur-en-milieu-sec","18":"product_tag-outil-dequilibre-de-base","19":"product_tag-speed-skating-equipment","20":"product_tag-terres-arides","21":"desktop-align-left","22":"tablet-align-left","23":"mobile-align-left","25":"first","26":"instock","27":"taxable","28":"shipping-taxable","29":"purchasable","30":"product-type-simple"},"acf":[],"_links":{"self":[{"href":"https:\/\/ztsports.com\/fr\/wp-json\/wp\/v2\/product\/19663","targetHints":{"allow":["GET"]}}],"collection":[{"href":"https:\/\/ztsports.com\/fr\/wp-json\/wp\/v2\/product"}],"about":[{"href":"https:\/\/ztsports.com\/fr\/wp-json\/wp\/v2\/types\/product"}],"replies":[{"embeddable":true,"href":"https:\/\/ztsports.com\/fr\/wp-json\/wp\/v2\/comments?post=19663"}],"version-history":[{"count":1,"href":"https:\/\/ztsports.com\/fr\/wp-json\/wp\/v2\/product\/19663\/revisions"}],"predecessor-version":[{"id":19664,"href":"https:\/\/ztsports.com\/fr\/wp-json\/wp\/v2\/product\/19663\/revisions\/19664"}],"wp:featuredmedia":[{"embeddable":true,"href":"https:\/\/ztsports.com\/fr\/wp-json\/wp\/v2\/media\/19665"}],"wp:attachment":[{"href":"https:\/\/ztsports.com\/fr\/wp-json\/wp\/v2\/media?parent=19663"}],"wp:term":[{"taxonomy":"product_brand","embeddable":true,"href":"https:\/\/ztsports.com\/fr\/wp-json\/wp\/v2\/product_brand?post=19663"},{"taxonomy":"product_cat","embeddable":true,"href":"https:\/\/ztsports.com\/fr\/wp-json\/wp\/v2\/product_cat?post=19663"},{"taxonomy":"product_tag","embeddable":true,"href":"https:\/\/ztsports.com\/fr\/wp-json\/wp\/v2\/product_tag?post=19663"}],"curies":[{"name":"wp","href":"https:\/\/api.w.org\/{rel}","templated":true}]}}