{"id":19658,"date":"2022-07-24T19:50:56","date_gmt":"2022-07-24T19:50:56","guid":{"rendered":"https:\/\/ztsports.com\/?post_type=product&#038;p=19658"},"modified":"2026-02-02T19:19:28","modified_gmt":"2026-02-02T19:19:28","slug":"kill-burr-ebavureur","status":"publish","type":"product","link":"https:\/\/ztsports.com\/fr\/store\/kill-burr-ebavureur\/","title":{"rendered":"#1 KILL BURR DEBURRING TOOL"},"content":{"rendered":"<p><strong>KILL BURR Outil d&#8217;\u00e9barbage<\/strong><\/p>\n<p>The Dutch Secret that you won\u2019t want to live without!!! No more slips, no need for Band-Aids for your fingers! This super cool invention combines the burr cutting magic of carbide in a finger saving case. It stays square to ensure a perfect edge every time. Adjusts to different blade thicknesses automatically. Created and produced in the Netherlands by Goud-Sport. Celui-ci est indispensable dans tout kit d&#8217;aff\u00fbtage !<\/p>\n<p><strong>Acheter l&#8217;outil d&#8217;\u00e9bavurage Kill Burr dans notre magasin<\/strong><\/p>\n<p>Voici l&#8217;outil d&#8217;\u00e9bavurage Kill Burr &#8211; un outil r\u00e9volutionnaire qui \u00e9limine le besoin de glisser et de mettre du sparadrap sur vos doigts ! Ce produit innovant associe la pr\u00e9cision de la coupe aux fraises de carbure \u00e0 une conception qui m\u00e9nage les doigts. L&#8217;\u00e9querre int\u00e9gr\u00e9e garantit un tranchant parfait \u00e0 chaque fois et s&#8217;adapte automatiquement aux diff\u00e9rentes \u00e9paisseurs de lame. Fabriqu\u00e9 aux Pays-Bas par Goud-Sport, cet outil est indispensable \u00e0 tout kit d&#8217;aff\u00fbtage.<\/p>\n<p><strong>Features<\/strong><\/p>\n<ul>\n<li>Fabriqu\u00e9 aux Pays-Bas par Goud-Sport<\/li>\n<li>Conception unique et carr\u00e9e qui garantit un bord parfait \u00e0 chaque fois<\/li>\n<li>S&#8217;adapte automatiquement aux diff\u00e9rentes \u00e9paisseurs de lames<\/li>\n<li>Un \u00e9tui de protection qui permet de m\u00e9nager les doigts<\/li>\n<li>Facile \u00e0 utiliser<\/li>\n<li>L\u00e9ger et portable<\/li>\n<li>Il peut \u00eatre utilis\u00e9 sur des surfaces en m\u00e9tal, en bois et en plastique.<\/li>\n<\/ul>\n<ul>\n<li><strong>Conception et durabilit\u00e9<\/strong><\/li>\n<\/ul>\n<p>L&#8217;outil d&#8217;\u00e9bavurage KILL BURR est fabriqu\u00e9 avec des mat\u00e9riaux durables et de haute qualit\u00e9. L&#8217;outil est dot\u00e9 d&#8217;une conception carr\u00e9e unique qui garantit un tranchant parfait \u00e0 chaque fois, puis il s&#8217;adapte automatiquement aux diff\u00e9rentes \u00e9paisseurs de lame.<\/p>\n<p><strong>Un seul outil pour toutes vos lames<\/strong><\/p>\n<p>Il s&#8217;agit donc d&#8217;un outil polyvalent qui peut \u00eatre utilis\u00e9 sur tous les types de lames. La conception qui permet d&#8217;\u00e9conomiser les doigts et l&#8217;\u00e9tui de protection sont des caract\u00e9ristiques uniques qui le distinguent des autres outils d&#8217;\u00e9bavurage disponibles sur le march\u00e9.<\/p>\n<ul>\n<li><strong>Facilit\u00e9 d&#8217;utilisation<\/strong><\/li>\n<\/ul>\n<p>L&#8217;outil d&#8217;\u00e9bavurage KILL BURR est incroyablement facile \u00e0 utiliser. Il suffit de placer l&#8217;outil sur le bord de la lame et de le faire glisser d&#8217;avant en arri\u00e8re. Les ar\u00eates de coupe en carbure \u00e9liminent les bavures et les bords rugueux, laissant un bord lisse et tranchant. De plus, comme l&#8217;outil reste d&#8217;\u00e9querre, vous pouvez \u00eatre s\u00fbr d&#8217;obtenir un bord parfait \u00e0 chaque fois.<\/p>\n<ul>\n<li><strong>Polyvalence<\/strong><\/li>\n<\/ul>\n<p>L&#8217;outil d&#8217;\u00e9bavurage KILL BURR ne se limite pas aux lames. Sa conception unique et sa fonction de r\u00e9glage de l&#8217;\u00e9paisseur peuvent \u00eatre utilis\u00e9es sur des surfaces en m\u00e9tal, en bois et en plastique pour \u00e9liminer les bavures et les bords rugueux. De plus, cela en fait un outil polyvalent qui peut \u00eatre utilis\u00e9 dans une vari\u00e9t\u00e9 d&#8217;industries et d&#8217;applications.<\/p>\n<ul>\n<li><strong>Portabilit\u00e9<\/strong><\/li>\n<\/ul>\n<p>L&#8217;\u00e9bavureur KILL BURR est l\u00e9ger et facile \u00e0 transporter. Vous pouvez l&#8217;emporter partout avec vous, que vous travailliez dans l&#8217;atelier ou que vous alliez \u00e0 la patinoire. C&#8217;est un outil id\u00e9al pour les patineurs de vitesse, les fabricants de couteaux, les forgerons, les m\u00e9tallurgistes et tous ceux qui ont besoin d&#8217;aiguiser leurs lames.<\/p>\n<p><strong>Commandez maintenant !<\/strong><\/p>\n<p>L&#8217;outil d&#8217;\u00e9bavurage KILL BURR est un outil indispensable pour tous ceux qui souhaitent \u00e9bavurer leurs lames avec pr\u00e9cision et s\u00e9curit\u00e9. Sa conception unique, ses mat\u00e9riaux de haute qualit\u00e9 et sa fonction d&#8217;\u00e9conomie de doigts en font l&#8217;un des meilleurs outils d&#8217;\u00e9bavurage sur le march\u00e9 aujourd&#8217;hui.<\/p>\n<p>Fabriqu\u00e9 aux Pays-Bas par Goud-Sport, il est con\u00e7u pour durer.<\/p>\n<p><strong>Il suffit d&#8217;un clic.<\/strong><\/p>\n<p>N&#8217;attendez pas, achetez votre <strong>outil d&#8217;\u00e9bavurage Kill Burr <\/strong>d\u00e8s aujourd&#8217;hui chez Zt Sports ! Gr\u00e2ce \u00e0 sa conception polyvalente, \u00e0 ses mat\u00e9riaux de haute qualit\u00e9 et \u00e0 sa fonction permettant d&#8217;\u00e9conomiser les doigts, cet outil d&#8217;\u00e9bavurage est un compl\u00e9ment essentiel \u00e0 tout kit d&#8217;aff\u00fbtage.<\/p>\n<p>De plus, avec Zt Sports, vous pouvez \u00eatre s\u00fbr d&#8217;obtenir un excellent produit. Commandez le v\u00f4tre d\u00e8s aujourd&#8217;hui et d\u00e9couvrez la magie du carbure dans un \u00e9tui qui vous fera gagner du temps !<\/p>\n<p><span style=\"font-size: 18px;\"><strong>Gillian Goud <a href=\"https:\/\/www.youtube.com\/watch?v=19DPtiss2Oc\" target=\"_blank\" rel=\"noopener\">fait une d\u00e9monstration du Burr Kill<\/a>.<\/strong><\/span><\/p>\n<h4><strong>Un large assortiment d&#8217;<a href=\"https:\/\/ztsports.com\/categorie-produit\/aiguisage\/pierres-de-ronce\/?lang=fr\">outils et de pierres pour fraises<\/a> ici.<\/strong><\/h4>\n","protected":false},"excerpt":{"rendered":"<p>KILL BURR Outil d&#8217;\u00e9barbage The Dutch Secret that you won\u2019t want to live without!!! No more slips, no need for Band-Aids for your fingers! This super cool invention combines the burr cutting magic of carbide in a finger saving case. It stays square to ensure a perfect edge every time. Adjusts to different blade thicknesses [&hellip;]<\/p>\n","protected":false},"featured_media":19660,"comment_status":"open","ping_status":"closed","template":"","meta":{"_acf_changed":false,"_monsterinsights_skip_tracking":false,"_monsterinsights_sitenote_active":false,"_monsterinsights_sitenote_note":"","_monsterinsights_sitenote_category":0,"_uf_show_specific_survey":0,"_uf_disable_surveys":false,"site-sidebar-layout":"default","site-content-layout":"","ast-site-content-layout":"default","site-content-style":"default","site-sidebar-style":"default","ast-global-header-display":"","ast-banner-title-visibility":"","ast-main-header-display":"","ast-hfb-above-header-display":"","ast-hfb-below-header-display":"","ast-hfb-mobile-header-display":"","site-post-title":"","ast-breadcrumbs-content":"","ast-featured-img":"","footer-sml-layout":"","ast-disable-related-posts":"","theme-transparent-header-meta":"default","adv-header-id-meta":"","stick-header-meta":"","header-above-stick-meta":"","header-main-stick-meta":"","header-below-stick-meta":"","astra-migrate-meta-layouts":"set","ast-page-background-enabled":"default","ast-page-background-meta":{"desktop":{"background-color":"","background-image":"","background-repeat":"repeat","background-position":"center center","background-size":"auto","background-attachment":"scroll","background-type":"","background-media":"","overlay-type":"","overlay-color":"","overlay-opacity":"","overlay-gradient":""},"tablet":{"background-color":"","background-image":"","background-repeat":"repeat","background-position":"center center","background-size":"auto","background-attachment":"scroll","background-type":"","background-media":"","overlay-type":"","overlay-color":"","overlay-opacity":"","overlay-gradient":""},"mobile":{"background-color":"","background-image":"","background-repeat":"repeat","background-position":"center center","background-size":"auto","background-attachment":"scroll","background-type":"","background-media":"","overlay-type":"","overlay-color":"","overlay-opacity":"","overlay-gradient":""}},"ast-content-background-meta":{"desktop":{"background-color":"var(--ast-global-color-5)","background-image":"","background-repeat":"repeat","background-position":"center center","background-size":"auto","background-attachment":"scroll","background-type":"","background-media":"","overlay-type":"","overlay-color":"","overlay-opacity":"","overlay-gradient":""},"tablet":{"background-color":"var(--ast-global-color-5)","background-image":"","background-repeat":"repeat","background-position":"center center","background-size":"auto","background-attachment":"scroll","background-type":"","background-media":"","overlay-type":"","overlay-color":"","overlay-opacity":"","overlay-gradient":""},"mobile":{"background-color":"var(--ast-global-color-5)","background-image":"","background-repeat":"repeat","background-position":"center center","background-size":"auto","background-attachment":"scroll","background-type":"","background-media":"","overlay-type":"","overlay-color":"","overlay-opacity":"","overlay-gradient":""}}},"product_brand":[3287,3304,3305],"product_cat":[3389,3391,3392,3396,3455,3393,3514,3515],"product_tag":[2640,2641,2642,2643,2644],"class_list":{"0":"post-19658","1":"product","2":"type-product","3":"status-publish","4":"has-post-thumbnail","6":"product_brand-burr-kill","7":"product_brand-goud-sport","8":"product_brand-gould-sport","9":"product_cat-accessoires-longue-piste","10":"product_cat-accessoires-pour-la-longue-piste","11":"product_cat-accessoires-short-track","12":"product_cat-accessories","14":"product_cat-aiguisage","15":"product_cat-entretien-des-lames","16":"product_cat-pierres-de-ronce","17":"product_tag-best-burr-remover","18":"product_tag-burr-kill","19":"product_tag-carbide-burr-remover","20":"product_tag-deburring-tool","21":"product_tag-kill-burr","22":"desktop-align-left","23":"tablet-align-left","24":"mobile-align-left","26":"first","27":"instock","28":"featured","29":"taxable","30":"shipping-taxable","31":"purchasable","32":"product-type-simple"},"acf":[],"_links":{"self":[{"href":"https:\/\/ztsports.com\/fr\/wp-json\/wp\/v2\/product\/19658","targetHints":{"allow":["GET"]}}],"collection":[{"href":"https:\/\/ztsports.com\/fr\/wp-json\/wp\/v2\/product"}],"about":[{"href":"https:\/\/ztsports.com\/fr\/wp-json\/wp\/v2\/types\/product"}],"replies":[{"embeddable":true,"href":"https:\/\/ztsports.com\/fr\/wp-json\/wp\/v2\/comments?post=19658"}],"version-history":[{"count":1,"href":"https:\/\/ztsports.com\/fr\/wp-json\/wp\/v2\/product\/19658\/revisions"}],"predecessor-version":[{"id":19659,"href":"https:\/\/ztsports.com\/fr\/wp-json\/wp\/v2\/product\/19658\/revisions\/19659"}],"wp:featuredmedia":[{"embeddable":true,"href":"https:\/\/ztsports.com\/fr\/wp-json\/wp\/v2\/media\/19660"}],"wp:attachment":[{"href":"https:\/\/ztsports.com\/fr\/wp-json\/wp\/v2\/media?parent=19658"}],"wp:term":[{"taxonomy":"product_brand","embeddable":true,"href":"https:\/\/ztsports.com\/fr\/wp-json\/wp\/v2\/product_brand?post=19658"},{"taxonomy":"product_cat","embeddable":true,"href":"https:\/\/ztsports.com\/fr\/wp-json\/wp\/v2\/product_cat?post=19658"},{"taxonomy":"product_tag","embeddable":true,"href":"https:\/\/ztsports.com\/fr\/wp-json\/wp\/v2\/product_tag?post=19658"}],"curies":[{"name":"wp","href":"https:\/\/api.w.org\/{rel}","templated":true}]}}