{"id":19652,"date":"2022-11-18T00:06:23","date_gmt":"2022-11-18T00:06:23","guid":{"rendered":"https:\/\/ztsports.com\/?post_type=product&#038;p=19652"},"modified":"2026-02-02T19:18:59","modified_gmt":"2026-02-02T19:18:59","slug":"cbc-pro-sharpening-jig","status":"publish","type":"product","link":"https:\/\/ztsports.com\/fr\/store\/cbc-pro-sharpening-jig\/","title":{"rendered":"#1 CBC Pro Sharpening Jig Short track or Long Track"},"content":{"rendered":"<h1>Gabarit d&#8217;aff\u00fbtage CBC Pro<\/h1>\n<p>Notre gabarit d&#8217;aff\u00fbtage CBC Pro est fourni avec des but\u00e9es sup\u00e9rieures dot\u00e9es de broches de contact en acier tremp\u00e9. Cela garantira de nombreuses ann\u00e9es de nivellement constant de la lame, car l&#8217;acier tremp\u00e9 ne se rainurera pas.<\/p>\n<p>Gr\u00e2ce aux pinces pivotantes, les utilisateurs n&#8217;ont jamais \u00e0 s&#8217;inqui\u00e9ter de la d\u00e9formation des courbes pendant l&#8217;aff\u00fbtage. Enfin, tous les boutons sont produits avec des poign\u00e9es en aluminium, ce qui ajoute \u00e0 la durabilit\u00e9 et \u00e0 la long\u00e9vit\u00e9 de ce produit.<\/p>\n<p>Le gabarit d&#8217;aff\u00fbtage CBC Pro-Sharpening Jig &#8211; une fois de plus &#8211; meilleur que jamais ! Dans cette troisi\u00e8me g\u00e9n\u00e9ration, vous trouverez de nouveaux points de r\u00e9f\u00e9rence d&#8217;assemblage sur le poteau.<\/p>\n<p>En outre, ce gabarit est livr\u00e9 avec des but\u00e9es sup\u00e9rieures dot\u00e9es de broches de contact en acier tremp\u00e9, ce qui garantira de nombreuses ann\u00e9es de nivellement constant de la lame, car l&#8217;acier tremp\u00e9 ne se rainurera pas.<\/p>\n<p>Gr\u00e2ce aux pinces pivotantes, les utilisateurs n&#8217;ont jamais \u00e0 s&#8217;inqui\u00e9ter de la d\u00e9formation des courbes pendant l&#8217;aff\u00fbtage. Enfin, tous les boutons sont produits avec des poign\u00e9es en aluminium, ce qui ajoute \u00e0 la durabilit\u00e9 et \u00e0 la long\u00e9vit\u00e9 de ce produit.<\/p>\n<p>Le CBC Pro-Sharpening Jig est l&#8217;appareil d&#8217;aff\u00fbtage de cette qualit\u00e9 le plus abordable sur le march\u00e9 aujourd&#8217;hui. C&#8217;est le dernier gabarit d&#8217;aff\u00fbtage que vous aurez besoin d&#8217;acheter.<\/p>\n<p>Le CBC Pro Sharpening Jig est l&#8217;appareil d&#8217;aff\u00fbtage de cette qualit\u00e9 le plus abordable sur le march\u00e9 aujourd&#8217;hui. C&#8217;est le dernier gabarit d&#8217;aff\u00fbtage que vous aurez besoin d&#8217;acheter. Enfin, il fonctionnera sur les lames Short Track et Long Track.<\/p>\n<div>\n<h2>Le cadre d&#8217;aff\u00fbtage CBC pro est notre gabarit le plus vendu.<\/h2>\n<\/div>\n<div>Le cadre d&#8217;aff\u00fbtage CBC Pro-Sharpening Frame comble le foss\u00e9 entre les gabarits d&#8217;aff\u00fbtage bas de gamme et les gabarits les plus avanc\u00e9s sur le march\u00e9 aujourd&#8217;hui.<\/div>\n<div><\/div>\n<div>Le cadre d&#8217;aff\u00fbtage CBC Pro-Sharpening Frame est livr\u00e9 avec des but\u00e9es sup\u00e9rieures dot\u00e9es de broches de contact en acier tremp\u00e9. Cela garantira de nombreuses ann\u00e9es de nivellement constant de la lame, car l&#8217;acier tremp\u00e9 ne se rainurera pas. Gr\u00e2ce aux pinces pivotantes, les utilisateurs n&#8217;ont jamais \u00e0 s&#8217;inqui\u00e9ter de la d\u00e9formation des courbes pendant l&#8217;aff\u00fbtage.<\/div>\n<div><\/div>\n<div>Enfin, tous les boutons sont produits avec des poign\u00e9es en aluminium, ce qui ajoute \u00e0 la durabilit\u00e9 et \u00e0 la long\u00e9vit\u00e9 de ce produit. C&#8217;est le dernier gabarit d&#8217;aff\u00fbtage que vous aurez besoin d&#8217;acheter.<\/div>\n<p><a href=\"https:\/\/ztsports.com\/categorie-produit\/aiguisage\/support\/?lang=fr\"><strong> Vous pouvez trouver tous nos gabarits et kits d&#8217;aff\u00fbtage ici.<\/strong><\/a><\/p>\n<h3 class=\"style-scope ytd-watch-metadata\"><a href=\"https:\/\/www.youtube.com\/watch?v=6mu5w7rdrL0\" target=\"_blank\" rel=\"noopener\">Tutoriel d&#8217;aff\u00fbtage des patins.<\/a><\/h3>\n","protected":false},"excerpt":{"rendered":"<p>Gabarit d&#8217;aff\u00fbtage CBC Pro Notre gabarit d&#8217;aff\u00fbtage CBC Pro est fourni avec des but\u00e9es sup\u00e9rieures dot\u00e9es de broches de contact en acier tremp\u00e9. Cela garantira de nombreuses ann\u00e9es de nivellement constant de la lame, car l&#8217;acier tremp\u00e9 ne se rainurera pas. Gr\u00e2ce aux pinces pivotantes, les utilisateurs n&#8217;ont jamais \u00e0 s&#8217;inqui\u00e9ter de la d\u00e9formation des [&hellip;]<\/p>\n","protected":false},"featured_media":19654,"comment_status":"open","ping_status":"closed","template":"","meta":{"_acf_changed":false,"_monsterinsights_skip_tracking":false,"_monsterinsights_sitenote_active":false,"_monsterinsights_sitenote_note":"","_monsterinsights_sitenote_category":0,"_uf_show_specific_survey":0,"_uf_disable_surveys":false,"site-sidebar-layout":"default","site-content-layout":"","ast-site-content-layout":"default","site-content-style":"default","site-sidebar-style":"default","ast-global-header-display":"","ast-banner-title-visibility":"","ast-main-header-display":"","ast-hfb-above-header-display":"","ast-hfb-below-header-display":"","ast-hfb-mobile-header-display":"","site-post-title":"","ast-breadcrumbs-content":"","ast-featured-img":"","footer-sml-layout":"","ast-disable-related-posts":"","theme-transparent-header-meta":"default","adv-header-id-meta":"","stick-header-meta":"","header-above-stick-meta":"","header-main-stick-meta":"","header-below-stick-meta":"","astra-migrate-meta-layouts":"set","ast-page-background-enabled":"default","ast-page-background-meta":{"desktop":{"background-color":"","background-image":"","background-repeat":"repeat","background-position":"center center","background-size":"auto","background-attachment":"scroll","background-type":"","background-media":"","overlay-type":"","overlay-color":"","overlay-opacity":"","overlay-gradient":""},"tablet":{"background-color":"","background-image":"","background-repeat":"repeat","background-position":"center center","background-size":"auto","background-attachment":"scroll","background-type":"","background-media":"","overlay-type":"","overlay-color":"","overlay-opacity":"","overlay-gradient":""},"mobile":{"background-color":"","background-image":"","background-repeat":"repeat","background-position":"center center","background-size":"auto","background-attachment":"scroll","background-type":"","background-media":"","overlay-type":"","overlay-color":"","overlay-opacity":"","overlay-gradient":""}},"ast-content-background-meta":{"desktop":{"background-color":"var(--ast-global-color-5)","background-image":"","background-repeat":"repeat","background-position":"center center","background-size":"auto","background-attachment":"scroll","background-type":"","background-media":"","overlay-type":"","overlay-color":"","overlay-opacity":"","overlay-gradient":""},"tablet":{"background-color":"var(--ast-global-color-5)","background-image":"","background-repeat":"repeat","background-position":"center center","background-size":"auto","background-attachment":"scroll","background-type":"","background-media":"","overlay-type":"","overlay-color":"","overlay-opacity":"","overlay-gradient":""},"mobile":{"background-color":"var(--ast-global-color-5)","background-image":"","background-repeat":"repeat","background-position":"center center","background-size":"auto","background-attachment":"scroll","background-type":"","background-media":"","overlay-type":"","overlay-color":"","overlay-opacity":"","overlay-gradient":""}}},"product_brand":[3290],"product_cat":[3393,3394,3397],"product_tag":[2648,2649,3488,3611],"class_list":{"0":"post-19652","1":"product","2":"type-product","3":"status-publish","4":"has-post-thumbnail","6":"product_brand-cbc","7":"product_cat-aiguisage","8":"product_cat-kits-de-gabarits","9":"product_cat-support","10":"product_tag-cbc-jig","11":"product_tag-cbc-pro","12":"product_tag-equipement-daffutage","13":"product_tag-gabarit-daffutage","14":"desktop-align-left","15":"tablet-align-left","16":"mobile-align-left","18":"first","19":"instock","20":"featured","21":"taxable","22":"shipping-taxable","23":"purchasable","24":"product-type-simple"},"acf":[],"_links":{"self":[{"href":"https:\/\/ztsports.com\/fr\/wp-json\/wp\/v2\/product\/19652","targetHints":{"allow":["GET"]}}],"collection":[{"href":"https:\/\/ztsports.com\/fr\/wp-json\/wp\/v2\/product"}],"about":[{"href":"https:\/\/ztsports.com\/fr\/wp-json\/wp\/v2\/types\/product"}],"replies":[{"embeddable":true,"href":"https:\/\/ztsports.com\/fr\/wp-json\/wp\/v2\/comments?post=19652"}],"version-history":[{"count":1,"href":"https:\/\/ztsports.com\/fr\/wp-json\/wp\/v2\/product\/19652\/revisions"}],"predecessor-version":[{"id":19653,"href":"https:\/\/ztsports.com\/fr\/wp-json\/wp\/v2\/product\/19652\/revisions\/19653"}],"wp:featuredmedia":[{"embeddable":true,"href":"https:\/\/ztsports.com\/fr\/wp-json\/wp\/v2\/media\/19654"}],"wp:attachment":[{"href":"https:\/\/ztsports.com\/fr\/wp-json\/wp\/v2\/media?parent=19652"}],"wp:term":[{"taxonomy":"product_brand","embeddable":true,"href":"https:\/\/ztsports.com\/fr\/wp-json\/wp\/v2\/product_brand?post=19652"},{"taxonomy":"product_cat","embeddable":true,"href":"https:\/\/ztsports.com\/fr\/wp-json\/wp\/v2\/product_cat?post=19652"},{"taxonomy":"product_tag","embeddable":true,"href":"https:\/\/ztsports.com\/fr\/wp-json\/wp\/v2\/product_tag?post=19652"}],"curies":[{"name":"wp","href":"https:\/\/api.w.org\/{rel}","templated":true}]}}