{"id":19648,"date":"2022-11-28T23:24:00","date_gmt":"2022-11-28T23:24:00","guid":{"rendered":"https:\/\/ztsports.com\/?post_type=product&#038;p=19648"},"modified":"2026-02-02T19:18:46","modified_gmt":"2026-02-02T19:18:46","slug":"bont-platinum-x-blades","status":"publish","type":"product","link":"https:\/\/ztsports.com\/fr\/store\/bont-platinum-x-blades\/","title":{"rendered":"Lames BONT Platinum X pour la piste courte"},"content":{"rendered":"<h1 class=\"product_title entry-title\">Lames BONT Platinum X<\/h1>\n<p>Les lames Bont Platinum X sont d\u00e9sormais 15% plus rigides. Fabriqu\u00e9 avec de l&#8217;acier \u00e0 outils B\u00f6hler K390 \u00e0 poudre m\u00e9tallique qui est lentement rectifi\u00e9 pour produire une pi\u00e8ce d&#8217;acier parfaitement droite. La structure de la poudre m\u00e9tallique est tr\u00e8s fine, ce qui lui conf\u00e8re des propri\u00e9t\u00e9s de glissement exceptionnelles. Capable de conserver son tranchant jusqu&#8217;\u00e0 8 fois plus longtemps que les lames en acier normales. La nouvelle structure interne du tube pr\u00e9sente la meilleure r\u00e9tention de courbure de toutes les lames du march\u00e9.<\/p>\n<ul>\n<li><strong>Sp\u00e9cifications <\/strong><\/li>\n<li><strong>Mat\u00e9riau de la coupelle :<\/strong> Aluminium 7075 T6<\/li>\n<li><strong>Rayon :<\/strong> 9m<\/li>\n<li><strong>Longueur :<\/strong> 17\u2033(standard &amp; 1\/2 KR) 17.5\u2033 (Standard,KR &amp; 1\/2 KR) 18\u2033 (Standard), 19\u2033 (Standard)<\/li>\n<li><strong>\u00c9paisseur de la lame :<\/strong> 1,1 mm<\/li>\n<li><strong>Duret\u00e9 :<\/strong> 64 Rockwell<\/li>\n<li><strong>Cintrage :<\/strong> Cintrage \u00e0 la machine<\/li>\n<li><strong>Hauteur de la coupelle :<\/strong> 30 mm (+5 mm)<\/li>\n<\/ul>\n<p>The Bont Platinum K390 is regarded by many short track skaters as the best short track blade ever made.<\/p>\n<p><b>Pour plus d&#8217;informations et une courte <a href=\"https:\/\/www.youtube.com\/watch?v=g5tSpTtSfCE\" target=\"_blank\" rel=\"noopener\">vid\u00e9o YouTube sur les lames Platinum X.<\/a><\/b><\/p>\n<p><strong>Vous pouvez voir toutes nos lames Short Track <a href=\"https:\/\/ztsports.com\/categorie-produit\/courte-piste\/lame\/?lang=fr\">ici<\/a>.<\/strong><\/p>\n<h4>N&#8217;oubliez pas d&#8217;ajouter la <strong><a href=\"https:\/\/ztsports.com\/produit\/preparation-des-lames-pour-la-piste-courte\/?lang=fr\">Pr\u00e9paration de la lame.<\/a><\/strong><\/h4>\n","protected":false},"excerpt":{"rendered":"<p>Lames BONT Platinum X Les lames Bont Platinum X sont d\u00e9sormais 15% plus rigides. Fabriqu\u00e9 avec de l&#8217;acier \u00e0 outils B\u00f6hler K390 \u00e0 poudre m\u00e9tallique qui est lentement rectifi\u00e9 pour produire une pi\u00e8ce d&#8217;acier parfaitement droite. La structure de la poudre m\u00e9tallique est tr\u00e8s fine, ce qui lui conf\u00e8re des propri\u00e9t\u00e9s de glissement exceptionnelles. Capable [&hellip;]<\/p>\n","protected":false},"featured_media":19650,"comment_status":"open","ping_status":"closed","template":"","meta":{"_acf_changed":false,"_monsterinsights_skip_tracking":false,"_monsterinsights_sitenote_active":false,"_monsterinsights_sitenote_note":"","_monsterinsights_sitenote_category":0,"_uf_show_specific_survey":0,"_uf_disable_surveys":false,"site-sidebar-layout":"default","site-content-layout":"","ast-site-content-layout":"default","site-content-style":"default","site-sidebar-style":"default","ast-global-header-display":"","ast-banner-title-visibility":"","ast-main-header-display":"","ast-hfb-above-header-display":"","ast-hfb-below-header-display":"","ast-hfb-mobile-header-display":"","site-post-title":"","ast-breadcrumbs-content":"","ast-featured-img":"","footer-sml-layout":"","ast-disable-related-posts":"","theme-transparent-header-meta":"default","adv-header-id-meta":"","stick-header-meta":"","header-above-stick-meta":"","header-main-stick-meta":"","header-below-stick-meta":"","astra-migrate-meta-layouts":"set","ast-page-background-enabled":"default","ast-page-background-meta":{"desktop":{"background-color":"","background-image":"","background-repeat":"repeat","background-position":"center center","background-size":"auto","background-attachment":"scroll","background-type":"","background-media":"","overlay-type":"","overlay-color":"","overlay-opacity":"","overlay-gradient":""},"tablet":{"background-color":"","background-image":"","background-repeat":"repeat","background-position":"center center","background-size":"auto","background-attachment":"scroll","background-type":"","background-media":"","overlay-type":"","overlay-color":"","overlay-opacity":"","overlay-gradient":""},"mobile":{"background-color":"","background-image":"","background-repeat":"repeat","background-position":"center center","background-size":"auto","background-attachment":"scroll","background-type":"","background-media":"","overlay-type":"","overlay-color":"","overlay-opacity":"","overlay-gradient":""}},"ast-content-background-meta":{"desktop":{"background-color":"var(--ast-global-color-5)","background-image":"","background-repeat":"repeat","background-position":"center center","background-size":"auto","background-attachment":"scroll","background-type":"","background-media":"","overlay-type":"","overlay-color":"","overlay-opacity":"","overlay-gradient":""},"tablet":{"background-color":"var(--ast-global-color-5)","background-image":"","background-repeat":"repeat","background-position":"center center","background-size":"auto","background-attachment":"scroll","background-type":"","background-media":"","overlay-type":"","overlay-color":"","overlay-opacity":"","overlay-gradient":""},"mobile":{"background-color":"var(--ast-global-color-5)","background-image":"","background-repeat":"repeat","background-position":"center center","background-size":"auto","background-attachment":"scroll","background-type":"","background-media":"","overlay-type":"","overlay-color":"","overlay-opacity":"","overlay-gradient":""}}},"product_brand":[3285],"product_cat":[3395,3508,3712,3955,3620,3467],"product_tag":[3713,3714,2114,3654,3715,3716,2115],"class_list":{"0":"post-19648","1":"product","2":"type-product","3":"status-publish","4":"has-post-thumbnail","6":"product_brand-bont","7":"product_cat-courte-piste","8":"product_cat-lame","9":"product_cat-lame-bont-short-track","10":"product_cat-lames-bont","11":"product_cat-lames-pour-piste-courte","12":"product_cat-patinage-de-vitesse","13":"product_tag-bont-platine","14":"product_tag-bont-platine-x","15":"product_tag-k390","16":"product_tag-lame-courte-piste","17":"product_tag-lames-bont","18":"product_tag-platine-x","19":"product_tag-platinum-k390","20":"desktop-align-left","21":"tablet-align-left","22":"mobile-align-left","24":"first","25":"instock","26":"taxable","27":"shipping-taxable","28":"purchasable","29":"product-type-simple"},"acf":[],"_links":{"self":[{"href":"https:\/\/ztsports.com\/fr\/wp-json\/wp\/v2\/product\/19648","targetHints":{"allow":["GET"]}}],"collection":[{"href":"https:\/\/ztsports.com\/fr\/wp-json\/wp\/v2\/product"}],"about":[{"href":"https:\/\/ztsports.com\/fr\/wp-json\/wp\/v2\/types\/product"}],"replies":[{"embeddable":true,"href":"https:\/\/ztsports.com\/fr\/wp-json\/wp\/v2\/comments?post=19648"}],"version-history":[{"count":1,"href":"https:\/\/ztsports.com\/fr\/wp-json\/wp\/v2\/product\/19648\/revisions"}],"predecessor-version":[{"id":19649,"href":"https:\/\/ztsports.com\/fr\/wp-json\/wp\/v2\/product\/19648\/revisions\/19649"}],"wp:featuredmedia":[{"embeddable":true,"href":"https:\/\/ztsports.com\/fr\/wp-json\/wp\/v2\/media\/19650"}],"wp:attachment":[{"href":"https:\/\/ztsports.com\/fr\/wp-json\/wp\/v2\/media?parent=19648"}],"wp:term":[{"taxonomy":"product_brand","embeddable":true,"href":"https:\/\/ztsports.com\/fr\/wp-json\/wp\/v2\/product_brand?post=19648"},{"taxonomy":"product_cat","embeddable":true,"href":"https:\/\/ztsports.com\/fr\/wp-json\/wp\/v2\/product_cat?post=19648"},{"taxonomy":"product_tag","embeddable":true,"href":"https:\/\/ztsports.com\/fr\/wp-json\/wp\/v2\/product_tag?post=19648"}],"curies":[{"name":"wp","href":"https:\/\/api.w.org\/{rel}","templated":true}]}}