{"id":19642,"date":"2023-01-06T01:52:04","date_gmt":"2023-01-06T01:52:04","guid":{"rendered":"https:\/\/ztsports.com\/?post_type=product&#038;p=19642"},"modified":"2026-02-02T19:17:32","modified_gmt":"2026-02-02T19:17:32","slug":"casque-skate-tec-010","status":"publish","type":"product","link":"https:\/\/ztsports.com\/fr\/store\/casque-skate-tec-010\/","title":{"rendered":"SKATE-TEC Casque 010 pour le patinage de vitesse sur piste courte"},"content":{"rendered":"<h1>SKATE-TEC Casque 010 pour le Short Track<\/h1>\n<p>Le casque Skate-Tec 010 pour le Short Track.<\/p>\n<p>Skate-Tec d\u00e9veloppe tous ses produits par le biais de tests et d&#8217;innovations constants. Nous n&#8217;utilisons que des mat\u00e9riaux de premi\u00e8re qualit\u00e9, des processus de fabrication de la plus haute qualit\u00e9 et mettons en \u0153uvre des conceptions avanc\u00e9es.<\/p>\n<p>Skate-Tec s&#8217;efforce de fournir les meilleurs produits de patinage en collaborant avec les meilleurs athl\u00e8tes et entra\u00eeneurs.<\/p>\n<p>Il s&#8217;agit d&#8217;une forme \u00e9pur\u00e9e et allong\u00e9e, avec une utilisation l\u00e9g\u00e8re des mat\u00e9riaux.<\/p>\n<ul>\n<li>Noyau\/coquille int\u00e9gr\u00e9(e) en une seule pi\u00e8ce et inject\u00e9(e) de mousse pour une r\u00e9sistance et une durabilit\u00e9 accrues<\/li>\n<li>Syst\u00e8me d&#8217;ajustement de la t\u00eate micro-ajustable pour optimiser l&#8217;ajustement et le confort<\/li>\n<li>Propos\u00e9 en 2 tailles et 2 couleurs Rouge et Carbone :\n<ul>\n<li>S\/M (54 &#8211; 57 cm) 298 grammes<\/li>\n<li>L\/XL (58 &#8211; 61 cm) 319 grammes<\/li>\n<\/ul>\n<\/li>\n<\/ul>\n<ul>\n<li>Construction l\u00e9g\u00e8re<\/li>\n<li>Casque certifi\u00e9 ISU<\/li>\n<li>Sangles en nylon confortables et r\u00e9glables<\/li>\n<li>Conforme aux normes ATSM.<\/li>\n<\/ul>\n<p>Couleurs disponibles : Rouge et carbone<\/p>\n<p>S\/M (54-57cm, 298 grammes)<\/p>\n<p>L\/XL (58-61cm, 319 grammes)<\/p>\n<h3><img decoding=\"async\" src=\"https:\/\/cdn.websumo.com\/assets\/custom\/assoc-1341\/siteimages\/skate-tec-logo-325.jpg\" alt=\"SkateTec, shorttrack, longtrack, short track, patinage de vitesse, design innovant, maison du patin d'\u00e9rable Skate-Tec,\"><\/h3>\n<h3>Liens utiles<\/h3>\n<ul>\n<li><a href=\"https:\/\/cdn.websumo.com\/assets\/custom\/assoc-1341\/downloads\/skatetec-int-2020.pdf\" target=\"_blank\" rel=\"noopener\"> T\u00e9l\u00e9chargez la brochure du produit<\/a><\/li>\n<li><a href=\"https:\/\/www.skate-tec.com\/sizecharts\" target=\"_blank\" rel=\"noopener\">Tableaux des tailles<\/a><\/li>\n<\/ul>\n<p>Lastly <a href=\"https:\/\/ztsports.com\/categorie-produit\/protection\/casques\/?lang=fr\"><strong>additional colors and styles of helmets<\/strong> here<\/a> .<\/p>\n","protected":false},"excerpt":{"rendered":"<p>SKATE-TEC Casque 010 pour le Short Track Le casque Skate-Tec 010 pour le Short Track. Skate-Tec d\u00e9veloppe tous ses produits par le biais de tests et d&#8217;innovations constants. Nous n&#8217;utilisons que des mat\u00e9riaux de premi\u00e8re qualit\u00e9, des processus de fabrication de la plus haute qualit\u00e9 et mettons en \u0153uvre des conceptions avanc\u00e9es. Skate-Tec s&#8217;efforce de [&hellip;]<\/p>\n","protected":false},"featured_media":19644,"comment_status":"open","ping_status":"closed","template":"","meta":{"_acf_changed":false,"_monsterinsights_skip_tracking":false,"_monsterinsights_sitenote_active":false,"_monsterinsights_sitenote_note":"","_monsterinsights_sitenote_category":0,"_uf_show_specific_survey":0,"_uf_disable_surveys":false,"site-sidebar-layout":"default","site-content-layout":"","ast-site-content-layout":"default","site-content-style":"default","site-sidebar-style":"default","ast-global-header-display":"","ast-banner-title-visibility":"","ast-main-header-display":"","ast-hfb-above-header-display":"","ast-hfb-below-header-display":"","ast-hfb-mobile-header-display":"","site-post-title":"","ast-breadcrumbs-content":"","ast-featured-img":"","footer-sml-layout":"","ast-disable-related-posts":"","theme-transparent-header-meta":"default","adv-header-id-meta":"","stick-header-meta":"","header-above-stick-meta":"","header-main-stick-meta":"","header-below-stick-meta":"","astra-migrate-meta-layouts":"set","ast-page-background-enabled":"default","ast-page-background-meta":{"desktop":{"background-color":"","background-image":"","background-repeat":"repeat","background-position":"center center","background-size":"auto","background-attachment":"scroll","background-type":"","background-media":"","overlay-type":"","overlay-color":"","overlay-opacity":"","overlay-gradient":""},"tablet":{"background-color":"","background-image":"","background-repeat":"repeat","background-position":"center center","background-size":"auto","background-attachment":"scroll","background-type":"","background-media":"","overlay-type":"","overlay-color":"","overlay-opacity":"","overlay-gradient":""},"mobile":{"background-color":"","background-image":"","background-repeat":"repeat","background-position":"center center","background-size":"auto","background-attachment":"scroll","background-type":"","background-media":"","overlay-type":"","overlay-color":"","overlay-opacity":"","overlay-gradient":""}},"ast-content-background-meta":{"desktop":{"background-color":"var(--ast-global-color-5)","background-image":"","background-repeat":"repeat","background-position":"center center","background-size":"auto","background-attachment":"scroll","background-type":"","background-media":"","overlay-type":"","overlay-color":"","overlay-opacity":"","overlay-gradient":""},"tablet":{"background-color":"var(--ast-global-color-5)","background-image":"","background-repeat":"repeat","background-position":"center center","background-size":"auto","background-attachment":"scroll","background-type":"","background-media":"","overlay-type":"","overlay-color":"","overlay-opacity":"","overlay-gradient":""},"mobile":{"background-color":"var(--ast-global-color-5)","background-image":"","background-repeat":"repeat","background-position":"center center","background-size":"auto","background-attachment":"scroll","background-type":"","background-media":"","overlay-type":"","overlay-color":"","overlay-opacity":"","overlay-gradient":""}}},"product_brand":[3338],"product_cat":[3392,3396,3589,3395,3467],"product_tag":[4057,3593,4058,2156,2240,1752],"class_list":{"0":"post-19642","1":"product","2":"type-product","3":"status-publish","4":"has-post-thumbnail","6":"product_brand-skate-tec","7":"product_cat-accessoires-short-track","8":"product_cat-accessories","9":"product_cat-casques","10":"product_cat-courte-piste","11":"product_cat-patinage-de-vitesse","12":"product_tag-casque-de-patinage-de-vitesse","13":"product_tag-casque-short-track","14":"product_tag-casque-skate-tec-010","15":"product_tag-protection","16":"product_tag-skate-tec","17":"product_tag-speed-skating-equipment","18":"desktop-align-left","19":"tablet-align-left","20":"mobile-align-left","22":"first","23":"instock","24":"sale","25":"featured","26":"taxable","27":"shipping-taxable","28":"purchasable","29":"product-type-simple"},"acf":[],"_links":{"self":[{"href":"https:\/\/ztsports.com\/fr\/wp-json\/wp\/v2\/product\/19642","targetHints":{"allow":["GET"]}}],"collection":[{"href":"https:\/\/ztsports.com\/fr\/wp-json\/wp\/v2\/product"}],"about":[{"href":"https:\/\/ztsports.com\/fr\/wp-json\/wp\/v2\/types\/product"}],"replies":[{"embeddable":true,"href":"https:\/\/ztsports.com\/fr\/wp-json\/wp\/v2\/comments?post=19642"}],"version-history":[{"count":2,"href":"https:\/\/ztsports.com\/fr\/wp-json\/wp\/v2\/product\/19642\/revisions"}],"predecessor-version":[{"id":21383,"href":"https:\/\/ztsports.com\/fr\/wp-json\/wp\/v2\/product\/19642\/revisions\/21383"}],"wp:featuredmedia":[{"embeddable":true,"href":"https:\/\/ztsports.com\/fr\/wp-json\/wp\/v2\/media\/19644"}],"wp:attachment":[{"href":"https:\/\/ztsports.com\/fr\/wp-json\/wp\/v2\/media?parent=19642"}],"wp:term":[{"taxonomy":"product_brand","embeddable":true,"href":"https:\/\/ztsports.com\/fr\/wp-json\/wp\/v2\/product_brand?post=19642"},{"taxonomy":"product_cat","embeddable":true,"href":"https:\/\/ztsports.com\/fr\/wp-json\/wp\/v2\/product_cat?post=19642"},{"taxonomy":"product_tag","embeddable":true,"href":"https:\/\/ztsports.com\/fr\/wp-json\/wp\/v2\/product_tag?post=19642"}],"curies":[{"name":"wp","href":"https:\/\/api.w.org\/{rel}","templated":true}]}}