{"id":19633,"date":"2023-01-23T03:46:17","date_gmt":"2023-01-23T03:46:17","guid":{"rendered":"https:\/\/ztsports.com\/?post_type=product&#038;p=19633"},"modified":"2026-02-02T19:17:19","modified_gmt":"2026-02-02T19:17:19","slug":"zandstra-nis-nordic-blades-2","status":"publish","type":"product","link":"https:\/\/ztsports.com\/fr\/store\/zandstra-nis-nordic-blades-2\/","title":{"rendered":"ZANDSTRA NIS Nordic Blades Clip-On"},"content":{"rendered":"<h2>ZANDSTRA NIS Lames nordiques<\/h2>\n<p>Les Nordic Blades sont compatibles avec les chaussures de ski de fond NNN. Les fixations NIS peuvent \u00eatre mont\u00e9es sur ce patin nordique gr\u00e2ce \u00e0 une tige sp\u00e9ciale frais\u00e9e. La fixation est facilement mont\u00e9e sans utiliser de vis ou de boulons ; par cons\u00e9quent, la fixation est 40% plus l\u00e9g\u00e8re que les fixations ordinaires. La lame s&#8217;adapte aux syst\u00e8mes NIS NNN de : <a href=\"https:\/\/www.skatenow.us\/product\/15143915\/zandstra-nis-performance-binding-by-rottefella\" data-jwlink-type=\"product\" data-jwlink-identifier=\"15143915\" data-jwlink-title=\"Zandstra NIS Performance Binding by Rottefella\" target=\"_blank\" rel=\"noopener\">Rossignol (Rottefella)<\/a>, Fischer, Salomon. NNN BC et XC.<br \/>\n<em><strong>Les fixations ne sont pas incluses et sont vendues s\u00e9par\u00e9ment.<\/strong><\/em><br \/>\n<em><strong>Un kit de mat\u00e9riel est n\u00e9cessaire pour monter tout syst\u00e8me non NIS.<\/strong><\/em><strong>.<\/strong><\/p>\n<p>Vendu en lot de 2 pi\u00e8ces.<\/p>\n<ul>\n<li><strong>Tailles :<\/strong> 40 (petit), 43 (moyen), 45 (grand) et 48 (tr\u00e8s grand) cm.<\/li>\n<li><strong>Acier : <\/strong>Acier \u00e0 outils inoxydable 1,25MM<\/li>\n<li><strong>Duret\u00e9 :<\/strong> 60 Rc<\/li>\n<li><strong>Rayon :<\/strong> 35 m\u00e8tres<\/li>\n<li><strong>Syst\u00e8me de montage<\/strong>: NIS<\/li>\n<li><strong>Hauteur<\/strong><strong> du patin :<\/strong> 27 mm<\/li>\n<li><strong>Finition :<\/strong> Peint par poudrage rouge<\/li>\n<\/ul>\n<p>Vendu en lot de 2 pi\u00e8ces.<\/p>\n<h4>ZANDSTRA NIS Lames nordiques<\/h4>\n<p>Le Zandstra NIS Nordic Blade a une plateforme redessin\u00e9e du Delta. Ce patin vous permet maintenant de monter n&#8217;importe quelle fixation NIS, qu&#8217;il s&#8217;agisse des mod\u00e8les Xcelerator, Exercise ou Performance, rapidement et facilement \u00e0 la maison sans aucun outil.<\/p>\n<p>De plus, vous b\u00e9n\u00e9ficiez toujours de la qualit\u00e9 l\u00e9gendaire de l&#8217;acier \u00e0 outils qui reste tranchant pendant longtemps.<\/p>\n<p>La plateforme redessin\u00e9e du skate Delta vous permet d\u00e9sormais de monter n&#8217;importe quelle fixation NIS &#8211; mod\u00e8les Xcelerator, Exercise ou Performance &#8211; rapidement et facilement \u00e0 la maison, sans aucun outil. De plus, vous b\u00e9n\u00e9ficiez toujours de la qualit\u00e9 l\u00e9gendaire de l&#8217;acier \u00e0 outils qui reste tranchant pendant longtemps.<\/p>\n<p>Si vous ne voulez pas de fixations coulissantes NIS, achetez le kit mat\u00e9riel Zandstra et fixez la fixation de votre choix, NNN, SNS, ou m\u00eame une Rottefella NNN-BC Manual Back Country. La position de toutes les fixations peut \u00eatre ajust\u00e9e en fonction des pr\u00e9f\u00e9rences personnelles, afin de trouver le bon \u00e9quilibre.<\/p>\n<p>Les lames Zandstra NIS Nordic sont compatibles avec vos chaussures de ski de fond skate pour vous donner la sensation authentique du &#8220;clap-skate&#8221; ! Zandstra fabrique un mod\u00e8le pour plusieurs types de fixations de ski ! Id\u00e9al pour les \u00e9tangs, les lacs, les canaux ou les pistes ovales gel\u00e9s.<\/p>\n<h3>ZANDSTRA NIS Lames nordiques<\/h3>\n<p>Patins nordiques sur lesquels vous pouvez monter des fixations NIS ! R\u00e9utilisez vos fixations et vos chaussures de ski de fond pour patiner sur des \u00e9tangs, des canaux ou des ovales gel\u00e9s. Ce mod\u00e8le de lame NIS est usin\u00e9 pour s&#8217;adapter aux fixations NIS telles que les fixations Rottefella Performance ou les fixations Xcelerator.<\/p>\n<p>Cela signifie que vous pouvez prendre vos chaussures de ski de fond (chaussures pour la technique de patinage avec soutien de la cheville) et vous rendre sur les patinoires. Votre talon n&#8217;est pas attach\u00e9 \u00e0 la lame, ce qui vous permet d&#8217;allonger votre pouss\u00e9e et d&#8217;obtenir la sensation de &#8220;claquement de patins&#8221;.<\/p>\n<p>\u00c9tonnamment facile \u00e0 utiliser. Les virages et les d\u00e9rapages sont amusants si le patinage en ligne droite devient ennuyeux. Achetez-en une paire, surveillez l&#8217;\u00e9tat de la glace de l&#8217;\u00e9tang et profitez d&#8217;un autre loisir hivernal en plein air !<\/p>\n<p>La lame nordique Zandstra NIS est disponible en taille : 45cm<\/p>\n<p>48cm commande sp\u00e9ciale<\/p>\n<p>Voir toutes nos lames nordiques<a href=\"https:\/\/ztsports.com\/product-category\/buy-nordic-canal-skates-online-in-canada-ztsports-canal-skates\/blades2\/\"><strong> ici<\/strong><\/a>.<\/p>\n","protected":false},"excerpt":{"rendered":"<p>ZANDSTRA NIS Lames nordiques Les Nordic Blades sont compatibles avec les chaussures de ski de fond NNN. Les fixations NIS peuvent \u00eatre mont\u00e9es sur ce patin nordique gr\u00e2ce \u00e0 une tige sp\u00e9ciale frais\u00e9e. La fixation est facilement mont\u00e9e sans utiliser de vis ou de boulons ; par cons\u00e9quent, la fixation est 40% plus l\u00e9g\u00e8re que [&hellip;]<\/p>\n","protected":false},"featured_media":19635,"comment_status":"open","ping_status":"closed","template":"","meta":{"_acf_changed":false,"_monsterinsights_skip_tracking":false,"_monsterinsights_sitenote_active":false,"_monsterinsights_sitenote_note":"","_monsterinsights_sitenote_category":0,"_uf_show_specific_survey":0,"_uf_disable_surveys":false,"site-sidebar-layout":"default","site-content-layout":"","ast-site-content-layout":"default","site-content-style":"default","site-sidebar-style":"default","ast-global-header-display":"","ast-banner-title-visibility":"","ast-main-header-display":"","ast-hfb-above-header-display":"","ast-hfb-below-header-display":"","ast-hfb-mobile-header-display":"","site-post-title":"","ast-breadcrumbs-content":"","ast-featured-img":"","footer-sml-layout":"","ast-disable-related-posts":"","theme-transparent-header-meta":"default","adv-header-id-meta":"","stick-header-meta":"","header-above-stick-meta":"","header-main-stick-meta":"","header-below-stick-meta":"","astra-migrate-meta-layouts":"set","ast-page-background-enabled":"default","ast-page-background-meta":{"desktop":{"background-color":"","background-image":"","background-repeat":"repeat","background-position":"center center","background-size":"auto","background-attachment":"scroll","background-type":"","background-media":"","overlay-type":"","overlay-color":"","overlay-opacity":"","overlay-gradient":""},"tablet":{"background-color":"","background-image":"","background-repeat":"repeat","background-position":"center center","background-size":"auto","background-attachment":"scroll","background-type":"","background-media":"","overlay-type":"","overlay-color":"","overlay-opacity":"","overlay-gradient":""},"mobile":{"background-color":"","background-image":"","background-repeat":"repeat","background-position":"center center","background-size":"auto","background-attachment":"scroll","background-type":"","background-media":"","overlay-type":"","overlay-color":"","overlay-opacity":"","overlay-gradient":""}},"ast-content-background-meta":{"desktop":{"background-color":"var(--ast-global-color-5)","background-image":"","background-repeat":"repeat","background-position":"center center","background-size":"auto","background-attachment":"scroll","background-type":"","background-media":"","overlay-type":"","overlay-color":"","overlay-opacity":"","overlay-gradient":""},"tablet":{"background-color":"var(--ast-global-color-5)","background-image":"","background-repeat":"repeat","background-position":"center center","background-size":"auto","background-attachment":"scroll","background-type":"","background-media":"","overlay-type":"","overlay-color":"","overlay-opacity":"","overlay-gradient":""},"mobile":{"background-color":"var(--ast-global-color-5)","background-image":"","background-repeat":"repeat","background-position":"center center","background-size":"auto","background-attachment":"scroll","background-type":"","background-media":"","overlay-type":"","overlay-color":"","overlay-opacity":"","overlay-gradient":""}}},"product_brand":[3363,3364],"product_cat":[3526,3454,3452,3453,4054],"product_tag":[4055,4056,3774,1909,2661],"class_list":{"0":"post-19633","1":"product","2":"type-product","3":"status-publish","4":"has-post-thumbnail","6":"product_brand-zandstra","7":"product_brand-zanstra","8":"product_cat-blades","9":"product_cat-lames","10":"product_cat-lames-a-clip","11":"product_cat-lames-de-canal","12":"product_cat-lames-nordiques-zandstra-nis","13":"product_tag-lames-nordiques","14":"product_tag-lames-nordiques-a-clip","15":"product_tag-lames-nordiques-clip-on","16":"product_tag-zandstra","17":"product_tag-zandstra-nis","18":"desktop-align-left","19":"tablet-align-left","20":"mobile-align-left","22":"first","23":"instock","24":"sale","25":"taxable","26":"shipping-taxable","27":"purchasable","28":"product-type-simple"},"acf":[],"_links":{"self":[{"href":"https:\/\/ztsports.com\/fr\/wp-json\/wp\/v2\/product\/19633","targetHints":{"allow":["GET"]}}],"collection":[{"href":"https:\/\/ztsports.com\/fr\/wp-json\/wp\/v2\/product"}],"about":[{"href":"https:\/\/ztsports.com\/fr\/wp-json\/wp\/v2\/types\/product"}],"replies":[{"embeddable":true,"href":"https:\/\/ztsports.com\/fr\/wp-json\/wp\/v2\/comments?post=19633"}],"version-history":[{"count":1,"href":"https:\/\/ztsports.com\/fr\/wp-json\/wp\/v2\/product\/19633\/revisions"}],"predecessor-version":[{"id":19634,"href":"https:\/\/ztsports.com\/fr\/wp-json\/wp\/v2\/product\/19633\/revisions\/19634"}],"wp:featuredmedia":[{"embeddable":true,"href":"https:\/\/ztsports.com\/fr\/wp-json\/wp\/v2\/media\/19635"}],"wp:attachment":[{"href":"https:\/\/ztsports.com\/fr\/wp-json\/wp\/v2\/media?parent=19633"}],"wp:term":[{"taxonomy":"product_brand","embeddable":true,"href":"https:\/\/ztsports.com\/fr\/wp-json\/wp\/v2\/product_brand?post=19633"},{"taxonomy":"product_cat","embeddable":true,"href":"https:\/\/ztsports.com\/fr\/wp-json\/wp\/v2\/product_cat?post=19633"},{"taxonomy":"product_tag","embeddable":true,"href":"https:\/\/ztsports.com\/fr\/wp-json\/wp\/v2\/product_tag?post=19633"}],"curies":[{"name":"wp","href":"https:\/\/api.w.org\/{rel}","templated":true}]}}