{"id":19627,"date":"2022-12-01T23:14:49","date_gmt":"2022-12-01T23:14:49","guid":{"rendered":"https:\/\/ztsports.com\/?post_type=product&#038;p=19627"},"modified":"2026-02-02T19:18:35","modified_gmt":"2026-02-02T19:18:35","slug":"ehs-quantum-short-track-blade","status":"publish","type":"product","link":"https:\/\/ztsports.com\/fr\/store\/ehs-quantum-short-track-blade\/","title":{"rendered":"EHS Quantum Short Track Blade MFD Pays-Bas"},"content":{"rendered":"<h1 class=\"product-single__title\">Lame EHS Quantum Short Track<\/h1>\n<p>Les lames EHS Quantum Short Track et Alpha sont cr\u00e9\u00e9es par EHS by Staybent \u00e0 partir de nos ann\u00e9es d&#8217;exp\u00e9rience dans la fabrication des lames Evo. Il est tout aussi important d&#8217;appliquer les derni\u00e8res technologies \u00e0 la conception, \u00e0 l&#8217;ing\u00e9nierie et \u00e0 l&#8217;artisanat que nous avons acquis pour faire passer ces mod\u00e8les au niveau sup\u00e9rieur.<\/p>\n<p>Le Quantum d&#8217;EHS est con\u00e7u pour les patineurs qui pr\u00e9f\u00e8rent les sensations et le retour d&#8217;information d&#8217;une lame plus flexible. En outre, l&#8217;aluminium et l&#8217;acier sont de la plus haute qualit\u00e9 et proviennent des Pays-Bas ou d&#8217;Autriche.<\/p>\n<p>Comme pour nos mod\u00e8les X, seuls des patins en acier PM ou bi-m\u00e9tal de premi\u00e8re qualit\u00e9, s\u00e9lectionn\u00e9s \u00e0 la main, sont utilis\u00e9s dans le Quantum. En outre, toutes les \u00e9tapes du processus d&#8217;ing\u00e9nierie sont r\u00e9alis\u00e9es par Hagen Techniek aux Pays-Bas. Enfin, les gobelets sont fabriqu\u00e9s en aluminium l\u00e9ger de premi\u00e8re qualit\u00e9 et peuvent \u00eatre command\u00e9s en diff\u00e9rentes hauteurs.<\/p>\n<p class=\"subheading\"><span class=\"metafield-multi_line_text_field\">La lame courte Quantum offre une sensation de souplesse et de r\u00e9activit\u00e9 avec un rayon de courbure unique pour des virages fluides. La rigidit\u00e9 constante du tube associ\u00e9e \u00e0 une section sup\u00e9rieure rigide assure un transfert d&#8217;\u00e9nergie fiable, tandis que les piliers plus fins apportent de l&#8217;agilit\u00e9.   <\/span><\/p>\n<p class=\"subheading\"><span class=\"metafield-multi_line_text_field\">Disponible en Full PM ou en acier bi-m\u00e9tal, il allie confort et performance pour le patinage technique sur piste courte.<\/span><\/p>\n<p class=\"subheading\"><span class=\"metafield-multi_line_text_field\"><strong>Veuillez noter que les lames Quantum sont propos\u00e9es en standard en BiMetal : Les lames Quantum sont propos\u00e9es en standard en BiMetal. PM complet disponible sur demande avec un d\u00e9lai de 4 \u00e0 6 semaines. <\/strong><\/span><\/p>\n<p><strong>15.5&#8243;, 16&#8243;. 16.5&#8243;, 17&#8243;, 17.5&#8243;<\/strong><\/p>\n<p><strong>Fabriqu\u00e9 aux <a href=\"https:\/\/www.ehskates.com\/technology\" target=\"_blank\" rel=\"noopener\">Pays-Bas !<\/a><\/strong><\/p>\n<p><a href=\"https:\/\/ztsports.com\/brand\/staybent-by-ehs\/ehs\/\">Et vous pouvez voir tous les produits ESH ici.<\/a><\/p>\n<p><a href=\"https:\/\/ztsports.com\/categorie-produit\/courte-piste\/lame\/?lang=fr\">Enfin, pour voir toutes nos lames de short track, cliquez ici.<\/a><\/p>\n<h3>N&#8217;oubliez pas d&#8217;ajouter la <strong><a href=\"https:\/\/ztsports.com\/produit\/preparation-des-lames-pour-la-piste-courte\/?lang=fr\">Pr\u00e9paration de la lame.<\/a><\/strong><\/h3>\n","protected":false},"excerpt":{"rendered":"<p>Lame EHS Quantum Short Track Les lames EHS Quantum Short Track et Alpha sont cr\u00e9\u00e9es par EHS by Staybent \u00e0 partir de nos ann\u00e9es d&#8217;exp\u00e9rience dans la fabrication des lames Evo. Il est tout aussi important d&#8217;appliquer les derni\u00e8res technologies \u00e0 la conception, \u00e0 l&#8217;ing\u00e9nierie et \u00e0 l&#8217;artisanat que nous avons acquis pour faire passer [&hellip;]<\/p>\n","protected":false},"featured_media":19629,"comment_status":"open","ping_status":"closed","template":"","meta":{"_acf_changed":false,"_monsterinsights_skip_tracking":false,"_monsterinsights_sitenote_active":false,"_monsterinsights_sitenote_note":"","_monsterinsights_sitenote_category":0,"_uf_show_specific_survey":0,"_uf_disable_surveys":false,"site-sidebar-layout":"default","site-content-layout":"","ast-site-content-layout":"default","site-content-style":"default","site-sidebar-style":"default","ast-global-header-display":"","ast-banner-title-visibility":"","ast-main-header-display":"","ast-hfb-above-header-display":"","ast-hfb-below-header-display":"","ast-hfb-mobile-header-display":"","site-post-title":"","ast-breadcrumbs-content":"","ast-featured-img":"","footer-sml-layout":"","ast-disable-related-posts":"","theme-transparent-header-meta":"default","adv-header-id-meta":"","stick-header-meta":"","header-above-stick-meta":"","header-main-stick-meta":"","header-below-stick-meta":"","astra-migrate-meta-layouts":"set","ast-page-background-enabled":"default","ast-page-background-meta":{"desktop":{"background-color":"","background-image":"","background-repeat":"repeat","background-position":"center center","background-size":"auto","background-attachment":"scroll","background-type":"","background-media":"","overlay-type":"","overlay-color":"","overlay-opacity":"","overlay-gradient":""},"tablet":{"background-color":"","background-image":"","background-repeat":"repeat","background-position":"center center","background-size":"auto","background-attachment":"scroll","background-type":"","background-media":"","overlay-type":"","overlay-color":"","overlay-opacity":"","overlay-gradient":""},"mobile":{"background-color":"","background-image":"","background-repeat":"repeat","background-position":"center center","background-size":"auto","background-attachment":"scroll","background-type":"","background-media":"","overlay-type":"","overlay-color":"","overlay-opacity":"","overlay-gradient":""}},"ast-content-background-meta":{"desktop":{"background-color":"var(--ast-global-color-5)","background-image":"","background-repeat":"repeat","background-position":"center center","background-size":"auto","background-attachment":"scroll","background-type":"","background-media":"","overlay-type":"","overlay-color":"","overlay-opacity":"","overlay-gradient":""},"tablet":{"background-color":"var(--ast-global-color-5)","background-image":"","background-repeat":"repeat","background-position":"center center","background-size":"auto","background-attachment":"scroll","background-type":"","background-media":"","overlay-type":"","overlay-color":"","overlay-opacity":"","overlay-gradient":""},"mobile":{"background-color":"var(--ast-global-color-5)","background-image":"","background-repeat":"repeat","background-position":"center center","background-size":"auto","background-attachment":"scroll","background-type":"","background-media":"","overlay-type":"","overlay-color":"","overlay-opacity":"","overlay-gradient":""}}},"product_brand":[3296,3344,3346],"product_cat":[3395,3508,3619,3620,3621],"product_tag":[2650,4051,3623,4052,2652,1794,4053],"class_list":{"0":"post-19627","1":"product","2":"type-product","3":"status-publish","4":"has-post-thumbnail","6":"product_brand-ehs-2","7":"product_brand-stay-bent","8":"product_brand-staybent-by-ehs","9":"product_cat-courte-piste","10":"product_cat-lame","11":"product_cat-lames-ehs","12":"product_cat-lames-pour-piste-courte","13":"product_cat-lames-stay-bent-ehs","14":"product_tag-edward-hagen","15":"product_tag-ehs-quantum-courte-piste","16":"product_tag-lames-pour-piste-courte","17":"product_tag-lames-staybent-by-ehs-quantum-short-track","18":"product_tag-quantum","19":"product_tag-speed-skating","20":"product_tag-staybent-dehs-quantum-2","21":"desktop-align-left","22":"tablet-align-left","23":"mobile-align-left","25":"first","26":"instock","27":"featured","28":"taxable","29":"shipping-taxable","30":"purchasable","31":"product-type-simple"},"acf":[],"_links":{"self":[{"href":"https:\/\/ztsports.com\/fr\/wp-json\/wp\/v2\/product\/19627","targetHints":{"allow":["GET"]}}],"collection":[{"href":"https:\/\/ztsports.com\/fr\/wp-json\/wp\/v2\/product"}],"about":[{"href":"https:\/\/ztsports.com\/fr\/wp-json\/wp\/v2\/types\/product"}],"replies":[{"embeddable":true,"href":"https:\/\/ztsports.com\/fr\/wp-json\/wp\/v2\/comments?post=19627"}],"version-history":[{"count":1,"href":"https:\/\/ztsports.com\/fr\/wp-json\/wp\/v2\/product\/19627\/revisions"}],"predecessor-version":[{"id":19628,"href":"https:\/\/ztsports.com\/fr\/wp-json\/wp\/v2\/product\/19627\/revisions\/19628"}],"wp:featuredmedia":[{"embeddable":true,"href":"https:\/\/ztsports.com\/fr\/wp-json\/wp\/v2\/media\/19629"}],"wp:attachment":[{"href":"https:\/\/ztsports.com\/fr\/wp-json\/wp\/v2\/media?parent=19627"}],"wp:term":[{"taxonomy":"product_brand","embeddable":true,"href":"https:\/\/ztsports.com\/fr\/wp-json\/wp\/v2\/product_brand?post=19627"},{"taxonomy":"product_cat","embeddable":true,"href":"https:\/\/ztsports.com\/fr\/wp-json\/wp\/v2\/product_cat?post=19627"},{"taxonomy":"product_tag","embeddable":true,"href":"https:\/\/ztsports.com\/fr\/wp-json\/wp\/v2\/product_tag?post=19627"}],"curies":[{"name":"wp","href":"https:\/\/api.w.org\/{rel}","templated":true}]}}