{"id":19620,"date":"2021-09-23T02:49:52","date_gmt":"2021-09-23T02:49:52","guid":{"rendered":"https:\/\/ztsports.com\/?post_type=product&#038;p=19620"},"modified":"2026-04-14T15:33:47","modified_gmt":"2026-04-14T15:33:47","slug":"cintreuse-de-lames-derable","status":"publish","type":"product","link":"https:\/\/ztsports.com\/fr\/store\/cintreuse-de-lames-derable\/","title":{"rendered":"Cintreuse de lames MAPLE pour lames Short Track"},"content":{"rendered":"<h2 id=\"tw-target-text\" class=\"tw-data-text tw-text-large tw-ta\" dir=\"ltr\" data-placeholder=\"Translation\"><span class=\"Y2IQFc\" lang=\"en\">CINTREUSE DE LAMES D&#8217;\u00c9RABLE <\/span><\/h2>\n<p class=\"tw-data-text tw-text-large tw-ta\" dir=\"ltr\" data-placeholder=\"Translation\"><span class=\"Y2IQFc\" lang=\"en\">Cette machine \u00e0 cintrer les lames en \u00e9rable vous permettra de cintrer vos lames ST et LT en fonction des besoins de votre club ou de votre personne. <\/span><\/p>\n<p class=\"tw-data-text tw-text-large tw-ta\" dir=\"ltr\" data-placeholder=\"Translation\"><span class=\"Y2IQFc\" lang=\"en\">Cet outil est indispensable pour les patineurs avanc\u00e9s, les entra\u00eeneurs et les responsables de l&#8217;\u00e9quipement des clubs. <\/span><\/p>\n<p class=\"tw-data-text tw-text-large tw-ta\" dir=\"ltr\" data-placeholder=\"Translation\"><span class=\"Y2IQFc\" lang=\"en\">Fabriqu\u00e9e en aluminium de qualit\u00e9 sup\u00e9rieure, cette cintreuse est incroyablement robuste et durable. <\/span><\/p>\n<p dir=\"ltr\" data-placeholder=\"Translation\">Le fait d&#8217;avoir une courbure et une inclinaison correctes donne au patineur la meilleure chance de progresser et d&#8217;avancer dans le sport du patinage de vitesse sur courte piste et sur longue piste.<\/p>\n<p class=\"tw-data-text tw-text-large tw-ta\" dir=\"ltr\" data-placeholder=\"Translation\"><span class=\"Y2IQFc\" lang=\"en\">Vous pouvez voir ici une vid\u00e9o sur le <a href=\"https:\/\/www.youtube.com\/watch?v=Wcjvgt_6sKg\" target=\"_blank\" rel=\"noopener\">pliage et le contr\u00f4le des lames.<\/a> <\/span><\/p>\n<p class=\"tw-data-text tw-text-large tw-ta\" dir=\"ltr\" data-placeholder=\"Translation\"><span class=\"Y2IQFc\" lang=\"en\">D\u00e9couvrez tous nos <a href=\"https:\/\/ztsports.com\/product-category\/sharpening\/benders-and-gages-sharpening\/\"><strong>outils d&#8217;entretien des lames de cintrage.<\/strong><\/a><\/span><\/p>\n","protected":false},"excerpt":{"rendered":"<p>CINTREUSE DE LAMES D&#8217;\u00c9RABLE Cette machine \u00e0 cintrer les lames en \u00e9rable vous permettra de cintrer vos lames ST et LT en fonction des besoins de votre club ou de votre personne. Cet outil est indispensable pour les patineurs avanc\u00e9s, les entra\u00eeneurs et les responsables de l&#8217;\u00e9quipement des clubs. Fabriqu\u00e9e en aluminium de qualit\u00e9 sup\u00e9rieure, [&hellip;]<\/p>\n","protected":false},"featured_media":19622,"comment_status":"open","ping_status":"closed","template":"","meta":{"_acf_changed":false,"_monsterinsights_skip_tracking":false,"_monsterinsights_sitenote_active":false,"_monsterinsights_sitenote_note":"","_monsterinsights_sitenote_category":0,"_uf_show_specific_survey":0,"_uf_disable_surveys":false,"site-sidebar-layout":"default","site-content-layout":"","ast-site-content-layout":"default","site-content-style":"default","site-sidebar-style":"default","ast-global-header-display":"","ast-banner-title-visibility":"","ast-main-header-display":"","ast-hfb-above-header-display":"","ast-hfb-below-header-display":"","ast-hfb-mobile-header-display":"","site-post-title":"","ast-breadcrumbs-content":"","ast-featured-img":"","footer-sml-layout":"","ast-disable-related-posts":"","theme-transparent-header-meta":"default","adv-header-id-meta":"","stick-header-meta":"","header-above-stick-meta":"","header-main-stick-meta":"","header-below-stick-meta":"","astra-migrate-meta-layouts":"set","ast-page-background-enabled":"default","ast-page-background-meta":{"desktop":{"background-color":"","background-image":"","background-repeat":"repeat","background-position":"center center","background-size":"auto","background-attachment":"scroll","background-type":"","background-media":"","overlay-type":"","overlay-color":"","overlay-opacity":"","overlay-gradient":""},"tablet":{"background-color":"","background-image":"","background-repeat":"repeat","background-position":"center center","background-size":"auto","background-attachment":"scroll","background-type":"","background-media":"","overlay-type":"","overlay-color":"","overlay-opacity":"","overlay-gradient":""},"mobile":{"background-color":"","background-image":"","background-repeat":"repeat","background-position":"center center","background-size":"auto","background-attachment":"scroll","background-type":"","background-media":"","overlay-type":"","overlay-color":"","overlay-opacity":"","overlay-gradient":""}},"ast-content-background-meta":{"desktop":{"background-color":"var(--ast-global-color-5)","background-image":"","background-repeat":"repeat","background-position":"center center","background-size":"auto","background-attachment":"scroll","background-type":"","background-media":"","overlay-type":"","overlay-color":"","overlay-opacity":"","overlay-gradient":""},"tablet":{"background-color":"var(--ast-global-color-5)","background-image":"","background-repeat":"repeat","background-position":"center center","background-size":"auto","background-attachment":"scroll","background-type":"","background-media":"","overlay-type":"","overlay-color":"","overlay-opacity":"","overlay-gradient":""},"mobile":{"background-color":"var(--ast-global-color-5)","background-image":"","background-repeat":"repeat","background-position":"center center","background-size":"auto","background-attachment":"scroll","background-type":"","background-media":"","overlay-type":"","overlay-color":"","overlay-opacity":"","overlay-gradient":""}}},"product_brand":[3318,3319],"product_cat":[3600],"product_tag":[3601,3516,3427,3623,2354],"class_list":{"0":"post-19620","1":"product","2":"type-product","3":"status-publish","4":"has-post-thumbnail","6":"product_brand-maple","7":"product_brand-maplez","8":"product_cat-cintreuses-et-jauges","9":"product_tag-cintreuse-de-lames","10":"product_tag-entretien-des-lames","11":"product_tag-equipement-de-patinage-de-vitesse","12":"product_tag-lames-pour-piste-courte","13":"product_tag-skate-tek","14":"desktop-align-left","15":"tablet-align-left","16":"mobile-align-left","18":"first","19":"instock","20":"sale","21":"taxable","22":"shipping-taxable","23":"purchasable","24":"product-type-simple"},"acf":[],"_links":{"self":[{"href":"https:\/\/ztsports.com\/fr\/wp-json\/wp\/v2\/product\/19620","targetHints":{"allow":["GET"]}}],"collection":[{"href":"https:\/\/ztsports.com\/fr\/wp-json\/wp\/v2\/product"}],"about":[{"href":"https:\/\/ztsports.com\/fr\/wp-json\/wp\/v2\/types\/product"}],"replies":[{"embeddable":true,"href":"https:\/\/ztsports.com\/fr\/wp-json\/wp\/v2\/comments?post=19620"}],"version-history":[{"count":2,"href":"https:\/\/ztsports.com\/fr\/wp-json\/wp\/v2\/product\/19620\/revisions"}],"predecessor-version":[{"id":25442,"href":"https:\/\/ztsports.com\/fr\/wp-json\/wp\/v2\/product\/19620\/revisions\/25442"}],"wp:featuredmedia":[{"embeddable":true,"href":"https:\/\/ztsports.com\/fr\/wp-json\/wp\/v2\/media\/19622"}],"wp:attachment":[{"href":"https:\/\/ztsports.com\/fr\/wp-json\/wp\/v2\/media?parent=19620"}],"wp:term":[{"taxonomy":"product_brand","embeddable":true,"href":"https:\/\/ztsports.com\/fr\/wp-json\/wp\/v2\/product_brand?post=19620"},{"taxonomy":"product_cat","embeddable":true,"href":"https:\/\/ztsports.com\/fr\/wp-json\/wp\/v2\/product_cat?post=19620"},{"taxonomy":"product_tag","embeddable":true,"href":"https:\/\/ztsports.com\/fr\/wp-json\/wp\/v2\/product_tag?post=19620"}],"curies":[{"name":"wp","href":"https:\/\/api.w.org\/{rel}","templated":true}]}}