{"id":19616,"date":"2021-09-23T02:48:17","date_gmt":"2021-09-23T02:48:17","guid":{"rendered":"https:\/\/ztsports.com\/?post_type=product&#038;p=19616"},"modified":"2026-04-14T15:25:43","modified_gmt":"2026-04-14T15:25:43","slug":"sec-protege-cou","status":"publish","type":"product","link":"https:\/\/ztsports.com\/fr\/store\/sec-protege-cou\/","title":{"rendered":"SEC Prot\u00e8ge-cou"},"content":{"rendered":"<h1 id=\"tw-target-text\" class=\"tw-data-text tw-text-large tw-ta\" dir=\"ltr\" data-placeholder=\"Translation\"><span class=\"Y2IQFc\" lang=\"en\">SEC Prot\u00e8ge-cou<\/span><\/h1>\n<p><span class=\"Y2IQFc\" lang=\"en\">Le prot\u00e8ge-cou SEC est en Kevlar Schoeller Keprotec. <\/span><\/p>\n<p><span class=\"Y2IQFc\" lang=\"en\">Ce col Garde souple et donc tr\u00e8s r\u00e9sistant aux coupures. Ext\u00e9rieur luxueux en microfibre douce. <\/span><\/p>\n<p><span class=\"Y2IQFc\" lang=\"en\"> Coupe extr\u00eamement confortable avec un<strong> collier enveloppant<\/strong> dot\u00e9 d&#8217;une protection en Kevlar. <\/span><span class=\"Y2IQFc\" lang=\"en\">Double fermeture velcro pour une meilleure tenue et un ajustement parfait. <\/span><\/p>\n<p><span class=\"Y2IQFc\" lang=\"en\">Un prot\u00e8ge-cou de premi\u00e8re qualit\u00e9.<\/span> Le meilleur achat en mati\u00e8re de prot\u00e8ge-cou. En outre, un \u00e9l\u00e9ment obligatoire pour le patinage de vitesse sur piste courte.<\/p>\n<p>SEC Prot\u00e8ge-cou<\/p>\n<p><strong><span class=\"Y2IQFc\" lang=\"en\">Doit \u00eatre not\u00e9 FPVQ <a href=\"https:\/\/www.ontariospeedskating.ca\/safety-equipment\" target=\"_blank\" rel=\"noopener\">OSSA : Accessoire obligatoire<\/a> en comp\u00e9tition.<\/span><\/strong><\/p>\n<p dir=\"ltr\" data-placeholder=\"Translation\">Enfin, la s\u00e9lection compl\u00e8te <a href=\"https:\/\/ztsports.com\/product-category\/protection\/neck-guards\/\"><strong>s\u00e9lection de prot\u00e8ge-cou<\/strong><\/a> se trouve ici.<\/p>\n","protected":false},"excerpt":{"rendered":"<p>SEC Prot\u00e8ge-cou Le prot\u00e8ge-cou SEC est en Kevlar Schoeller Keprotec. Ce col Garde souple et donc tr\u00e8s r\u00e9sistant aux coupures. Ext\u00e9rieur luxueux en microfibre douce. Coupe extr\u00eamement confortable avec un collier enveloppant dot\u00e9 d&#8217;une protection en Kevlar. Double fermeture velcro pour une meilleure tenue et un ajustement parfait. Un prot\u00e8ge-cou de premi\u00e8re qualit\u00e9. Le meilleur [&hellip;]<\/p>\n","protected":false},"featured_media":19618,"comment_status":"open","ping_status":"closed","template":"","meta":{"_acf_changed":false,"_monsterinsights_skip_tracking":false,"_monsterinsights_sitenote_active":false,"_monsterinsights_sitenote_note":"","_monsterinsights_sitenote_category":0,"_uf_show_specific_survey":0,"_uf_disable_surveys":false,"site-sidebar-layout":"default","site-content-layout":"","ast-site-content-layout":"default","site-content-style":"default","site-sidebar-style":"default","ast-global-header-display":"","ast-banner-title-visibility":"","ast-main-header-display":"","ast-hfb-above-header-display":"","ast-hfb-below-header-display":"","ast-hfb-mobile-header-display":"","site-post-title":"","ast-breadcrumbs-content":"","ast-featured-img":"","footer-sml-layout":"","ast-disable-related-posts":"","theme-transparent-header-meta":"default","adv-header-id-meta":"","stick-header-meta":"","header-above-stick-meta":"","header-main-stick-meta":"","header-below-stick-meta":"","astra-migrate-meta-layouts":"set","ast-page-background-enabled":"default","ast-page-background-meta":{"desktop":{"background-color":"","background-image":"","background-repeat":"repeat","background-position":"center center","background-size":"auto","background-attachment":"scroll","background-type":"","background-media":"","overlay-type":"","overlay-color":"","overlay-opacity":"","overlay-gradient":""},"tablet":{"background-color":"","background-image":"","background-repeat":"repeat","background-position":"center center","background-size":"auto","background-attachment":"scroll","background-type":"","background-media":"","overlay-type":"","overlay-color":"","overlay-opacity":"","overlay-gradient":""},"mobile":{"background-color":"","background-image":"","background-repeat":"repeat","background-position":"center center","background-size":"auto","background-attachment":"scroll","background-type":"","background-media":"","overlay-type":"","overlay-color":"","overlay-opacity":"","overlay-gradient":""}},"ast-content-background-meta":{"desktop":{"background-color":"var(--ast-global-color-5)","background-image":"","background-repeat":"repeat","background-position":"center center","background-size":"auto","background-attachment":"scroll","background-type":"","background-media":"","overlay-type":"","overlay-color":"","overlay-opacity":"","overlay-gradient":""},"tablet":{"background-color":"var(--ast-global-color-5)","background-image":"","background-repeat":"repeat","background-position":"center center","background-size":"auto","background-attachment":"scroll","background-type":"","background-media":"","overlay-type":"","overlay-color":"","overlay-opacity":"","overlay-gradient":""},"mobile":{"background-color":"var(--ast-global-color-5)","background-image":"","background-repeat":"repeat","background-position":"center center","background-size":"auto","background-attachment":"scroll","background-type":"","background-media":"","overlay-type":"","overlay-color":"","overlay-opacity":"","overlay-gradient":""}}},"product_brand":[4344,3361,3358,3360],"product_cat":[3395,3818,3981,3980],"product_tag":[4049,2334,2843,4050,2337],"class_list":{"0":"post-19616","1":"product","2":"type-product","3":"status-publish","4":"has-post-thumbnail","6":"product_brand-accessoires-short-track","7":"product_brand-x-series-xact","8":"product_brand-x-series","9":"product_brand-xact","10":"product_cat-courte-piste","11":"product_cat-protege-cou","13":"product_cat-protege-cou-short-track","14":"product_tag-avec-bavette","15":"product_tag-keprotec-kevlar","16":"product_tag-protege-cou","17":"product_tag-protege-cou-short-track","18":"product_tag-sec","19":"desktop-align-left","20":"tablet-align-left","21":"mobile-align-left","23":"first","24":"instock","25":"taxable","26":"shipping-taxable","27":"purchasable","28":"product-type-simple"},"acf":[],"_links":{"self":[{"href":"https:\/\/ztsports.com\/fr\/wp-json\/wp\/v2\/product\/19616","targetHints":{"allow":["GET"]}}],"collection":[{"href":"https:\/\/ztsports.com\/fr\/wp-json\/wp\/v2\/product"}],"about":[{"href":"https:\/\/ztsports.com\/fr\/wp-json\/wp\/v2\/types\/product"}],"replies":[{"embeddable":true,"href":"https:\/\/ztsports.com\/fr\/wp-json\/wp\/v2\/comments?post=19616"}],"version-history":[{"count":1,"href":"https:\/\/ztsports.com\/fr\/wp-json\/wp\/v2\/product\/19616\/revisions"}],"predecessor-version":[{"id":19617,"href":"https:\/\/ztsports.com\/fr\/wp-json\/wp\/v2\/product\/19616\/revisions\/19617"}],"wp:featuredmedia":[{"embeddable":true,"href":"https:\/\/ztsports.com\/fr\/wp-json\/wp\/v2\/media\/19618"}],"wp:attachment":[{"href":"https:\/\/ztsports.com\/fr\/wp-json\/wp\/v2\/media?parent=19616"}],"wp:term":[{"taxonomy":"product_brand","embeddable":true,"href":"https:\/\/ztsports.com\/fr\/wp-json\/wp\/v2\/product_brand?post=19616"},{"taxonomy":"product_cat","embeddable":true,"href":"https:\/\/ztsports.com\/fr\/wp-json\/wp\/v2\/product_cat?post=19616"},{"taxonomy":"product_tag","embeddable":true,"href":"https:\/\/ztsports.com\/fr\/wp-json\/wp\/v2\/product_tag?post=19616"}],"curies":[{"name":"wp","href":"https:\/\/api.w.org\/{rel}","templated":true}]}}