{"id":19609,"date":"2021-09-23T02:48:15","date_gmt":"2021-09-23T02:48:15","guid":{"rendered":"https:\/\/ztsports.com\/?post_type=product&#038;p=19609"},"modified":"2026-04-14T16:09:25","modified_gmt":"2026-04-14T16:09:25","slug":"gabarit-daffutage-bont-pro","status":"publish","type":"product","link":"https:\/\/ztsports.com\/fr\/store\/gabarit-daffutage-bont-pro\/","title":{"rendered":"Gabarit d&#8217;aff\u00fbtage Bont Pro pour les pistes courtes et longues NOUVEAU"},"content":{"rendered":"<p><strong>Le gabarit d&#8217;aff\u00fbtage Bont Pro <\/strong> <span class=\"Y2IQFc\" lang=\"en\">est con\u00e7u pour s&#8217;adapter \u00e0 toutes les marques de lames pr\u00e9sentes sur le march\u00e9. C&#8217;est le seul gabarit dont vous aurez besoin. <\/span><\/p>\n<p><span class=\"Y2IQFc\" lang=\"en\">Le gabarit d&#8217;aff\u00fbtage professionnel pour les lames courtes et longues a \u00e9t\u00e9 con\u00e7u \u00e0 Montr\u00e9al, au Canada, par Ga\u00ebl Doucet-Gagnon et fabriqu\u00e9 par Bont Skates.<\/span><\/p>\n<h3 class=\"tw-data-text tw-text-large tw-ta\" dir=\"ltr\" data-placeholder=\"Translation\"><span class=\"Y2IQFc\" lang=\"en\">Gabarit d&#8217;aff\u00fbtage Bont Pro <\/span><\/h3>\n<p><span class=\"Y2IQFc\" lang=\"en\">En outre, il est extr\u00eamement l\u00e9ger, solide et compact. De plus, il n&#8217;affectera pas la courbure de vos lames lors de l&#8217;aff\u00fbtage. <\/span><\/p>\n<p><span class=\"Y2IQFc\" lang=\"en\">Enfin, il est facile \u00e0 monter et \u00e0 d\u00e9monter. Id\u00e9al si vous vous rendez \u00e0 des comp\u00e9titions dans votre r\u00e9gion ou dans le monde entier. Fabriqu\u00e9 en alliage d&#8217;aluminium 6061, le gabarit d&#8217;aff\u00fbtage Bont pro est un excellent achat.<\/span><\/p>\n<p>Le gabarit d&#8217;aff\u00fbtage Bont Short Track par Gael Doucet-Gagnon.<\/p>\n<p>Ce gabarit d&#8217;aff\u00fbtage fonctionne pour les lames courtes et longues. Le gabarit est fabriqu\u00e9 en aluminium l\u00e9ger pour que vous puissiez l&#8217;emballer et le transporter lors des rencontres de patinage. Il maintient la lame \u00e0 l&#8217;aide d&#8217;une plaque incurv\u00e9e qui ne d\u00e9formera pas vos lames. Les pieds sont en caoutchouc antid\u00e9rapant. La tige est num\u00e9rot\u00e9e pour que vous sachiez \u00e0 quelle longueur faire le gabarit pour chaque longueur de lame. Le gabarit d&#8217;aff\u00fbtage Bont offre une plateforme tr\u00e8s stable pour l&#8217;aff\u00fbtage de vos patins. Il est livr\u00e9 avec deux plaques de nivellement qui garantissent que vos lames sont de niveau avant l&#8217;aff\u00fbtage.<\/p>\n<p>Vous pouvez en savoir plus sur le gabarit dans cet article de blog de Gael Doucet-Gagnon :<br \/>\n<a title=\"Blog Post\" href=\"https:\/\/bont.com\/blogs\/new-skate-products\/bont-sharpening-jig-for-speed-skates\" target=\"_blank\" rel=\"noopener\">Sharpening jig for speed skates<\/a><\/p>\n<p><strong>Caract\u00e9ristiques :<\/strong><\/p>\n<p>&#8211; Pieds antid\u00e9rapants<br \/>\n&#8211; L\u00e9ger<br \/>\n&#8211; Durable<br \/>\n&#8211; Supports de lame incurv\u00e9s<br \/>\n&#8211; Plaques de mise \u00e0 niveau doubles<br \/>\n&#8211; Longueur 45cm* Largeur 23cm* Hauteur 19cm<br \/>\n&#8211; Poids 1.91KG<\/p>\n<h4 id=\"tw-target-text\" class=\"tw-data-text tw-text-large tw-ta\" dir=\"ltr\" data-placeholder=\"Translation\"><a href=\"https:\/\/www.youtube.com\/watch?v=6mu5w7rdrL0\" target=\"_blank\" rel=\"noopener\"><span class=\"Y2IQFc\" lang=\"en\"><strong>En outre, un didacticiel sur l&#8217;aff\u00fbtage.<\/strong> <\/span><\/a><\/h4>\n<h4 class=\"tw-data-text tw-text-large tw-ta\" dir=\"ltr\" data-placeholder=\"Translation\"><a href=\"https:\/\/www.youtube.com\/watch?v=6mu5w7rdrL0\" target=\"_blank\" rel=\"noopener\"><span class=\"Y2IQFc\" lang=\"en\">Pour tout votre \u00e9quipement de patinage de vitesse. Ici.<\/span><\/a><\/h4>\n<p><span class=\"Y2IQFc\" lang=\"en\"><a href=\"https:\/\/ztsports.com\/categorie-produit\/aiguisage\/support\/?lang=fr\"><strong>Enfin, vous pouvez voir tous nos gabarits et kits ici.<\/strong><\/a><\/span><\/p>\n","protected":false},"excerpt":{"rendered":"<p>Le gabarit d&#8217;aff\u00fbtage Bont Pro est con\u00e7u pour s&#8217;adapter \u00e0 toutes les marques de lames pr\u00e9sentes sur le march\u00e9. C&#8217;est le seul gabarit dont vous aurez besoin. Le gabarit d&#8217;aff\u00fbtage professionnel pour les lames courtes et longues a \u00e9t\u00e9 con\u00e7u \u00e0 Montr\u00e9al, au Canada, par Ga\u00ebl Doucet-Gagnon et fabriqu\u00e9 par Bont Skates. Gabarit d&#8217;aff\u00fbtage Bont [&hellip;]<\/p>\n","protected":false},"featured_media":19611,"comment_status":"open","ping_status":"closed","template":"","meta":{"_acf_changed":false,"_monsterinsights_skip_tracking":false,"_monsterinsights_sitenote_active":false,"_monsterinsights_sitenote_note":"","_monsterinsights_sitenote_category":0,"_uf_show_specific_survey":0,"_uf_disable_surveys":false,"site-sidebar-layout":"default","site-content-layout":"","ast-site-content-layout":"default","site-content-style":"default","site-sidebar-style":"default","ast-global-header-display":"","ast-banner-title-visibility":"","ast-main-header-display":"","ast-hfb-above-header-display":"","ast-hfb-below-header-display":"","ast-hfb-mobile-header-display":"","site-post-title":"","ast-breadcrumbs-content":"","ast-featured-img":"","footer-sml-layout":"","ast-disable-related-posts":"","theme-transparent-header-meta":"default","adv-header-id-meta":"","stick-header-meta":"","header-above-stick-meta":"","header-main-stick-meta":"","header-below-stick-meta":"","astra-migrate-meta-layouts":"set","ast-page-background-enabled":"default","ast-page-background-meta":{"desktop":{"background-color":"","background-image":"","background-repeat":"repeat","background-position":"center center","background-size":"auto","background-attachment":"scroll","background-type":"","background-media":"","overlay-type":"","overlay-color":"","overlay-opacity":"","overlay-gradient":""},"tablet":{"background-color":"","background-image":"","background-repeat":"repeat","background-position":"center center","background-size":"auto","background-attachment":"scroll","background-type":"","background-media":"","overlay-type":"","overlay-color":"","overlay-opacity":"","overlay-gradient":""},"mobile":{"background-color":"","background-image":"","background-repeat":"repeat","background-position":"center center","background-size":"auto","background-attachment":"scroll","background-type":"","background-media":"","overlay-type":"","overlay-color":"","overlay-opacity":"","overlay-gradient":""}},"ast-content-background-meta":{"desktop":{"background-color":"var(--ast-global-color-5)","background-image":"","background-repeat":"repeat","background-position":"center center","background-size":"auto","background-attachment":"scroll","background-type":"","background-media":"","overlay-type":"","overlay-color":"","overlay-opacity":"","overlay-gradient":""},"tablet":{"background-color":"var(--ast-global-color-5)","background-image":"","background-repeat":"repeat","background-position":"center center","background-size":"auto","background-attachment":"scroll","background-type":"","background-media":"","overlay-type":"","overlay-color":"","overlay-opacity":"","overlay-gradient":""},"mobile":{"background-color":"var(--ast-global-color-5)","background-image":"","background-repeat":"repeat","background-position":"center center","background-size":"auto","background-attachment":"scroll","background-type":"","background-media":"","overlay-type":"","overlay-color":"","overlay-opacity":"","overlay-gradient":""}}},"product_brand":[3285],"product_cat":[3396,3393,3514,3772,3394,3397],"product_tag":[3799,2328,2329,3610,3516,3488,3611,2330,2070],"class_list":{"0":"post-19609","1":"product","2":"type-product","3":"status-publish","4":"has-post-thumbnail","6":"product_brand-bont","7":"product_cat-accessories","8":"product_cat-aiguisage","9":"product_cat-entretien-des-lames","10":"product_cat-gabarits-daffutage","11":"product_cat-kits-de-gabarits","12":"product_cat-support","13":"product_tag-bont","14":"product_tag-bont-jig","15":"product_tag-bont-pro-jig","16":"product_tag-cadre-daffutage","17":"product_tag-entretien-des-lames","18":"product_tag-equipement-daffutage","19":"product_tag-gabarit-daffutage","20":"product_tag-pro-jig","21":"product_tag-speed-skate-jig","22":"desktop-align-left","23":"tablet-align-left","24":"mobile-align-left","26":"first","27":"instock","28":"taxable","29":"shipping-taxable","30":"purchasable","31":"product-type-simple"},"acf":[],"_links":{"self":[{"href":"https:\/\/ztsports.com\/fr\/wp-json\/wp\/v2\/product\/19609","targetHints":{"allow":["GET"]}}],"collection":[{"href":"https:\/\/ztsports.com\/fr\/wp-json\/wp\/v2\/product"}],"about":[{"href":"https:\/\/ztsports.com\/fr\/wp-json\/wp\/v2\/types\/product"}],"replies":[{"embeddable":true,"href":"https:\/\/ztsports.com\/fr\/wp-json\/wp\/v2\/comments?post=19609"}],"version-history":[{"count":3,"href":"https:\/\/ztsports.com\/fr\/wp-json\/wp\/v2\/product\/19609\/revisions"}],"predecessor-version":[{"id":25441,"href":"https:\/\/ztsports.com\/fr\/wp-json\/wp\/v2\/product\/19609\/revisions\/25441"}],"wp:featuredmedia":[{"embeddable":true,"href":"https:\/\/ztsports.com\/fr\/wp-json\/wp\/v2\/media\/19611"}],"wp:attachment":[{"href":"https:\/\/ztsports.com\/fr\/wp-json\/wp\/v2\/media?parent=19609"}],"wp:term":[{"taxonomy":"product_brand","embeddable":true,"href":"https:\/\/ztsports.com\/fr\/wp-json\/wp\/v2\/product_brand?post=19609"},{"taxonomy":"product_cat","embeddable":true,"href":"https:\/\/ztsports.com\/fr\/wp-json\/wp\/v2\/product_cat?post=19609"},{"taxonomy":"product_tag","embeddable":true,"href":"https:\/\/ztsports.com\/fr\/wp-json\/wp\/v2\/product_tag?post=19609"}],"curies":[{"name":"wp","href":"https:\/\/api.w.org\/{rel}","templated":true}]}}