{"id":19603,"date":"2021-11-09T11:49:15","date_gmt":"2021-11-09T11:49:15","guid":{"rendered":"https:\/\/ztsports.com\/?post_type=product&#038;p=19603"},"modified":"2026-02-02T19:24:44","modified_gmt":"2026-02-02T19:24:44","slug":"protege-lame-en-tissu-mysok","status":"publish","type":"product","link":"https:\/\/ztsports.com\/fr\/store\/protege-lame-en-tissu-mysok\/","title":{"rendered":"Prot\u00e8ge-lame en tissu MYSOK \/ FABRIC BLADE GUARD CDN Made"},"content":{"rendered":"<h1>MYSOK FABRIC BLADE GUARD CDN Made<\/h1>\n<p>Prot\u00e8ge-lame en tissu MYSOK fabriqu\u00e9 au Canada par un membre de l&#8217;\u00e9quipe canadienne de short track. SOK est une entreprise montr\u00e9alaise fond\u00e9e par deux athl\u00e8tes d\u00e9sireux d&#8217;apporter du style au patinage.<\/p>\n<p>Notre objectif est d&#8217;offrir un produit qui permet \u00e0 l&#8217;athl\u00e8te d&#8217;exprimer sa cr\u00e9ativit\u00e9 et sa personnalit\u00e9. Chaque SOK est fabriqu\u00e9 \u00e0 la main Un prot\u00e8ge-lame est essentiel pour s&#8217;assurer que votre carre dure le plus longtemps possible.<\/p>\n<p>Prot\u00e8ge-lame en tissu MYSOK<\/p>\n<p><b>Les soft skate soakers permettent de s\u00e9cher et de prot\u00e9ger vos lames lorsque vous avez fini de patiner<\/b>. Une autre bonne habitude pour tous les patineurs, lorsque vous avez fini de patiner, est d&#8217;essuyer les lames pour enlever la neige et l&#8217;eau. N&#8217;importe quel essuie-mains fait l&#8217;affaire.<\/p>\n<p>Veillez \u00e0 ne pas vous couper sur les bords inf\u00e9rieurs, car ils sont tranchants. Gardez les lames d\u00e9couvertes dans votre sac ou procurez-vous une paire de &#8220;soakers&#8221;.<\/p>\n<p>Les trempes absorbent l&#8217;humidit\u00e9 sur vos lames et les emp\u00eachent de rouiller. La rouille sur les lames est brune et \u00e9caill\u00e9e, elle \u00e9mousse vos patins et les rend dangereux \u00e0 utiliser.<\/p>\n<p><strong>Voir tous les <a href=\"https:\/\/ztsports.com\/brand\/mysok\/\">produits MYSOK<\/a> ici.<\/strong><\/p>\n","protected":false},"excerpt":{"rendered":"<p>MYSOK FABRIC BLADE GUARD CDN Made Prot\u00e8ge-lame en tissu MYSOK fabriqu\u00e9 au Canada par un membre de l&#8217;\u00e9quipe canadienne de short track. SOK est une entreprise montr\u00e9alaise fond\u00e9e par deux athl\u00e8tes d\u00e9sireux d&#8217;apporter du style au patinage. Notre objectif est d&#8217;offrir un produit qui permet \u00e0 l&#8217;athl\u00e8te d&#8217;exprimer sa cr\u00e9ativit\u00e9 et sa personnalit\u00e9. Chaque SOK [&hellip;]<\/p>\n","protected":false},"featured_media":19605,"comment_status":"open","ping_status":"closed","template":"","meta":{"_acf_changed":false,"_monsterinsights_skip_tracking":false,"_monsterinsights_sitenote_active":false,"_monsterinsights_sitenote_note":"","_monsterinsights_sitenote_category":0,"_uf_show_specific_survey":0,"_uf_disable_surveys":false,"site-sidebar-layout":"default","site-content-layout":"","ast-site-content-layout":"default","site-content-style":"default","site-sidebar-style":"default","ast-global-header-display":"","ast-banner-title-visibility":"","ast-main-header-display":"","ast-hfb-above-header-display":"","ast-hfb-below-header-display":"","ast-hfb-mobile-header-display":"","site-post-title":"","ast-breadcrumbs-content":"","ast-featured-img":"","footer-sml-layout":"","ast-disable-related-posts":"","theme-transparent-header-meta":"default","adv-header-id-meta":"","stick-header-meta":"","header-above-stick-meta":"","header-main-stick-meta":"","header-below-stick-meta":"","astra-migrate-meta-layouts":"set","ast-page-background-enabled":"default","ast-page-background-meta":{"desktop":{"background-color":"","background-image":"","background-repeat":"repeat","background-position":"center center","background-size":"auto","background-attachment":"scroll","background-type":"","background-media":"","overlay-type":"","overlay-color":"","overlay-opacity":"","overlay-gradient":""},"tablet":{"background-color":"","background-image":"","background-repeat":"repeat","background-position":"center center","background-size":"auto","background-attachment":"scroll","background-type":"","background-media":"","overlay-type":"","overlay-color":"","overlay-opacity":"","overlay-gradient":""},"mobile":{"background-color":"","background-image":"","background-repeat":"repeat","background-position":"center center","background-size":"auto","background-attachment":"scroll","background-type":"","background-media":"","overlay-type":"","overlay-color":"","overlay-opacity":"","overlay-gradient":""}},"ast-content-background-meta":{"desktop":{"background-color":"var(--ast-global-color-5)","background-image":"","background-repeat":"repeat","background-position":"center center","background-size":"auto","background-attachment":"scroll","background-type":"","background-media":"","overlay-type":"","overlay-color":"","overlay-opacity":"","overlay-gradient":""},"tablet":{"background-color":"var(--ast-global-color-5)","background-image":"","background-repeat":"repeat","background-position":"center center","background-size":"auto","background-attachment":"scroll","background-type":"","background-media":"","overlay-type":"","overlay-color":"","overlay-opacity":"","overlay-gradient":""},"mobile":{"background-color":"var(--ast-global-color-5)","background-image":"","background-repeat":"repeat","background-position":"center center","background-size":"auto","background-attachment":"scroll","background-type":"","background-media":"","overlay-type":"","overlay-color":"","overlay-opacity":"","overlay-gradient":""}}},"product_brand":[3366],"product_cat":[3455],"product_tag":[4046,4047,2480,4048,3512,2384],"class_list":{"0":"post-19603","1":"product","2":"type-product","3":"status-publish","4":"has-post-thumbnail","6":"product_brand-mysok","7":"product_cat-accessories","8":"product_tag-cdn-fait","9":"product_tag-chaussettes-a-lame","10":"product_tag-mysok","11":"product_tag-protection-des-lames","12":"product_tag-trempes-a-lames","13":"product_tag-woofies","14":"desktop-align-left","15":"tablet-align-left","16":"mobile-align-left","18":"first","19":"instock","20":"sale","21":"taxable","22":"shipping-taxable","23":"purchasable","24":"product-type-simple"},"acf":[],"_links":{"self":[{"href":"https:\/\/ztsports.com\/fr\/wp-json\/wp\/v2\/product\/19603","targetHints":{"allow":["GET"]}}],"collection":[{"href":"https:\/\/ztsports.com\/fr\/wp-json\/wp\/v2\/product"}],"about":[{"href":"https:\/\/ztsports.com\/fr\/wp-json\/wp\/v2\/types\/product"}],"replies":[{"embeddable":true,"href":"https:\/\/ztsports.com\/fr\/wp-json\/wp\/v2\/comments?post=19603"}],"version-history":[{"count":1,"href":"https:\/\/ztsports.com\/fr\/wp-json\/wp\/v2\/product\/19603\/revisions"}],"predecessor-version":[{"id":19604,"href":"https:\/\/ztsports.com\/fr\/wp-json\/wp\/v2\/product\/19603\/revisions\/19604"}],"wp:featuredmedia":[{"embeddable":true,"href":"https:\/\/ztsports.com\/fr\/wp-json\/wp\/v2\/media\/19605"}],"wp:attachment":[{"href":"https:\/\/ztsports.com\/fr\/wp-json\/wp\/v2\/media?parent=19603"}],"wp:term":[{"taxonomy":"product_brand","embeddable":true,"href":"https:\/\/ztsports.com\/fr\/wp-json\/wp\/v2\/product_brand?post=19603"},{"taxonomy":"product_cat","embeddable":true,"href":"https:\/\/ztsports.com\/fr\/wp-json\/wp\/v2\/product_cat?post=19603"},{"taxonomy":"product_tag","embeddable":true,"href":"https:\/\/ztsports.com\/fr\/wp-json\/wp\/v2\/product_tag?post=19603"}],"curies":[{"name":"wp","href":"https:\/\/api.w.org\/{rel}","templated":true}]}}