{"id":19598,"date":"2021-09-23T02:43:35","date_gmt":"2021-09-23T02:43:35","guid":{"rendered":"https:\/\/ztsports.com\/?post_type=product&#038;p=19598"},"modified":"2026-02-02T20:08:05","modified_gmt":"2026-02-02T20:08:05","slug":"bont-patriot-ultrasprint-package","status":"publish","type":"product","link":"https:\/\/ztsports.com\/fr\/store\/bont-patriot-ultrasprint-package\/","title":{"rendered":"Bont Patriot Ultrasprint Package Super Sale"},"content":{"rendered":"<h1 id=\"tw-target-text\" class=\"tw-data-text tw-text-large tw-ta\" dir=\"ltr\" data-placeholder=\"Translation\"><span class=\"Y2IQFc\" lang=\"en\">Bont Patriot Ultrasprint Package Super Sale<\/span><\/h1>\n<p class=\"tw-data-text tw-text-large tw-ta\" dir=\"ltr\" data-placeholder=\"Translation\"><span class=\"Y2IQFc\" lang=\"en\">La Bont Patriot Ultrasprint Package est la chaussure d&#8217;entr\u00e9e de gamme de Bont pour le short track. Il offre un rapport qualit\u00e9-prix exceptionnel. Une base en fibre de verre thermoplastique pos\u00e9e \u00e0 la main permet d&#8217;obtenir une chaussure tr\u00e8s rigide. Il est enti\u00e8rement thermoformable. Associ\u00e9e \u00e0 une forme de botte anatomique et \u00e0 une mousse \u00e0 m\u00e9moire de forme haute densit\u00e9, cette botte pr\u00e9sente un rapport qualit\u00e9-prix in\u00e9gal\u00e9. <\/span><\/p>\n<p class=\"tw-data-text tw-text-large tw-ta\" dir=\"ltr\" data-placeholder=\"Translation\"><strong><span class=\"Y2IQFc\" lang=\"en\"> Caract\u00e9ristiques : <\/span><\/strong><\/p>\n<p dir=\"ltr\" data-placeholder=\"Translation\">Une <span class=\"Y2IQFc\" lang=\"en\">base<strong>en<\/strong> fibre de verre 100 % pos\u00e9e \u00e0 la main, avec un rev\u00eatement ext\u00e9rieur en fibre de verre<\/span>. <strong><span class=\"Y2IQFc\" lang=\"en\">peau ext\u00e9rieure en <\/span><\/strong> <span class=\"Y2IQFc\" lang=\"en\">Microfibre mate. avec un <\/span><span class=\"Y2IQFc\" lang=\"en\">Semelle int\u00e9rieure en daim. <\/span><\/p>\n<p class=\"tw-data-text tw-text-large tw-ta\" dir=\"ltr\" data-placeholder=\"Translation\">Base enti\u00e8rement thermo-moulable utilisant une r\u00e9sine \u00e9poxy thermodurcissable. En outre, les<strong><span class=\"Y2IQFc\" lang=\"en\"> <\/span><\/strong><span class=\"Y2IQFc\" lang=\"en\">Mousse \u00e0 m\u00e9moire de forme haute densit\u00e9. Avec <\/span><span class=\"Y2IQFc\" lang=\"en\"> des lacets cir\u00e9s et un couvre-lacet avec deux bandes velcro.<\/span><\/p>\n<h5 class=\"tw-data-text tw-text-large tw-ta\" dir=\"ltr\" data-placeholder=\"Translation\">Maintenant une vid\u00e9o sur <a href=\"https:\/\/www.youtube.com\/watch?v=2AfKfzVSCWk\" target=\"_blank\" rel=\"noopener\"><strong>Le moulage \u00e0 chaud de vos bottes Bont. <\/strong><\/a> <\/h5>\n<p class=\"tw-data-text tw-text-large tw-ta\" dir=\"ltr\" data-placeholder=\"Translation\"><span class=\"Y2IQFc\" lang=\"en\"><strong>Enfin, vous pouvez voir tous les <\/strong><a href=\"https:\/\/ztsports.com\/categorie-produit\/courte-piste\/offres-de-club\/?lang=fr\">offres de forfaits Short Track<\/a><strong> ici.<\/strong><\/span><\/p>\n<p dir=\"ltr\" data-placeholder=\"Translation\"><strong>Fin de s\u00e9rie pour les tailles en stock uniquement !<\/strong><\/p>\n","protected":false},"excerpt":{"rendered":"<p>Bont Patriot Ultrasprint Package Super Sale La Bont Patriot Ultrasprint Package est la chaussure d&#8217;entr\u00e9e de gamme de Bont pour le short track. Il offre un rapport qualit\u00e9-prix exceptionnel. Une base en fibre de verre thermoplastique pos\u00e9e \u00e0 la main permet d&#8217;obtenir une chaussure tr\u00e8s rigide. Il est enti\u00e8rement thermoformable. Associ\u00e9e \u00e0 une forme de [&hellip;]<\/p>\n","protected":false},"featured_media":19600,"comment_status":"open","ping_status":"closed","template":"","meta":{"_acf_changed":false,"_monsterinsights_skip_tracking":false,"_monsterinsights_sitenote_active":false,"_monsterinsights_sitenote_note":"","_monsterinsights_sitenote_category":0,"_uf_show_specific_survey":0,"_uf_disable_surveys":false,"site-sidebar-layout":"default","site-content-layout":"","ast-site-content-layout":"default","site-content-style":"default","site-sidebar-style":"default","ast-global-header-display":"","ast-banner-title-visibility":"","ast-main-header-display":"","ast-hfb-above-header-display":"","ast-hfb-below-header-display":"","ast-hfb-mobile-header-display":"","site-post-title":"","ast-breadcrumbs-content":"","ast-featured-img":"","footer-sml-layout":"","ast-disable-related-posts":"","theme-transparent-header-meta":"default","adv-header-id-meta":"","stick-header-meta":"","header-above-stick-meta":"","header-main-stick-meta":"","header-below-stick-meta":"","astra-migrate-meta-layouts":"set","ast-page-background-enabled":"default","ast-page-background-meta":{"desktop":{"background-color":"","background-image":"","background-repeat":"repeat","background-position":"center center","background-size":"auto","background-attachment":"scroll","background-type":"","background-media":"","overlay-type":"","overlay-color":"","overlay-opacity":"","overlay-gradient":""},"tablet":{"background-color":"","background-image":"","background-repeat":"repeat","background-position":"center center","background-size":"auto","background-attachment":"scroll","background-type":"","background-media":"","overlay-type":"","overlay-color":"","overlay-opacity":"","overlay-gradient":""},"mobile":{"background-color":"","background-image":"","background-repeat":"repeat","background-position":"center center","background-size":"auto","background-attachment":"scroll","background-type":"","background-media":"","overlay-type":"","overlay-color":"","overlay-opacity":"","overlay-gradient":""}},"ast-content-background-meta":{"desktop":{"background-color":"var(--ast-global-color-5)","background-image":"","background-repeat":"repeat","background-position":"center center","background-size":"auto","background-attachment":"scroll","background-type":"","background-media":"","overlay-type":"","overlay-color":"","overlay-opacity":"","overlay-gradient":""},"tablet":{"background-color":"var(--ast-global-color-5)","background-image":"","background-repeat":"repeat","background-position":"center center","background-size":"auto","background-attachment":"scroll","background-type":"","background-media":"","overlay-type":"","overlay-color":"","overlay-opacity":"","overlay-gradient":""},"mobile":{"background-color":"var(--ast-global-color-5)","background-image":"","background-repeat":"repeat","background-position":"center center","background-size":"auto","background-attachment":"scroll","background-type":"","background-media":"","overlay-type":"","overlay-color":"","overlay-opacity":"","overlay-gradient":""}}},"product_brand":[3285],"product_cat":[3395,3489,3627,3467],"product_tag":[],"class_list":{"0":"post-19598","1":"product","2":"type-product","3":"status-publish","4":"has-post-thumbnail","6":"product_brand-bont","7":"product_cat-courte-piste","8":"product_cat-offres-de-club","9":"product_cat-packages","10":"product_cat-patinage-de-vitesse","11":"desktop-align-left","12":"tablet-align-left","13":"mobile-align-left","15":"first","16":"instock","17":"sale","18":"taxable","19":"shipping-taxable","20":"purchasable","21":"product-type-simple"},"acf":[],"_links":{"self":[{"href":"https:\/\/ztsports.com\/fr\/wp-json\/wp\/v2\/product\/19598","targetHints":{"allow":["GET"]}}],"collection":[{"href":"https:\/\/ztsports.com\/fr\/wp-json\/wp\/v2\/product"}],"about":[{"href":"https:\/\/ztsports.com\/fr\/wp-json\/wp\/v2\/types\/product"}],"replies":[{"embeddable":true,"href":"https:\/\/ztsports.com\/fr\/wp-json\/wp\/v2\/comments?post=19598"}],"version-history":[{"count":1,"href":"https:\/\/ztsports.com\/fr\/wp-json\/wp\/v2\/product\/19598\/revisions"}],"predecessor-version":[{"id":19599,"href":"https:\/\/ztsports.com\/fr\/wp-json\/wp\/v2\/product\/19598\/revisions\/19599"}],"wp:featuredmedia":[{"embeddable":true,"href":"https:\/\/ztsports.com\/fr\/wp-json\/wp\/v2\/media\/19600"}],"wp:attachment":[{"href":"https:\/\/ztsports.com\/fr\/wp-json\/wp\/v2\/media?parent=19598"}],"wp:term":[{"taxonomy":"product_brand","embeddable":true,"href":"https:\/\/ztsports.com\/fr\/wp-json\/wp\/v2\/product_brand?post=19598"},{"taxonomy":"product_cat","embeddable":true,"href":"https:\/\/ztsports.com\/fr\/wp-json\/wp\/v2\/product_cat?post=19598"},{"taxonomy":"product_tag","embeddable":true,"href":"https:\/\/ztsports.com\/fr\/wp-json\/wp\/v2\/product_tag?post=19598"}],"curies":[{"name":"wp","href":"https:\/\/api.w.org\/{rel}","templated":true}]}}