{"id":19594,"date":"2021-09-23T02:43:14","date_gmt":"2021-09-23T02:43:14","guid":{"rendered":"https:\/\/ztsports.com\/?post_type=product&#038;p=19594"},"modified":"2026-02-02T20:09:56","modified_gmt":"2026-02-02T20:09:56","slug":"evo-futurum-lt-boot","status":"publish","type":"product","link":"https:\/\/ztsports.com\/fr\/store\/evo-futurum-lt-boot\/","title":{"rendered":"EVO FUTURUM LT BOOT Promo Discontinued"},"content":{"rendered":"<p>BOTTE EVO FUTURUM LT Boot<\/p>\n<p>EVO FUTURUM LT Boot Patin d&#8217;entr\u00e9e de gamme durable et thermo-moulable.<\/p>\n<p>En outre Construit avec une coque en carbone<br \/>\nLa conception \u00e0 profil bas permet un contr\u00f4le et une sensation optimaux<br \/>\nDe plus, la mousse de haute qualit\u00e9 au niveau de la cheville et de la languette offre un meilleur confort.<br \/>\nLa housse extensible \u00e0 fermeture \u00e9clair s\u00e9curise proprement les lacets.<br \/>\nTige en cuir synth\u00e9tique verni et accents en fibre de carbone<\/p>\n<p>Reg $299,99 Sale $179.99 Mod\u00e8le discontinu\u00e9.<\/p>\n<h4 class=\"style-scope ytd-watch-metadata\">Haralds Silovs speedskating <a href=\"https:\/\/www.youtube.com\/watch?v=vBKOMCjegQ4\" target=\"_blank\" rel=\"noopener\">corner technique in slow-motion<\/a><\/h4>\n<p>Enfin, d\u00e9couvrez nos autres <a href=\"https:\/\/ztsports.com\/product-category\/long-track\/boots1\/\"><strong>bottes Long Track ici<\/strong><\/a>.<\/p>\n","protected":false},"excerpt":{"rendered":"<p>BOTTE EVO FUTURUM LT Boot EVO FUTURUM LT Boot Patin d&#8217;entr\u00e9e de gamme durable et thermo-moulable. En outre Construit avec une coque en carbone La conception \u00e0 profil bas permet un contr\u00f4le et une sensation optimaux De plus, la mousse de haute qualit\u00e9 au niveau de la cheville et de la languette offre un meilleur [&hellip;]<\/p>\n","protected":false},"featured_media":19596,"comment_status":"open","ping_status":"closed","template":"","meta":{"_acf_changed":false,"_monsterinsights_skip_tracking":false,"_monsterinsights_sitenote_active":false,"_monsterinsights_sitenote_note":"","_monsterinsights_sitenote_category":0,"_uf_show_specific_survey":0,"_uf_disable_surveys":false,"site-sidebar-layout":"default","site-content-layout":"","ast-site-content-layout":"default","site-content-style":"default","site-sidebar-style":"default","ast-global-header-display":"","ast-banner-title-visibility":"","ast-main-header-display":"","ast-hfb-above-header-display":"","ast-hfb-below-header-display":"","ast-hfb-mobile-header-display":"","site-post-title":"","ast-breadcrumbs-content":"","ast-featured-img":"","footer-sml-layout":"","ast-disable-related-posts":"","theme-transparent-header-meta":"default","adv-header-id-meta":"","stick-header-meta":"","header-above-stick-meta":"","header-main-stick-meta":"","header-below-stick-meta":"","astra-migrate-meta-layouts":"set","ast-page-background-enabled":"default","ast-page-background-meta":{"desktop":{"background-color":"","background-image":"","background-repeat":"repeat","background-position":"center center","background-size":"auto","background-attachment":"scroll","background-type":"","background-media":"","overlay-type":"","overlay-color":"","overlay-opacity":"","overlay-gradient":""},"tablet":{"background-color":"","background-image":"","background-repeat":"repeat","background-position":"center center","background-size":"auto","background-attachment":"scroll","background-type":"","background-media":"","overlay-type":"","overlay-color":"","overlay-opacity":"","overlay-gradient":""},"mobile":{"background-color":"","background-image":"","background-repeat":"repeat","background-position":"center center","background-size":"auto","background-attachment":"scroll","background-type":"","background-media":"","overlay-type":"","overlay-color":"","overlay-opacity":"","overlay-gradient":""}},"ast-content-background-meta":{"desktop":{"background-color":"var(--ast-global-color-5)","background-image":"","background-repeat":"repeat","background-position":"center center","background-size":"auto","background-attachment":"scroll","background-type":"","background-media":"","overlay-type":"","overlay-color":"","overlay-opacity":"","overlay-gradient":""},"tablet":{"background-color":"var(--ast-global-color-5)","background-image":"","background-repeat":"repeat","background-position":"center center","background-size":"auto","background-attachment":"scroll","background-type":"","background-media":"","overlay-type":"","overlay-color":"","overlay-opacity":"","overlay-gradient":""},"mobile":{"background-color":"var(--ast-global-color-5)","background-image":"","background-repeat":"repeat","background-position":"center center","background-size":"auto","background-attachment":"scroll","background-type":"","background-media":"","overlay-type":"","overlay-color":"","overlay-opacity":"","overlay-gradient":""}}},"product_brand":[3297],"product_cat":[3495,3494,3390],"product_tag":[3427,1881,3497],"class_list":{"0":"post-19594","1":"product","2":"type-product","3":"status-publish","4":"has-post-thumbnail","6":"product_brand-evo","7":"product_cat-bottes","8":"product_cat-bottes-de-piste-longues","9":"product_cat-longue-piste","10":"product_tag-equipement-de-patinage-de-vitesse","11":"product_tag-evo","12":"product_tag-patinage-de-vitesse","13":"desktop-align-left","14":"tablet-align-left","15":"mobile-align-left","17":"first","18":"instock","19":"sale","20":"taxable","21":"shipping-taxable","22":"purchasable","23":"product-type-simple"},"acf":[],"_links":{"self":[{"href":"https:\/\/ztsports.com\/fr\/wp-json\/wp\/v2\/product\/19594","targetHints":{"allow":["GET"]}}],"collection":[{"href":"https:\/\/ztsports.com\/fr\/wp-json\/wp\/v2\/product"}],"about":[{"href":"https:\/\/ztsports.com\/fr\/wp-json\/wp\/v2\/types\/product"}],"replies":[{"embeddable":true,"href":"https:\/\/ztsports.com\/fr\/wp-json\/wp\/v2\/comments?post=19594"}],"version-history":[{"count":1,"href":"https:\/\/ztsports.com\/fr\/wp-json\/wp\/v2\/product\/19594\/revisions"}],"predecessor-version":[{"id":19595,"href":"https:\/\/ztsports.com\/fr\/wp-json\/wp\/v2\/product\/19594\/revisions\/19595"}],"wp:featuredmedia":[{"embeddable":true,"href":"https:\/\/ztsports.com\/fr\/wp-json\/wp\/v2\/media\/19596"}],"wp:attachment":[{"href":"https:\/\/ztsports.com\/fr\/wp-json\/wp\/v2\/media?parent=19594"}],"wp:term":[{"taxonomy":"product_brand","embeddable":true,"href":"https:\/\/ztsports.com\/fr\/wp-json\/wp\/v2\/product_brand?post=19594"},{"taxonomy":"product_cat","embeddable":true,"href":"https:\/\/ztsports.com\/fr\/wp-json\/wp\/v2\/product_cat?post=19594"},{"taxonomy":"product_tag","embeddable":true,"href":"https:\/\/ztsports.com\/fr\/wp-json\/wp\/v2\/product_tag?post=19594"}],"curies":[{"name":"wp","href":"https:\/\/api.w.org\/{rel}","templated":true}]}}