{"id":19587,"date":"2021-09-23T02:15:05","date_gmt":"2021-09-23T02:15:05","guid":{"rendered":"https:\/\/ztsports.com\/?post_type=product&#038;p=19587"},"modified":"2026-02-02T20:41:16","modified_gmt":"2026-02-02T20:41:16","slug":"bandes-de-remplacement-zandstra","status":"publish","type":"product","link":"https:\/\/ztsports.com\/fr\/store\/bandes-de-remplacement-zandstra\/","title":{"rendered":"BANDES DE REMPLACEMENT ZANDSTRA\/ZANDSTRA REPLACEMENT STRIPS Polishing Triangle"},"content":{"rendered":"<h1>BANDES DE REMPLACEMENT ZANDSTRA<\/h1>\n<h1>pour le triangle de polissage<\/h1>\n<p>Les bandes de polissage de remplacement Zandstra, un outil essentiel pour tous les patineurs de vitesse. Qu&#8217;il s&#8217;agisse de remplacer une bande us\u00e9e ou de remplacer l&#8217;ensemble du jeu.<\/p>\n<p><strong>Cet article est vendu par lot de trois (3).<\/strong><\/p>\n<p>Un jeu de trois contient le <strong>bleu, le vert et le rose<\/strong> pour les trois c\u00f4t\u00e9s de votre traingle.<\/p>\n<p>Vous pouvez \u00e9galement <strong>demander vos choix de couleurs<\/strong> dans le corps du panier d&#8217;achat si vous avez port\u00e9 une couleur plus que les autres.<\/p>\n<p>Remplacez vos bandes us\u00e9es et d\u00e9couvrez un polissage sup\u00e9rieur de vos lames avec le triangle de polissage Zanstra !<\/p>\n<p>Original <a href=\"https:\/\/www.3mcanada.ca\/3M\/en_CA\/company-ca\/\" target=\"_blank\" rel=\"noopener\"><strong>3m<\/strong><\/a> Zandstra Bandes de remplacement vendues par lots de 3 ou, si vous le pr\u00e9f\u00e9rez, par unit\u00e9s induites.<\/p>\n<p>Il est toujours bon d&#8217;avoir un jeu de rechange au cas o\u00f9 l&#8217;un d&#8217;entre eux s&#8217;userait ou se d\u00e9chirerait pendant le voyage.<\/p>\n<p>L&#8217;outil de remplacement parfait pour polir les patins de vitesse sur glace !<\/p>\n<p>Un grain d&#8217;oxyde d&#8217;aluminium tr\u00e8s fin assure une finition lisse et soyeuse.<\/p>\n<p><strong>Lot de trois (rose &#8211; vert &#8211; bleu) <\/strong>ou indiquez votre choix dans le corps de votre commande.<\/p>\n<p>Chaque lot de 3 est de $15.00<\/p>\n<h3>Bandes de remplacement originales de 3m Zandstra.<\/h3>\n<h3><strong>Grains de polissage :<\/strong><br \/>\nBleu (40 microns) &#8211; grossier<br \/>\nVert (30 microns) &#8211; moyen<br \/>\nRose (3 microns) &#8211; moyennement fin<\/h3>\n<p>Enfin, vous trouverez tous nos produits <a href=\"https:\/\/ztsports.com\/brand\/zandstra\/\"><strong>produits ZANDSTRA<\/strong><\/a>ici.<\/p>\n","protected":false},"excerpt":{"rendered":"<p>BANDES DE REMPLACEMENT ZANDSTRA pour le triangle de polissage Les bandes de polissage de remplacement Zandstra, un outil essentiel pour tous les patineurs de vitesse. Qu&#8217;il s&#8217;agisse de remplacer une bande us\u00e9e ou de remplacer l&#8217;ensemble du jeu. Cet article est vendu par lot de trois (3). Un jeu de trois contient le bleu, le [&hellip;]<\/p>\n","protected":false},"featured_media":19589,"comment_status":"open","ping_status":"closed","template":"","meta":{"_acf_changed":false,"_monsterinsights_skip_tracking":false,"_monsterinsights_sitenote_active":false,"_monsterinsights_sitenote_note":"","_monsterinsights_sitenote_category":0,"_uf_show_specific_survey":0,"_uf_disable_surveys":false,"site-sidebar-layout":"default","site-content-layout":"","ast-site-content-layout":"default","site-content-style":"default","site-sidebar-style":"default","ast-global-header-display":"","ast-banner-title-visibility":"","ast-main-header-display":"","ast-hfb-above-header-display":"","ast-hfb-below-header-display":"","ast-hfb-mobile-header-display":"","site-post-title":"","ast-breadcrumbs-content":"","ast-featured-img":"","footer-sml-layout":"","ast-disable-related-posts":"","theme-transparent-header-meta":"default","adv-header-id-meta":"","stick-header-meta":"","header-above-stick-meta":"","header-main-stick-meta":"","header-below-stick-meta":"","astra-migrate-meta-layouts":"set","ast-page-background-enabled":"default","ast-page-background-meta":{"desktop":{"background-color":"","background-image":"","background-repeat":"repeat","background-position":"center center","background-size":"auto","background-attachment":"scroll","background-type":"","background-media":"","overlay-type":"","overlay-color":"","overlay-opacity":"","overlay-gradient":""},"tablet":{"background-color":"","background-image":"","background-repeat":"repeat","background-position":"center center","background-size":"auto","background-attachment":"scroll","background-type":"","background-media":"","overlay-type":"","overlay-color":"","overlay-opacity":"","overlay-gradient":""},"mobile":{"background-color":"","background-image":"","background-repeat":"repeat","background-position":"center center","background-size":"auto","background-attachment":"scroll","background-type":"","background-media":"","overlay-type":"","overlay-color":"","overlay-opacity":"","overlay-gradient":""}},"ast-content-background-meta":{"desktop":{"background-color":"var(--ast-global-color-5)","background-image":"","background-repeat":"repeat","background-position":"center center","background-size":"auto","background-attachment":"scroll","background-type":"","background-media":"","overlay-type":"","overlay-color":"","overlay-opacity":"","overlay-gradient":""},"tablet":{"background-color":"var(--ast-global-color-5)","background-image":"","background-repeat":"repeat","background-position":"center center","background-size":"auto","background-attachment":"scroll","background-type":"","background-media":"","overlay-type":"","overlay-color":"","overlay-opacity":"","overlay-gradient":""},"mobile":{"background-color":"var(--ast-global-color-5)","background-image":"","background-repeat":"repeat","background-position":"center center","background-size":"auto","background-attachment":"scroll","background-type":"","background-media":"","overlay-type":"","overlay-color":"","overlay-opacity":"","overlay-gradient":""}}},"product_brand":[3363,3364],"product_cat":[3580],"product_tag":[4043,4044,4045,1993],"class_list":{"0":"post-19587","1":"product","2":"type-product","3":"status-publish","4":"has-post-thumbnail","6":"product_brand-zandstra","7":"product_brand-zanstra","8":"product_cat-bandes-de-rechange","9":"product_tag-bandes-de-polissage","10":"product_tag-bandes-de-remplacement","11":"product_tag-bandes-de-remplacement-zanstra","12":"product_tag-zanstra","13":"desktop-align-left","14":"tablet-align-left","15":"mobile-align-left","17":"first","18":"instock","19":"taxable","20":"shipping-taxable","21":"purchasable","22":"product-type-simple"},"acf":[],"_links":{"self":[{"href":"https:\/\/ztsports.com\/fr\/wp-json\/wp\/v2\/product\/19587","targetHints":{"allow":["GET"]}}],"collection":[{"href":"https:\/\/ztsports.com\/fr\/wp-json\/wp\/v2\/product"}],"about":[{"href":"https:\/\/ztsports.com\/fr\/wp-json\/wp\/v2\/types\/product"}],"replies":[{"embeddable":true,"href":"https:\/\/ztsports.com\/fr\/wp-json\/wp\/v2\/comments?post=19587"}],"version-history":[{"count":1,"href":"https:\/\/ztsports.com\/fr\/wp-json\/wp\/v2\/product\/19587\/revisions"}],"predecessor-version":[{"id":19588,"href":"https:\/\/ztsports.com\/fr\/wp-json\/wp\/v2\/product\/19587\/revisions\/19588"}],"wp:featuredmedia":[{"embeddable":true,"href":"https:\/\/ztsports.com\/fr\/wp-json\/wp\/v2\/media\/19589"}],"wp:attachment":[{"href":"https:\/\/ztsports.com\/fr\/wp-json\/wp\/v2\/media?parent=19587"}],"wp:term":[{"taxonomy":"product_brand","embeddable":true,"href":"https:\/\/ztsports.com\/fr\/wp-json\/wp\/v2\/product_brand?post=19587"},{"taxonomy":"product_cat","embeddable":true,"href":"https:\/\/ztsports.com\/fr\/wp-json\/wp\/v2\/product_cat?post=19587"},{"taxonomy":"product_tag","embeddable":true,"href":"https:\/\/ztsports.com\/fr\/wp-json\/wp\/v2\/product_tag?post=19587"}],"curies":[{"name":"wp","href":"https:\/\/api.w.org\/{rel}","templated":true}]}}