{"id":19583,"date":"2021-11-05T12:10:26","date_gmt":"2021-11-05T12:10:26","guid":{"rendered":"https:\/\/ztsports.com\/?post_type=product&#038;p=19583"},"modified":"2026-02-02T19:25:09","modified_gmt":"2026-02-02T19:25:09","slug":"botte-a-chevilles-ultra-fine-2","status":"publish","type":"product","link":"https:\/\/ztsports.com\/fr\/store\/botte-a-chevilles-ultra-fine-2\/","title":{"rendered":"BOOTTIE DE CHEVILLE ULTRA-FINE Par eZeefit"},"content":{"rendered":"<h1>ULTRA THIN ANKLE BOOTIE<\/h1>\n<p>ULTRA THINKLE BOOTIE est une Lycia ultra fine coll\u00e9e sur mesure par Ezeefit.<\/p>\n<p><span id=\"product_description\">Ultrathin est le meilleur choix lorsqu&#8217;aucun rembourrage suppl\u00e9mentaire n&#8217;est n\u00e9cessaire.<br \/>\nFabriqu\u00e9 en Lycra\u00ae extensible sur mesure avec une \u00e2me \u00e0 m\u00e9moire de forme.<br \/>\nEnviron un millim\u00e8tre d&#8217;\u00e9paisseur. Il n&#8217;occupe qu&#8217;un espace minimal dans les chaussures.<br \/>\nIl suffit de l&#8217;enfiler et c&#8217;est parti !<\/span><\/p>\n<p><span id=\"product_description\"> La solution ultime pour les ampoules !<br \/>\n&#8211; Agit comme une seconde peau<br \/>\n&#8211; Cr\u00e9e une barri\u00e8re de frottement<br \/>\n&#8211; Excellente performance sur sol sec ou mouill\u00e9<br \/>\n&#8211; Lavable et r\u00e9utilisable<br \/>\n&#8211; A porter pieds nus ou \u00e0 l&#8217;int\u00e9rieur des chaussettes<br \/>\n&#8211; Vendu par paire<\/span><\/p>\n<p>La nouvelle forme de talon <b>&#8220;Comfort Curve&#8221; en instance de brevet<\/b><br \/>\n\u00e9pouse les contours de votre talon pour un ajustement encore meilleur, et est maintenant<br \/>\ndisponible en noir ou en beige en six tailles !<\/p>\n<p><strong>Tableau des tailles Ezeefit<\/strong><\/p>\n<p><img decoding=\"async\" src=\"https:\/\/www.ezeefitsports.com\/v\/vspfiles\/assets\/images\/final%20ez%20size%20chart%2072.jpg\"><\/p>\n<p><a href=\"https:\/\/www.youtube.com\/watch?v=KKG3a-MNzrQ&amp;t=3s\" target=\"_blank\" rel=\"noopener\"><strong>Comment enfiler<\/strong><\/a>et d\u00e9terminer un ajustement parfait avec les bottillons Ezeefit<\/p>\n<p><strong>Plan\u00e8te Inline<\/strong> <a href=\"https:\/\/www.inlineplanet.com\/Articles2\/EzeefitReview.html\" target=\"_blank\" rel=\"noopener\"><strong>Revue des chaussons Ezeefit Ankel Booties<\/strong><\/a> <span class=\"style245\">Par <\/span><a href=\"mailto:robert@inlineplanet.com\"><span class=\"style245\">Robert &#8220;Just the Factoids&#8221; Burnson<\/span><\/a><\/p>\n<p>Enfin Voir tous nos <a href=\"https:\/\/ztsports.com\/brand\/ezeefit\/\">produits Ezeefit<\/a> ici.<\/p>\n","protected":false},"excerpt":{"rendered":"<p>ULTRA THIN ANKLE BOOTIE ULTRA THINKLE BOOTIE est une Lycia ultra fine coll\u00e9e sur mesure par Ezeefit. Ultrathin est le meilleur choix lorsqu&#8217;aucun rembourrage suppl\u00e9mentaire n&#8217;est n\u00e9cessaire. Fabriqu\u00e9 en Lycra\u00ae extensible sur mesure avec une \u00e2me \u00e0 m\u00e9moire de forme. Environ un millim\u00e8tre d&#8217;\u00e9paisseur. Il n&#8217;occupe qu&#8217;un espace minimal dans les chaussures. Il suffit de [&hellip;]<\/p>\n","protected":false},"featured_media":19585,"comment_status":"open","ping_status":"closed","template":"","meta":{"_acf_changed":false,"_monsterinsights_skip_tracking":false,"_monsterinsights_sitenote_active":false,"_monsterinsights_sitenote_note":"","_monsterinsights_sitenote_category":0,"_uf_show_specific_survey":0,"_uf_disable_surveys":false,"site-sidebar-layout":"default","site-content-layout":"","ast-site-content-layout":"default","site-content-style":"default","site-sidebar-style":"default","ast-global-header-display":"","ast-banner-title-visibility":"","ast-main-header-display":"","ast-hfb-above-header-display":"","ast-hfb-below-header-display":"","ast-hfb-mobile-header-display":"","site-post-title":"","ast-breadcrumbs-content":"","ast-featured-img":"","footer-sml-layout":"","ast-disable-related-posts":"","theme-transparent-header-meta":"default","adv-header-id-meta":"","stick-header-meta":"","header-above-stick-meta":"","header-main-stick-meta":"","header-below-stick-meta":"","astra-migrate-meta-layouts":"set","ast-page-background-enabled":"default","ast-page-background-meta":{"desktop":{"background-color":"","background-image":"","background-repeat":"repeat","background-position":"center center","background-size":"auto","background-attachment":"scroll","background-type":"","background-media":"","overlay-type":"","overlay-color":"","overlay-opacity":"","overlay-gradient":""},"tablet":{"background-color":"","background-image":"","background-repeat":"repeat","background-position":"center center","background-size":"auto","background-attachment":"scroll","background-type":"","background-media":"","overlay-type":"","overlay-color":"","overlay-opacity":"","overlay-gradient":""},"mobile":{"background-color":"","background-image":"","background-repeat":"repeat","background-position":"center center","background-size":"auto","background-attachment":"scroll","background-type":"","background-media":"","overlay-type":"","overlay-color":"","overlay-opacity":"","overlay-gradient":""}},"ast-content-background-meta":{"desktop":{"background-color":"var(--ast-global-color-5)","background-image":"","background-repeat":"repeat","background-position":"center center","background-size":"auto","background-attachment":"scroll","background-type":"","background-media":"","overlay-type":"","overlay-color":"","overlay-opacity":"","overlay-gradient":""},"tablet":{"background-color":"var(--ast-global-color-5)","background-image":"","background-repeat":"repeat","background-position":"center center","background-size":"auto","background-attachment":"scroll","background-type":"","background-media":"","overlay-type":"","overlay-color":"","overlay-opacity":"","overlay-gradient":""},"mobile":{"background-color":"var(--ast-global-color-5)","background-image":"","background-repeat":"repeat","background-position":"center center","background-size":"auto","background-attachment":"scroll","background-type":"","background-media":"","overlay-type":"","overlay-color":"","overlay-opacity":"","overlay-gradient":""}}},"product_brand":[3298],"product_cat":[3378],"product_tag":[1864,2687,1865,3044,3957,4042],"class_list":{"0":"post-19583","1":"product","2":"type-product","3":"status-publish","4":"has-post-thumbnail","6":"product_brand-ezeefit","7":"product_cat-non-categorise","8":"product_tag-bont-ezeefit-bootie","9":"product_tag-bottine","10":"product_tag-ezeefit","11":"product_tag-ezeefit-ultrathin","12":"product_tag-plus-dampoules","13":"product_tag-ultra-fin","14":"desktop-align-left","15":"tablet-align-left","16":"mobile-align-left","18":"first","19":"instock","20":"featured","21":"taxable","22":"shipping-taxable","23":"purchasable","24":"product-type-simple"},"acf":[],"_links":{"self":[{"href":"https:\/\/ztsports.com\/fr\/wp-json\/wp\/v2\/product\/19583","targetHints":{"allow":["GET"]}}],"collection":[{"href":"https:\/\/ztsports.com\/fr\/wp-json\/wp\/v2\/product"}],"about":[{"href":"https:\/\/ztsports.com\/fr\/wp-json\/wp\/v2\/types\/product"}],"replies":[{"embeddable":true,"href":"https:\/\/ztsports.com\/fr\/wp-json\/wp\/v2\/comments?post=19583"}],"version-history":[{"count":2,"href":"https:\/\/ztsports.com\/fr\/wp-json\/wp\/v2\/product\/19583\/revisions"}],"predecessor-version":[{"id":21385,"href":"https:\/\/ztsports.com\/fr\/wp-json\/wp\/v2\/product\/19583\/revisions\/21385"}],"wp:featuredmedia":[{"embeddable":true,"href":"https:\/\/ztsports.com\/fr\/wp-json\/wp\/v2\/media\/19585"}],"wp:attachment":[{"href":"https:\/\/ztsports.com\/fr\/wp-json\/wp\/v2\/media?parent=19583"}],"wp:term":[{"taxonomy":"product_brand","embeddable":true,"href":"https:\/\/ztsports.com\/fr\/wp-json\/wp\/v2\/product_brand?post=19583"},{"taxonomy":"product_cat","embeddable":true,"href":"https:\/\/ztsports.com\/fr\/wp-json\/wp\/v2\/product_cat?post=19583"},{"taxonomy":"product_tag","embeddable":true,"href":"https:\/\/ztsports.com\/fr\/wp-json\/wp\/v2\/product_tag?post=19583"}],"curies":[{"name":"wp","href":"https:\/\/api.w.org\/{rel}","templated":true}]}}