{"id":19575,"date":"2021-09-23T02:38:20","date_gmt":"2021-09-23T02:38:20","guid":{"rendered":"https:\/\/ztsports.com\/?post_type=product&#038;p=19575"},"modified":"2026-02-02T20:18:21","modified_gmt":"2026-02-02T20:18:21","slug":"competences-essentielles-du-patinage-en-ligne","status":"publish","type":"product","link":"https:\/\/ztsports.com\/fr\/store\/competences-essentielles-du-patinage-en-ligne\/","title":{"rendered":"Comp\u00e9tences essentielles du patinage en ligne"},"content":{"rendered":"<h1 dir=\"ltr\" data-placeholder=\"Translation\">Comp\u00e9tences essentielles du patinage en ligne<\/h1>\n<p>Les comp\u00e9tences essentielles du patinage en ligne sont primordiales pour <span class=\"Y2IQFc\" lang=\"en\"> La vitesse, l&#8217;excitation et le plaisir font partie de l&#8217;exp\u00e9rience lorsque les amateurs enfilent une paire de patins \u00e0 roues align\u00e9es. Ce qui n&#8217;\u00e9tait au d\u00e9part qu&#8217;une activit\u00e9 d&#8217;entra\u00eenement hors saison a explos\u00e9 sur la sc\u00e8ne sportive mondiale, la participation ayant augment\u00e9 de plus de 500 % au cours des cinq derni\u00e8res ann\u00e9es. Dans le prolongement de la premi\u00e8re \u00e9dition, qui a connu un grand succ\u00e8s, Inline Skating (deuxi\u00e8me \u00e9dition) a \u00e9t\u00e9 mis \u00e0 jour et \u00e9tendu \u00e0 ce qui rend le patinage en ligne si passionnant : le roller hockey, la course et le patinage agressif. Pour les patineurs d\u00e9butants, le patinage en ligne offre cinq chapitres \u00e9tape par \u00e9tape sur la fa\u00e7on de ma\u00eetriser la technique du patinage. <\/span><\/p>\n<p><strong>Comp\u00e9tences essentielles du patinage en ligne<\/strong><\/p>\n<p><span class=\"Y2IQFc\" lang=\"en\">Des millions de patineurs \u00e0 la recherche de nouvelles tendances dans le sport peuvent perfectionner leur technique, s&#8217;entra\u00eener pour une course, s&#8217;initier au roller hockey ou apprendre \u00e0 essayer certaines des figures qu&#8217;ils voient \u00e0 la t\u00e9l\u00e9vision. Les points forts du livre sont les suivants &#8211; des conseils sur les derniers \u00e9quipements en ligne &#8211; 104 photos et illustrations montrant la technique de patinage &#8211; 39 exercices et entra\u00eenements &#8211; deux programmes d&#8217;entra\u00eenement de course pour le roller &#8211; les r\u00e8gles du roller hockey, des exercices et des descriptions de l&#8217;\u00e9quipement n\u00e9cessaire &#8211; des conseils sur le roller de rue et le roller vertical Ce livre combine l&#8217;expertise de Mark Powell en mati\u00e8re de patinage et de fitness avec les comp\u00e9tences de l&#8217;un des plus grands concepteurs de patins au monde, l&#8217;ancien patineur \u00e0 roulettes John Svensson. Ensemble, ils expliquent et d\u00e9montrent les comp\u00e9tences et les sensations fortes qui rendent le patinage en ligne si attrayant pour les patineurs de tous \u00e2ges et de tous niveaux. <\/span><\/p>\n<p dir=\"ltr\" data-placeholder=\"Translation\">Enfin, consultez notre biblioth\u00e8que de <a href=\"https:\/\/ztsports.com\/brand\/human-kinetics\/\"><strong>Livres de cin\u00e9tique humaine<\/strong><\/a>.<\/p>\n","protected":false},"excerpt":{"rendered":"<p>Comp\u00e9tences essentielles du patinage en ligne Les comp\u00e9tences essentielles du patinage en ligne sont primordiales pour La vitesse, l&#8217;excitation et le plaisir font partie de l&#8217;exp\u00e9rience lorsque les amateurs enfilent une paire de patins \u00e0 roues align\u00e9es. Ce qui n&#8217;\u00e9tait au d\u00e9part qu&#8217;une activit\u00e9 d&#8217;entra\u00eenement hors saison a explos\u00e9 sur la sc\u00e8ne sportive mondiale, la [&hellip;]<\/p>\n","protected":false},"featured_media":19577,"comment_status":"open","ping_status":"closed","template":"","meta":{"_acf_changed":false,"_monsterinsights_skip_tracking":false,"_monsterinsights_sitenote_active":false,"_monsterinsights_sitenote_note":"","_monsterinsights_sitenote_category":0,"_uf_show_specific_survey":0,"_uf_disable_surveys":false,"site-sidebar-layout":"default","site-content-layout":"","ast-site-content-layout":"default","site-content-style":"default","site-sidebar-style":"default","ast-global-header-display":"","ast-banner-title-visibility":"","ast-main-header-display":"","ast-hfb-above-header-display":"","ast-hfb-below-header-display":"","ast-hfb-mobile-header-display":"","site-post-title":"","ast-breadcrumbs-content":"","ast-featured-img":"","footer-sml-layout":"","ast-disable-related-posts":"","theme-transparent-header-meta":"default","adv-header-id-meta":"","stick-header-meta":"","header-above-stick-meta":"","header-main-stick-meta":"","header-below-stick-meta":"","astra-migrate-meta-layouts":"set","ast-page-background-enabled":"default","ast-page-background-meta":{"desktop":{"background-color":"","background-image":"","background-repeat":"repeat","background-position":"center center","background-size":"auto","background-attachment":"scroll","background-type":"","background-media":"","overlay-type":"","overlay-color":"","overlay-opacity":"","overlay-gradient":""},"tablet":{"background-color":"","background-image":"","background-repeat":"repeat","background-position":"center center","background-size":"auto","background-attachment":"scroll","background-type":"","background-media":"","overlay-type":"","overlay-color":"","overlay-opacity":"","overlay-gradient":""},"mobile":{"background-color":"","background-image":"","background-repeat":"repeat","background-position":"center center","background-size":"auto","background-attachment":"scroll","background-type":"","background-media":"","overlay-type":"","overlay-color":"","overlay-opacity":"","overlay-gradient":""}},"ast-content-background-meta":{"desktop":{"background-color":"var(--ast-global-color-5)","background-image":"","background-repeat":"repeat","background-position":"center center","background-size":"auto","background-attachment":"scroll","background-type":"","background-media":"","overlay-type":"","overlay-color":"","overlay-opacity":"","overlay-gradient":""},"tablet":{"background-color":"var(--ast-global-color-5)","background-image":"","background-repeat":"repeat","background-position":"center center","background-size":"auto","background-attachment":"scroll","background-type":"","background-media":"","overlay-type":"","overlay-color":"","overlay-opacity":"","overlay-gradient":""},"mobile":{"background-color":"var(--ast-global-color-5)","background-image":"","background-repeat":"repeat","background-position":"center center","background-size":"auto","background-attachment":"scroll","background-type":"","background-media":"","overlay-type":"","overlay-color":"","overlay-opacity":"","overlay-gradient":""}}},"product_brand":[3310],"product_cat":[3433,3553,3664],"product_tag":[4037,2229,4038,4039,4030],"class_list":{"0":"post-19575","1":"product","2":"type-product","3":"status-publish","4":"has-post-thumbnail","6":"product_brand-human-kinetics","7":"product_cat-accessories","8":"product_cat-aides-a-lentrainement-et-a-la-formation","9":"product_cat-livres-et-manuels-de-formation","10":"product_tag-competences-essentielles","11":"product_tag-fitness-inline-training","12":"product_tag-formation-croisee","13":"product_tag-patinage-de-vitesse-en-ligne","14":"product_tag-patinage-en-ligne","15":"desktop-align-left","16":"tablet-align-left","17":"mobile-align-left","19":"first","20":"instock","21":"sale","22":"taxable","23":"shipping-taxable","24":"purchasable","25":"product-type-simple"},"acf":[],"_links":{"self":[{"href":"https:\/\/ztsports.com\/fr\/wp-json\/wp\/v2\/product\/19575","targetHints":{"allow":["GET"]}}],"collection":[{"href":"https:\/\/ztsports.com\/fr\/wp-json\/wp\/v2\/product"}],"about":[{"href":"https:\/\/ztsports.com\/fr\/wp-json\/wp\/v2\/types\/product"}],"replies":[{"embeddable":true,"href":"https:\/\/ztsports.com\/fr\/wp-json\/wp\/v2\/comments?post=19575"}],"version-history":[{"count":1,"href":"https:\/\/ztsports.com\/fr\/wp-json\/wp\/v2\/product\/19575\/revisions"}],"predecessor-version":[{"id":19576,"href":"https:\/\/ztsports.com\/fr\/wp-json\/wp\/v2\/product\/19575\/revisions\/19576"}],"wp:featuredmedia":[{"embeddable":true,"href":"https:\/\/ztsports.com\/fr\/wp-json\/wp\/v2\/media\/19577"}],"wp:attachment":[{"href":"https:\/\/ztsports.com\/fr\/wp-json\/wp\/v2\/media?parent=19575"}],"wp:term":[{"taxonomy":"product_brand","embeddable":true,"href":"https:\/\/ztsports.com\/fr\/wp-json\/wp\/v2\/product_brand?post=19575"},{"taxonomy":"product_cat","embeddable":true,"href":"https:\/\/ztsports.com\/fr\/wp-json\/wp\/v2\/product_cat?post=19575"},{"taxonomy":"product_tag","embeddable":true,"href":"https:\/\/ztsports.com\/fr\/wp-json\/wp\/v2\/product_tag?post=19575"}],"curies":[{"name":"wp","href":"https:\/\/api.w.org\/{rel}","templated":true}]}}