{"id":19561,"date":"2021-11-09T11:34:37","date_gmt":"2021-11-09T11:34:37","guid":{"rendered":"https:\/\/ztsports.com\/?post_type=product&#038;p=19561"},"modified":"2026-02-02T19:24:57","modified_gmt":"2026-02-02T19:24:57","slug":"conseils-rapides-de-nagano","status":"publish","type":"product","link":"https:\/\/ztsports.com\/fr\/store\/conseils-rapides-de-nagano\/","title":{"rendered":"Conseils rapides de Nagano pour les gants de piste courte"},"content":{"rendered":"<h1>Conseils rapides pour Nagano<\/h1>\n<p>Les <a href=\"https:\/\/ztsports.com\/categorie-produit\/courte-piste\/conseils-rapides\/?lang=fr\">Quick Tips<\/a> Nagano sont fabriqu\u00e9s au Canada en Acrylonitrile Butadi\u00e8ne Styr\u00e8ne. L&#8217;ABS est un polym\u00e8re thermoplastique offrant une bonne r\u00e9sistance aux chocs, rigide et l\u00e9ger.<br \/>\nL&#8217;emballage est \u00e9galement fabriqu\u00e9 au Canada, recyclable et peut \u00eatre utile pour le transport de vos burins Burr.<\/p>\n<p>Plastic tips suitable for each finger of the left hand.<\/p>\n<p>De plus, ils sont disponibles dans ces couleurs \u00e9tonnantes. Noir, rouge, rose, blanc, bleu, violet, vert et orange.<\/p>\n<pre class=\"tw-data-text tw-text-large tw-ta\" dir=\"ltr\" data-placeholder=\"Translation\"><span class=\"Y2IQFc\" lang=\"en\"><strong>In Addition all our Short Track Quick Tips are SOLD WITH THE GLUE INCLUDED. <\/strong><\/span><\/pre>\n<h4 class=\"tw-data-text tw-text-large tw-ta\" dir=\"ltr\" data-placeholder=\"Translation\">Comment mettre des pointes sur des gants de patinage de vitesse ?<\/h4>\n<div>\n<div class=\"dnXCYb\" tabindex=\"0\" role=\"button\" aria-controls=\"_t6-uZKD1JPeAqtsPyd6pyAo_33\" aria-expanded=\"true\" data-hveid=\"CDkQAQ\">\n<h4 class=\"JlqpRe\"><b>Instructions de collage<\/b><\/h4>\n<\/div>\n<\/div>\n<div id=\"_t6-uZKD1JPeAqtsPyd6pyAo_33\" class=\"bCOlv\" data-ved=\"2ahUKEwjgrO2FqImAAxV3gGoFHUlvCqkQ7NUEegQIORAE\">\n<div class=\"IZE3Td\">\n<div class=\"t0bRye r2fjmd\" data-hveid=\"CDkQBQ\" data-ved=\"2ahUKEwjgrO2FqImAAxV3gGoFHUlvCqkQu04oAHoECDkQBQ\">\n<div id=\"t6-uZKD1JPeAqtsPyd6pyAo__50\">\n<div class=\"wDYxhc\" data-md=\"83\">\n<div class=\"di3YZe\">\n<div class=\"RqBzHd\">\n<ol class=\"X5LH0c\">\n<li>Commencez par des <strong>gants propres et secs<\/strong><\/li>\n<li class=\"TrT0Xe\">Le paquet contient 5 ou 7 pointes de diff\u00e9rentes tailles. Choisissez les cinq pointes qui correspondent le mieux \u00e0 la taille de vos doigts. Adaptez les embouts de protection \u00e0 votre gant.<\/li>\n<li class=\"TrT0Xe\">Appliquez de la colle sur le bord, puis un petit point au centre de la pointe. Appliquer sur des gants propres et secs. Appuyer fermement sur le gant avec la main dans le gant.<\/li>\n<li class=\"TrT0Xe\">Attendre au moins 30 minutes avant de l&#8217;utiliser.<\/li>\n<\/ol>\n<h4>Consultez notre s\u00e9lection de gants <a href=\"https:\/\/ztsports.com\/categorie-produit\/protection\/gants\/?lang=fr\">ici.<\/a><\/h4>\n<p>Finley un clip de <a href=\"https:\/\/olympics.com\/en\/video\/special-skates-and-gloves-for-short-track-speed-skaters\" target=\"_blank\" rel=\"noopener\"><strong>Olympian Skates Pivotant en utilisant leurs Quick Tips<\/strong><\/a>.<\/p>\n<\/div>\n<\/div>\n<\/div>\n<\/div>\n<\/div>\n<\/div>\n<\/div>\n<p><strong>Vous pouvez trouver toutes les couleurs et tous les styles de nos <a href=\"https:\/\/ztsports.com\/categorie-produit\/courte-piste\/conseils-rapides\/?lang=fr\">Quick Tips<\/a> ici.<\/strong><\/p>\n","protected":false},"excerpt":{"rendered":"<p>Conseils rapides pour Nagano Les Quick Tips Nagano sont fabriqu\u00e9s au Canada en Acrylonitrile Butadi\u00e8ne Styr\u00e8ne. L&#8217;ABS est un polym\u00e8re thermoplastique offrant une bonne r\u00e9sistance aux chocs, rigide et l\u00e9ger. L&#8217;emballage est \u00e9galement fabriqu\u00e9 au Canada, recyclable et peut \u00eatre utile pour le transport de vos burins Burr. Plastic tips suitable for each finger of [&hellip;]<\/p>\n","protected":false},"featured_media":19563,"comment_status":"open","ping_status":"closed","template":"","meta":{"_acf_changed":false,"_monsterinsights_skip_tracking":false,"_monsterinsights_sitenote_active":false,"_monsterinsights_sitenote_note":"","_monsterinsights_sitenote_category":0,"_uf_show_specific_survey":0,"_uf_disable_surveys":false,"site-sidebar-layout":"default","site-content-layout":"","ast-site-content-layout":"default","site-content-style":"default","site-sidebar-style":"default","ast-global-header-display":"","ast-banner-title-visibility":"","ast-main-header-display":"","ast-hfb-above-header-display":"","ast-hfb-below-header-display":"","ast-hfb-mobile-header-display":"","site-post-title":"","ast-breadcrumbs-content":"","ast-featured-img":"","footer-sml-layout":"","ast-disable-related-posts":"","theme-transparent-header-meta":"default","adv-header-id-meta":"","stick-header-meta":"","header-above-stick-meta":"","header-main-stick-meta":"","header-below-stick-meta":"","astra-migrate-meta-layouts":"set","ast-page-background-enabled":"default","ast-page-background-meta":{"desktop":{"background-color":"","background-image":"","background-repeat":"repeat","background-position":"center center","background-size":"auto","background-attachment":"scroll","background-type":"","background-media":"","overlay-type":"","overlay-color":"","overlay-opacity":"","overlay-gradient":""},"tablet":{"background-color":"","background-image":"","background-repeat":"repeat","background-position":"center center","background-size":"auto","background-attachment":"scroll","background-type":"","background-media":"","overlay-type":"","overlay-color":"","overlay-opacity":"","overlay-gradient":""},"mobile":{"background-color":"","background-image":"","background-repeat":"repeat","background-position":"center center","background-size":"auto","background-attachment":"scroll","background-type":"","background-media":"","overlay-type":"","overlay-color":"","overlay-opacity":"","overlay-gradient":""}},"ast-content-background-meta":{"desktop":{"background-color":"var(--ast-global-color-5)","background-image":"","background-repeat":"repeat","background-position":"center center","background-size":"auto","background-attachment":"scroll","background-type":"","background-media":"","overlay-type":"","overlay-color":"","overlay-opacity":"","overlay-gradient":""},"tablet":{"background-color":"var(--ast-global-color-5)","background-image":"","background-repeat":"repeat","background-position":"center center","background-size":"auto","background-attachment":"scroll","background-type":"","background-media":"","overlay-type":"","overlay-color":"","overlay-opacity":"","overlay-gradient":""},"mobile":{"background-color":"var(--ast-global-color-5)","background-image":"","background-repeat":"repeat","background-position":"center center","background-size":"auto","background-attachment":"scroll","background-type":"","background-media":"","overlay-type":"","overlay-color":"","overlay-opacity":"","overlay-gradient":""}}},"product_brand":[3326,3332],"product_cat":[3392,4003,4004,4005,3395,3483,3480,3536,3481],"product_tag":[4006,4033,4034,3672,4008,4009,4035,4036],"class_list":{"0":"post-19561","1":"product","2":"type-product","3":"status-publish","4":"has-post-thumbnail","6":"product_brand-nagano","7":"product_brand-quick-tips","8":"product_cat-accessoires-short-track","9":"product_cat-conseils-rapides","12":"product_cat-courte-piste","13":"product_cat-gants","14":"product_cat-gants-blancs","15":"product_cat-gants-de-patinage-de-vitesse","16":"product_cat-gants-pour-short-track","17":"product_tag-conseils-de-vitesse","18":"product_tag-conseils-en-matiere-de-carbone","19":"product_tag-conseils-en-matiere-de-chrome","20":"product_tag-conseils-pour-les-gants-de-patinage","21":"product_tag-conseils-pour-les-gants-de-patinage-de-vitesse","22":"product_tag-conseils-rapides","23":"product_tag-conseils-rapides-pour-nagano","24":"product_tag-short-trackconseils-pour-les-gants","25":"desktop-align-left","26":"tablet-align-left","27":"mobile-align-left","29":"first","30":"instock","31":"sale","32":"taxable","33":"shipping-taxable","34":"purchasable","35":"product-type-simple"},"acf":[],"_links":{"self":[{"href":"https:\/\/ztsports.com\/fr\/wp-json\/wp\/v2\/product\/19561","targetHints":{"allow":["GET"]}}],"collection":[{"href":"https:\/\/ztsports.com\/fr\/wp-json\/wp\/v2\/product"}],"about":[{"href":"https:\/\/ztsports.com\/fr\/wp-json\/wp\/v2\/types\/product"}],"replies":[{"embeddable":true,"href":"https:\/\/ztsports.com\/fr\/wp-json\/wp\/v2\/comments?post=19561"}],"version-history":[{"count":1,"href":"https:\/\/ztsports.com\/fr\/wp-json\/wp\/v2\/product\/19561\/revisions"}],"predecessor-version":[{"id":19562,"href":"https:\/\/ztsports.com\/fr\/wp-json\/wp\/v2\/product\/19561\/revisions\/19562"}],"wp:featuredmedia":[{"embeddable":true,"href":"https:\/\/ztsports.com\/fr\/wp-json\/wp\/v2\/media\/19563"}],"wp:attachment":[{"href":"https:\/\/ztsports.com\/fr\/wp-json\/wp\/v2\/media?parent=19561"}],"wp:term":[{"taxonomy":"product_brand","embeddable":true,"href":"https:\/\/ztsports.com\/fr\/wp-json\/wp\/v2\/product_brand?post=19561"},{"taxonomy":"product_cat","embeddable":true,"href":"https:\/\/ztsports.com\/fr\/wp-json\/wp\/v2\/product_cat?post=19561"},{"taxonomy":"product_tag","embeddable":true,"href":"https:\/\/ztsports.com\/fr\/wp-json\/wp\/v2\/product_tag?post=19561"}],"curies":[{"name":"wp","href":"https:\/\/api.w.org\/{rel}","templated":true}]}}