{"id":19557,"date":"2021-09-23T02:39:28","date_gmt":"2021-09-23T02:39:28","guid":{"rendered":"https:\/\/ztsports.com\/?post_type=product&#038;p=19557"},"modified":"2026-02-02T20:16:59","modified_gmt":"2026-02-02T20:16:59","slug":"entrainement-fonctionnel-pour-le-sport","status":"publish","type":"product","link":"https:\/\/ztsports.com\/fr\/store\/entrainement-fonctionnel-pour-le-sport\/","title":{"rendered":"Entra\u00eenement fonctionnel pour le sport"},"content":{"rendered":"<h1 dir=\"ltr\" data-placeholder=\"Translation\">Entra\u00eenement fonctionnel pour le sport<\/h1>\n<p id=\"tw-target-text\" class=\"tw-data-text tw-text-large tw-ta\" dir=\"ltr\" data-placeholder=\"Translation\"><span class=\"Y2IQFc\" lang=\"en\">Avec l&#8217;entra\u00eenement fonctionnel pour le sport, atteignez un nouveau niveau d&#8217;athl\u00e9tisme ! L&#8217;entra\u00eenement fonctionnel est un syst\u00e8me complet de d\u00e9veloppement athl\u00e9tique qui se concentre sur l&#8217;entra\u00eenement du corps tel qu&#8217;il sera utilis\u00e9 en comp\u00e9tition, ce qui en fait la forme d&#8217;entra\u00eenement la plus efficace et la plus efficiente \u00e0 l&#8217;heure actuelle. <\/span><\/p>\n<p class=\"tw-data-text tw-text-large tw-ta\" dir=\"ltr\" data-placeholder=\"Translation\"><span class=\"Y2IQFc\" lang=\"en\">L&#8217;auteur, Mike Boyle, entra\u00eeneur renomm\u00e9 en musculation et conditionnement, anciennement avec les Bruins de Boston, discute des mouvements, des positions du corps et des capacit\u00e9s qui sont essentiels pour le succ\u00e8s en comp\u00e9tition.<\/span><\/p>\n<p class=\"tw-data-text tw-text-large tw-ta\" dir=\"ltr\" data-placeholder=\"Translation\"><span class=\"Y2IQFc\" lang=\"en\"> Gr\u00e2ce \u00e0 l&#8217;entra\u00eenement fonctionnel pour le sport, vous am\u00e9liorerez votre niveau athl\u00e9tique total, vos performances et r\u00e9duirez les blessures gr\u00e2ce \u00e0 des progressions d&#8217;exercices qui stimuleront votre potentiel de d\u00e9veloppement pour des sch\u00e9mas de mouvements sp\u00e9cifiques que vous utilisez couramment dans votre sport. <\/span><\/p>\n<p class=\"tw-data-text tw-text-large tw-ta\" dir=\"ltr\" data-placeholder=\"Translation\"><span class=\"Y2IQFc\" lang=\"en\">Fournissant des tests pour d\u00e9terminer par o\u00f9 commencer, les progressions se concentrent sur l&#8217;entra\u00eenement du torse, du haut du corps et du bas du corps. Le livre fournit \u00e9galement des programmes d\u00e9taill\u00e9s qui int\u00e8grent les exercices et les m\u00e9thodes de ces progressions. <\/span><\/p>\n<p class=\"tw-data-text tw-text-large tw-ta\" dir=\"ltr\" data-placeholder=\"Translation\"><span class=\"Y2IQFc\" lang=\"en\">En ma\u00eetrisant chaque progression, vous vous pr\u00e9parerez \u00e0 performer dans n&#8217;importe quelle situation avec des am\u00e9liorations notables de la stabilit\u00e9 et de l&#8217;\u00e9quilibre, du temps de r\u00e9action, de la force centrale et de la puissance. <\/span><\/p>\n<p class=\"tw-data-text tw-text-large tw-ta\" dir=\"ltr\" data-placeholder=\"Translation\"><span class=\"Y2IQFc\" lang=\"en\">Ce syst\u00e8me appliqu\u00e9 au sport pour l&#8217;ensemble du corps fait de l&#8217;entra\u00eenement fonctionnel pour le sport la cl\u00e9 de l&#8217;entra\u00eenement le plus efficace et le plus efficient aujourd&#8217;hui. <\/span><\/p>\n<p dir=\"ltr\" data-placeholder=\"Translation\"><span class=\"Y2IQFc\" lang=\"en\">Enfin, consultez notre biblioth\u00e8que de <a href=\"https:\/\/ztsports.com\/brand\/human-kinetics\/\"><strong>Livres de cin\u00e9tique humaine<\/strong><\/a>.<\/span><\/p>\n","protected":false},"excerpt":{"rendered":"<p>Entra\u00eenement fonctionnel pour le sport Avec l&#8217;entra\u00eenement fonctionnel pour le sport, atteignez un nouveau niveau d&#8217;athl\u00e9tisme ! L&#8217;entra\u00eenement fonctionnel est un syst\u00e8me complet de d\u00e9veloppement athl\u00e9tique qui se concentre sur l&#8217;entra\u00eenement du corps tel qu&#8217;il sera utilis\u00e9 en comp\u00e9tition, ce qui en fait la forme d&#8217;entra\u00eenement la plus efficace et la plus efficiente \u00e0 l&#8217;heure [&hellip;]<\/p>\n","protected":false},"featured_media":19559,"comment_status":"open","ping_status":"closed","template":"","meta":{"_acf_changed":false,"_monsterinsights_skip_tracking":false,"_monsterinsights_sitenote_active":false,"_monsterinsights_sitenote_note":"","_monsterinsights_sitenote_category":0,"_uf_show_specific_survey":0,"_uf_disable_surveys":false,"site-sidebar-layout":"default","site-content-layout":"","ast-site-content-layout":"default","site-content-style":"default","site-sidebar-style":"default","ast-global-header-display":"","ast-banner-title-visibility":"","ast-main-header-display":"","ast-hfb-above-header-display":"","ast-hfb-below-header-display":"","ast-hfb-mobile-header-display":"","site-post-title":"","ast-breadcrumbs-content":"","ast-featured-img":"","footer-sml-layout":"","ast-disable-related-posts":"","theme-transparent-header-meta":"default","adv-header-id-meta":"","stick-header-meta":"","header-above-stick-meta":"","header-main-stick-meta":"","header-below-stick-meta":"","astra-migrate-meta-layouts":"set","ast-page-background-enabled":"default","ast-page-background-meta":{"desktop":{"background-color":"","background-image":"","background-repeat":"repeat","background-position":"center center","background-size":"auto","background-attachment":"scroll","background-type":"","background-media":"","overlay-type":"","overlay-color":"","overlay-opacity":"","overlay-gradient":""},"tablet":{"background-color":"","background-image":"","background-repeat":"repeat","background-position":"center center","background-size":"auto","background-attachment":"scroll","background-type":"","background-media":"","overlay-type":"","overlay-color":"","overlay-opacity":"","overlay-gradient":""},"mobile":{"background-color":"","background-image":"","background-repeat":"repeat","background-position":"center center","background-size":"auto","background-attachment":"scroll","background-type":"","background-media":"","overlay-type":"","overlay-color":"","overlay-opacity":"","overlay-gradient":""}},"ast-content-background-meta":{"desktop":{"background-color":"var(--ast-global-color-5)","background-image":"","background-repeat":"repeat","background-position":"center center","background-size":"auto","background-attachment":"scroll","background-type":"","background-media":"","overlay-type":"","overlay-color":"","overlay-opacity":"","overlay-gradient":""},"tablet":{"background-color":"var(--ast-global-color-5)","background-image":"","background-repeat":"repeat","background-position":"center center","background-size":"auto","background-attachment":"scroll","background-type":"","background-media":"","overlay-type":"","overlay-color":"","overlay-opacity":"","overlay-gradient":""},"mobile":{"background-color":"var(--ast-global-color-5)","background-image":"","background-repeat":"repeat","background-position":"center center","background-size":"auto","background-attachment":"scroll","background-type":"","background-media":"","overlay-type":"","overlay-color":"","overlay-opacity":"","overlay-gradient":""}}},"product_brand":[3310],"product_cat":[3553,3879],"product_tag":[3667,4031,4032],"class_list":{"0":"post-19557","1":"product","2":"type-product","3":"status-publish","4":"has-post-thumbnail","6":"product_brand-human-kinetics","7":"product_cat-aides-a-lentrainement-et-a-la-formation","8":"product_cat-aides-a-la-formation","9":"product_tag-cinetique-humaine","10":"product_tag-entrainement-fonctionnel","11":"product_tag-pour-le-sport","12":"desktop-align-left","13":"tablet-align-left","14":"mobile-align-left","16":"first","17":"instock","18":"sale","19":"taxable","20":"shipping-taxable","21":"purchasable","22":"product-type-simple"},"acf":[],"_links":{"self":[{"href":"https:\/\/ztsports.com\/fr\/wp-json\/wp\/v2\/product\/19557","targetHints":{"allow":["GET"]}}],"collection":[{"href":"https:\/\/ztsports.com\/fr\/wp-json\/wp\/v2\/product"}],"about":[{"href":"https:\/\/ztsports.com\/fr\/wp-json\/wp\/v2\/types\/product"}],"replies":[{"embeddable":true,"href":"https:\/\/ztsports.com\/fr\/wp-json\/wp\/v2\/comments?post=19557"}],"version-history":[{"count":1,"href":"https:\/\/ztsports.com\/fr\/wp-json\/wp\/v2\/product\/19557\/revisions"}],"predecessor-version":[{"id":19558,"href":"https:\/\/ztsports.com\/fr\/wp-json\/wp\/v2\/product\/19557\/revisions\/19558"}],"wp:featuredmedia":[{"embeddable":true,"href":"https:\/\/ztsports.com\/fr\/wp-json\/wp\/v2\/media\/19559"}],"wp:attachment":[{"href":"https:\/\/ztsports.com\/fr\/wp-json\/wp\/v2\/media?parent=19557"}],"wp:term":[{"taxonomy":"product_brand","embeddable":true,"href":"https:\/\/ztsports.com\/fr\/wp-json\/wp\/v2\/product_brand?post=19557"},{"taxonomy":"product_cat","embeddable":true,"href":"https:\/\/ztsports.com\/fr\/wp-json\/wp\/v2\/product_cat?post=19557"},{"taxonomy":"product_tag","embeddable":true,"href":"https:\/\/ztsports.com\/fr\/wp-json\/wp\/v2\/product_tag?post=19557"}],"curies":[{"name":"wp","href":"https:\/\/api.w.org\/{rel}","templated":true}]}}