{"id":19554,"date":"2021-09-23T02:39:29","date_gmt":"2021-09-23T02:39:29","guid":{"rendered":"https:\/\/ztsports.com\/?post_type=product&#038;p=19554"},"modified":"2026-02-02T20:16:33","modified_gmt":"2026-02-02T20:16:33","slug":"fitness-patinage-en-ligne","status":"publish","type":"product","link":"https:\/\/ztsports.com\/fr\/store\/fitness-patinage-en-ligne\/","title":{"rendered":"Fitness Patinage en ligne\/Fitness Inline Skating pour la vitesse et la technique"},"content":{"rendered":"<h1 id=\"tw-target-text\" class=\"tw-data-text tw-text-large tw-ta\" dir=\"ltr\" data-placeholder=\"Translation\"><span class=\"Y2IQFc\" lang=\"en\">Fitness inline skating pour la vitesse et la technique<\/span><\/h1>\n<p>Fitness Patinage en ligne, c<span class=\"Y2IQFc\" lang=\"en\">omprend quarante-huit s\u00e9ances d&#8217;entra\u00eenement r\u00e9parties en six zones de difficult\u00e9 croissante.<br \/>\n<\/span><\/p>\n<p dir=\"ltr\" data-placeholder=\"Translation\">Nombreux sont ceux qui se souviennent des articles de Fedel dans le Speed skating Times Fitness Patinage en ligne<\/p>\n<p><span style=\"font-family: Arial, Helvetica, sans-serif;\"><a href=\"http:\/\/www.fedel.com\/bio\/\" target=\"_blank\" rel=\"noopener\"><strong>Fedel<\/strong><\/a> est un athl\u00e8te de comp\u00e9tition passionn\u00e9 qui a particip\u00e9 \u00e0 plus de 100 triathlons\/duathlons, 60 courses de patins \u00e0 roues align\u00e9es, 50 courses de v\u00e9lo et 50 courses \u00e0 pied. Les points forts sont les suivants :<\/span><\/p>\n<blockquote><p>Qualificatif pour :<\/p><\/blockquote>\n<ul>\n<li><span style=\"font-family: Arial, Helvetica, sans-serif;\">Essais olympiques &#8211; cyclisme (1988)<\/span><\/li>\n<li><span style=\"font-family: Arial, Helvetica, sans-serif;\">Championnats nationaux &#8211; triathlon (1987-92)<\/span><\/li>\n<li><span style=\"font-family: Arial, Helvetica, sans-serif;\">Championnats nationaux de biathlon (duathlon) (1988-92)<\/span><\/li>\n<li><span style=\"font-family: Arial, Helvetica, sans-serif;\">Championnats nationaux &#8211; patinage en ligne (1991-96)<\/span><\/li>\n<\/ul>\n<blockquote><p><span style=\"font-family: Arial, Helvetica, sans-serif;\">Autres points forts :<\/span><\/p><\/blockquote>\n<ul>\n<li><span style=\"font-family: Arial, Helvetica, sans-serif;\">Championne r\u00e9gionale du Midwest en patinage \u00e0 roues align\u00e9es (1995)<\/span><\/li>\n<li><span style=\"font-family: Arial, Helvetica, sans-serif;\">1\u00e8re place au classement g\u00e9n\u00e9ral dans plus de 30 courses de patins \u00e0 roues align\u00e9es (1989-96)<\/span><\/li>\n<li><span style=\"font-family: Arial, Helvetica, sans-serif;\">Run Across Michigan (Relais &#8211; 2000)<\/span><\/li>\n<li><span style=\"font-family: Arial, Helvetica, sans-serif;\">Bike Across Indiana (2000)<\/span><\/li>\n<li><span style=\"font-family: Arial, Helvetica, sans-serif;\">Triathlon Great Floridian Ironman\u2122 (2000-2001)<\/span><\/li>\n<li><span style=\"font-family: Arial, Helvetica, sans-serif;\">Triathlon Pineman Ironman\u2122 (2002)<\/span><\/li>\n<li><span style=\"font-family: Arial, Helvetica, sans-serif;\">Marathon de Columbus (2003)<\/span><\/li>\n<\/ul>\n<p dir=\"ltr\" data-placeholder=\"Translation\">Enfin, consultez notre biblioth\u00e8que de <a href=\"https:\/\/ztsports.com\/brand\/human-kinetics\/\"><strong>Livres de cin\u00e9tique humaine<\/strong><\/a>.<\/p>\n","protected":false},"excerpt":{"rendered":"<p>Fitness inline skating pour la vitesse et la technique Fitness Patinage en ligne, comprend quarante-huit s\u00e9ances d&#8217;entra\u00eenement r\u00e9parties en six zones de difficult\u00e9 croissante. Nombreux sont ceux qui se souviennent des articles de Fedel dans le Speed skating Times Fitness Patinage en ligne Fedel est un athl\u00e8te de comp\u00e9tition passionn\u00e9 qui a particip\u00e9 \u00e0 plus [&hellip;]<\/p>\n","protected":false},"featured_media":19556,"comment_status":"open","ping_status":"closed","template":"","meta":{"_acf_changed":false,"_monsterinsights_skip_tracking":false,"_monsterinsights_sitenote_active":false,"_monsterinsights_sitenote_note":"","_monsterinsights_sitenote_category":0,"_uf_show_specific_survey":0,"_uf_disable_surveys":false,"site-sidebar-layout":"default","site-content-layout":"","ast-site-content-layout":"default","site-content-style":"default","site-sidebar-style":"default","ast-global-header-display":"","ast-banner-title-visibility":"","ast-main-header-display":"","ast-hfb-above-header-display":"","ast-hfb-below-header-display":"","ast-hfb-mobile-header-display":"","site-post-title":"","ast-breadcrumbs-content":"","ast-featured-img":"","footer-sml-layout":"","ast-disable-related-posts":"","theme-transparent-header-meta":"default","adv-header-id-meta":"","stick-header-meta":"","header-above-stick-meta":"","header-main-stick-meta":"","header-below-stick-meta":"","astra-migrate-meta-layouts":"set","ast-page-background-enabled":"default","ast-page-background-meta":{"desktop":{"background-color":"","background-image":"","background-repeat":"repeat","background-position":"center center","background-size":"auto","background-attachment":"scroll","background-type":"","background-media":"","overlay-type":"","overlay-color":"","overlay-opacity":"","overlay-gradient":""},"tablet":{"background-color":"","background-image":"","background-repeat":"repeat","background-position":"center center","background-size":"auto","background-attachment":"scroll","background-type":"","background-media":"","overlay-type":"","overlay-color":"","overlay-opacity":"","overlay-gradient":""},"mobile":{"background-color":"","background-image":"","background-repeat":"repeat","background-position":"center center","background-size":"auto","background-attachment":"scroll","background-type":"","background-media":"","overlay-type":"","overlay-color":"","overlay-opacity":"","overlay-gradient":""}},"ast-content-background-meta":{"desktop":{"background-color":"var(--ast-global-color-5)","background-image":"","background-repeat":"repeat","background-position":"center center","background-size":"auto","background-attachment":"scroll","background-type":"","background-media":"","overlay-type":"","overlay-color":"","overlay-opacity":"","overlay-gradient":""},"tablet":{"background-color":"var(--ast-global-color-5)","background-image":"","background-repeat":"repeat","background-position":"center center","background-size":"auto","background-attachment":"scroll","background-type":"","background-media":"","overlay-type":"","overlay-color":"","overlay-opacity":"","overlay-gradient":""},"mobile":{"background-color":"var(--ast-global-color-5)","background-image":"","background-repeat":"repeat","background-position":"center center","background-size":"auto","background-attachment":"scroll","background-type":"","background-media":"","overlay-type":"","overlay-color":"","overlay-opacity":"","overlay-gradient":""}}},"product_brand":[3310],"product_cat":[3422,3433,3553,3664,3381],"product_tag":[2234,4029,2064,4030],"class_list":{"0":"post-19554","1":"product","2":"type-product","3":"status-publish","4":"has-post-thumbnail","6":"product_brand-human-kinetics","7":"product_cat-accessoires","8":"product_cat-accessories","9":"product_cat-aides-a-lentrainement-et-a-la-formation","10":"product_cat-livres-et-manuels-de-formation","11":"product_cat-patinage-de-vitesse-en-ligne","12":"product_tag-fitness","13":"product_tag-fitness-en-patinage-en-ligne","14":"product_tag-inline-speed-skating","15":"product_tag-patinage-en-ligne","16":"desktop-align-left","17":"tablet-align-left","18":"mobile-align-left","20":"first","21":"instock","22":"sale","23":"taxable","24":"shipping-taxable","25":"purchasable","26":"product-type-simple"},"acf":[],"_links":{"self":[{"href":"https:\/\/ztsports.com\/fr\/wp-json\/wp\/v2\/product\/19554","targetHints":{"allow":["GET"]}}],"collection":[{"href":"https:\/\/ztsports.com\/fr\/wp-json\/wp\/v2\/product"}],"about":[{"href":"https:\/\/ztsports.com\/fr\/wp-json\/wp\/v2\/types\/product"}],"replies":[{"embeddable":true,"href":"https:\/\/ztsports.com\/fr\/wp-json\/wp\/v2\/comments?post=19554"}],"version-history":[{"count":1,"href":"https:\/\/ztsports.com\/fr\/wp-json\/wp\/v2\/product\/19554\/revisions"}],"predecessor-version":[{"id":19555,"href":"https:\/\/ztsports.com\/fr\/wp-json\/wp\/v2\/product\/19554\/revisions\/19555"}],"wp:featuredmedia":[{"embeddable":true,"href":"https:\/\/ztsports.com\/fr\/wp-json\/wp\/v2\/media\/19556"}],"wp:attachment":[{"href":"https:\/\/ztsports.com\/fr\/wp-json\/wp\/v2\/media?parent=19554"}],"wp:term":[{"taxonomy":"product_brand","embeddable":true,"href":"https:\/\/ztsports.com\/fr\/wp-json\/wp\/v2\/product_brand?post=19554"},{"taxonomy":"product_cat","embeddable":true,"href":"https:\/\/ztsports.com\/fr\/wp-json\/wp\/v2\/product_cat?post=19554"},{"taxonomy":"product_tag","embeddable":true,"href":"https:\/\/ztsports.com\/fr\/wp-json\/wp\/v2\/product_tag?post=19554"}],"curies":[{"name":"wp","href":"https:\/\/api.w.org\/{rel}","templated":true}]}}