{"id":19547,"date":"2021-09-23T02:38:20","date_gmt":"2021-09-23T02:38:20","guid":{"rendered":"https:\/\/ztsports.com\/?post_type=product&#038;p=19547"},"modified":"2026-02-02T20:18:09","modified_gmt":"2026-02-02T20:18:09","slug":"abdos-athletiques","status":"publish","type":"product","link":"https:\/\/ztsports.com\/fr\/store\/abdos-athletiques\/","title":{"rendered":"abdos athl\u00e9tiques\/Abdominaux Athl\u00e9tiques Un renforcement essentiel du tronc"},"content":{"rendered":"<h1 dir=\"ltr\" data-placeholder=\"Translation\">Des abdominaux athl\u00e9tiques Un renforcement essentiel du tronc<\/h1>\n<h5><strong>Abdos Athl\u00e9tiques<\/strong><\/h5>\n<p id=\"tw-target-text\" class=\"tw-data-text tw-text-large tw-ta\" dir=\"ltr\" data-placeholder=\"Translation\"><span class=\"Y2IQFc\" lang=\"en\">Des abdominaux athl\u00e9tiques sont essentiels pour obtenir des abdominaux durs sans faire des abdominaux \u00e0 n&#8217;en plus finir ! Scott Cole, la c\u00e9l\u00e9brit\u00e9 du fitness rendue c\u00e9l\u00e8bre par la vid\u00e9o Abs of Steel, pr\u00e9sente son programme r\u00e9volutionnaire pour d\u00e9velopper et maintenir une ceinture abdominale sculpt\u00e9e. Cette s\u00e9ance d&#8217;entra\u00eenement peut \u00eatre effectu\u00e9e \u00e0 la maison et ne n\u00e9cessite aucun \u00e9quipement co\u00fbteux ! Plut\u00f4t que de se concentrer sur des r\u00e9p\u00e9titions interminables d&#8217;abdominaux douloureux, ce programme utilise l&#8217;ensemble du corps pour conditionner le c\u0153ur.<\/span><\/p>\n<p class=\"tw-data-text tw-text-large tw-ta\" dir=\"ltr\" data-placeholder=\"Translation\"><span class=\"Y2IQFc\" lang=\"en\"> Athletic Abs combine les principes de l&#8217;entra\u00eenement sportif, des arts martiaux, de la gymnastique et du yoga pour isoler et d\u00e9velopper les quatre r\u00e9gions abdominales. Non seulement ces exercices vous donneront une apparence cisel\u00e9e, mais ils augmenteront \u00e9galement votre force, votre souplesse et votre \u00e9quilibre.<\/span><\/p>\n<h5><strong>Abdos Athl\u00e9tiques<\/strong><\/h5>\n<p class=\"tw-data-text tw-text-large tw-ta\" dir=\"ltr\" data-placeholder=\"Translation\"><span class=\"Y2IQFc\" lang=\"en\">A special section combining nutrition and interval training will help you burn fat and enhance your abs. En plus d&#8217;avoir jou\u00e9 dans le best-seller Abs of Steel, Scott Cole a \u00e9t\u00e9 d\u00e9sign\u00e9 par IDEA comme l&#8217;un des cinq meilleurs entra\u00eeneurs de fitness au monde. Il a \u00e9t\u00e9 pr\u00e9sent\u00e9 en tant qu&#8217;expert en fitness sur ABC, NBC et HGTV et a \u00e9crit pour USA Today, Men&#8217;s Fitness, Shape, GQ et Fit, entre autres. Il est actuellement l&#8217;un des professionnels de la remise en forme les plus demand\u00e9s au monde. <\/span><\/p>\n<p class=\"tw-data-text tw-text-large tw-ta\" dir=\"ltr\" data-placeholder=\"Translation\"><span class=\"Y2IQFc\" lang=\"en\">Scott Cole et Tom Seaborne, cycliste d&#8217;\u00e9lite et ceinture noire troisi\u00e8me dan, ont plus de 45 ans d&#8217;exp\u00e9rience et ont aid\u00e9 des milliers de personnes \u00e0 atteindre le sommet de leur forme physique. Que vous cherchiez \u00e0 am\u00e9liorer votre condition physique g\u00e9n\u00e9rale ou vos performances athl\u00e9tiques, l&#8217;entra\u00eenement Athletic Abs vous permettra d&#8217;obtenir un noyau puissant d&#8217;abdominaux cisel\u00e9s et durs comme le roc !<\/span><\/p>\n<p>Enfin, consultez notre biblioth\u00e8que de <a href=\"https:\/\/ztsports.com\/brand\/human-kinetics\/\"><strong>Livres de cin\u00e9tique humaine<\/strong><\/a>.<\/p>\n","protected":false},"excerpt":{"rendered":"<p>Des abdominaux athl\u00e9tiques Un renforcement essentiel du tronc Abdos Athl\u00e9tiques Des abdominaux athl\u00e9tiques sont essentiels pour obtenir des abdominaux durs sans faire des abdominaux \u00e0 n&#8217;en plus finir ! Scott Cole, la c\u00e9l\u00e9brit\u00e9 du fitness rendue c\u00e9l\u00e8bre par la vid\u00e9o Abs of Steel, pr\u00e9sente son programme r\u00e9volutionnaire pour d\u00e9velopper et maintenir une ceinture abdominale sculpt\u00e9e. [&hellip;]<\/p>\n","protected":false},"featured_media":19549,"comment_status":"open","ping_status":"closed","template":"","meta":{"_acf_changed":false,"_monsterinsights_skip_tracking":false,"_monsterinsights_sitenote_active":false,"_monsterinsights_sitenote_note":"","_monsterinsights_sitenote_category":0,"_uf_show_specific_survey":0,"_uf_disable_surveys":false,"site-sidebar-layout":"default","site-content-layout":"","ast-site-content-layout":"default","site-content-style":"default","site-sidebar-style":"default","ast-global-header-display":"","ast-banner-title-visibility":"","ast-main-header-display":"","ast-hfb-above-header-display":"","ast-hfb-below-header-display":"","ast-hfb-mobile-header-display":"","site-post-title":"","ast-breadcrumbs-content":"","ast-featured-img":"","footer-sml-layout":"","ast-disable-related-posts":"","theme-transparent-header-meta":"default","adv-header-id-meta":"","stick-header-meta":"","header-above-stick-meta":"","header-main-stick-meta":"","header-below-stick-meta":"","astra-migrate-meta-layouts":"set","ast-page-background-enabled":"default","ast-page-background-meta":{"desktop":{"background-color":"","background-image":"","background-repeat":"repeat","background-position":"center center","background-size":"auto","background-attachment":"scroll","background-type":"","background-media":"","overlay-type":"","overlay-color":"","overlay-opacity":"","overlay-gradient":""},"tablet":{"background-color":"","background-image":"","background-repeat":"repeat","background-position":"center center","background-size":"auto","background-attachment":"scroll","background-type":"","background-media":"","overlay-type":"","overlay-color":"","overlay-opacity":"","overlay-gradient":""},"mobile":{"background-color":"","background-image":"","background-repeat":"repeat","background-position":"center center","background-size":"auto","background-attachment":"scroll","background-type":"","background-media":"","overlay-type":"","overlay-color":"","overlay-opacity":"","overlay-gradient":""}},"ast-content-background-meta":{"desktop":{"background-color":"var(--ast-global-color-5)","background-image":"","background-repeat":"repeat","background-position":"center center","background-size":"auto","background-attachment":"scroll","background-type":"","background-media":"","overlay-type":"","overlay-color":"","overlay-opacity":"","overlay-gradient":""},"tablet":{"background-color":"var(--ast-global-color-5)","background-image":"","background-repeat":"repeat","background-position":"center center","background-size":"auto","background-attachment":"scroll","background-type":"","background-media":"","overlay-type":"","overlay-color":"","overlay-opacity":"","overlay-gradient":""},"mobile":{"background-color":"var(--ast-global-color-5)","background-image":"","background-repeat":"repeat","background-position":"center center","background-size":"auto","background-attachment":"scroll","background-type":"","background-media":"","overlay-type":"","overlay-color":"","overlay-opacity":"","overlay-gradient":""}}},"product_brand":[3310],"product_cat":[3553,3664],"product_tag":[4026,4027,4028],"class_list":{"0":"post-19547","1":"product","2":"type-product","3":"status-publish","4":"has-post-thumbnail","6":"product_brand-human-kinetics","7":"product_cat-aides-a-lentrainement-et-a-la-formation","8":"product_cat-livres-et-manuels-de-formation","9":"product_tag-abdos-athletiques","10":"product_tag-entrainement-des-abdominaux","11":"product_tag-renforcement-essentiel-du-tronc","12":"desktop-align-left","13":"tablet-align-left","14":"mobile-align-left","16":"first","17":"instock","18":"sale","19":"taxable","20":"shipping-taxable","21":"purchasable","22":"product-type-simple"},"acf":[],"_links":{"self":[{"href":"https:\/\/ztsports.com\/fr\/wp-json\/wp\/v2\/product\/19547","targetHints":{"allow":["GET"]}}],"collection":[{"href":"https:\/\/ztsports.com\/fr\/wp-json\/wp\/v2\/product"}],"about":[{"href":"https:\/\/ztsports.com\/fr\/wp-json\/wp\/v2\/types\/product"}],"replies":[{"embeddable":true,"href":"https:\/\/ztsports.com\/fr\/wp-json\/wp\/v2\/comments?post=19547"}],"version-history":[{"count":1,"href":"https:\/\/ztsports.com\/fr\/wp-json\/wp\/v2\/product\/19547\/revisions"}],"predecessor-version":[{"id":19548,"href":"https:\/\/ztsports.com\/fr\/wp-json\/wp\/v2\/product\/19547\/revisions\/19548"}],"wp:featuredmedia":[{"embeddable":true,"href":"https:\/\/ztsports.com\/fr\/wp-json\/wp\/v2\/media\/19549"}],"wp:attachment":[{"href":"https:\/\/ztsports.com\/fr\/wp-json\/wp\/v2\/media?parent=19547"}],"wp:term":[{"taxonomy":"product_brand","embeddable":true,"href":"https:\/\/ztsports.com\/fr\/wp-json\/wp\/v2\/product_brand?post=19547"},{"taxonomy":"product_cat","embeddable":true,"href":"https:\/\/ztsports.com\/fr\/wp-json\/wp\/v2\/product_cat?post=19547"},{"taxonomy":"product_tag","embeddable":true,"href":"https:\/\/ztsports.com\/fr\/wp-json\/wp\/v2\/product_tag?post=19547"}],"curies":[{"name":"wp","href":"https:\/\/api.w.org\/{rel}","templated":true}]}}