{"id":19544,"date":"2021-09-23T02:44:54","date_gmt":"2021-09-23T02:44:54","guid":{"rendered":"https:\/\/ztsports.com\/?post_type=product&#038;p=19544"},"modified":"2026-04-17T03:07:41","modified_gmt":"2026-04-17T03:07:41","slug":"cbc-element-evo-krypton","status":"publish","type":"product","link":"https:\/\/ztsports.com\/fr\/store\/cbc-element-evo-krypton\/","title":{"rendered":"Ensemble de patins CBC ELEMENT EVO Krypton"},"content":{"rendered":"<h1 id=\"tw-target-text\" class=\"tw-data-text tw-text-large tw-ta\" dir=\"ltr\" data-placeholder=\"Translation\"><span class=\"Y2IQFc\" lang=\"en\">Ensemble de patins CBC ELEMENT EVO Krypton <\/span><\/h1>\n<p class=\"tw-data-text tw-text-large tw-ta\" dir=\"ltr\" data-placeholder=\"Translation\"><span class=\"Y2IQFc\" lang=\"en\">L&#8217;ensemble de patins ELEMENT EVO Krypton de CBC est parfait pour les patineurs d\u00e9butants et interm\u00e9diaires. De plus, aucune autre chaussure de patinage sur le march\u00e9 n&#8217;offre l&#8217;ajustement et la performance d&#8217;une chaussure CBC. <\/span><\/p>\n<p class=\"tw-data-text tw-text-large tw-ta\" dir=\"ltr\" data-placeholder=\"Translation\"><span class=\"Y2IQFc\" lang=\"en\">Nous avons travaill\u00e9 dur pour trouver la bonne lame \u00e0 associer \u00e0 cette chaussure, et la Krypton d&#8217;Evo a coch\u00e9 toutes les cases. Advance your short track career with this powerful duo without breaking the bank.<\/span><\/p>\n<h4 dir=\"ltr\" data-placeholder=\"Translation\">\u00c9l\u00e9ment CBC<\/h4>\n<p>La chaussure CBC Element ST est un excellent moyen d&#8217;entrer dans le sport du patinage de vitesse sur piste courte avec la chaussure pour d\u00e9butants la plus compl\u00e8te disponible sur le march\u00e9 du patinage aujourd&#8217;hui.<\/p>\n<p>The perfect package for entry level to intermediate skaters. No other skating boot on the market offers the fit and performance of a CBC.<\/p>\n<p>Ajoutez un EHS ou un EVO Blade et faites progresser votre carri\u00e8re sur piste courte avec ce duo puissant sans vous ruiner.<\/p>\n<p>De plus, le ELEMENT est construit sur la m\u00eame base que <em>le<\/em> GENESIS et est fabriqu\u00e9 \u00e0 partir de mat\u00e9riaux l\u00e9gers et durables.<\/p>\n<p>At the heart of the dual composite support counter is our innovative Thermo-CSC, a heat activated molding medium. L&#8217;ELEMENT enveloppe le pied du client pour assurer un soutien optionnel, le confort et la confiance.<\/p>\n<p>De plus, le ELEMENT est dot\u00e9 d&#8217;un ch\u00e2ssis r\u00e9sistant \u00e0 la torsion (TR). This application ensures reduced flex in the sole of boot while maximizing the ability to create downward force into the ice.<\/p>\n<p>Cette botte est magnifique &#8211; si l&#8217;on peut dire ! &#8211; avec des sch\u00e9mas fonctionnels et une capacit\u00e9 de cerclage accrue.<\/p>\n<p>Commencez votre carri\u00e8re sur circuit court avec cette botte abordable et innovante et vous serez sur la bonne voie pour atteindre le sommet.<\/p>\n<h5><a title=\"Consultez notre tutoriel sur YouTube pour savoir comment d\u00e9terminer votre pointure de bottes CBC !\" href=\"https:\/\/youtu.be\/KuKIfMC9NSY\" target=\"_blank\" rel=\"noopener noreferrer\" aria-describedby=\"a11y-new-window-external-message\">Consultez d&#8217;abord notre tutoriel YouTube sur la fa\u00e7on de d\u00e9terminer votre pointure de bottes CBC ! <\/a><\/h5>\n<p>Deuxi\u00e8mement, cliquez sur le lien vers le <a href=\"https:\/\/www.carpenterbootcompany.com\/pages\/fit\" target=\"_blank\" rel=\"noopener\">Outil de dimensionnement des bottes CBC.<\/a><\/p>\n<p>Troisi\u00e8mement, pour vous aider \u00e0 mesurer votre pied, tracez une <a href=\"https:\/\/www.printablerulers.net\/preview\/Ruler_30-cm_by_mm\" target=\"_blank\" rel=\"noopener\"><strong>r\u00e8gle imprimable de 30 cm par mm<\/strong><\/a>.<\/p>\n<h4>EVO Krypton<\/h4>\n<p>L&#8217;EVO Krypton 12C27 Chrome <span class=\"Y2IQFc\" lang=\"en\">La lame Short Track est con\u00e7ue pour l&#8217;agilit\u00e9, la r\u00e9activit\u00e9 et la durabilit\u00e9.<\/span><\/p>\n<p><span class=\"Y2IQFc\" lang=\"en\">Le chrome remonte \u00e0 l&#8217;ordinal Maple Chrome qui a inspir\u00e9 le design. En outre, un<\/span><span class=\"Y2IQFc\" lang=\"en\"> lame offrant un excellent rapport qualit\u00e9-prix.<\/span><\/p>\n<h4 id=\"tw-target-text\" class=\"tw-data-text tw-text-large tw-ta\" dir=\"ltr\" data-placeholder=\"Translation\"><span class=\"Y2IQFc\" lang=\"en\">EVO KRYPTON 12C27 Chrome <\/span><\/h4>\n<p class=\"tw-data-text tw-text-large tw-ta\" dir=\"ltr\" data-placeholder=\"Translation\"><span class=\"Y2IQFc\" lang=\"en\">La technologie de la lame en acier inoxydable 12C27 offre un bon tranchant. En outre, la lame 12C27 est fabriqu\u00e9e selon les m\u00eames normes de qualit\u00e9 que les lames PM et Bimetal. <\/span><\/p>\n<p class=\"tw-data-text tw-text-large tw-ta\" dir=\"ltr\" data-placeholder=\"Translation\"><span class=\"Y2IQFc\" lang=\"en\">Con\u00e7u au Canada, puis fabriqu\u00e9 en Hollande. Ainsi que de l&#8217;aluminium et de l&#8217;acier de premi\u00e8re qualit\u00e9 en provenance des Pays-Bas.<\/span><\/p>\n<p dir=\"ltr\" data-placeholder=\"Translation\">Et puis Voir tous les <a href=\"https:\/\/ztsports.com\/brand\/evo\/\"><strong>produits EVO<\/strong><\/a> ici.<\/p>\n<p>Enfin, voir tous nos produits Carpenter Boot Company <a href=\"https:\/\/ztsports.com\/brand\/cbc\/\"><strong>(CBC) Produits.<\/strong><\/a><\/p>\n<p class=\"tw-data-text tw-text-large tw-ta\" dir=\"ltr\" data-placeholder=\"Translation\"><span class=\"Y2IQFc\" lang=\"en\">Findlay consultez tous nos <a href=\"https:\/\/ztsports.com\/categorie-produit\/courte-piste\/packages\/?lang=fr\"><strong>forfaits courte piste<\/strong><\/a> ici.<\/span><\/p>\n","protected":false},"excerpt":{"rendered":"<p>Ensemble de patins CBC ELEMENT EVO Krypton L&#8217;ensemble de patins ELEMENT EVO Krypton de CBC est parfait pour les patineurs d\u00e9butants et interm\u00e9diaires. De plus, aucune autre chaussure de patinage sur le march\u00e9 n&#8217;offre l&#8217;ajustement et la performance d&#8217;une chaussure CBC. Nous avons travaill\u00e9 dur pour trouver la bonne lame \u00e0 associer \u00e0 cette chaussure, [&hellip;]<\/p>\n","protected":false},"featured_media":19546,"comment_status":"open","ping_status":"closed","template":"","meta":{"_acf_changed":false,"_monsterinsights_skip_tracking":false,"_monsterinsights_sitenote_active":false,"_monsterinsights_sitenote_note":"","_monsterinsights_sitenote_category":0,"_uf_show_specific_survey":0,"_uf_disable_surveys":false,"site-sidebar-layout":"default","site-content-layout":"","ast-site-content-layout":"default","site-content-style":"default","site-sidebar-style":"default","ast-global-header-display":"","ast-banner-title-visibility":"","ast-main-header-display":"","ast-hfb-above-header-display":"","ast-hfb-below-header-display":"","ast-hfb-mobile-header-display":"","site-post-title":"","ast-breadcrumbs-content":"","ast-featured-img":"","footer-sml-layout":"","ast-disable-related-posts":"","theme-transparent-header-meta":"default","adv-header-id-meta":"","stick-header-meta":"","header-above-stick-meta":"","header-main-stick-meta":"","header-below-stick-meta":"","astra-migrate-meta-layouts":"set","ast-page-background-enabled":"default","ast-page-background-meta":{"desktop":{"background-color":"","background-image":"","background-repeat":"repeat","background-position":"center center","background-size":"auto","background-attachment":"scroll","background-type":"","background-media":"","overlay-type":"","overlay-color":"","overlay-opacity":"","overlay-gradient":""},"tablet":{"background-color":"","background-image":"","background-repeat":"repeat","background-position":"center center","background-size":"auto","background-attachment":"scroll","background-type":"","background-media":"","overlay-type":"","overlay-color":"","overlay-opacity":"","overlay-gradient":""},"mobile":{"background-color":"","background-image":"","background-repeat":"repeat","background-position":"center center","background-size":"auto","background-attachment":"scroll","background-type":"","background-media":"","overlay-type":"","overlay-color":"","overlay-opacity":"","overlay-gradient":""}},"ast-content-background-meta":{"desktop":{"background-color":"var(--ast-global-color-5)","background-image":"","background-repeat":"repeat","background-position":"center center","background-size":"auto","background-attachment":"scroll","background-type":"","background-media":"","overlay-type":"","overlay-color":"","overlay-opacity":"","overlay-gradient":""},"tablet":{"background-color":"var(--ast-global-color-5)","background-image":"","background-repeat":"repeat","background-position":"center center","background-size":"auto","background-attachment":"scroll","background-type":"","background-media":"","overlay-type":"","overlay-color":"","overlay-opacity":"","overlay-gradient":""},"mobile":{"background-color":"var(--ast-global-color-5)","background-image":"","background-repeat":"repeat","background-position":"center center","background-size":"auto","background-attachment":"scroll","background-type":"","background-media":"","overlay-type":"","overlay-color":"","overlay-opacity":"","overlay-gradient":""}}},"product_brand":[3290,3297],"product_cat":[3395,3624,3627,3467,3625],"product_tag":[2123,2124,2304,3711,4024,1881,1882,3630,4025],"class_list":{"0":"post-19544","1":"product","2":"type-product","3":"status-publish","4":"has-post-thumbnail","6":"product_brand-cbc","7":"product_brand-evo","8":"product_cat-courte-piste","9":"product_cat-forfait-courte-piste","10":"product_cat-packages","11":"product_cat-patinage-de-vitesse","12":"product_cat-patins-de-vitesse","13":"product_tag-carpenter-boot-company","14":"product_tag-cbc","15":"product_tag-cbc-element","16":"product_tag-element-cbc-st-boot","17":"product_tag-ensemble-de-patins-cbc-element-evo-krypton","18":"product_tag-evo","19":"product_tag-evo-krypton","20":"product_tag-forfait-courte-piste","21":"product_tag-lame-evo-krypton","22":"desktop-align-left","23":"tablet-align-left","24":"mobile-align-left","26":"first","27":"instock","28":"sale","29":"featured","30":"taxable","31":"shipping-taxable","32":"purchasable","33":"product-type-simple"},"acf":[],"_links":{"self":[{"href":"https:\/\/ztsports.com\/fr\/wp-json\/wp\/v2\/product\/19544","targetHints":{"allow":["GET"]}}],"collection":[{"href":"https:\/\/ztsports.com\/fr\/wp-json\/wp\/v2\/product"}],"about":[{"href":"https:\/\/ztsports.com\/fr\/wp-json\/wp\/v2\/types\/product"}],"replies":[{"embeddable":true,"href":"https:\/\/ztsports.com\/fr\/wp-json\/wp\/v2\/comments?post=19544"}],"version-history":[{"count":2,"href":"https:\/\/ztsports.com\/fr\/wp-json\/wp\/v2\/product\/19544\/revisions"}],"predecessor-version":[{"id":25588,"href":"https:\/\/ztsports.com\/fr\/wp-json\/wp\/v2\/product\/19544\/revisions\/25588"}],"wp:featuredmedia":[{"embeddable":true,"href":"https:\/\/ztsports.com\/fr\/wp-json\/wp\/v2\/media\/19546"}],"wp:attachment":[{"href":"https:\/\/ztsports.com\/fr\/wp-json\/wp\/v2\/media?parent=19544"}],"wp:term":[{"taxonomy":"product_brand","embeddable":true,"href":"https:\/\/ztsports.com\/fr\/wp-json\/wp\/v2\/product_brand?post=19544"},{"taxonomy":"product_cat","embeddable":true,"href":"https:\/\/ztsports.com\/fr\/wp-json\/wp\/v2\/product_cat?post=19544"},{"taxonomy":"product_tag","embeddable":true,"href":"https:\/\/ztsports.com\/fr\/wp-json\/wp\/v2\/product_tag?post=19544"}],"curies":[{"name":"wp","href":"https:\/\/api.w.org\/{rel}","templated":true}]}}