{"id":19533,"date":"2021-09-23T02:46:01","date_gmt":"2021-09-23T02:46:01","guid":{"rendered":"https:\/\/ztsports.com\/?post_type=product&#038;p=19533"},"modified":"2026-04-17T03:02:35","modified_gmt":"2026-04-17T03:02:35","slug":"cbc-genesis-et-evo-argon-package","status":"publish","type":"product","link":"https:\/\/ztsports.com\/fr\/store\/cbc-genesis-et-evo-argon-package\/","title":{"rendered":"CBC GENESIS et EVO Argon Package"},"content":{"rendered":"<h1 class=\"tw-data-text tw-text-large tw-ta\" dir=\"ltr\" data-placeholder=\"Translation\"><span class=\"Y2IQFc\" lang=\"en\">CBC GENESIS et EVO Argon Package<\/span><\/h1>\n<p class=\"tw-data-text tw-text-large tw-ta\" dir=\"ltr\" data-placeholder=\"Translation\"><span class=\"Y2IQFc\" lang=\"en\">L&#8217;ensemble CBC GENESIS et EVO Argon est id\u00e9al pour les patineurs interm\u00e9diaires et avanc\u00e9s \u00e0 la recherche d&#8217;un avantage comp\u00e9titif. <\/span><\/p>\n<p class=\"tw-data-text tw-text-large tw-ta\" dir=\"ltr\" data-placeholder=\"Translation\"><span class=\"Y2IQFc\" lang=\"en\">Ici, vous d\u00e9couvrirez notre chaussure Genesis semi-personnalis\u00e9e associ\u00e9e \u00e0 l&#8217;EVO Argon qui offre une glisse exceptionnelle et une pr\u00e9-courbure constante. Cet ensemble de chaussures et de lames est id\u00e9al pour les patineurs qui pr\u00e9f\u00e8rent une lame plus ferme. <\/span><\/p>\n<p class=\"tw-data-text tw-text-large tw-ta\" dir=\"ltr\" data-placeholder=\"Translation\"><span class=\"Y2IQFc\" lang=\"en\"><strong>Tailles :<\/strong> 36-47 <\/span><\/p>\n<p class=\"tw-data-text tw-text-large tw-ta\" dir=\"ltr\" data-placeholder=\"Translation\"><span class=\"Y2IQFc\" lang=\"en\"><strong>Lames :<\/strong> 16,5-17,5 lames<\/span><\/p>\n<p><strong>Le mod\u00e8le GENESIS Short Track est disponible en largeur standard et large. Notre botte large est environ 5 mm plus large que la botte standard. Les bottes Genesis Wide sont disponibles dans les pointures 35-46. <\/strong><\/p>\n<p>La chaussure de patinage de vitesse sur piste courte GENESIS est un outil de haute performance qui change la donne et qui est con\u00e7u pour combler le foss\u00e9 entre les chaussures de s\u00e9rie et les chaussures personnalis\u00e9es.<\/p>\n<p>Nous avons parcouru le monde \u00e0 la recherche des mat\u00e9riaux de la plus haute qualit\u00e9 possible. La GENESIS est le r\u00e9sultat de 10 ans de recherche et de d\u00e9veloppement de bottes sur mesure.<\/p>\n<p>Les clients ne seront pas d\u00e9\u00e7us lorsqu&#8217;ils installeront GENESIS pour la premi\u00e8re fois. Cette botte est con\u00e7ue pour s&#8217;adapter \u00e0 diff\u00e9rentes largeurs de pied. Le pied est envelopp\u00e9 dans du cuir de veau v\u00e9ritable et le talon est doucement soutenu par notre contrefort en mousse \u00e0 m\u00e9moire de forme.<\/p>\n<p>L&#8217;utilisation de Thermal-CSC permet non seulement \u00e0 l&#8217;utilisateur d&#8217;obtenir un meilleur ajustement d\u00e8s la sortie de la bo\u00eete, mais aussi de b\u00e9n\u00e9ficier d&#8217;une exp\u00e9rience personnalis\u00e9e \u00e0 un prix d&#8217;action.<\/p>\n<p>Nous consid\u00e9rons que la GENESIS est tout simplement la meilleure chaussure de patinage de vitesse sur piste courte sur le march\u00e9 aujourd&#8217;hui.<\/p>\n<p>Chaque aspect de cette botte a \u00e9t\u00e9 \u00e9tudi\u00e9, peaufin\u00e9, test\u00e9 et retest\u00e9. Cet outil de patinage r\u00e9volutionnaire a des ann\u00e9es d&#8217;avance sur ses concurrents.<\/p>\n<p>Si vous \u00eates soucieux de vos performances, mais que vous n&#8217;\u00eates pas encore pr\u00eat \u00e0 passer \u00e0 une chaussure personnalis\u00e9e, la GENESIS est la chaussure qu&#8217;il vous faut.<\/p>\n<h4><span data-sheets-value=\"{\" data-sheets-userformat=\"{\">Associez l&#8217;Argon au CBC Genesis pour obtenir le meilleur ensemble de patinage de vitesse sur piste courte.<\/span><\/h4>\n<p><span data-sheets-value=\"{\" data-sheets-userformat=\"{\">La lame de patinage de vitesse sur piste courte Evo Argon convient aux patineurs plus lourds qui recherchent une adh\u00e9rence sup\u00e9rieure tout en conservant des niveaux \u00e9lev\u00e9s de contr\u00f4le et de sensation.<\/span><\/p>\n<p><span data-sheets-value=\"{\" data-sheets-userformat=\"{\">Les lames Argon sont livr\u00e9es avec des coupelles de taille 0 en standard, mais nous disposons de coupelles de tailles allant de -1 \u00e0 +5. Si vous souhaitez une taille de bonnet diff\u00e9rente de 0, veuillez le pr\u00e9ciser dans les notes de commande. Merci de votre attention !<\/span><\/p>\n<p><strong>Veuillez noter que les lames sont livr\u00e9es d\u00e9j\u00e0 courb\u00e9es, mais qu&#8217;elles ne sont pas taill\u00e9es en berceau. Toutes les lames doivent \u00eatre bascul\u00e9es avant d&#8217;\u00eatre patin\u00e9es. Zt Sports propose des services de basculement de lame. <\/strong><\/p>\n<p><strong>Veuillez ajouter ce produit \u00e0 votre panier si vous souhaitez b\u00e9n\u00e9ficier de ce service.<\/strong><\/p>\n<h5><a title=\"Consultez notre tutoriel sur YouTube pour savoir comment d\u00e9terminer votre pointure de bottes CBC !\" href=\"https:\/\/youtu.be\/KuKIfMC9NSY\" target=\"_blank\" rel=\"noopener noreferrer\" aria-describedby=\"a11y-new-window-external-message\">Consultez d&#8217;abord notre tutoriel YouTube sur la fa\u00e7on de d\u00e9terminer votre pointure de bottes CBC ! <\/a><\/h5>\n<p>Deuxi\u00e8mement, cliquez sur le lien vers le <a href=\"https:\/\/www.carpenterbootcompany.com\/pages\/fit\" target=\"_blank\" rel=\"noopener\">Outil de dimensionnement des bottes CBC.<\/a><\/p>\n<p>Troisi\u00e8mement, pour vous aider \u00e0 mesurer votre pied, tracez une <a href=\"https:\/\/www.printablerulers.net\/preview\/Ruler_30-cm_by_mm\" target=\"_blank\" rel=\"noopener\"><strong>r\u00e8gle imprimable de 30 cm par mm<\/strong><\/a>.<\/p>\n<p>Enfin, voir tous nos produits Carpenter Boot Company <a href=\"https:\/\/ztsports.com\/brand\/cbc\/\"><strong>(CBC) Produits.<\/strong><\/a><\/p>\n","protected":false},"excerpt":{"rendered":"<p>CBC GENESIS et EVO Argon Package L&#8217;ensemble CBC GENESIS et EVO Argon est id\u00e9al pour les patineurs interm\u00e9diaires et avanc\u00e9s \u00e0 la recherche d&#8217;un avantage comp\u00e9titif. Ici, vous d\u00e9couvrirez notre chaussure Genesis semi-personnalis\u00e9e associ\u00e9e \u00e0 l&#8217;EVO Argon qui offre une glisse exceptionnelle et une pr\u00e9-courbure constante. Cet ensemble de chaussures et de lames est id\u00e9al [&hellip;]<\/p>\n","protected":false},"featured_media":19535,"comment_status":"open","ping_status":"closed","template":"","meta":{"_acf_changed":false,"_monsterinsights_skip_tracking":false,"_monsterinsights_sitenote_active":false,"_monsterinsights_sitenote_note":"","_monsterinsights_sitenote_category":0,"_uf_show_specific_survey":0,"_uf_disable_surveys":false,"site-sidebar-layout":"default","site-content-layout":"","ast-site-content-layout":"default","site-content-style":"default","site-sidebar-style":"default","ast-global-header-display":"","ast-banner-title-visibility":"","ast-main-header-display":"","ast-hfb-above-header-display":"","ast-hfb-below-header-display":"","ast-hfb-mobile-header-display":"","site-post-title":"","ast-breadcrumbs-content":"","ast-featured-img":"","footer-sml-layout":"","ast-disable-related-posts":"","theme-transparent-header-meta":"default","adv-header-id-meta":"","stick-header-meta":"","header-above-stick-meta":"","header-main-stick-meta":"","header-below-stick-meta":"","astra-migrate-meta-layouts":"set","ast-page-background-enabled":"default","ast-page-background-meta":{"desktop":{"background-color":"","background-image":"","background-repeat":"repeat","background-position":"center center","background-size":"auto","background-attachment":"scroll","background-type":"","background-media":"","overlay-type":"","overlay-color":"","overlay-opacity":"","overlay-gradient":""},"tablet":{"background-color":"","background-image":"","background-repeat":"repeat","background-position":"center center","background-size":"auto","background-attachment":"scroll","background-type":"","background-media":"","overlay-type":"","overlay-color":"","overlay-opacity":"","overlay-gradient":""},"mobile":{"background-color":"","background-image":"","background-repeat":"repeat","background-position":"center center","background-size":"auto","background-attachment":"scroll","background-type":"","background-media":"","overlay-type":"","overlay-color":"","overlay-opacity":"","overlay-gradient":""}},"ast-content-background-meta":{"desktop":{"background-color":"var(--ast-global-color-5)","background-image":"","background-repeat":"repeat","background-position":"center center","background-size":"auto","background-attachment":"scroll","background-type":"","background-media":"","overlay-type":"","overlay-color":"","overlay-opacity":"","overlay-gradient":""},"tablet":{"background-color":"var(--ast-global-color-5)","background-image":"","background-repeat":"repeat","background-position":"center center","background-size":"auto","background-attachment":"scroll","background-type":"","background-media":"","overlay-type":"","overlay-color":"","overlay-opacity":"","overlay-gradient":""},"mobile":{"background-color":"var(--ast-global-color-5)","background-image":"","background-repeat":"repeat","background-position":"center center","background-size":"auto","background-attachment":"scroll","background-type":"","background-media":"","overlay-type":"","overlay-color":"","overlay-opacity":"","overlay-gradient":""}}},"product_brand":[3290],"product_cat":[3395,3624,3627,3467],"product_tag":[2123,2124,2127,1881,1884,1885,3630],"class_list":{"0":"post-19533","1":"product","2":"type-product","3":"status-publish","4":"has-post-thumbnail","6":"product_brand-cbc","7":"product_cat-courte-piste","8":"product_cat-forfait-courte-piste","9":"product_cat-packages","10":"product_cat-patinage-de-vitesse","11":"product_tag-carpenter-boot-company","12":"product_tag-cbc","13":"product_tag-cbc-genesis","14":"product_tag-evo","15":"product_tag-evo-argon","16":"product_tag-evo-argon-pm","17":"product_tag-forfait-courte-piste","18":"desktop-align-left","19":"tablet-align-left","20":"mobile-align-left","22":"first","23":"instock","24":"sale","25":"featured","26":"taxable","27":"shipping-taxable","28":"purchasable","29":"product-type-simple"},"acf":[],"_links":{"self":[{"href":"https:\/\/ztsports.com\/fr\/wp-json\/wp\/v2\/product\/19533","targetHints":{"allow":["GET"]}}],"collection":[{"href":"https:\/\/ztsports.com\/fr\/wp-json\/wp\/v2\/product"}],"about":[{"href":"https:\/\/ztsports.com\/fr\/wp-json\/wp\/v2\/types\/product"}],"replies":[{"embeddable":true,"href":"https:\/\/ztsports.com\/fr\/wp-json\/wp\/v2\/comments?post=19533"}],"version-history":[{"count":2,"href":"https:\/\/ztsports.com\/fr\/wp-json\/wp\/v2\/product\/19533\/revisions"}],"predecessor-version":[{"id":25587,"href":"https:\/\/ztsports.com\/fr\/wp-json\/wp\/v2\/product\/19533\/revisions\/25587"}],"wp:featuredmedia":[{"embeddable":true,"href":"https:\/\/ztsports.com\/fr\/wp-json\/wp\/v2\/media\/19535"}],"wp:attachment":[{"href":"https:\/\/ztsports.com\/fr\/wp-json\/wp\/v2\/media?parent=19533"}],"wp:term":[{"taxonomy":"product_brand","embeddable":true,"href":"https:\/\/ztsports.com\/fr\/wp-json\/wp\/v2\/product_brand?post=19533"},{"taxonomy":"product_cat","embeddable":true,"href":"https:\/\/ztsports.com\/fr\/wp-json\/wp\/v2\/product_cat?post=19533"},{"taxonomy":"product_tag","embeddable":true,"href":"https:\/\/ztsports.com\/fr\/wp-json\/wp\/v2\/product_tag?post=19533"}],"curies":[{"name":"wp","href":"https:\/\/api.w.org\/{rel}","templated":true}]}}