{"id":19526,"date":"2021-09-23T02:47:04","date_gmt":"2021-09-23T02:47:04","guid":{"rendered":"https:\/\/ztsports.com\/?post_type=product&#038;p=19526"},"modified":"2026-04-17T02:58:26","modified_gmt":"2026-04-17T02:58:26","slug":"bont-buckle-strap-kit","status":"publish","type":"product","link":"https:\/\/ztsports.com\/fr\/store\/bont-buckle-strap-kit\/","title":{"rendered":"BONT BUCKLE STRAP KIT Original Replacement Parts"},"content":{"rendered":"<h2>BONT BUCKLE STRAP KIT Original Replacement Parts<\/h2>\n<p>Ce kit de sangle de boucle Bont contient tous les \u00e9l\u00e9ments n\u00e9cessaires au remplacement d&#8217;une boucle cass\u00e9e ou d&#8217;une \u00e9chelle d\u00e9nud\u00e9e. <span class=\"gmail-Apple-converted-space\">Le kit complet de boucles qui <\/span>comprend une <strong>paire de boucles, des boucles, une paire d&#8217;\u00e9chelles de 11 cm et des vis<\/strong> (comme sur l&#8217;image). Vous pouvez acheter le kit complet pour r\u00e9aliser des \u00e9conomies ou commander des pi\u00e8ces individuelles.<\/p>\n<p>Article de stock recommand\u00e9 pour les patineurs actifs, les clubs et les gestionnaires d&#8217;\u00e9quipement.<\/p>\n<h4>BONT Buckle Strap Kit Original Replacement Parts (Pi\u00e8ces de rechange originales)<\/h4>\n<p>Pour remplacer votre boucle, utilisez un petit tournevis. et vous pourrez alors facilement remplacer vos boucles actuelles. Kit de sangle de boucle BONT, les pi\u00e8ces de rechange originales.<\/p>\n<p>Veuillez noter que vous ne pouvez remplacer la boucle de votre botte qu&#8217;avec le m\u00eame kit de boucle que celui fourni avec la botte.<span class=\"gmail-Apple-converted-space\"> Vous ne pouvez pas<\/span> remplacer une boucle standard par une boucle Slimline.<\/p>\n<p>Si vous n&#8217;\u00eates pas s\u00fbr, envoyez-nous une photo de votre boucle ou de votre patin et nous pourrons utiliser notre expertise pour nous assurer que vous commandez la bonne pi\u00e8ce de remplacement pour vos patins.<\/p>\n<p>Enfin, consultez tous nos <a href=\"https:\/\/ztsports.com\/categorie-produit\/accessories\/pieces-et-outils\/?lang=fr\"><strong>pi\u00e8ces et outils<\/strong><\/a> ici.<\/p>\n","protected":false},"excerpt":{"rendered":"<p>BONT BUCKLE STRAP KIT Original Replacement Parts Ce kit de sangle de boucle Bont contient tous les \u00e9l\u00e9ments n\u00e9cessaires au remplacement d&#8217;une boucle cass\u00e9e ou d&#8217;une \u00e9chelle d\u00e9nud\u00e9e. Le kit complet de boucles qui comprend une paire de boucles, des boucles, une paire d&#8217;\u00e9chelles de 11 cm et des vis (comme sur l&#8217;image). Vous pouvez [&hellip;]<\/p>\n","protected":false},"featured_media":19528,"comment_status":"open","ping_status":"closed","template":"","meta":{"_acf_changed":false,"_monsterinsights_skip_tracking":false,"_monsterinsights_sitenote_active":false,"_monsterinsights_sitenote_note":"","_monsterinsights_sitenote_category":0,"_uf_show_specific_survey":0,"_uf_disable_surveys":false,"site-sidebar-layout":"default","site-content-layout":"","ast-site-content-layout":"default","site-content-style":"default","site-sidebar-style":"default","ast-global-header-display":"","ast-banner-title-visibility":"","ast-main-header-display":"","ast-hfb-above-header-display":"","ast-hfb-below-header-display":"","ast-hfb-mobile-header-display":"","site-post-title":"","ast-breadcrumbs-content":"","ast-featured-img":"","footer-sml-layout":"","ast-disable-related-posts":"","theme-transparent-header-meta":"default","adv-header-id-meta":"","stick-header-meta":"","header-above-stick-meta":"","header-main-stick-meta":"","header-below-stick-meta":"","astra-migrate-meta-layouts":"set","ast-page-background-enabled":"default","ast-page-background-meta":{"desktop":{"background-color":"","background-image":"","background-repeat":"repeat","background-position":"center center","background-size":"auto","background-attachment":"scroll","background-type":"","background-media":"","overlay-type":"","overlay-color":"","overlay-opacity":"","overlay-gradient":""},"tablet":{"background-color":"","background-image":"","background-repeat":"repeat","background-position":"center center","background-size":"auto","background-attachment":"scroll","background-type":"","background-media":"","overlay-type":"","overlay-color":"","overlay-opacity":"","overlay-gradient":""},"mobile":{"background-color":"","background-image":"","background-repeat":"repeat","background-position":"center center","background-size":"auto","background-attachment":"scroll","background-type":"","background-media":"","overlay-type":"","overlay-color":"","overlay-opacity":"","overlay-gradient":""}},"ast-content-background-meta":{"desktop":{"background-color":"var(--ast-global-color-5)","background-image":"","background-repeat":"repeat","background-position":"center center","background-size":"auto","background-attachment":"scroll","background-type":"","background-media":"","overlay-type":"","overlay-color":"","overlay-opacity":"","overlay-gradient":""},"tablet":{"background-color":"var(--ast-global-color-5)","background-image":"","background-repeat":"repeat","background-position":"center center","background-size":"auto","background-attachment":"scroll","background-type":"","background-media":"","overlay-type":"","overlay-color":"","overlay-opacity":"","overlay-gradient":""},"mobile":{"background-color":"var(--ast-global-color-5)","background-image":"","background-repeat":"repeat","background-position":"center center","background-size":"auto","background-attachment":"scroll","background-type":"","background-media":"","overlay-type":"","overlay-color":"","overlay-opacity":"","overlay-gradient":""}}},"product_brand":[3285],"product_cat":[3422,3389,3391,3392,3874,3396,3433,3786,3395,3489,3398,3559,3875,3429,3949,3409],"product_tag":[2317,4017,4018,4019,4020,4021],"class_list":{"0":"post-19526","1":"product","2":"type-product","3":"status-publish","4":"has-post-thumbnail","6":"product_brand-bont","7":"product_cat-accessoires","8":"product_cat-accessoires-longue-piste","9":"product_cat-accessoires-pour-la-longue-piste","10":"product_cat-accessoires-short-track","11":"product_cat-accessories","14":"product_cat-bottes","15":"product_cat-courte-piste","16":"product_cat-offres-de-club","17":"product_cat-parts-tools","18":"product_cat-pieces-detachees-pour-voies-longues","19":"product_cat-pieces-et-outils","21":"product_cat-pieces-et-vis","22":"product_cat-roulements-et-outils","23":"product_tag-bont-buckle","24":"product_tag-kit-de-bretelles","25":"product_tag-kit-de-sangle-a-boucle-bont","26":"product_tag-pieces-de-rechange-bont","27":"product_tag-pieces-de-rechange-originales","28":"product_tag-pieces-de-rechange-originales-de-bont","29":"desktop-align-left","30":"tablet-align-left","31":"mobile-align-left","33":"first","34":"instock","35":"taxable","36":"shipping-taxable","37":"purchasable","38":"product-type-simple"},"acf":[],"_links":{"self":[{"href":"https:\/\/ztsports.com\/fr\/wp-json\/wp\/v2\/product\/19526","targetHints":{"allow":["GET"]}}],"collection":[{"href":"https:\/\/ztsports.com\/fr\/wp-json\/wp\/v2\/product"}],"about":[{"href":"https:\/\/ztsports.com\/fr\/wp-json\/wp\/v2\/types\/product"}],"replies":[{"embeddable":true,"href":"https:\/\/ztsports.com\/fr\/wp-json\/wp\/v2\/comments?post=19526"}],"version-history":[{"count":1,"href":"https:\/\/ztsports.com\/fr\/wp-json\/wp\/v2\/product\/19526\/revisions"}],"predecessor-version":[{"id":19527,"href":"https:\/\/ztsports.com\/fr\/wp-json\/wp\/v2\/product\/19526\/revisions\/19527"}],"wp:featuredmedia":[{"embeddable":true,"href":"https:\/\/ztsports.com\/fr\/wp-json\/wp\/v2\/media\/19528"}],"wp:attachment":[{"href":"https:\/\/ztsports.com\/fr\/wp-json\/wp\/v2\/media?parent=19526"}],"wp:term":[{"taxonomy":"product_brand","embeddable":true,"href":"https:\/\/ztsports.com\/fr\/wp-json\/wp\/v2\/product_brand?post=19526"},{"taxonomy":"product_cat","embeddable":true,"href":"https:\/\/ztsports.com\/fr\/wp-json\/wp\/v2\/product_cat?post=19526"},{"taxonomy":"product_tag","embeddable":true,"href":"https:\/\/ztsports.com\/fr\/wp-json\/wp\/v2\/product_tag?post=19526"}],"curies":[{"name":"wp","href":"https:\/\/api.w.org\/{rel}","templated":true}]}}