{"id":19523,"date":"2021-09-23T02:47:04","date_gmt":"2021-09-23T02:47:04","guid":{"rendered":"https:\/\/ztsports.com\/?post_type=product&#038;p=19523"},"modified":"2026-04-17T02:17:42","modified_gmt":"2026-04-17T02:17:42","slug":"pied-de-remplacement","status":"publish","type":"product","link":"https:\/\/ztsports.com\/fr\/store\/pied-de-remplacement\/","title":{"rendered":"Pied de remplacement NAGANO JIG"},"content":{"rendered":"<h1 id=\"tw-target-text\" class=\"tw-data-text tw-text-large tw-ta\" dir=\"ltr\" data-placeholder=\"Translation\"><span class=\"Y2IQFc\" lang=\"en\">NAGANO JIG RUBBER STABILIZER<\/span><\/h1>\n<p>NAGANO JIG Pied de remplacement Il est important que votre gabarit d&#8217;aff\u00fbtage soit de niveau. si vous perdez un pied\/stabilisateur ou si vous l&#8217;endommagez, remplacez-le imm\u00e9diatement. Vous aurez ainsi l&#8217;assurance de donner \u00e0 vos lames le soin dont elles ont besoin lors de l&#8217;aff\u00fbtage.<\/p>\n<p class=\"tw-data-text tw-text-large tw-ta\" dir=\"ltr\" data-placeholder=\"Translation\">Les pieds de remplacement NAGANO JIG RUBBER STABILIZER \/NAGANO JIG Replacement Foot <span class=\"Y2IQFc\" lang=\"en\">sont disponibles \u00e0 l&#8217;unit\u00e9, ou par 2 ou 4 <\/span>.<\/p>\n<p class=\"tw-data-text tw-text-large tw-ta\" dir=\"ltr\" data-placeholder=\"Translation\"><span class=\"Y2IQFc\" lang=\"en\">Il s&#8217;agit de pi\u00e8ces de rechange originales pour les <strong>gabarits<\/strong> Nagano Skate <strong>Silver et Gold<\/strong>.<\/span><\/p>\n<p>Consultez tous nos <a href=\"https:\/\/ztsports.com\/product-category\/accessories\/parts-tools\/\"><strong>Pi\u00e8ces d\u00e9tach\u00e9es ici<\/strong><\/a>.<\/p>\n","protected":false},"excerpt":{"rendered":"<p>NAGANO JIG RUBBER STABILIZER NAGANO JIG Pied de remplacement Il est important que votre gabarit d&#8217;aff\u00fbtage soit de niveau. si vous perdez un pied\/stabilisateur ou si vous l&#8217;endommagez, remplacez-le imm\u00e9diatement. Vous aurez ainsi l&#8217;assurance de donner \u00e0 vos lames le soin dont elles ont besoin lors de l&#8217;aff\u00fbtage. Les pieds de remplacement NAGANO JIG RUBBER [&hellip;]<\/p>\n","protected":false},"featured_media":19525,"comment_status":"open","ping_status":"closed","template":"","meta":{"_acf_changed":false,"_monsterinsights_skip_tracking":false,"_monsterinsights_sitenote_active":false,"_monsterinsights_sitenote_note":"","_monsterinsights_sitenote_category":0,"_uf_show_specific_survey":0,"_uf_disable_surveys":false,"site-sidebar-layout":"default","site-content-layout":"","ast-site-content-layout":"default","site-content-style":"default","site-sidebar-style":"default","ast-global-header-display":"","ast-banner-title-visibility":"","ast-main-header-display":"","ast-hfb-above-header-display":"","ast-hfb-below-header-display":"","ast-hfb-mobile-header-display":"","site-post-title":"","ast-breadcrumbs-content":"","ast-featured-img":"","footer-sml-layout":"","ast-disable-related-posts":"","theme-transparent-header-meta":"default","adv-header-id-meta":"","stick-header-meta":"","header-above-stick-meta":"","header-main-stick-meta":"","header-below-stick-meta":"","astra-migrate-meta-layouts":"set","ast-page-background-enabled":"default","ast-page-background-meta":{"desktop":{"background-color":"","background-image":"","background-repeat":"repeat","background-position":"center center","background-size":"auto","background-attachment":"scroll","background-type":"","background-media":"","overlay-type":"","overlay-color":"","overlay-opacity":"","overlay-gradient":""},"tablet":{"background-color":"","background-image":"","background-repeat":"repeat","background-position":"center center","background-size":"auto","background-attachment":"scroll","background-type":"","background-media":"","overlay-type":"","overlay-color":"","overlay-opacity":"","overlay-gradient":""},"mobile":{"background-color":"","background-image":"","background-repeat":"repeat","background-position":"center center","background-size":"auto","background-attachment":"scroll","background-type":"","background-media":"","overlay-type":"","overlay-color":"","overlay-opacity":"","overlay-gradient":""}},"ast-content-background-meta":{"desktop":{"background-color":"var(--ast-global-color-5)","background-image":"","background-repeat":"repeat","background-position":"center center","background-size":"auto","background-attachment":"scroll","background-type":"","background-media":"","overlay-type":"","overlay-color":"","overlay-opacity":"","overlay-gradient":""},"tablet":{"background-color":"var(--ast-global-color-5)","background-image":"","background-repeat":"repeat","background-position":"center center","background-size":"auto","background-attachment":"scroll","background-type":"","background-media":"","overlay-type":"","overlay-color":"","overlay-opacity":"","overlay-gradient":""},"mobile":{"background-color":"var(--ast-global-color-5)","background-image":"","background-repeat":"repeat","background-position":"center center","background-size":"auto","background-attachment":"scroll","background-type":"","background-media":"","overlay-type":"","overlay-color":"","overlay-opacity":"","overlay-gradient":""}}},"product_brand":[],"product_cat":[3398],"product_tag":[2324,4015,4016],"class_list":{"0":"post-19523","1":"product","2":"type-product","3":"status-publish","4":"has-post-thumbnail","6":"product_cat-parts-tools","7":"product_tag-nagano-foot","8":"product_tag-pied-de-remplacement-du-gabarit","9":"product_tag-pied-en-caoutchouc","10":"desktop-align-left","11":"tablet-align-left","12":"mobile-align-left","14":"first","15":"instock","16":"taxable","17":"shipping-taxable","18":"purchasable","19":"product-type-simple"},"acf":[],"_links":{"self":[{"href":"https:\/\/ztsports.com\/fr\/wp-json\/wp\/v2\/product\/19523","targetHints":{"allow":["GET"]}}],"collection":[{"href":"https:\/\/ztsports.com\/fr\/wp-json\/wp\/v2\/product"}],"about":[{"href":"https:\/\/ztsports.com\/fr\/wp-json\/wp\/v2\/types\/product"}],"replies":[{"embeddable":true,"href":"https:\/\/ztsports.com\/fr\/wp-json\/wp\/v2\/comments?post=19523"}],"version-history":[{"count":1,"href":"https:\/\/ztsports.com\/fr\/wp-json\/wp\/v2\/product\/19523\/revisions"}],"predecessor-version":[{"id":19524,"href":"https:\/\/ztsports.com\/fr\/wp-json\/wp\/v2\/product\/19523\/revisions\/19524"}],"wp:featuredmedia":[{"embeddable":true,"href":"https:\/\/ztsports.com\/fr\/wp-json\/wp\/v2\/media\/19525"}],"wp:attachment":[{"href":"https:\/\/ztsports.com\/fr\/wp-json\/wp\/v2\/media?parent=19523"}],"wp:term":[{"taxonomy":"product_brand","embeddable":true,"href":"https:\/\/ztsports.com\/fr\/wp-json\/wp\/v2\/product_brand?post=19523"},{"taxonomy":"product_cat","embeddable":true,"href":"https:\/\/ztsports.com\/fr\/wp-json\/wp\/v2\/product_cat?post=19523"},{"taxonomy":"product_tag","embeddable":true,"href":"https:\/\/ztsports.com\/fr\/wp-json\/wp\/v2\/product_tag?post=19523"}],"curies":[{"name":"wp","href":"https:\/\/api.w.org\/{rel}","templated":true}]}}