{"id":19518,"date":"2021-09-23T02:55:54","date_gmt":"2021-09-23T02:55:54","guid":{"rendered":"https:\/\/ztsports.com\/?post_type=product&#038;p=19518"},"modified":"2026-04-17T02:15:55","modified_gmt":"2026-04-17T02:15:55","slug":"bont-carbon-tips","status":"publish","type":"product","link":"https:\/\/ztsports.com\/fr\/store\/bont-carbon-tips\/","title":{"rendered":"BONT CARBON TIPS pour gants Short Track"},"content":{"rendered":"<h1 class=\"tw-data-text tw-text-large tw-ta\" dir=\"ltr\" data-placeholder=\"Translation\" data-rm-block-id=\"block-1\"><span class=\"Y2IQFc\" lang=\"en\">BONT CARBON TIPS<\/span><\/h1>\n<p class=\"tw-data-text tw-text-large tw-ta\" dir=\"ltr\" data-placeholder=\"Translation\" data-rm-block-id=\"block-2\"><span class=\"Y2IQFc\" lang=\"en\">Les pointes BONT CARBON, extr\u00eamement l\u00e9g\u00e8res et r\u00e9sistantes \u00e0 la rupture. Jeu de 5 pointes en carbone Bont pour vous aider \u00e0 pivoter autour de l&#8217;Apex et sans tra\u00een\u00e9e. <\/span><\/p>\n<p class=\"tw-data-text tw-text-large tw-ta\" dir=\"ltr\" data-placeholder=\"Translation\" data-rm-block-id=\"block-3\"><span class=\"Y2IQFc\" lang=\"en\"><strong>De plus, tous nos embouts Short Track sont vendus avec la colle incluse. <\/strong><\/span><\/p>\n<div>\n<div class=\"dnXCYb\" tabindex=\"0\" role=\"button\" aria-controls=\"_t6-uZKD1JPeAqtsPyd6pyAo_33\" aria-expanded=\"true\" data-hveid=\"CDkQAQ\">\n<h4 class=\"JlqpRe\" data-rm-block-id=\"block-4\"><span class=\"JCzEY ZwRhJd\"><span class=\"CSkcDe\">Comment mettre des pointes sur des gants de patinage de vitesse ?<\/span><\/span><\/h4>\n<\/div>\n<\/div>\n<div id=\"_t6-uZKD1JPeAqtsPyd6pyAo_33\" class=\"bCOlv\" data-ved=\"2ahUKEwjgrO2FqImAAxV3gGoFHUlvCqkQ7NUEegQIORAE\">\n<div class=\"IZE3Td\">\n<div class=\"t0bRye r2fjmd\" data-hveid=\"CDkQBQ\" data-ved=\"2ahUKEwjgrO2FqImAAxV3gGoFHUlvCqkQu04oAHoECDkQBQ\">\n<div id=\"t6-uZKD1JPeAqtsPyd6pyAo__50\">\n<div class=\"wDYxhc\" data-md=\"83\">\n<div class=\"di3YZe\">\n<div class=\"co8aDb\" role=\"heading\" aria-level=\"3\" data-rm-block-id=\"block-5\"><b>Instructions de collage<\/b><\/div>\n<div class=\"RqBzHd\">\n<ol class=\"X5LH0c\">\n<li data-rm-block-id=\"block-6\">Commencez par des <strong>gants propres et secs<\/strong><\/li>\n<li class=\"TrT0Xe\" data-rm-block-id=\"block-7\">Le paquet contient 5 ou 7 pointes de diff\u00e9rentes tailles. Choisissez les cinq pointes qui correspondent le mieux \u00e0 la taille de vos doigts. Adaptez les embouts de protection \u00e0 votre gant.<\/li>\n<li class=\"TrT0Xe\" data-rm-block-id=\"block-8\">Appliquez de la colle sur le bord, puis un petit point au centre de la pointe. Appliquer sur des gants propres et secs. Appuyer fermement sur le gant avec la main dans le gant.<\/li>\n<li class=\"TrT0Xe\" data-rm-block-id=\"block-9\">Attendre au moins 30 minutes avant de l&#8217;utiliser.<\/li>\n<\/ol>\n<h4 data-rm-block-id=\"block-10\">Consultez notre s\u00e9lection de gants <a href=\"https:\/\/ztsports.com\/categorie-produit\/protection\/gants\/?lang=fr\">ici.<\/a><\/h4>\n<p data-rm-block-id=\"block-11\">Finley un clip de <a href=\"https:\/\/olympics.com\/en\/video\/special-skates-and-gloves-for-short-track-speed-skaters\" target=\"_blank\" rel=\"noopener\"><strong>Olympian Skates Pivotant en utilisant leurs Quick Tips<\/strong><\/a>.<\/p>\n<\/div>\n<\/div>\n<\/div>\n<\/div>\n<\/div>\n<\/div>\n<\/div>\n<pre id=\"tw-target-text\" class=\"tw-data-text tw-text-large tw-ta\" dir=\"ltr\" data-placeholder=\"Translation\" data-rm-block-id=\"block-12\"><span class=\"Y2IQFc\" lang=\"en\"><strong>Lastly check out the many different colors and types of <a href=\"https:\/\/ztsports.com\/categorie-produit\/courte-piste\/conseils-rapides\/?lang=fr\">Quick Tips<\/a> here.<\/strong><\/span><\/pre>\n","protected":false},"excerpt":{"rendered":"<p>BONT CARBON TIPS Les pointes BONT CARBON, extr\u00eamement l\u00e9g\u00e8res et r\u00e9sistantes \u00e0 la rupture. Jeu de 5 pointes en carbone Bont pour vous aider \u00e0 pivoter autour de l&#8217;Apex et sans tra\u00een\u00e9e. De plus, tous nos embouts Short Track sont vendus avec la colle incluse. Comment mettre des pointes sur des gants de patinage de [&hellip;]<\/p>\n","protected":false},"featured_media":19520,"comment_status":"open","ping_status":"closed","template":"","meta":{"_acf_changed":false,"_monsterinsights_skip_tracking":false,"_monsterinsights_sitenote_active":false,"_monsterinsights_sitenote_note":"","_monsterinsights_sitenote_category":0,"_uf_show_specific_survey":0,"_uf_disable_surveys":false,"site-sidebar-layout":"default","site-content-layout":"","ast-site-content-layout":"default","site-content-style":"default","site-sidebar-style":"default","ast-global-header-display":"","ast-banner-title-visibility":"","ast-main-header-display":"","ast-hfb-above-header-display":"","ast-hfb-below-header-display":"","ast-hfb-mobile-header-display":"","site-post-title":"","ast-breadcrumbs-content":"","ast-featured-img":"","footer-sml-layout":"","ast-disable-related-posts":"","theme-transparent-header-meta":"default","adv-header-id-meta":"","stick-header-meta":"","header-above-stick-meta":"","header-main-stick-meta":"","header-below-stick-meta":"","astra-migrate-meta-layouts":"set","ast-page-background-enabled":"default","ast-page-background-meta":{"desktop":{"background-color":"","background-image":"","background-repeat":"repeat","background-position":"center center","background-size":"auto","background-attachment":"scroll","background-type":"","background-media":"","overlay-type":"","overlay-color":"","overlay-opacity":"","overlay-gradient":""},"tablet":{"background-color":"","background-image":"","background-repeat":"repeat","background-position":"center center","background-size":"auto","background-attachment":"scroll","background-type":"","background-media":"","overlay-type":"","overlay-color":"","overlay-opacity":"","overlay-gradient":""},"mobile":{"background-color":"","background-image":"","background-repeat":"repeat","background-position":"center center","background-size":"auto","background-attachment":"scroll","background-type":"","background-media":"","overlay-type":"","overlay-color":"","overlay-opacity":"","overlay-gradient":""}},"ast-content-background-meta":{"desktop":{"background-color":"var(--ast-global-color-5)","background-image":"","background-repeat":"repeat","background-position":"center center","background-size":"auto","background-attachment":"scroll","background-type":"","background-media":"","overlay-type":"","overlay-color":"","overlay-opacity":"","overlay-gradient":""},"tablet":{"background-color":"var(--ast-global-color-5)","background-image":"","background-repeat":"repeat","background-position":"center center","background-size":"auto","background-attachment":"scroll","background-type":"","background-media":"","overlay-type":"","overlay-color":"","overlay-opacity":"","overlay-gradient":""},"mobile":{"background-color":"var(--ast-global-color-5)","background-image":"","background-repeat":"repeat","background-position":"center center","background-size":"auto","background-attachment":"scroll","background-type":"","background-media":"","overlay-type":"","overlay-color":"","overlay-opacity":"","overlay-gradient":""}}},"product_brand":[],"product_cat":[3392,3396,4003,4004,4005,3395,3483,3480,3536],"product_tag":[2438,4006,4007,3672,4008,4009,4010,4011,4012,4013,4014],"class_list":{"0":"post-19518","1":"product","2":"type-product","3":"status-publish","4":"has-post-thumbnail","6":"product_cat-accessoires-short-track","7":"product_cat-accessories","8":"product_cat-conseils-rapides","11":"product_cat-courte-piste","12":"product_cat-gants","13":"product_cat-gants-blancs","14":"product_cat-gants-de-patinage-de-vitesse","15":"product_tag-bont-carbon-tips","16":"product_tag-conseils-de-vitesse","17":"product_tag-conseils-en-matiere-de-plastique","18":"product_tag-conseils-pour-les-gants-de-patinage","19":"product_tag-conseils-pour-les-gants-de-patinage-de-vitesse","20":"product_tag-conseils-rapides","21":"product_tag-conseils-rapides-sur-labs-de-bont","22":"product_tag-conseils-rapides-sur-lapa","23":"product_tag-conseils-sur-lapa","24":"product_tag-conseils-sur-les-gants-pour-les-pistes-courtes","25":"product_tag-pointes-en-fibre-de-carbone","26":"desktop-align-left","27":"tablet-align-left","28":"mobile-align-left","30":"first","31":"instock","32":"taxable","33":"shipping-taxable","34":"purchasable","35":"product-type-simple"},"acf":[],"_links":{"self":[{"href":"https:\/\/ztsports.com\/fr\/wp-json\/wp\/v2\/product\/19518","targetHints":{"allow":["GET"]}}],"collection":[{"href":"https:\/\/ztsports.com\/fr\/wp-json\/wp\/v2\/product"}],"about":[{"href":"https:\/\/ztsports.com\/fr\/wp-json\/wp\/v2\/types\/product"}],"replies":[{"embeddable":true,"href":"https:\/\/ztsports.com\/fr\/wp-json\/wp\/v2\/comments?post=19518"}],"version-history":[{"count":1,"href":"https:\/\/ztsports.com\/fr\/wp-json\/wp\/v2\/product\/19518\/revisions"}],"predecessor-version":[{"id":19519,"href":"https:\/\/ztsports.com\/fr\/wp-json\/wp\/v2\/product\/19518\/revisions\/19519"}],"wp:featuredmedia":[{"embeddable":true,"href":"https:\/\/ztsports.com\/fr\/wp-json\/wp\/v2\/media\/19520"}],"wp:attachment":[{"href":"https:\/\/ztsports.com\/fr\/wp-json\/wp\/v2\/media?parent=19518"}],"wp:term":[{"taxonomy":"product_brand","embeddable":true,"href":"https:\/\/ztsports.com\/fr\/wp-json\/wp\/v2\/product_brand?post=19518"},{"taxonomy":"product_cat","embeddable":true,"href":"https:\/\/ztsports.com\/fr\/wp-json\/wp\/v2\/product_cat?post=19518"},{"taxonomy":"product_tag","embeddable":true,"href":"https:\/\/ztsports.com\/fr\/wp-json\/wp\/v2\/product_tag?post=19518"}],"curies":[{"name":"wp","href":"https:\/\/api.w.org\/{rel}","templated":true}]}}