{"id":19511,"date":"2021-09-23T02:57:06","date_gmt":"2021-09-23T02:57:06","guid":{"rendered":"https:\/\/ztsports.com\/?post_type=product&#038;p=19511"},"modified":"2026-04-17T02:11:25","modified_gmt":"2026-04-17T02:11:25","slug":"gants-en-ligne-ezeefit","status":"publish","type":"product","link":"https:\/\/ztsports.com\/fr\/store\/gants-en-ligne-ezeefit\/","title":{"rendered":"Gants en ligne eZeefit avec plaque coulissante"},"content":{"rendered":"<h1 class=\"tw-data-text tw-text-large tw-ta\" dir=\"ltr\" data-placeholder=\"Translation\"><span class=\"Y2IQFc\" lang=\"en\">eZeefit Inline Gloves <\/span>Speed Skating Protection<\/h1>\n<p><strong>Gants en ligne eZeefit<\/strong><\/p>\n<p class=\"tw-data-text tw-text-large tw-ta\" dir=\"ltr\" data-placeholder=\"Translation\"><span class=\"Y2IQFc\" lang=\"en\">Les gants eZeefit Inline Gloves sont dot\u00e9s d&#8217;un lycra extensible confortable et d&#8217;une paume antid\u00e9rapante. Tout aussi important, une plaque coulissante amovible, puis une lingette anti-transpiration et une fermeture velcro. En outre, ils sont faciles \u00e0 retirer gr\u00e2ce \u00e0 des boucles pratiques pour les doigts.<\/span><\/p>\n<p style=\"text-align: justify;\"><span class=\"Y2IQFc\" lang=\"en\">Gants en ligne eZeefit\u00a0sont tr\u00e8s confortables<\/span>gr\u00e2ce au lycra extensible et \u00e0 la paume antid\u00e9rapante. Plaque de glissement amovible, serviette \u00e9ponge et fermeture velcro. Easy off with convenient finger loops.<\/p>\n<p style=\"text-align: justify;\">X-Small, Small, Medium, Large et X-Large.<\/p>\n<div class=\"marque\" style=\"text-align: justify;\">Achetez les gants eZeefit Inline Gloves en ligne chez <a href=\"https:\/\/ztsports.com\/?lang=fr\"><strong>Le premier magasin d&#8217;\u00e9quipement de patinage de vitesse au Canada.<\/strong><\/a><\/div>\n<div>\n<p style=\"text-align: justify;\">Voici les gants eZeefit Inling Gloves &#8211; l&#8217;accessoire parfait pour tous vos besoins en roller inline ! Fabriqu\u00e9 en lycra extensible et confortable.<\/p>\n<p style=\"text-align: justify;\">Ces gants sont dot\u00e9s d&#8217;une paume antid\u00e9rapante qui vous permettra de rester en s\u00e9curit\u00e9 lorsque vous vous d\u00e9placerez sur vos patins.<\/p>\n<h4 style=\"text-align: justify;\"><strong>Gants EzeeFit Inline <\/strong><\/h4>\n<p style=\"text-align: justify;\">Les gants sont \u00e9galement \u00e9quip\u00e9s d&#8217;une plaque de glissement amovible. Une serviette \u00e9ponge et une fermeture velcro pour faciliter l&#8217;enfilage et le retrait. Les passants pour les doigts sont con\u00e7us pour faciliter le retrait des gants.<\/p>\n<h4 style=\"text-align: justify;\">Disponible en cinq tailles diff\u00e9rentes &#8211; X-Small, &#8211; X-Large.<\/h4>\n<h4 style=\"text-align: justify;\">Ces gants sont parfaits pour les patineurs de vitesse en ligne.<\/h4>\n<h4 style=\"text-align: justify;\"><strong>Gants EzeeFit Inline<\/strong><\/h4>\n<p style=\"text-align: justify;\">Mais ce n&#8217;est pas seulement la fonctionnalit\u00e9 de ces gants qui les distingue. La marque, <a href=\"https:\/\/ztsports.com\/brand\/ezeefit\/\"><strong>Ezeefit<\/strong><\/a>se consacre \u00e0 la fourniture de produits de qualit\u00e9 sup\u00e9rieure, con\u00e7us pour durer.<\/p>\n<p style=\"text-align: justify;\">Ils comprennent l&#8217;importance d&#8217;investir dans des produits de qualit\u00e9 sup\u00e9rieure, en particulier lorsqu&#8217;il s&#8217;agit de quelque chose d&#8217;aussi crucial que l&#8217;\u00e9quipement de s\u00e9curit\u00e9.<\/p>\n<p style=\"text-align: justify;\">Si vous cherchez une paire de gants fiable et durable pour vos besoins en roller inline, ne cherchez pas plus loin que les gants eZeefit Inline Gloves. Avec leur mati\u00e8re lycra extensible confortable et leur paume antid\u00e9rapante, ces gants sont s\u00fbrs de vous garder en s\u00e9curit\u00e9.<\/p>\n<p><strong>Pourquoi acheter des gants Inline dans notre magasin en ligne ?<\/strong><\/p>\n<p style=\"text-align: justify;\">Lorsqu&#8217;il s&#8217;agit de prot\u00e9ger vos mains lors de la pratique du roller, les gants eZeefit Inline Gloves sont un accessoire indispensable, et notre boutique en ligne est l&#8217;endroit id\u00e9al pour les acheter.<\/p>\n<ul style=\"text-align: justify;\">\n<li><strong>Mat\u00e9riau de haute qualit\u00e9 :<\/strong> Nos gants eZeefit Inline Gloves sont fabriqu\u00e9s \u00e0 partir d&#8217;un mat\u00e9riau lycra extensible confortable qui garantit un ajustement parfait et une grande durabilit\u00e9, ce qui en fait un excellent investissement.<\/li>\n<li><strong>Paume antid\u00e9rapante<\/strong>: Les gants sont dot\u00e9s d&#8217;une paume antid\u00e9rapante qui vous permettra de rester en s\u00e9curit\u00e9 lorsque vous vous d\u00e9placez avec vos patins.<\/li>\n<li><strong>Plaque coulissante amov<\/strong>ible : Les gants sont \u00e9quip\u00e9s d&#8217;une plaque coulissante amovible qui vous prot\u00e8ge en cas de chute.<\/li>\n<li><strong>Serviette \u00e9ponge et fermeture velcro<\/strong>: Les gants sont \u00e9galement \u00e9quip\u00e9s d&#8217;une serviette \u00e9ponge pour garder les mains au sec et d&#8217;une fermeture velcro pour les enfiler et les retirer facilement.<\/li>\n<li><strong>Facilit\u00e9 d&#8217;utilisation<\/strong>: les gants sont con\u00e7us pour \u00eatre simples et faciles \u00e0 utiliser, ce qui vous permet de les enfiler et de les retirer rapidement et facilement.<\/li>\n<li><strong>Exp\u00e9dition rapide<\/strong>: Nous offrons une livraison rapide pour toutes les commandes.<\/li>\n<li><strong>Achats en ligne s\u00e9curis\u00e9s<\/strong>: Nous offrons une exp\u00e9rience d&#8217;achat en ligne s\u00e9curis\u00e9e, garantissant la confidentialit\u00e9 de vos informations personnelles et financi\u00e8res.<\/li>\n<\/ul>\n<p style=\"text-align: justify;\">Avec toutes les caract\u00e9ristiques impressionnantes mentionn\u00e9es ci-dessus, ces gants sont con\u00e7us pour vous offrir le plus grand confort.<\/p>\n<p>Gants en ligne eZeefit <strong>X-Small &#8211; X-Large<\/strong><\/p>\n<p>enfin, d\u00e9couvrez tous les produits <a href=\"https:\/\/ztsports.com\/brand\/ezeefit\/\"><strong>produits Ezeefit<\/strong><\/a>ici.<\/p>\n<\/div>\n","protected":false},"excerpt":{"rendered":"<p>eZeefit Inline Gloves Speed Skating Protection Gants en ligne eZeefit Les gants eZeefit Inline Gloves sont dot\u00e9s d&#8217;un lycra extensible confortable et d&#8217;une paume antid\u00e9rapante. Tout aussi important, une plaque coulissante amovible, puis une lingette anti-transpiration et une fermeture velcro. En outre, ils sont faciles \u00e0 retirer gr\u00e2ce \u00e0 des boucles pratiques pour les doigts. [&hellip;]<\/p>\n","protected":false},"featured_media":19513,"comment_status":"open","ping_status":"closed","template":"","meta":{"_acf_changed":false,"_monsterinsights_skip_tracking":false,"_monsterinsights_sitenote_active":false,"_monsterinsights_sitenote_note":"","_monsterinsights_sitenote_category":0,"_uf_show_specific_survey":0,"_uf_disable_surveys":false,"site-sidebar-layout":"default","site-content-layout":"","ast-site-content-layout":"default","site-content-style":"default","site-sidebar-style":"default","ast-global-header-display":"","ast-banner-title-visibility":"","ast-main-header-display":"","ast-hfb-above-header-display":"","ast-hfb-below-header-display":"","ast-hfb-mobile-header-display":"","site-post-title":"","ast-breadcrumbs-content":"","ast-featured-img":"","footer-sml-layout":"","ast-disable-related-posts":"","theme-transparent-header-meta":"default","adv-header-id-meta":"","stick-header-meta":"","header-above-stick-meta":"","header-main-stick-meta":"","header-below-stick-meta":"","astra-migrate-meta-layouts":"set","ast-page-background-enabled":"default","ast-page-background-meta":{"desktop":{"background-color":"","background-image":"","background-repeat":"repeat","background-position":"center center","background-size":"auto","background-attachment":"scroll","background-type":"","background-media":"","overlay-type":"","overlay-color":"","overlay-opacity":"","overlay-gradient":""},"tablet":{"background-color":"","background-image":"","background-repeat":"repeat","background-position":"center center","background-size":"auto","background-attachment":"scroll","background-type":"","background-media":"","overlay-type":"","overlay-color":"","overlay-opacity":"","overlay-gradient":""},"mobile":{"background-color":"","background-image":"","background-repeat":"repeat","background-position":"center center","background-size":"auto","background-attachment":"scroll","background-type":"","background-media":"","overlay-type":"","overlay-color":"","overlay-opacity":"","overlay-gradient":""}},"ast-content-background-meta":{"desktop":{"background-color":"var(--ast-global-color-5)","background-image":"","background-repeat":"repeat","background-position":"center center","background-size":"auto","background-attachment":"scroll","background-type":"","background-media":"","overlay-type":"","overlay-color":"","overlay-opacity":"","overlay-gradient":""},"tablet":{"background-color":"var(--ast-global-color-5)","background-image":"","background-repeat":"repeat","background-position":"center center","background-size":"auto","background-attachment":"scroll","background-type":"","background-media":"","overlay-type":"","overlay-color":"","overlay-opacity":"","overlay-gradient":""},"mobile":{"background-color":"var(--ast-global-color-5)","background-image":"","background-repeat":"repeat","background-position":"center center","background-size":"auto","background-attachment":"scroll","background-type":"","background-media":"","overlay-type":"","overlay-color":"","overlay-opacity":"","overlay-gradient":""}}},"product_brand":[],"product_cat":[3422,3433,3381,3408,3429],"product_tag":[3427,1865,3998,3999,4000,4001,3497,3967,4002],"class_list":{"0":"post-19511","1":"product","2":"type-product","3":"status-publish","4":"has-post-thumbnail","6":"product_cat-accessoires","7":"product_cat-accessories","8":"product_cat-patinage-de-vitesse-en-ligne","9":"product_cat-patins-a-roulettes","10":"product_cat-pieces-et-outils","11":"product_tag-equipement-de-patinage-de-vitesse","12":"product_tag-ezeefit","13":"product_tag-gant-de-patinage-de-vitesse-en-ligne","14":"product_tag-gants-de-patinage","15":"product_tag-gants-en-ligne-ezeefit","16":"product_tag-gants-inline","17":"product_tag-patinage-de-vitesse","18":"product_tag-protection-du-patinage-de-vitesse","19":"product_tag-protection-en-ligne","20":"desktop-align-left","21":"tablet-align-left","22":"mobile-align-left","24":"first","25":"instock","26":"taxable","27":"shipping-taxable","28":"purchasable","29":"product-type-simple"},"acf":[],"_links":{"self":[{"href":"https:\/\/ztsports.com\/fr\/wp-json\/wp\/v2\/product\/19511","targetHints":{"allow":["GET"]}}],"collection":[{"href":"https:\/\/ztsports.com\/fr\/wp-json\/wp\/v2\/product"}],"about":[{"href":"https:\/\/ztsports.com\/fr\/wp-json\/wp\/v2\/types\/product"}],"replies":[{"embeddable":true,"href":"https:\/\/ztsports.com\/fr\/wp-json\/wp\/v2\/comments?post=19511"}],"version-history":[{"count":1,"href":"https:\/\/ztsports.com\/fr\/wp-json\/wp\/v2\/product\/19511\/revisions"}],"predecessor-version":[{"id":19512,"href":"https:\/\/ztsports.com\/fr\/wp-json\/wp\/v2\/product\/19511\/revisions\/19512"}],"wp:featuredmedia":[{"embeddable":true,"href":"https:\/\/ztsports.com\/fr\/wp-json\/wp\/v2\/media\/19513"}],"wp:attachment":[{"href":"https:\/\/ztsports.com\/fr\/wp-json\/wp\/v2\/media?parent=19511"}],"wp:term":[{"taxonomy":"product_brand","embeddable":true,"href":"https:\/\/ztsports.com\/fr\/wp-json\/wp\/v2\/product_brand?post=19511"},{"taxonomy":"product_cat","embeddable":true,"href":"https:\/\/ztsports.com\/fr\/wp-json\/wp\/v2\/product_cat?post=19511"},{"taxonomy":"product_tag","embeddable":true,"href":"https:\/\/ztsports.com\/fr\/wp-json\/wp\/v2\/product_tag?post=19511"}],"curies":[{"name":"wp","href":"https:\/\/api.w.org\/{rel}","templated":true}]}}