{"id":19508,"date":"2021-09-23T02:59:43","date_gmt":"2021-09-23T02:59:43","guid":{"rendered":"https:\/\/ztsports.com\/?post_type=product&#038;p=19508"},"modified":"2026-02-02T19:53:24","modified_gmt":"2026-02-02T19:53:24","slug":"bont-patriot-carbon2","status":"publish","type":"product","link":"https:\/\/ztsports.com\/fr\/store\/bont-patriot-carbon2\/","title":{"rendered":"BONT PATRIOT CARBON SHORT TRACK BOOT"},"content":{"rendered":"<h1 id=\"tw-target-text\" class=\"tw-data-text tw-text-large tw-ta\" dir=\"ltr\" data-placeholder=\"Translation\"><span class=\"Y2IQFc\" lang=\"en\"><strong>BONT PATRIOT CARBON SHORT TRACK BOOT<\/strong><\/span><\/h1>\n<p>Les bottes de piste courtes Bont Patriot Carbon <span class=\"Y2IQFc\" lang=\"en\">est une botte qui devrait co\u00fbter plus de 1000 dollars. De plus, tout comme les bottes plus ch\u00e8res, elle est fabriqu\u00e9e avec de la fibre de carbone pos\u00e9e \u00e0 la main, puis avec le syst\u00e8me unique d&#8217;enveloppement par pression de Bonts, et ce syst\u00e8me \u00e9limine plus d&#8217;exc\u00e8s de r\u00e9sine que n&#8217;importe quelle autre technique de pose de carbone. En outre, la partie sup\u00e9rieure de la botte est fabriqu\u00e9e en mat\u00e9riaux composites. Coque en fibre de carbone. Chaussures id\u00e9ales pour les patineurs de niveau interm\u00e9diaire. <\/span><\/p>\n<p class=\"tw-data-text tw-text-large tw-ta\" dir=\"ltr\" data-placeholder=\"Translation\"><span class=\"Y2IQFc\" lang=\"en\">BONT PATRIOT CARBON SHORT TRACK BOOT. Les patineurs de courte piste se sentent indestructibles. C&#8217;est une attitude qui leur permet de repousser toutes les limites. Pr\u00e9sentation du Patriote. Regardez de pr\u00e8s et \u00e9coutez de plus pr\u00e8s. <\/span><span class=\"Y2IQFc\" lang=\"en\">Il n&#8217;est pas difficile de retrouver notre riche tradition de lignes \u00e9pur\u00e9es et d&#8217;attitude franche dans notre dernier mod\u00e8le Short Track. Nous sommes une marque qui continue \u00e0 refuser les id\u00e9es re\u00e7ues tout en poussant nos propres mod\u00e8les classiques au moins un peu plus loin \u00e0 chaque fois.<\/span><\/p>\n<p class=\"tw-data-text tw-text-large tw-ta\" dir=\"ltr\" data-placeholder=\"Translation\"><span class=\"Y2IQFc\" lang=\"en\">BONT PATRIOT CARBON SHORT TRACK BOOT. Les patineurs de courte piste se sentent indestructibles. C&#8217;est une attitude qui leur permet de repousser toutes les limites. Pr\u00e9sentation du Patriote. Regardez de pr\u00e8s et \u00e9coutez de plus pr\u00e8s.<\/span><\/p>\n<h5 class=\"tw-data-text tw-text-large tw-ta\" dir=\"ltr\" data-placeholder=\"Translation\"><span class=\"Y2IQFc\" lang=\"en\">Il n&#8217;est pas difficile de retrouver notre riche tradition de lignes \u00e9pur\u00e9es et d&#8217;attitude franche dans notre dernier mod\u00e8le Short Track. Nous sommes une marque qui continue \u00e0 refuser les id\u00e9es re\u00e7ues tout en poussant nos propres mod\u00e8les classiques au moins un peu plus loin \u00e0 chaque fois.<\/span><\/h5>\n<h5 class=\"tw-data-text tw-text-large tw-ta\" dir=\"ltr\" data-placeholder=\"Translation\"> Vid\u00e9o sur le moulage \u00e0 chaud des bottes <a href=\"https:\/\/www.youtube.com\/watch?v=2AfKfzVSCWk\" target=\"_blank\" rel=\"noopener\"><strong>Heat Molding you Bont Boots.<\/strong><\/a><\/h5>\n<p dir=\"ltr\" data-placeholder=\"Translation\">Enfin, vous pouvez trouver toutes nos bottes <a href=\"https:\/\/ztsports.com\/categorie-produit\/bottes\/?lang=fr\"><strong>Short Track ici.<\/strong><\/a><\/p>\n","protected":false},"excerpt":{"rendered":"<p>BONT PATRIOT CARBON SHORT TRACK BOOT Les bottes de piste courtes Bont Patriot Carbon est une botte qui devrait co\u00fbter plus de 1000 dollars. De plus, tout comme les bottes plus ch\u00e8res, elle est fabriqu\u00e9e avec de la fibre de carbone pos\u00e9e \u00e0 la main, puis avec le syst\u00e8me unique d&#8217;enveloppement par pression de Bonts, [&hellip;]<\/p>\n","protected":false},"featured_media":19510,"comment_status":"open","ping_status":"closed","template":"","meta":{"_acf_changed":false,"_monsterinsights_skip_tracking":false,"_monsterinsights_sitenote_active":false,"_monsterinsights_sitenote_note":"","_monsterinsights_sitenote_category":0,"_uf_show_specific_survey":0,"_uf_disable_surveys":false,"site-sidebar-layout":"default","site-content-layout":"","ast-site-content-layout":"default","site-content-style":"default","site-sidebar-style":"default","ast-global-header-display":"","ast-banner-title-visibility":"","ast-main-header-display":"","ast-hfb-above-header-display":"","ast-hfb-below-header-display":"","ast-hfb-mobile-header-display":"","site-post-title":"","ast-breadcrumbs-content":"","ast-featured-img":"","footer-sml-layout":"","ast-disable-related-posts":"","theme-transparent-header-meta":"default","adv-header-id-meta":"","stick-header-meta":"","header-above-stick-meta":"","header-main-stick-meta":"","header-below-stick-meta":"","astra-migrate-meta-layouts":"set","ast-page-background-enabled":"default","ast-page-background-meta":{"desktop":{"background-color":"","background-image":"","background-repeat":"repeat","background-position":"center center","background-size":"auto","background-attachment":"scroll","background-type":"","background-media":"","overlay-type":"","overlay-color":"","overlay-opacity":"","overlay-gradient":""},"tablet":{"background-color":"","background-image":"","background-repeat":"repeat","background-position":"center center","background-size":"auto","background-attachment":"scroll","background-type":"","background-media":"","overlay-type":"","overlay-color":"","overlay-opacity":"","overlay-gradient":""},"mobile":{"background-color":"","background-image":"","background-repeat":"repeat","background-position":"center center","background-size":"auto","background-attachment":"scroll","background-type":"","background-media":"","overlay-type":"","overlay-color":"","overlay-opacity":"","overlay-gradient":""}},"ast-content-background-meta":{"desktop":{"background-color":"var(--ast-global-color-5)","background-image":"","background-repeat":"repeat","background-position":"center center","background-size":"auto","background-attachment":"scroll","background-type":"","background-media":"","overlay-type":"","overlay-color":"","overlay-opacity":"","overlay-gradient":""},"tablet":{"background-color":"var(--ast-global-color-5)","background-image":"","background-repeat":"repeat","background-position":"center center","background-size":"auto","background-attachment":"scroll","background-type":"","background-media":"","overlay-type":"","overlay-color":"","overlay-opacity":"","overlay-gradient":""},"mobile":{"background-color":"var(--ast-global-color-5)","background-image":"","background-repeat":"repeat","background-position":"center center","background-size":"auto","background-attachment":"scroll","background-type":"","background-media":"","overlay-type":"","overlay-color":"","overlay-opacity":"","overlay-gradient":""}}},"product_brand":[3285],"product_cat":[3786,3721,3395,3467,3625,3626],"product_tag":[2292,2454,3710,3996,3997,1794],"class_list":{"0":"post-19508","1":"product","2":"type-product","3":"status-publish","4":"has-post-thumbnail","6":"product_brand-bont","7":"product_cat-bottes","8":"product_cat-bottes-de-patinage-de-vitesse","9":"product_cat-courte-piste","10":"product_cat-patinage-de-vitesse","11":"product_cat-patins-de-vitesse","12":"product_cat-super-vente","13":"product_tag-bont-patriot-carbon","14":"product_tag-bont-st-boots","15":"product_tag-botte-pour-piste-courte","16":"product_tag-bottes-patriot-carbon","17":"product_tag-bottes-st","18":"product_tag-speed-skating","19":"desktop-align-left","20":"tablet-align-left","21":"mobile-align-left","23":"first","24":"instock","25":"taxable","26":"shipping-taxable","27":"purchasable","28":"product-type-simple"},"acf":[],"_links":{"self":[{"href":"https:\/\/ztsports.com\/fr\/wp-json\/wp\/v2\/product\/19508","targetHints":{"allow":["GET"]}}],"collection":[{"href":"https:\/\/ztsports.com\/fr\/wp-json\/wp\/v2\/product"}],"about":[{"href":"https:\/\/ztsports.com\/fr\/wp-json\/wp\/v2\/types\/product"}],"replies":[{"embeddable":true,"href":"https:\/\/ztsports.com\/fr\/wp-json\/wp\/v2\/comments?post=19508"}],"version-history":[{"count":1,"href":"https:\/\/ztsports.com\/fr\/wp-json\/wp\/v2\/product\/19508\/revisions"}],"predecessor-version":[{"id":19509,"href":"https:\/\/ztsports.com\/fr\/wp-json\/wp\/v2\/product\/19508\/revisions\/19509"}],"wp:featuredmedia":[{"embeddable":true,"href":"https:\/\/ztsports.com\/fr\/wp-json\/wp\/v2\/media\/19510"}],"wp:attachment":[{"href":"https:\/\/ztsports.com\/fr\/wp-json\/wp\/v2\/media?parent=19508"}],"wp:term":[{"taxonomy":"product_brand","embeddable":true,"href":"https:\/\/ztsports.com\/fr\/wp-json\/wp\/v2\/product_brand?post=19508"},{"taxonomy":"product_cat","embeddable":true,"href":"https:\/\/ztsports.com\/fr\/wp-json\/wp\/v2\/product_cat?post=19508"},{"taxonomy":"product_tag","embeddable":true,"href":"https:\/\/ztsports.com\/fr\/wp-json\/wp\/v2\/product_tag?post=19508"}],"curies":[{"name":"wp","href":"https:\/\/api.w.org\/{rel}","templated":true}]}}