{"id":19505,"date":"2021-09-23T03:02:13","date_gmt":"2021-09-23T03:02:13","guid":{"rendered":"https:\/\/ztsports.com\/?post_type=product&#038;p=19505"},"modified":"2026-02-02T19:49:30","modified_gmt":"2026-02-02T19:49:30","slug":"bont-club-skate-package","status":"publish","type":"product","link":"https:\/\/ztsports.com\/fr\/store\/bont-club-skate-package\/","title":{"rendered":"Bont Club Skate Package Closeout"},"content":{"rendered":"<h1 data-rm-block-id=\"block-1\">Bont Club Skate Package Closeout<\/h1>\n<p data-rm-block-id=\"block-2\">Cet ensemble de patins Bont Club est limit\u00e9 aux tailles en stock uniquement. Le programme du club de patinage est con\u00e7u pour permettre aux enfants de pratiquer le sport sans que les parents n&#8217;aient \u00e0 d\u00e9bourser beaucoup d&#8217;argent. Votre club peut acheter 10 ou 20 paires et les laisser dans l&#8217;armoire de la patinoire pour que les patineurs puissent venir essayer le patinage. Si vous souhaitez des chaussures et des lames pour vous-m\u00eame, veuillez acheter une chaussure Patriot avec une lame Ultrasprint aupr\u00e8s de <a href=\"https:\/\/ztsports.com\/?lang=fr\">Zt Sports<\/a>. Bont Club Skate Package.<\/p>\n<p data-rm-block-id=\"block-3\">Version Club argent\u00e9e pour la distinguer de la Patriots noire classique. Il est thermo-moulable et pr\u00e9sente la m\u00eame qualit\u00e9 \u00e9prouv\u00e9e que les clubs et les patineurs ont appris \u00e0 appr\u00e9cier.<\/p>\n<p data-rm-block-id=\"block-4\">L&#8217;offre de patinage du club de Bont est con\u00e7ue pour inciter les enfants \u00e0 pratiquer ce sport sans qu&#8217;ils aient \u00e0 d\u00e9bourser de l&#8217;argent. Votre club peut acheter ce paquet \u00e0 l&#8217;unit\u00e9 pour l&#8217;ajouter \u00e0 sa commande et le laisser dans l&#8217;armoire de la patinoire pour que les patineurs puissent venir s&#8217;essayer au patinage. This package is for clubs only, if you would like boots and blades for yourself, please purchase a Patriot boot with a Ultrasprint blade from one of our many outlets. This package is not for purchase by the public it is for clubs only.<\/p>\n<p data-rm-block-id=\"block-5\">New Ultrasprint blades<\/p>\n<p data-rm-block-id=\"block-6\">Tube: 6005 aluminum alloy, Pre-bent<\/p>\n<p data-rm-block-id=\"block-7\">Runner: Japan steel 440A HRC 58<\/p>\n<p data-rm-block-id=\"block-8\">Cups: T-Shape multi positions 6000 aluminum alloy<\/p>\n<p data-rm-block-id=\"block-9\">Sizes: 12.0,13.0,13.5,14.0,14.5,15.0,15.5,16.0,16.5,17.0<\/p>\n<h1 data-rm-block-id=\"block-10\">Bont Club Skate Package Closeout<\/h1>\n<h3 data-rm-block-id=\"block-11\">Bont Club Skate Pkg Deal Caract\u00e9ristiques<\/h3>\n<p data-rm-block-id=\"block-12\">Base : 100% carbone pos\u00e9 \u00e0 la main<br \/>\nPeau ext\u00e9rieure : Microfibre mate<br \/>\nDoublure : Microfibre<br \/>\nSemelle int\u00e9rieure : Similaire au daim<br \/>\nThermoformable : Base enti\u00e8rement thermoformable utilisant une r\u00e9sine \u00e9poxy thermodurcissable<br \/>\nRembourrage : Mousse \u00e0 m\u00e9moire de forme haute densit\u00e9<br \/>\nOptions de fermeture : Lacets cir\u00e9s, couvre-lacets et deux bandes velcro<br \/>\nOptions d&#8217;ajustement : Standard<br \/>\nVegan : Oui<\/p>\n<h5 data-rm-block-id=\"block-13\">Bont Club Skate Package Closeout en tailles existantes uniquement<\/h5>\n<h5 class=\"tw-data-text tw-text-large tw-ta\" dir=\"ltr\" data-placeholder=\"Translation\" data-rm-block-id=\"block-14\">En outre, une vid\u00e9o sur le moulage \u00e0 chaud des bottes est disponible. <a href=\"https:\/\/www.youtube.com\/watch?v=2AfKfzVSCWk\" target=\"_blank\" rel=\"noopener\"><strong>le moulage \u00e0 chaud de vos bottes Bont.<\/strong><\/a><\/h5>\n<p data-rm-block-id=\"block-15\">Enfin, consultez toutes nos <a href=\"https:\/\/ztsports.com\/categorie-produit\/courte-piste\/offres-de-club\/?lang=fr\">Cl<strong>u<\/strong>b ici<\/a>.<\/p>\n","protected":false},"excerpt":{"rendered":"<p>Bont Club Skate Package Closeout Cet ensemble de patins Bont Club est limit\u00e9 aux tailles en stock uniquement. Le programme du club de patinage est con\u00e7u pour permettre aux enfants de pratiquer le sport sans que les parents n&#8217;aient \u00e0 d\u00e9bourser beaucoup d&#8217;argent. Votre club peut acheter 10 ou 20 paires et les laisser dans [&hellip;]<\/p>\n","protected":false},"featured_media":19507,"comment_status":"open","ping_status":"closed","template":"","meta":{"_acf_changed":false,"_monsterinsights_skip_tracking":false,"_monsterinsights_sitenote_active":false,"_monsterinsights_sitenote_note":"","_monsterinsights_sitenote_category":0,"_uf_show_specific_survey":0,"_uf_disable_surveys":false,"site-sidebar-layout":"default","site-content-layout":"","ast-site-content-layout":"default","site-content-style":"default","site-sidebar-style":"default","ast-global-header-display":"","ast-banner-title-visibility":"","ast-main-header-display":"","ast-hfb-above-header-display":"","ast-hfb-below-header-display":"","ast-hfb-mobile-header-display":"","site-post-title":"","ast-breadcrumbs-content":"","ast-featured-img":"","footer-sml-layout":"","ast-disable-related-posts":"","theme-transparent-header-meta":"default","adv-header-id-meta":"","stick-header-meta":"","header-above-stick-meta":"","header-main-stick-meta":"","header-below-stick-meta":"","astra-migrate-meta-layouts":"set","ast-page-background-enabled":"default","ast-page-background-meta":{"desktop":{"background-color":"","background-image":"","background-repeat":"repeat","background-position":"center center","background-size":"auto","background-attachment":"scroll","background-type":"","background-media":"","overlay-type":"","overlay-color":"","overlay-opacity":"","overlay-gradient":""},"tablet":{"background-color":"","background-image":"","background-repeat":"repeat","background-position":"center center","background-size":"auto","background-attachment":"scroll","background-type":"","background-media":"","overlay-type":"","overlay-color":"","overlay-opacity":"","overlay-gradient":""},"mobile":{"background-color":"","background-image":"","background-repeat":"repeat","background-position":"center center","background-size":"auto","background-attachment":"scroll","background-type":"","background-media":"","overlay-type":"","overlay-color":"","overlay-opacity":"","overlay-gradient":""}},"ast-content-background-meta":{"desktop":{"background-color":"var(--ast-global-color-5)","background-image":"","background-repeat":"repeat","background-position":"center center","background-size":"auto","background-attachment":"scroll","background-type":"","background-media":"","overlay-type":"","overlay-color":"","overlay-opacity":"","overlay-gradient":""},"tablet":{"background-color":"var(--ast-global-color-5)","background-image":"","background-repeat":"repeat","background-position":"center center","background-size":"auto","background-attachment":"scroll","background-type":"","background-media":"","overlay-type":"","overlay-color":"","overlay-opacity":"","overlay-gradient":""},"mobile":{"background-color":"var(--ast-global-color-5)","background-image":"","background-repeat":"repeat","background-position":"center center","background-size":"auto","background-attachment":"scroll","background-type":"","background-media":"","overlay-type":"","overlay-color":"","overlay-opacity":"","overlay-gradient":""}}},"product_brand":[],"product_cat":[3838,3489,3627],"product_tag":[1764,2023,3657,3630,3995],"class_list":{"0":"post-19505","1":"product","2":"type-product","3":"status-publish","4":"has-post-thumbnail","6":"product_cat-offres-de-club","8":"product_cat-packages","9":"product_tag-bont-club-skate","10":"product_tag-closeout","11":"product_tag-club-de-bont","12":"product_tag-forfait-courte-piste","13":"product_tag-forfait-patinage-bont-club","14":"desktop-align-left","15":"tablet-align-left","16":"mobile-align-left","18":"first","19":"instock","20":"sale","21":"taxable","22":"shipping-taxable","23":"purchasable","24":"product-type-simple"},"acf":[],"_links":{"self":[{"href":"https:\/\/ztsports.com\/fr\/wp-json\/wp\/v2\/product\/19505","targetHints":{"allow":["GET"]}}],"collection":[{"href":"https:\/\/ztsports.com\/fr\/wp-json\/wp\/v2\/product"}],"about":[{"href":"https:\/\/ztsports.com\/fr\/wp-json\/wp\/v2\/types\/product"}],"replies":[{"embeddable":true,"href":"https:\/\/ztsports.com\/fr\/wp-json\/wp\/v2\/comments?post=19505"}],"version-history":[{"count":1,"href":"https:\/\/ztsports.com\/fr\/wp-json\/wp\/v2\/product\/19505\/revisions"}],"predecessor-version":[{"id":19506,"href":"https:\/\/ztsports.com\/fr\/wp-json\/wp\/v2\/product\/19505\/revisions\/19506"}],"wp:featuredmedia":[{"embeddable":true,"href":"https:\/\/ztsports.com\/fr\/wp-json\/wp\/v2\/media\/19507"}],"wp:attachment":[{"href":"https:\/\/ztsports.com\/fr\/wp-json\/wp\/v2\/media?parent=19505"}],"wp:term":[{"taxonomy":"product_brand","embeddable":true,"href":"https:\/\/ztsports.com\/fr\/wp-json\/wp\/v2\/product_brand?post=19505"},{"taxonomy":"product_cat","embeddable":true,"href":"https:\/\/ztsports.com\/fr\/wp-json\/wp\/v2\/product_cat?post=19505"},{"taxonomy":"product_tag","embeddable":true,"href":"https:\/\/ztsports.com\/fr\/wp-json\/wp\/v2\/product_tag?post=19505"}],"curies":[{"name":"wp","href":"https:\/\/api.w.org\/{rel}","templated":true}]}}