{"id":19502,"date":"2021-09-23T03:02:14","date_gmt":"2021-09-23T03:02:14","guid":{"rendered":"https:\/\/ztsports.com\/?post_type=product&#038;p=19502"},"modified":"2026-02-02T19:49:17","modified_gmt":"2026-02-02T19:49:17","slug":"bont-patriot-club-st-boot","status":"publish","type":"product","link":"https:\/\/ztsports.com\/fr\/store\/bont-patriot-club-st-boot\/","title":{"rendered":"BONT PATRIOT CLUB ST BOOT Pour les clubs"},"content":{"rendered":"<h1 class=\"tw-data-text tw-text-large tw-ta\" dir=\"ltr\" data-placeholder=\"Translation\"><span class=\"Y2IQFc\" lang=\"en\">BONT PATRIOT CLUB ST BOOT <\/span><\/h1>\n<p>La BONT PATRIOT CLUB ST BOOT est con\u00e7ue pour permettre aux enfants de pratiquer le sport sans avoir \u00e0 d\u00e9bourser d&#8217;argent. Votre club peut acheter 5 paires et les laisser dans l&#8217;armoire de la patinoire pour que les patineurs puissent venir essayer le patinage. Ce patin est r\u00e9serv\u00e9 aux clubs, si vous souhaitez des chaussures et des lames pour vous-m\u00eame, veuillez acheter une chaussure Patriot avec une lame Ultrasprint de <a href=\"https:\/\/ztsports.com\/?lang=fr\">Zt Sports<\/a>.<\/p>\n<h3 id=\"tw-target-text\" class=\"tw-data-text tw-text-large tw-ta\" dir=\"ltr\" data-placeholder=\"Translation\"><span class=\"Y2IQFc\" lang=\"en\"> Caract\u00e9ristiques du BONT PATRIOT CLUB ST BOOT<\/span><\/h3>\n<p class=\"tw-data-text tw-text-large tw-ta\" dir=\"ltr\" data-placeholder=\"Translation\"><span class=\"Y2IQFc\" lang=\"en\">Base : Base : 100 % de carbone laqu\u00e9 \u00e0 la main Peau ext\u00e9rieure : <\/span><\/p>\n<p class=\"tw-data-text tw-text-large tw-ta\" dir=\"ltr\" data-placeholder=\"Translation\"><span class=\"Y2IQFc\" lang=\"en\">Microfibre mate Doublure : <\/span><\/p>\n<p class=\"tw-data-text tw-text-large tw-ta\" dir=\"ltr\" data-placeholder=\"Translation\"><span class=\"Y2IQFc\" lang=\"en\">Semelle en microfibre : similaire au daim Thermo-moulable : base enti\u00e8rement thermo-moulable \u00e0 l&#8217;aide d&#8217;une r\u00e9sine \u00e9poxy thermodurcissable Rembourrage : <\/span><\/p>\n<p class=\"tw-data-text tw-text-large tw-ta\" dir=\"ltr\" data-placeholder=\"Translation\"><span class=\"Y2IQFc\" lang=\"en\">mousse \u00e0 m\u00e9moire de forme haute densit\u00e9 Options de fermeture : lacets cir\u00e9s, cache-lacet et deux bandes velcro Options d&#8217;ajustement : <\/span><\/p>\n<p class=\"tw-data-text tw-text-large tw-ta\" dir=\"ltr\" data-placeholder=\"Translation\"><span class=\"Y2IQFc\" lang=\"en\">Standard v\u00e9g\u00e9talien : Oui<\/span><\/p>\n<p>Les nouvelles fonctionnalit\u00e9s sont les suivantes<br \/>\n&#8211; Derni\u00e8re mise \u00e0 jour<\/p>\n<p>&#8211; La production a \u00e9t\u00e9 am\u00e9lior\u00e9e pour devenir une botte en une seule pi\u00e8ce (auparavant, il s&#8217;agissait d&#8217;une botte en deux pi\u00e8ces).<\/p>\n<p>&#8211; Protecteur d&#8217;orteil int\u00e9gr\u00e9 \u00e0 haute r\u00e9sistance \u00e0 l&#8217;abrasion<\/p>\n<p>&#8211; Le brassard est plus haut et l&#8217;angle du brassard a \u00e9t\u00e9 modifi\u00e9<\/p>\n<p>&#8211; Rembourrage plus \u00e9pais au niveau du col et de la languette<\/p>\n<p>&#8211; FULL CARBON BASE et plus de carbone dans la base de la botte que le mod\u00e8le pr\u00e9c\u00e9dent.<\/p>\n<p>&#8211; Doublure en daim<\/p>\n<p>Specifications:<\/p>\n<p>Base : Carbone composite pos\u00e9 \u00e0 la main<\/p>\n<p>Peau ext\u00e9rieure : Microfibre<\/p>\n<p>Doublure : Microfibre<\/p>\n<p>Semelle int\u00e9rieure : Microfibre<\/p>\n<p>Moulable \u00e0 chaud : Base enti\u00e8rement moulable \u00e0 chaud utilisant une r\u00e9sine \u00e9poxy thermodurcissable.<\/p>\n<p>Rembourrage : Mousse \u00e0 m\u00e9moire de forme haute densit\u00e9<\/p>\n<p>Options de fermeture : 2 sangles velcro r\u00e9glables + lacet Options de taille : 9\/27 &#8211; 13.5\/51<\/p>\n<p><strong>DE PLUS, CE MOD\u00c8LE A \u00c9T\u00c9 MIS \u00c0 JOUR POUR DEVENIR LE PATRIOT CLUB V2 BOOT.<\/strong><\/p>\n<p><strong>Ensuite, SEULES LES TAILLES DISPONIBLES PEUVENT \u00caTRE COMMAND\u00c9ES au prix de cl\u00f4ture.<\/strong><\/p>\n<p><b>Club Skate &#8211; vide grenier !<\/b><\/p>\n<p dir=\"ltr\" data-placeholder=\"Translation\">Enfin, consultez toutes nos <a href=\"https:\/\/ztsports.com\/categorie-produit\/courte-piste\/offres-de-club\/?lang=fr\">Cl<strong>u<\/strong>b ici<\/a>.<\/p>\n<h5 class=\"tw-data-text tw-text-large tw-ta\" dir=\"ltr\" data-placeholder=\"Translation\">Maintenant une vid\u00e9o sur <a href=\"https:\/\/www.youtube.com\/watch?v=2AfKfzVSCWk\" target=\"_blank\" rel=\"noopener\"><strong>Le moulage \u00e0 chaud de vos bottes Bont. <\/strong><\/a> <\/h5>\n<p>Enfin, d\u00e9couvrez toutes nos <a href=\"https:\/\/ztsports.com\/categorie-produit\/bottes\/?lang=fr\"><strong>Bottes Short Track ici<\/strong><\/a>.<\/p>\n","protected":false},"excerpt":{"rendered":"<p>BONT PATRIOT CLUB ST BOOT La BONT PATRIOT CLUB ST BOOT est con\u00e7ue pour permettre aux enfants de pratiquer le sport sans avoir \u00e0 d\u00e9bourser d&#8217;argent. Votre club peut acheter 5 paires et les laisser dans l&#8217;armoire de la patinoire pour que les patineurs puissent venir essayer le patinage. Ce patin est r\u00e9serv\u00e9 aux clubs, [&hellip;]<\/p>\n","protected":false},"featured_media":19504,"comment_status":"open","ping_status":"closed","template":"","meta":{"_acf_changed":false,"_monsterinsights_skip_tracking":false,"_monsterinsights_sitenote_active":false,"_monsterinsights_sitenote_note":"","_monsterinsights_sitenote_category":0,"_uf_show_specific_survey":0,"_uf_disable_surveys":false,"site-sidebar-layout":"default","site-content-layout":"","ast-site-content-layout":"default","site-content-style":"default","site-sidebar-style":"default","ast-global-header-display":"","ast-banner-title-visibility":"","ast-main-header-display":"","ast-hfb-above-header-display":"","ast-hfb-below-header-display":"","ast-hfb-mobile-header-display":"","site-post-title":"","ast-breadcrumbs-content":"","ast-featured-img":"","footer-sml-layout":"","ast-disable-related-posts":"","theme-transparent-header-meta":"default","adv-header-id-meta":"","stick-header-meta":"","header-above-stick-meta":"","header-main-stick-meta":"","header-below-stick-meta":"","astra-migrate-meta-layouts":"set","ast-page-background-enabled":"default","ast-page-background-meta":{"desktop":{"background-color":"","background-image":"","background-repeat":"repeat","background-position":"center center","background-size":"auto","background-attachment":"scroll","background-type":"","background-media":"","overlay-type":"","overlay-color":"","overlay-opacity":"","overlay-gradient":""},"tablet":{"background-color":"","background-image":"","background-repeat":"repeat","background-position":"center center","background-size":"auto","background-attachment":"scroll","background-type":"","background-media":"","overlay-type":"","overlay-color":"","overlay-opacity":"","overlay-gradient":""},"mobile":{"background-color":"","background-image":"","background-repeat":"repeat","background-position":"center center","background-size":"auto","background-attachment":"scroll","background-type":"","background-media":"","overlay-type":"","overlay-color":"","overlay-opacity":"","overlay-gradient":""}},"ast-content-background-meta":{"desktop":{"background-color":"var(--ast-global-color-5)","background-image":"","background-repeat":"repeat","background-position":"center center","background-size":"auto","background-attachment":"scroll","background-type":"","background-media":"","overlay-type":"","overlay-color":"","overlay-opacity":"","overlay-gradient":""},"tablet":{"background-color":"var(--ast-global-color-5)","background-image":"","background-repeat":"repeat","background-position":"center center","background-size":"auto","background-attachment":"scroll","background-type":"","background-media":"","overlay-type":"","overlay-color":"","overlay-opacity":"","overlay-gradient":""},"mobile":{"background-color":"var(--ast-global-color-5)","background-image":"","background-repeat":"repeat","background-position":"center center","background-size":"auto","background-attachment":"scroll","background-type":"","background-media":"","overlay-type":"","overlay-color":"","overlay-opacity":"","overlay-gradient":""}}},"product_brand":[3285],"product_cat":[3786,3489],"product_tag":[],"class_list":{"0":"post-19502","1":"product","2":"type-product","3":"status-publish","4":"has-post-thumbnail","6":"product_brand-bont","7":"product_cat-bottes","8":"product_cat-offres-de-club","9":"desktop-align-left","10":"tablet-align-left","11":"mobile-align-left","13":"first","14":"instock","15":"sale","16":"taxable","17":"shipping-taxable","18":"purchasable","19":"product-type-simple"},"acf":[],"_links":{"self":[{"href":"https:\/\/ztsports.com\/fr\/wp-json\/wp\/v2\/product\/19502","targetHints":{"allow":["GET"]}}],"collection":[{"href":"https:\/\/ztsports.com\/fr\/wp-json\/wp\/v2\/product"}],"about":[{"href":"https:\/\/ztsports.com\/fr\/wp-json\/wp\/v2\/types\/product"}],"replies":[{"embeddable":true,"href":"https:\/\/ztsports.com\/fr\/wp-json\/wp\/v2\/comments?post=19502"}],"version-history":[{"count":1,"href":"https:\/\/ztsports.com\/fr\/wp-json\/wp\/v2\/product\/19502\/revisions"}],"predecessor-version":[{"id":19503,"href":"https:\/\/ztsports.com\/fr\/wp-json\/wp\/v2\/product\/19502\/revisions\/19503"}],"wp:featuredmedia":[{"embeddable":true,"href":"https:\/\/ztsports.com\/fr\/wp-json\/wp\/v2\/media\/19504"}],"wp:attachment":[{"href":"https:\/\/ztsports.com\/fr\/wp-json\/wp\/v2\/media?parent=19502"}],"wp:term":[{"taxonomy":"product_brand","embeddable":true,"href":"https:\/\/ztsports.com\/fr\/wp-json\/wp\/v2\/product_brand?post=19502"},{"taxonomy":"product_cat","embeddable":true,"href":"https:\/\/ztsports.com\/fr\/wp-json\/wp\/v2\/product_cat?post=19502"},{"taxonomy":"product_tag","embeddable":true,"href":"https:\/\/ztsports.com\/fr\/wp-json\/wp\/v2\/product_tag?post=19502"}],"curies":[{"name":"wp","href":"https:\/\/api.w.org\/{rel}","templated":true}]}}