{"id":19496,"date":"2021-09-23T03:10:35","date_gmt":"2021-09-23T03:10:35","guid":{"rendered":"https:\/\/ztsports.com\/?post_type=product&#038;p=19496"},"modified":"2026-02-02T19:26:14","modified_gmt":"2026-02-02T19:26:14","slug":"protege-cou-base-360","status":"publish","type":"product","link":"https:\/\/ztsports.com\/fr\/store\/protege-cou-base-360\/","title":{"rendered":"Prot\u00e8ge-cou Base 360 Pro Soft Bib"},"content":{"rendered":"<h1 id=\"tw-target-text\" class=\"tw-data-text tw-text-large tw-ta\" dir=\"ltr\" data-placeholder=\"Translation\"><span class=\"Y2IQFc\" lang=\"en\">Prot\u00e8ge-cou Base 360 Pro Soft Bib<\/span><\/h1>\n<p class=\"tw-data-text tw-text-large tw-ta\" dir=\"ltr\" data-placeholder=\"Translation\"><span class=\"Y2IQFc\" lang=\"en\">Le NECK GUARD Base 360 est appel\u00e9 &#8220;prot\u00e8ge-cou&#8221;. Il est fabriqu\u00e9 avec du cutlass et de l&#8217;\u00e9lastique Next2skin et du tissu Kevlar. De plus, lorsque vous portez ce prot\u00e8ge-cou, vous \u00eates prot\u00e9g\u00e9 et totalement libre de vos mouvements ! La technologie Next2Skin r\u00e9gule la chaleur et l&#8217;humidit\u00e9 du corps. En outre, il s&#8217;agit d&#8217;un prot\u00e8ge-cou extr\u00eamement l\u00e9ger et confortable qui peut \u00eatre utilis\u00e9 pour le short track, le long track et le patinage de vitesse de masse.<\/span><\/p>\n<p class=\"tw-data-text tw-text-large tw-ta\" dir=\"ltr\" data-placeholder=\"Translation\"><span class=\"Y2IQFc\" lang=\"en\">Niveau de coupure 4 (indice EN388) <\/span><\/p>\n<p class=\"tw-data-text tw-text-large tw-ta\" dir=\"ltr\" data-placeholder=\"Translation\"><span class=\"Y2IQFc\" lang=\"en\"> Coolmax &#8211; Extr\u00eamement l\u00e9ger &#8211; Parfaitement respirant et \u00e9vacuant l&#8217;humidit\u00e9.<\/span><\/p>\n<p dir=\"ltr\" data-placeholder=\"Translation\">Senior L\/XL (13.5&#8243;-17&#8243;\/ 34-43 cm) <strong>seulement<\/strong><\/p>\n<p dir=\"ltr\" data-placeholder=\"Translation\">Enfin, vous pouvez voir tous les Soft <a href=\"https:\/\/ztsports.com\/product-category\/protection\/neck-guards\/\"><strong>prot\u00e8ge-cou avec bavoirs<\/strong><\/a> ici.<\/p>\n","protected":false},"excerpt":{"rendered":"<p>Prot\u00e8ge-cou Base 360 Pro Soft Bib Le NECK GUARD Base 360 est appel\u00e9 &#8220;prot\u00e8ge-cou&#8221;. Il est fabriqu\u00e9 avec du cutlass et de l&#8217;\u00e9lastique Next2skin et du tissu Kevlar. De plus, lorsque vous portez ce prot\u00e8ge-cou, vous \u00eates prot\u00e9g\u00e9 et totalement libre de vos mouvements ! La technologie Next2Skin r\u00e9gule la chaleur et l&#8217;humidit\u00e9 du corps. [&hellip;]<\/p>\n","protected":false},"featured_media":19498,"comment_status":"open","ping_status":"closed","template":"","meta":{"_acf_changed":false,"_monsterinsights_skip_tracking":false,"_monsterinsights_sitenote_active":false,"_monsterinsights_sitenote_note":"","_monsterinsights_sitenote_category":0,"_uf_show_specific_survey":0,"_uf_disable_surveys":false,"site-sidebar-layout":"default","site-content-layout":"","ast-site-content-layout":"default","site-content-style":"default","site-sidebar-style":"default","ast-global-header-display":"","ast-banner-title-visibility":"","ast-main-header-display":"","ast-hfb-above-header-display":"","ast-hfb-below-header-display":"","ast-hfb-mobile-header-display":"","site-post-title":"","ast-breadcrumbs-content":"","ast-featured-img":"","footer-sml-layout":"","ast-disable-related-posts":"","theme-transparent-header-meta":"default","adv-header-id-meta":"","stick-header-meta":"","header-above-stick-meta":"","header-main-stick-meta":"","header-below-stick-meta":"","astra-migrate-meta-layouts":"set","ast-page-background-enabled":"default","ast-page-background-meta":{"desktop":{"background-color":"","background-image":"","background-repeat":"repeat","background-position":"center center","background-size":"auto","background-attachment":"scroll","background-type":"","background-media":"","overlay-type":"","overlay-color":"","overlay-opacity":"","overlay-gradient":""},"tablet":{"background-color":"","background-image":"","background-repeat":"repeat","background-position":"center center","background-size":"auto","background-attachment":"scroll","background-type":"","background-media":"","overlay-type":"","overlay-color":"","overlay-opacity":"","overlay-gradient":""},"mobile":{"background-color":"","background-image":"","background-repeat":"repeat","background-position":"center center","background-size":"auto","background-attachment":"scroll","background-type":"","background-media":"","overlay-type":"","overlay-color":"","overlay-opacity":"","overlay-gradient":""}},"ast-content-background-meta":{"desktop":{"background-color":"var(--ast-global-color-5)","background-image":"","background-repeat":"repeat","background-position":"center center","background-size":"auto","background-attachment":"scroll","background-type":"","background-media":"","overlay-type":"","overlay-color":"","overlay-opacity":"","overlay-gradient":""},"tablet":{"background-color":"var(--ast-global-color-5)","background-image":"","background-repeat":"repeat","background-position":"center center","background-size":"auto","background-attachment":"scroll","background-type":"","background-media":"","overlay-type":"","overlay-color":"","overlay-opacity":"","overlay-gradient":""},"mobile":{"background-color":"var(--ast-global-color-5)","background-image":"","background-repeat":"repeat","background-position":"center center","background-size":"auto","background-attachment":"scroll","background-type":"","background-media":"","overlay-type":"","overlay-color":"","overlay-opacity":"","overlay-gradient":""}}},"product_brand":[3279],"product_cat":[3479,3392,3395,3467,3981,3980],"product_tag":[2843,3992,3993,3994],"class_list":{"0":"post-19496","1":"product","2":"type-product","3":"status-publish","4":"has-post-thumbnail","6":"product_brand-base-360","7":"product_cat-accessoires-pour-le-short-track","8":"product_cat-accessoires-short-track","9":"product_cat-courte-piste","10":"product_cat-patinage-de-vitesse","11":"product_cat-protege-cou","12":"product_cat-protege-cou-short-track","13":"product_tag-protege-cou","14":"product_tag-protege-cou-en-dyneema","15":"product_tag-protege-cou-souple","16":"product_tag-protege-cou-souple-et-protecteur","17":"desktop-align-left","18":"tablet-align-left","19":"mobile-align-left","21":"first","22":"instock","23":"taxable","24":"shipping-taxable","25":"purchasable","26":"product-type-simple"},"acf":[],"_links":{"self":[{"href":"https:\/\/ztsports.com\/fr\/wp-json\/wp\/v2\/product\/19496","targetHints":{"allow":["GET"]}}],"collection":[{"href":"https:\/\/ztsports.com\/fr\/wp-json\/wp\/v2\/product"}],"about":[{"href":"https:\/\/ztsports.com\/fr\/wp-json\/wp\/v2\/types\/product"}],"replies":[{"embeddable":true,"href":"https:\/\/ztsports.com\/fr\/wp-json\/wp\/v2\/comments?post=19496"}],"version-history":[{"count":1,"href":"https:\/\/ztsports.com\/fr\/wp-json\/wp\/v2\/product\/19496\/revisions"}],"predecessor-version":[{"id":19497,"href":"https:\/\/ztsports.com\/fr\/wp-json\/wp\/v2\/product\/19496\/revisions\/19497"}],"wp:featuredmedia":[{"embeddable":true,"href":"https:\/\/ztsports.com\/fr\/wp-json\/wp\/v2\/media\/19498"}],"wp:attachment":[{"href":"https:\/\/ztsports.com\/fr\/wp-json\/wp\/v2\/media?parent=19496"}],"wp:term":[{"taxonomy":"product_brand","embeddable":true,"href":"https:\/\/ztsports.com\/fr\/wp-json\/wp\/v2\/product_brand?post=19496"},{"taxonomy":"product_cat","embeddable":true,"href":"https:\/\/ztsports.com\/fr\/wp-json\/wp\/v2\/product_cat?post=19496"},{"taxonomy":"product_tag","embeddable":true,"href":"https:\/\/ztsports.com\/fr\/wp-json\/wp\/v2\/product_tag?post=19496"}],"curies":[{"name":"wp","href":"https:\/\/api.w.org\/{rel}","templated":true}]}}